{"id":14,"date":"2022-09-07T13:51:31","date_gmt":"2022-09-07T13:51:31","guid":{"rendered":"http:\/\/dummy.xtemos.com\/woodmart2\/accessories-elementor\/?page_id=14"},"modified":"2025-11-17T07:37:00","modified_gmt":"2025-11-17T07:37:00","slug":"acerca-de-nosotros","status":"publish","type":"page","link":"https:\/\/hsroofplate.com\/es\/acerca-de-nosotros\/","title":{"rendered":"SOBRE NOSOTROS"},"content":{"rendered":"<div data-elementor-type=\"wp-page\" data-elementor-id=\"14\" class=\"elementor elementor-14\" data-elementor-post-type=\"page\">\n\t\t\t\t<div class=\"elementor-element elementor-element-ab837ec e-con-full wd-section-stretch e-flex e-con e-parent\" data-id=\"ab837ec\" data-element_type=\"container\" data-settings=\"{&quot;background_background&quot;:&quot;classic&quot;}\">\n\t\t\t\t<div class=\"elementor-element elementor-element-1ad2027 elementor-widget elementor-widget-heading\" data-id=\"1ad2027\" data-element_type=\"widget\" data-widget_type=\"heading.default\">\n\t\t\t\t\t<h2 class=\"elementor-heading-title elementor-size-default\">Qui\u00e9nes somos<\/h2>\t\t\t\t<\/div>\n\t\t\t\t<div class=\"elementor-element elementor-element-ad3861a text-center wd-el-breadcrumbs elementor-widget elementor-widget-wd_element_breadcrumbs\" data-id=\"ad3861a\" data-element_type=\"widget\" data-widget_type=\"wd_element_breadcrumbs.default\">\n\t\t\t\t<div class=\"elementor-widget-container\">\n\t\t\t\t\t<nav class=\"wd-breadcrumbs\"><a href=\"https:\/\/hsroofplate.com\/es\/\">Inicio<\/a><span class=\"wd-delimiter\"><\/span><span class=\"wd-last\">P\u00e1gina<\/span><\/nav>\t\t\t\t<\/div>\n\t\t\t\t<\/div>\n\t\t\t\t<\/div>\n\t\t<div class=\"wd-negative-gap elementor-element elementor-element-d783a0c wd-section-stretch e-flex e-con-boxed e-con e-parent\" data-id=\"d783a0c\" data-element_type=\"container\" data-settings=\"{&quot;background_background&quot;:&quot;classic&quot;}\">\n\t\t\t\t\t<div class=\"e-con-inner\">\n\t\t\t\t<div class=\"elementor-element elementor-element-d2b4c57 wd-width-100 elementor-widget elementor-widget-wd_title\" data-id=\"d2b4c57\" data-element_type=\"widget\" data-widget_type=\"wd_title.default\">\n\t\t\t\t<div class=\"elementor-widget-container\">\n\t\t\t\t\t\t\t<div class=\"title-wrapper wd-set-mb reset-last-child wd-title-color-primary wd-title-style-default wd-title-size-large text-center\">\n\n\t\t\t\t\t\t\t\t\t\t\t<div class=\"title-subtitle subtitle-color-primary subtitle-style-default wd-fontsize-xs\">\n\t\t\t\t\tLos compradores conf\u00edan en nosotros\t\t\t\t<\/div>\n\t\t\t\n\t\t\t<div class=\"liner-continer\">\n\t\t\t\t<h4 class=\"woodmart-title-container title wd-fontsize-xxl\">Nuestra estrategia es ofrecer a nuestros clientes productos de calidad<\/h4> \n\t\t\t\t\t\t\t<\/div>\n\n\t\t\t\t\t<\/div>\n\t\t\t\t\t\t<\/div>\n\t\t\t\t<\/div>\n\t\t\t\t<div class=\"elementor-element elementor-element-0eedecc elementor-widget elementor-widget-wd_text_block\" data-id=\"0eedecc\" data-element_type=\"widget\" data-widget_type=\"wd_text_block.default\">\n\t\t\t\t<div class=\"elementor-widget-container\">\n\t\t\t\t\t\t\t<div class=\"wd-text-block reset-last-child text-center\">\n\t\t\t\n\t\t\t<p>Henan Haishu Building Materials Technology Co., Ltd. es un fabricante integral especializado en la producci\u00f3n y venta de tejas de resina. Mediante la importaci\u00f3n de maquinaria y materias primas avanzadas, y a trav\u00e9s de una rigurosa formulaci\u00f3n cient\u00edfica, combinada con a\u00f1os de conocimientos y experiencia en producci\u00f3n, producimos tejas de resina de la marca Haishu de calidad garantizada y respaldadas por un servicio postventa. Haishu ofrece ventas directas al por mayor con una amplia gama de productos, incluidas opciones de producci\u00f3n personalizada adaptadas a necesidades espec\u00edficas. Nuestros productos tienen un precio justo y razonable, lo que atrae a comerciantes de todas las regiones a informarse, inspeccionar y comprar.<\/p><p>Nos adherimos a la filosof\u00eda empresarial de crear productos \"duraderos y fiables\" y esperamos sinceramente colaborar con usted. Nuestros productos cumplen las normas de rendimiento y pruebas de calidad pertinentes, lo que garantiza que los clientes puedan utilizarlos con confianza y seguridad. Tras a\u00f1os de desarrollo, HaiSu Building Materials se ha ganado la confianza y el reconocimiento de los clientes por su integridad, solidez y calidad de sus productos.<\/p><p>Damos la bienvenida a amigos y colegas de todos los sectores de la sociedad para que nos visiten, colaboren y trabajen juntos por el desarrollo mutuo.<\/p>\n\t\t\t\t\t<\/div>\n\t\t\t\t\t\t<\/div>\n\t\t\t\t<\/div>\n\t\t\t\t<div class=\"elementor-element elementor-element-200ed3f elementor-widget elementor-widget-wd_text_block\" data-id=\"200ed3f\" data-element_type=\"widget\" data-widget_type=\"wd_text_block.default\">\n\t\t\t\t<div class=\"elementor-widget-container\">\n\t\t\t\t\t\t\t<div class=\"wd-text-block reset-last-child text-center\">\n\t\t\t\n\t\t\t\n\t\t\t\t\t<\/div>\n\t\t\t\t\t\t<\/div>\n\t\t\t\t<\/div>\n\t\t\t\t<div class=\"elementor-element elementor-element-98a5c16 elementor-widget elementor-widget-wd_infobox_carousel\" data-id=\"98a5c16\" data-element_type=\"widget\" data-widget_type=\"wd_infobox_carousel.default\">\n\t\t\t\t<div class=\"elementor-widget-container\">\n\t\t\t\t\t\t\t<div class=\"wd-carousel-container info-box-carousel-wrapper\">\n\t\t\t<div class=\"wd-carousel-inner\">\n\t\t\t\t<div class=\"wd-carousel wd-grid info-box-carousel\" data-scroll_per_page=\"yes\" style=\"--wd-col-lg:3;--wd-col-md:2;--wd-col-sm:1;--wd-gap-lg:30px;--wd-gap-sm:10px;\">\n\t\t\t\t\t<div class=\"wd-carousel-wrap\">\n\t\t\t\t\t\t\t\t\t\t\t\t\t\t\t\t\t\t\t\t\t\t<div class=\"info-box-wrapper wd-carousel-item\">\n\t\t\t<div class=\"wd-info-box text-center box-icon-align-top box-style-base color-scheme-  elementor-repeater-item-ea7510b\">\n\t\t\t\t\t\t\t\t\t<div class=\"box-icon-wrapper  box-with-icon box-icon-simple\">\n\t\t\t\t\t\t<div class=\"info-box-icon\">\n\t\t\t\t\t\t\t\t\t\t\t\t\t\t\t<div class=\"info-svg-wrapper\" style=\"width:60px; height:60px;\"><img loading=\"lazy\" decoding=\"async\"  src=\"https:\/\/hsroofplate.com\/wp-content\/uploads\/2022\/09\/accessories-infobox-1.svg\" title=\"accesorios-infobox-1.svg\" width=\"60\" height=\"60\"><\/div>\t\t\t\t\t\t\t\t\t\t\t\t\t<\/div>\n\t\t\t\t\t<\/div>\n\t\t\t\t\n\t\t\t\t<div class=\"info-box-content\">\n\t\t\t\t\t\n\t\t\t\t\t\t\t\t\t\t\t<h4\t\t\t\t\t\tclass=\"info-box-title title box-title-style-default wd-fontsize-m\" data-elementor-setting-key=\"title\">\n\t\t\t\t\t\t\t\tFilosof\u00eda b\u00e1sica\t\t\t\t\t\t<\/h4>\n\t\t\t\t\t\n\t\t\t\t\t<div class=\"info-box-inner reset-last-child\"data-elementor-setting-key=\"content\"><p>Centrado en el cliente, innovador, honesto, beneficioso para todos y persistente<\/p>\n<\/div>\n\n\t\t\t\t\t\t\t\t\t<\/div>\n\n\t\t\t\t\t\t\t<\/div>\n\t\t<\/div>\n\t\t\t\t\t\t\t\t\t\t\t\t\t\t\t\t\t\t\t\t\t\t\t\t<div class=\"info-box-wrapper wd-carousel-item\">\n\t\t\t<div class=\"wd-info-box text-center box-icon-align-top box-style-base color-scheme-  elementor-repeater-item-3d12955\">\n\t\t\t\t\t\t\t\t\t<div class=\"box-icon-wrapper  box-with-icon box-icon-simple\">\n\t\t\t\t\t\t<div class=\"info-box-icon\">\n\t\t\t\t\t\t\t\t\t\t\t\t\t\t\t<div class=\"info-svg-wrapper\" style=\"width:60px; height:60px;\"><img loading=\"lazy\" decoding=\"async\"  src=\"https:\/\/hsroofplate.com\/wp-content\/uploads\/2022\/09\/accessories-infobox-2.svg\" title=\"accesorios-infobox-2.svg\" width=\"60\" height=\"60\"><\/div>\t\t\t\t\t\t\t\t\t\t\t\t\t<\/div>\n\t\t\t\t\t<\/div>\n\t\t\t\t\n\t\t\t\t<div class=\"info-box-content\">\n\t\t\t\t\t\n\t\t\t\t\t\t\t\t\t\t\t<h4\t\t\t\t\t\tclass=\"info-box-title title box-title-style-default wd-fontsize-m\" data-elementor-setting-key=\"title\">\n\t\t\t\t\t\t\t\tMisi\u00f3n de la empresa\t\t\t\t\t\t<\/h4>\n\t\t\t\t\t\n\t\t\t\t\t<div class=\"info-box-inner reset-last-child\"data-elementor-setting-key=\"content\"><p>Proporcionar continuamente a los clientes productos y servicios de alta calidad<\/p>\n<\/div>\n\n\t\t\t\t\t\t\t\t\t<\/div>\n\n\t\t\t\t\t\t\t<\/div>\n\t\t<\/div>\n\t\t\t\t\t\t\t\t\t\t\t\t\t\t\t\t\t\t\t\t\t\t\t\t<div class=\"info-box-wrapper wd-carousel-item\">\n\t\t\t<div class=\"wd-info-box text-center box-icon-align-top box-style-base color-scheme-  elementor-repeater-item-436686a\">\n\t\t\t\t\t\t\t\t\t<div class=\"box-icon-wrapper  box-with-icon box-icon-simple\">\n\t\t\t\t\t\t<div class=\"info-box-icon\">\n\t\t\t\t\t\t\t\t\t\t\t\t\t\t\t<div class=\"info-svg-wrapper\" style=\"width:60px; height:60px;\"><img loading=\"lazy\" decoding=\"async\"  src=\"https:\/\/hsroofplate.com\/wp-content\/uploads\/2022\/09\/accessories-infobox-3.svg\" title=\"accesorios-infobox-3.svg\" width=\"60\" height=\"60\"><\/div>\t\t\t\t\t\t\t\t\t\t\t\t\t<\/div>\n\t\t\t\t\t<\/div>\n\t\t\t\t\n\t\t\t\t<div class=\"info-box-content\">\n\t\t\t\t\t\n\t\t\t\t\t\t\t\t\t\t\t<h4\t\t\t\t\t\tclass=\"info-box-title title box-title-style-default wd-fontsize-m\" data-elementor-setting-key=\"title\">\n\t\t\t\t\t\t\t\tvisi\u00f3n corporativa\t\t\t\t\t\t<\/h4>\n\t\t\t\t\t\n\t\t\t\t\t<div class=\"info-box-inner reset-last-child\"data-elementor-setting-key=\"content\"><p>\u00a0Convertirnos en l\u00edderes de la industria de materiales de construcci\u00f3n para tejados<\/p>\n<\/div>\n\n\t\t\t\t\t\t\t\t\t<\/div>\n\n\t\t\t\t\t\t\t<\/div>\n\t\t<\/div>\n\t\t\t\t\t\t\t\t\t\t\t\t\t<\/div>\n\t\t\t\t<\/div>\n\n\t\t\t\t\t\t\t\t\t\t\t<div class=\"wd-nav-arrows wd-pos-sep wd-hover-1 wd-icon-1\">\n\t\t\t<div class=\"wd-btn-arrow wd-prev wd-disabled\">\n\t\t\t\t<div class=\"wd-arrow-inner\"><\/div>\n\t\t\t<\/div>\n\t\t\t<div class=\"wd-btn-arrow wd-next\">\n\t\t\t\t<div class=\"wd-arrow-inner\"><\/div>\n\t\t\t<\/div>\n\t\t<\/div>\n\t\t\t\t\t\t\t\t\t<\/div>\n\n\t\t\t\t\t\t\t\t<\/div>\n\t\t\t\t\t\t<\/div>\n\t\t\t\t<\/div>\n\t\t\t\t\t<\/div>\n\t\t\t\t<\/div>\n\t\t<div class=\"wd-negative-gap elementor-element elementor-element-2563b9c wd-section-stretch e-flex e-con-boxed e-con e-parent\" data-id=\"2563b9c\" data-element_type=\"container\" data-settings=\"{&quot;background_background&quot;:&quot;classic&quot;}\">\n\t\t\t\t\t<div class=\"e-con-inner\">\n\t\t<div class=\"elementor-element elementor-element-f1de9d2 e-con-full e-flex e-con e-child\" data-id=\"f1de9d2\" data-element_type=\"container\">\n\t\t<div class=\"elementor-element elementor-element-f8d1db4 e-con-full e-flex e-con e-child\" data-id=\"f8d1db4\" data-element_type=\"container\">\n\t\t\t\t<div class=\"elementor-element elementor-element-887c72a wd-width-100 elementor-widget elementor-widget-wd_title\" data-id=\"887c72a\" data-element_type=\"widget\" data-widget_type=\"wd_title.default\">\n\t\t\t\t<div class=\"elementor-widget-container\">\n\t\t\t\t\t\t\t<div class=\"title-wrapper wd-set-mb reset-last-child wd-title-color-primary wd-title-style-default wd-title-size-default text-left\">\n\n\t\t\t\t\t\t\t\t\t\t\t<div class=\"title-subtitle subtitle-color-primary subtitle-style-default wd-fontsize-xs\">\n\t\t\t\t\tAlgunas palabras sobre nosotros\t\t\t\t<\/div>\n\t\t\t\n\t\t\t<div class=\"liner-continer\">\n\t\t\t\t<h4 class=\"woodmart-title-container title wd-fontsize-l\">Ayudamos a todos a disfrutar de productos incre\u00edbles<\/h4> \n\t\t\t\t\t\t\t<\/div>\n\n\t\t\t\t\t<\/div>\n\t\t\t\t\t\t<\/div>\n\t\t\t\t<\/div>\n\t\t\t\t<div class=\"elementor-element elementor-element-70250eb elementor-widget elementor-widget-wd_button\" data-id=\"70250eb\" data-element_type=\"widget\" data-widget_type=\"wd_button.default\">\n\t\t\t\t<div class=\"elementor-widget-container\">\n\t\t\t\t\t\t\t<div class=\"wd-button-wrapper text-center\" >\n\t\t\t<a class=\"btn btn-style-default btn-shape-rectangle btn-size-default btn-icon-pos-right\"  href=\"https:\/\/hsroofplate.com\/es\/contacto\/\">\n\t\t\t\t<span class=\"wd-btn-text\" data-elementor-setting-key=\"text\">\n\t\t\t\t\tContacte con nosotros\t\t\t\t<\/span>\n\n\t\t\t\t\t\t\t\t\t<span class=\"wd-btn-icon\">\n\t\t\t\t\t\t<svg class=\"wd-icon e-font-icon-svg e-fas-arrow-right\" viewbox=\"0 0 448 512\" xmlns=\"http:\/\/www.w3.org\/2000\/svg\"><path d=\"M190.5 66.9l22.2-22.2c9.4-9.4 24.6-9.4 33.9 0L441 239c9.4 9.4 9.4 24.6 0 33.9L246.6 467.3c-9.4 9.4-24.6 9.4-33.9 0l-22.2-22.2c-9.5-9.5-9.3-25 .4-34.3L311.4 296H24c-13.3 0-24-10.7-24-24v-32c0-13.3 10.7-24 24-24h287.4L190.9 101.2c-9.8-9.3-10-24.8-.4-34.3z\"><\/path><\/svg>\t\t\t\t\t<\/span>\n\t\t\t\t\t\t\t<\/a>\n\t\t<\/div>\n\t\t\t\t\t\t<\/div>\n\t\t\t\t<\/div>\n\t\t\t\t<\/div>\n\t\t<div class=\"elementor-element elementor-element-3f6c529 e-con-full e-flex e-con e-child\" data-id=\"3f6c529\" data-element_type=\"container\">\n\t\t<div class=\"elementor-element elementor-element-10cf425 e-con-full elementor-hidden-mobile elementor-hidden-tablet e-flex e-con e-child\" data-id=\"10cf425\" data-element_type=\"container\">\n\t\t\t\t<div class=\"elementor-element elementor-element-db7be0d elementor-widget elementor-widget-wd_image_or_svg\" data-id=\"db7be0d\" data-element_type=\"widget\" data-widget_type=\"wd_image_or_svg.default\">\n\t\t\t\t<div class=\"elementor-widget-container\">\n\t\t\t\t\t\n\t\t<div class=\"wd-image text-left\">\n\t\t\t\t\t\t\t\t<img fetchpriority=\"high\" decoding=\"async\" width=\"800\" height=\"800\" src=\"https:\/\/hsroofplate.com\/wp-content\/uploads\/2025\/08\/hsroofplate_3.jpg\" class=\"attachment-full size-full\" alt=\"hsroofplate\" srcset=\"https:\/\/hsroofplate.com\/wp-content\/uploads\/2025\/08\/hsroofplate_3.jpg 800w, https:\/\/hsroofplate.com\/wp-content\/uploads\/2025\/08\/hsroofplate_3-600x600.jpg 600w, https:\/\/hsroofplate.com\/wp-content\/uploads\/2025\/08\/hsroofplate_3-148x148.jpg 148w, https:\/\/hsroofplate.com\/wp-content\/uploads\/2025\/08\/hsroofplate_3-300x300.jpg 300w, https:\/\/hsroofplate.com\/wp-content\/uploads\/2025\/08\/hsroofplate_3-150x150.jpg 150w, https:\/\/hsroofplate.com\/wp-content\/uploads\/2025\/08\/hsroofplate_3-768x768.jpg 768w\" sizes=\"(max-width: 800px) 100vw, 800px\" \/>\t\t\t\t\t<\/div>\n\n\t\t\t\t\t\t<\/div>\n\t\t\t\t<\/div>\n\t\t\t\t<div class=\"elementor-element elementor-element-aa47fa9 elementor-widget elementor-widget-wd_image_or_svg\" data-id=\"aa47fa9\" data-element_type=\"widget\" data-widget_type=\"wd_image_or_svg.default\">\n\t\t\t\t<div class=\"elementor-widget-container\">\n\t\t\t\t\t\n\t\t<div class=\"wd-image text-left\">\n\t\t\t\t\t\t\t\t<img decoding=\"async\" width=\"800\" height=\"800\" src=\"https:\/\/hsroofplate.com\/wp-content\/uploads\/2025\/08\/hsroofplate_4.jpg\" class=\"attachment-full size-full\" alt=\"\" srcset=\"https:\/\/hsroofplate.com\/wp-content\/uploads\/2025\/08\/hsroofplate_4.jpg 800w, https:\/\/hsroofplate.com\/wp-content\/uploads\/2025\/08\/hsroofplate_4-600x600.jpg 600w, https:\/\/hsroofplate.com\/wp-content\/uploads\/2025\/08\/hsroofplate_4-148x148.jpg 148w, https:\/\/hsroofplate.com\/wp-content\/uploads\/2025\/08\/hsroofplate_4-300x300.jpg 300w, https:\/\/hsroofplate.com\/wp-content\/uploads\/2025\/08\/hsroofplate_4-150x150.jpg 150w, https:\/\/hsroofplate.com\/wp-content\/uploads\/2025\/08\/hsroofplate_4-768x768.jpg 768w\" sizes=\"(max-width: 800px) 100vw, 800px\" \/>\t\t\t\t\t<\/div>\n\n\t\t\t\t\t\t<\/div>\n\t\t\t\t<\/div>\n\t\t\t\t<\/div>\n\t\t<div class=\"elementor-element elementor-element-7887001 e-con-full e-flex e-con e-child\" data-id=\"7887001\" data-element_type=\"container\">\n\t\t<div class=\"elementor-element elementor-element-1e4c179 e-con-full e-flex e-con e-child\" data-id=\"1e4c179\" data-element_type=\"container\" data-settings=\"{&quot;background_background&quot;:&quot;classic&quot;}\">\n\t\t\t\t<div class=\"elementor-element elementor-element-7db87ef elementor-widget elementor-widget-wd_image_or_svg\" data-id=\"7db87ef\" data-element_type=\"widget\" data-widget_type=\"wd_image_or_svg.default\">\n\t\t\t\t<div class=\"elementor-widget-container\">\n\t\t\t\t\t\n\t\t<div class=\"wd-image text-left\">\n\t\t\t\t\t\t\t\t<img decoding=\"async\" width=\"800\" height=\"800\" src=\"https:\/\/hsroofplate.com\/wp-content\/uploads\/2025\/08\/hsroofplate_1.jpg\" class=\"attachment-full size-full\" alt=\"hsroofplate\" srcset=\"https:\/\/hsroofplate.com\/wp-content\/uploads\/2025\/08\/hsroofplate_1.jpg 800w, https:\/\/hsroofplate.com\/wp-content\/uploads\/2025\/08\/hsroofplate_1-600x600.jpg 600w, https:\/\/hsroofplate.com\/wp-content\/uploads\/2025\/08\/hsroofplate_1-148x148.jpg 148w, https:\/\/hsroofplate.com\/wp-content\/uploads\/2025\/08\/hsroofplate_1-300x300.jpg 300w, https:\/\/hsroofplate.com\/wp-content\/uploads\/2025\/08\/hsroofplate_1-150x150.jpg 150w, https:\/\/hsroofplate.com\/wp-content\/uploads\/2025\/08\/hsroofplate_1-768x768.jpg 768w\" sizes=\"(max-width: 800px) 100vw, 800px\" \/>\t\t\t\t\t<\/div>\n\n\t\t\t\t\t\t<\/div>\n\t\t\t\t<\/div>\n\t\t\t\t<\/div>\n\t\t\t\t<div class=\"elementor-element elementor-element-3e7fa8a elementor-widget elementor-widget-wd_image_or_svg\" data-id=\"3e7fa8a\" data-element_type=\"widget\" data-widget_type=\"wd_image_or_svg.default\">\n\t\t\t\t<div class=\"elementor-widget-container\">\n\t\t\t\t\t\n\t\t<div class=\"wd-image text-left\">\n\t\t\t\t\t\t\t\t<img loading=\"lazy\" decoding=\"async\" width=\"800\" height=\"800\" src=\"https:\/\/hsroofplate.com\/wp-content\/uploads\/2025\/08\/hsroofplate_2.jpg\" class=\"attachment-full size-full\" alt=\"hsroofplate\" srcset=\"https:\/\/hsroofplate.com\/wp-content\/uploads\/2025\/08\/hsroofplate_2.jpg 800w, https:\/\/hsroofplate.com\/wp-content\/uploads\/2025\/08\/hsroofplate_2-600x600.jpg 600w, https:\/\/hsroofplate.com\/wp-content\/uploads\/2025\/08\/hsroofplate_2-148x148.jpg 148w, https:\/\/hsroofplate.com\/wp-content\/uploads\/2025\/08\/hsroofplate_2-300x300.jpg 300w, https:\/\/hsroofplate.com\/wp-content\/uploads\/2025\/08\/hsroofplate_2-150x150.jpg 150w, https:\/\/hsroofplate.com\/wp-content\/uploads\/2025\/08\/hsroofplate_2-768x768.jpg 768w\" sizes=\"(max-width: 800px) 100vw, 800px\" \/>\t\t\t\t\t<\/div>\n\n\t\t\t\t\t\t<\/div>\n\t\t\t\t<\/div>\n\t\t\t\t<\/div>\n\t\t\t\t<\/div>\n\t\t\t\t<\/div>\n\t\t\t\t\t<\/div>\n\t\t\t\t<\/div>\n\t\t\t\t<\/div>","protected":false},"excerpt":{"rendered":"<p>Acerca de nosotros Home\u9875\u9762 Los compradores conf\u00edan en nosotros Nuestra estrategia es proporcionar a nuestros clientes productos de calidad Henan Haishu Building Materials<\/p>","protected":false},"author":1,"featured_media":0,"parent":0,"menu_order":0,"comment_status":"closed","ping_status":"closed","template":"","meta":{"footnotes":""},"class_list":["post-14","page","type-page","status-publish","hentry"],"_links":{"self":[{"href":"https:\/\/hsroofplate.com\/es\/wp-json\/wp\/v2\/pages\/14","targetHints":{"allow":["GET"]}}],"collection":[{"href":"https:\/\/hsroofplate.com\/es\/wp-json\/wp\/v2\/pages"}],"about":[{"href":"https:\/\/hsroofplate.com\/es\/wp-json\/wp\/v2\/types\/page"}],"author":[{"embeddable":true,"href":"https:\/\/hsroofplate.com\/es\/wp-json\/wp\/v2\/users\/1"}],"replies":[{"embeddable":true,"href":"https:\/\/hsroofplate.com\/es\/wp-json\/wp\/v2\/comments?post=14"}],"version-history":[{"count":40,"href":"https:\/\/hsroofplate.com\/es\/wp-json\/wp\/v2\/pages\/14\/revisions"}],"predecessor-version":[{"id":11367,"href":"https:\/\/hsroofplate.com\/es\/wp-json\/wp\/v2\/pages\/14\/revisions\/11367"}],"wp:attachment":[{"href":"https:\/\/hsroofplate.com\/es\/wp-json\/wp\/v2\/media?parent=14"}],"curies":[{"name":"wp","href":"https:\/\/api.w.org\/{rel}","templated":true}]}}