{"id":3,"date":"2025-08-14T07:21:22","date_gmt":"2025-08-14T07:21:22","guid":{"rendered":"http:\/\/hsroofplate.com\/?page_id=3"},"modified":"2025-11-11T06:11:13","modified_gmt":"2025-11-11T06:11:13","slug":"politica-de-privacidad","status":"publish","type":"page","link":"https:\/\/hsroofplate.com\/es\/politica-de-privacidad\/","title":{"rendered":"Pol\u00edtica de privacidad"},"content":{"rendered":"<div data-elementor-type=\"wp-page\" data-elementor-id=\"3\" class=\"elementor elementor-3\" data-elementor-post-type=\"page\">\n\t\t\t\t<div class=\"wd-negative-gap elementor-element elementor-element-55223047 e-flex e-con-boxed e-con e-parent\" data-id=\"55223047\" data-element_type=\"container\">\n\t\t\t\t\t<div class=\"e-con-inner\">\n\t\t<div class=\"elementor-element elementor-element-3f044d9 e-con-full e-flex e-con e-child\" data-id=\"3f044d9\" data-element_type=\"container\">\n\t\t\t\t<\/div>\n\t\t\t\t<div class=\"elementor-element elementor-element-ba19191 color-scheme-inherit text-left elementor-widget elementor-widget-text-editor\" data-id=\"ba19191\" data-element_type=\"widget\" data-widget_type=\"text-editor.default\">\n\t\t\t\t\t\t\t\t\t\n<p>En https:\/\/hsroofplate.com\/ (en adelante, https:\/\/hsroofplate.com\/), la privacidad de nuestros visitantes es una de nuestras mayores preocupaciones. Esta p\u00e1gina de pol\u00edtica de privacidad describe qu\u00e9 tipo de informaci\u00f3n personal puede ser recibida y recopilada por https:\/\/hsroofplate.com\/ y c\u00f3mo se utilizar\u00e1 la informaci\u00f3n.<\/p>\n\n\n\n<h2 class=\"wp-block-heading\">ANUNCIOS EN REDES SOCIALES Y MOTORES DE B\u00daSQUEDA<\/h2>\n\n\n\n<p>Como muchos otros sitios profesionales, https:\/\/hsroofplate.com\/ invierte en publicidad en Internet. Nuestros socios publicitarios incluyen Facebook Ads y Google Ads. Con el fin de maximizar el ROI de la publicidad en l\u00ednea y encontrar clientes objetivo, https:\/\/hsroofplate.com\/ aplica algunos c\u00f3digos de seguimiento generados por esos motores de b\u00fasqueda para registrar las IP de los usuarios y los flujos de visualizaci\u00f3n de las p\u00e1ginas.<\/p>\n\n\n\n<h2 class=\"wp-block-heading\">DATOS DE CONTACTO DE LA EMPRESA<\/h2>\n\n\n\n<p>Recogemos todos los datos de contacto comerciales enviados a trav\u00e9s de correos electr\u00f3nicos o formularios web en https:\/\/hsroofplate.com\/ por parte de los visitantes. La identificaci\u00f3n del visitante y los datos de contacto introducidos se conservar\u00e1n estrictamente para uso interno de https:\/\/hsroofplate.com\/.com. https:\/\/hsroofplate.com\/ garantizar\u00e1 la seguridad y el uso adecuado de dichos datos.<\/p>\n\n\n\n<h2 class=\"wp-block-heading\">USO DE LA INFORMACI\u00d3N<\/h2>\n\n\n\n<p>S\u00f3lo utilizaremos su informaci\u00f3n personal identificable como se describe a continuaci\u00f3n, a menos que usted haya consentido espec\u00edficamente otro tipo de uso, ya sea en el momento en que se recopila la informaci\u00f3n personal identificable de usted o a trav\u00e9s de alguna otra forma de consentimiento por su parte:<\/p>\n\n\n\n<p>Utilizaremos la informaci\u00f3n de identificaci\u00f3n personal para completar los pedidos que haya realizado.<\/p>\n\n\n\n<p>Utilizaremos la informaci\u00f3n de identificaci\u00f3n personal para prestarle los servicios espec\u00edficos que haya solicitado, como por ejemplo contactar con un minorista.<\/p>\n\n\n\n<p>Utilizaremos sus datos personales para responder a las preguntas que nos env\u00ede.<\/p>\n\n\n\n<p>Utilizaremos su informaci\u00f3n personal identificable para enviarle correos electr\u00f3nicos de vez en cuando, como boletines y avisos sobre nuestras promociones.<\/p>\n\n\n\n<p>Podemos revelar informaci\u00f3n personal identificable si as\u00ed lo exige la ley o un proceso legal.<\/p>\n\n\n\n<p>Podemos revelar informaci\u00f3n de identificaci\u00f3n personal para investigar sospechas de fraude, acoso u otras infracciones de cualquier ley, norma o reglamento, o de las condiciones o pol\u00edticas del sitio web.<\/p>\n\n\n\n<h2 class=\"wp-block-heading\">EXCLUSI\u00d3N VOLUNTARIA\/CORRECCIONES<\/h2>\n\n\n\n<p>Si lo solicita, (a) corregiremos o actualizaremos su informaci\u00f3n personal; (b) dejaremos de enviarle correos electr\u00f3nicos a su direcci\u00f3n de correo electr\u00f3nico; y\/o (c) desactivaremos su cuenta para evitar futuras compras a trav\u00e9s de ella. Puede realizar estas solicitudes en la secci\u00f3n de informaci\u00f3n al cliente, por tel\u00e9fono o por correo electr\u00f3nico.<\/p>\n\n\n\n<p>https:\/\/hsroofplate.com\/.com al Servicio de Atenci\u00f3n al Cliente&nbsp;<a href=\"mailto:safs139@safsteelstructure.com\">G531060324@outlook.com<\/a>. No env\u00ede por correo electr\u00f3nico su n\u00famero de tarjeta de cr\u00e9dito u otra informaci\u00f3n confidencial.<\/p>\n\n\n\n<h2 class=\"wp-block-heading\">CONDICIONES GENERALES<\/h2>\n\n\n\n<h3 class=\"wp-block-heading\">1. Aplicaci\u00f3n y aceptaci\u00f3n de las condiciones<\/h3>\n\n\n\n<p>Bienvenido a nuestro sitio web Este documento es un acuerdo jur\u00eddicamente vinculante entre usted como usuario(s) del sitio (en lo sucesivo, \"usted\", \"su\" o \"Usuario\") y https:\/\/hsroofplate.com\/ - propietario del sitio https:\/\/hsroofplate.com\/.com.<\/p>\n\n\n\n<p>1.1 El uso por parte del usuario de los servicios y productos de https:\/\/hsroofplate.com\/ (en adelante denominados conjuntamente los \"Servicios\") est\u00e1 sujeto a las condiciones establecidas en el presente documento, as\u00ed como a la Pol\u00edtica de Privacidad y a cualquier otra norma o pol\u00edtica de https:\/\/hsroofplate.com\/ que pueda ser publicada por \u00e9sta en un futuro. El presente documento y las dem\u00e1s normas y pol\u00edticas de https:\/\/hsroofplate.com\/ se denominan conjuntamente en lo sucesivo las \"Condiciones\". Al acceder a https:\/\/hsroofplate.com\/ o utilizar los Servicios, el usuario acepta y queda vinculado por las Condiciones. Le rogamos que no utilice los Servicios ni https:\/\/hsroofplate.com\/ si no acepta la totalidad de las Condiciones.<\/p>\n\n\n\n<p>1.2 El usuario no podr\u00e1 utilizar los Servicios ni aceptar las Condiciones si (a) no es mayor de edad para formalizar un contrato vinculante con https:\/\/hsroofplate.com\/.com, o (b) no est\u00e1 autorizado a recibir Servicios en virtud de la legislaci\u00f3n de la Rep\u00fablica Popular China o de otros pa\u00edses\/regiones, incluido el pa\u00eds\/regi\u00f3n en el que resida o desde el que utilice los Servicios.<\/p>\n\n\n\n<p>1.3 El usuario reconoce y acepta que https:\/\/hsroofplate.com\/.commay puede modificar las Condiciones en cualquier momento publicando las Condiciones modificadas y reformuladas en https:\/\/hsroofplate.com\/.com. Si contin\u00faa utilizando los Servicios o https:\/\/hsroofplate.com\/.com, acepta que se le apliquen las Condiciones modificadas.<\/p>\n\n\n\n<h3 class=\"wp-block-heading\">2. Usuarios en general<\/h3>\n\n\n\n<p>2.1 Como condici\u00f3n para acceder y utilizar https:\/\/hsroofplate.com\/ o los Servicios, usted acepta cumplir todas las leyes y normativas aplicables cuando utilice https:\/\/hsroofplate.com\/ o los Servicios.<\/p>\n\n\n\n<p>2.2 El usuario debe leer la Pol\u00edtica de privacidad de https:\/\/hsroofplate.com\/.com, que rige la protecci\u00f3n y el uso de la informaci\u00f3n personal sobre los usuarios en posesi\u00f3n de https:\/\/hsroofplate.com\/ y nuestras filiales. Usted acepta los t\u00e9rminos de la Pol\u00edtica de Privacidad y est\u00e1 de acuerdo con el uso de la informaci\u00f3n personal sobre usted de acuerdo con la Pol\u00edtica de Privacidad.<\/p>\n\n\n\n<p>2.3 Usted se compromete a no llevar a cabo ninguna acci\u00f3n que menoscabe la integridad de los sistemas o redes inform\u00e1ticos de https:\/\/hsroofplate.com\/ y\/o de cualquier otro Usuario, ni a obtener acceso no autorizado a dichos sistemas o redes inform\u00e1ticos.<\/p>\n\n\n\n<p>2.4 El usuario acepta no aprovecharse de la informaci\u00f3n contenida en https:\/\/hsroofplate.com\/ o recibida de sus representantes para realizar actividades como: fijar precios o presupuestos de productos y servicios que no se adquieran en https:\/\/hsroofplate.com\/.com, preparar contenidos para el sitio web, redactar contratos o acuerdos sin la participaci\u00f3n de https:\/\/hsroofplate.com\/.<\/p>\n\n\n\n<h3 class=\"wp-block-heading\">3. Productos y precios<\/h3>\n\n\n\n<p>3.1 Dado que desarrollamos y actualizamos continuamente nuestros productos y servicios, cualquier especificaci\u00f3n t\u00e9cnica o no t\u00e9cnica, incluidas, entre otras, p\u00e1ginas web, informes, tablas, figuras, im\u00e1genes, v\u00eddeos o audios de cualquiera de los productos de https:\/\/hsroofplate.com\/, podr\u00e1 ser modificada o completamente cambiada en sus formatos y contenidos sin notificaci\u00f3n previa, ya sea en l\u00ednea o fuera de l\u00ednea.<\/p>\n\n\n\n<p>3.2 Los precios indicados en https:\/\/hsroofplate.com\/ o proporcionados por cualquier representante de https:\/\/hsroofplate.com\/ est\u00e1n sujetos a cambios sin previo aviso.<\/p>\n\n\n\n<h3 class=\"wp-block-heading\">4. Limitaci\u00f3n de responsabilidad<\/h3>\n\n\n\n<p>4.1 Cualquier material descargado u obtenido de cualquier otro modo a trav\u00e9s de https:\/\/hsroofplate.com\/ se hace a discreci\u00f3n y riesgo de cada Usuario y cada Usuario es el \u00fanico responsable de cualquier da\u00f1o al sistema inform\u00e1tico de https:\/\/hsroofplate.com\/ o de la p\u00e9rdida de datos que pueda resultar de la descarga de dicho material.<\/p>\n\n\n\n<p><\/p>\n\t\t\t\t\t\t\t\t<\/div>\n\t\t\t\t\t<\/div>\n\t\t\t\t<\/div>\n\t\t\t\t<\/div>","protected":false},"excerpt":{"rendered":"<p>On https:\/\/hsroofplate.com\/&nbsp;( from now on, will be referred as https:\/\/hsroofplate.com\/), as visitor privacy is of our serious concern. This privacy<\/p>","protected":false},"author":1,"featured_media":0,"parent":0,"menu_order":0,"comment_status":"closed","ping_status":"open","template":"elementor_header_footer","meta":{"footnotes":""},"class_list":["post-3","page","type-page","status-publish","hentry"],"_links":{"self":[{"href":"https:\/\/hsroofplate.com\/es\/wp-json\/wp\/v2\/pages\/3","targetHints":{"allow":["GET"]}}],"collection":[{"href":"https:\/\/hsroofplate.com\/es\/wp-json\/wp\/v2\/pages"}],"about":[{"href":"https:\/\/hsroofplate.com\/es\/wp-json\/wp\/v2\/types\/page"}],"author":[{"embeddable":true,"href":"https:\/\/hsroofplate.com\/es\/wp-json\/wp\/v2\/users\/1"}],"replies":[{"embeddable":true,"href":"https:\/\/hsroofplate.com\/es\/wp-json\/wp\/v2\/comments?post=3"}],"version-history":[{"count":7,"href":"https:\/\/hsroofplate.com\/es\/wp-json\/wp\/v2\/pages\/3\/revisions"}],"predecessor-version":[{"id":11055,"href":"https:\/\/hsroofplate.com\/es\/wp-json\/wp\/v2\/pages\/3\/revisions\/11055"}],"wp:attachment":[{"href":"https:\/\/hsroofplate.com\/es\/wp-json\/wp\/v2\/media?parent=3"}],"curies":[{"name":"wp","href":"https:\/\/api.w.org\/{rel}","templated":true}]}}