{"id":10144,"date":"2025-08-20T07:22:40","date_gmt":"2025-08-20T07:22:40","guid":{"rendered":"https:\/\/hsroofplate.com\/?post_type=product&#038;p=10144"},"modified":"2026-01-01T15:14:53","modified_gmt":"2026-01-01T15:14:53","slug":"baldosas-compuestas-asa","status":"publish","type":"product","link":"https:\/\/hsroofplate.com\/es\/productos\/t-shape-pvc-sheet\/pvc-trapezoidal-roof-sheeting\/baldosas-compuestas-asa\/","title":{"rendered":"Azulejos compuestos ASA"},"content":{"rendered":"<div data-elementor-type=\"product-post\" data-elementor-id=\"10144\" class=\"elementor elementor-10144\" data-elementor-post-type=\"product\">\n\t\t\t\t<div class=\"wd-negative-gap elementor-element elementor-element-f2bc564 e-flex e-con-boxed e-con e-parent\" data-id=\"f2bc564\" data-element_type=\"container\">\n\t\t\t\t\t<div class=\"e-con-inner\">\n\t\t<div class=\"elementor-element elementor-element-067d913 e-con-full e-flex e-con e-child\" data-id=\"067d913\" data-element_type=\"container\">\n\t\t\t\t<div class=\"elementor-element elementor-element-ca4bbb1 elementor-widget elementor-widget-image\" data-id=\"ca4bbb1\" data-element_type=\"widget\" data-widget_type=\"image.default\">\n\t\t\t\t\t\t\t\t\t\t\t\t\t\t\t<img fetchpriority=\"high\" decoding=\"async\" width=\"783\" height=\"457\" src=\"https:\/\/hsroofplate.com\/wp-content\/uploads\/2025\/08\/1-1.webp\" class=\"attachment-large size-large wp-image-10146\" alt=\"\" srcset=\"https:\/\/hsroofplate.com\/wp-content\/uploads\/2025\/08\/1-1.webp 783w, https:\/\/hsroofplate.com\/wp-content\/uploads\/2025\/08\/1-1-300x175.webp 300w, https:\/\/hsroofplate.com\/wp-content\/uploads\/2025\/08\/1-1-768x448.webp 768w, https:\/\/hsroofplate.com\/wp-content\/uploads\/2025\/08\/1-1-18x12.webp 18w, https:\/\/hsroofplate.com\/wp-content\/uploads\/2025\/08\/1-1-148x86.webp 148w\" sizes=\"(max-width: 783px) 100vw, 783px\" \/>\t\t\t\t\t\t\t\t\t\t\t\t\t\t\t<\/div>\n\t\t\t\t<\/div>\n\t\t<div class=\"elementor-element elementor-element-848706e e-con-full e-flex e-con e-child\" data-id=\"848706e\" data-element_type=\"container\">\n\t\t\t\t<div class=\"elementor-element elementor-element-4de2282 elementor-widget elementor-widget-heading\" data-id=\"4de2282\" data-element_type=\"widget\" data-widget_type=\"heading.default\">\n\t\t\t\t\t<h2 class=\"elementor-heading-title elementor-size-default\">Rendimiento del producto:<\/h2>\t\t\t\t<\/div>\n\t\t\t\t<div class=\"elementor-element elementor-element-5bb4eda color-scheme-inherit text-left elementor-widget elementor-widget-text-editor\" data-id=\"5bb4eda\" data-element_type=\"widget\" data-widget_type=\"text-editor.default\">\n\t\t\t\t\t\t\t\t\t<p>1. Resistencia a la corrosi\u00f3n:Soa durante 24 horas en sal, \u00e1lcali y 60% de \u00e1cido sin reacci\u00f3n qu\u00edmica. \u00a1Es conveniente para el \u00e1rea propensa de la lluvia \u00e1cida, la planta corrosiva y el coastalarea, el efecto es particularmente notable!<br \/>2.Resistencia a la intemperie:El material de la superficie se extruye mediante una capa de superficie de resina superresistente, y el espesor de la capa de resistencia de la superficie &gt;=0,2 mm, garantizando as\u00ed la durabilidad y la resistencia a la corrosi\u00f3n del producto.<br \/>3.Rendimiento de aislamiento ac\u00fastico: Se ha comprobado experimentalmente que, en caso de lluvia intensa, viento fuerte y otros ruidos externos, la teja ondulada compuesta anticorrosi\u00f3n tiene un buen efecto de absorci\u00f3n del ruido, que es n 30dB inferior al ruido de la placa de acero de color.<br \/>4.Retardancia al fuego: de acuerdo con la prueba est\u00e1ndar de gb8624-2006 por la autoridad nacional de protecci\u00f3n contra incendios, el nivel de rendimiento de protecci\u00f3n contra incendios&gt;=B<br \/>5.Aislamiento t\u00e9rmico:La conductividad t\u00e9rmica del producto es 0.325w\/m.k,aproximadamente 1\/310 de la teja de arcilla, 1\/5,5mm de la teja de cemento y 1\/2000 de las tejas. Al mismo tiempo, es todo sombrilla, el producto iscompared con la co-ex-trusi\u00f3n de dos capas, la mayor ventaja es que mejora en gran medida el rendimiento de aislamiento t\u00e9rmico.<br \/>6.Resistencia al impacto: resistencia a bajas temperaturas:El producto tiene una fuerte capacidad de soporte de impactos externos,el rendimiento de la prueba tambi\u00e9n es notable.<br \/>7.Rendimiento de aislamiento: El producto es un producto aislante, y est\u00e1 en buenas condiciones cuando la descarga accidental. En particular, es m\u00e1s seguro para reemplazar las baldosas de metal en la zona de la zona del rayo y la l\u00ednea de alta presi\u00f3n.\u00a0<\/p>\t\t\t\t\t\t\t\t<\/div>\n\t\t\t\t<\/div>\n\t\t\t\t\t<\/div>\n\t\t\t\t<\/div>\n\t\t<div class=\"wd-negative-gap elementor-element elementor-element-7f8ee04 e-flex e-con-boxed e-con e-parent\" data-id=\"7f8ee04\" data-element_type=\"container\">\n\t\t\t\t\t<div class=\"e-con-inner\">\n\t\t\t\t<div class=\"elementor-element elementor-element-a606037 elementor-widget elementor-widget-heading\" data-id=\"a606037\" data-element_type=\"widget\" data-widget_type=\"heading.default\">\n\t\t\t\t\t<h2 class=\"elementor-heading-title elementor-size-default\">Especofocos<\/h2>\t\t\t\t<\/div>\n\t\t\t\t<div class=\"elementor-element elementor-element-9118f68 elementor-widget elementor-widget-html\" data-id=\"9118f68\" data-element_type=\"widget\" data-widget_type=\"html.default\">\n\t\t\t\t\t<!DOCTYPE html>\r\n<html lang=\"en\">\r\n<head>\r\n    <meta charset=\"UTF-8\">\r\n    <meta name=\"viewport\" content=\"width=device-width, initial-scale=1.0\">\r\n    <title>Tabla responsiva<\/title>\r\n    <style>\r\n        \/* Styling for the table container *\/\r\n        .table-responsive {\r\n            overflow-x: auto;\r\n            -webkit-overflow-scrolling: touch;\r\n            display: block;\r\n        }\r\n\r\n        table {\r\n            width: 100%;\r\n            border-collapse: collapse;\r\n            table-layout: fixed;\r\n        }\r\n\r\n        th, td {\r\n            padding: 10px;\r\n            text-align: left;\r\n            border: 1px solid #ddd;\r\n            word-wrap: break-word;\r\n        }\r\n\r\n        th {\r\n            background-color: #f2f2f2;\r\n        }\r\n\r\n        \/* Media query for responsiveness *\/\r\n        @media only screen and (max-width: 768px) {\r\n            table {\r\n                width: 100%;\r\n                font-size: 12px;\r\n            }\r\n            th, td {\r\n                padding: 6px;\r\n            }\r\n        }\r\n    <\/style>\r\n<\/head>\r\n<body>\r\n    <div class=\"table-responsive\">\r\n        <table>\r\n            <thead>\r\n                <tr>\r\n                    <th>Espesor (mm)<\/th>\r\n                    <th>Anchura (mm)<\/th>\r\n                    <th>Longitud (mm)<\/th>\r\n                    <th>Distancia de onda (mm)<\/th>\r\n                    <th>Altura de onda (mm)<\/th>\r\n                    <th>Paso (mm)<\/th>\r\n                <\/tr>\r\n            <\/thead>\r\n            <tbody>\r\n                <tr>\r\n                    <td>1,8 mm - 4,0 mm<\/td>\r\n                    <td>1130<\/td>\r\n                    <td>Longitud<\/td>\r\n                    <td>210<\/td>\r\n                    <td>26<\/td>\r\n                    <td>Pitch<\/td>\r\n                <\/tr>\r\n            <\/tbody>\r\n        <\/table>\r\n    <\/div>\r\n<\/body>\r\n<\/html>\r\n\t\t\t\t<\/div>\n\t\t\t\t\t<\/div>\n\t\t\t\t<\/div>\n\t\t\t\t<\/div>","protected":false},"excerpt":{"rendered":"<p>La baldosa compuesta ASA ofrece una gran durabilidad y un dise\u00f1o elegante, por lo que es ideal para aplicaciones de interior y exterior en espacios residenciales y comerciales.<\/p>","protected":false},"featured_media":10156,"comment_status":"open","ping_status":"closed","template":"","meta":[],"product_brand":[],"product_cat":[139,144],"product_tag":[],"class_list":{"0":"post-10144","1":"product","2":"type-product","3":"status-publish","4":"has-post-thumbnail","6":"product_cat-t-shape-pvc-sheet","7":"product_cat-pvc-trapezoidal-roof-sheeting","9":"first","10":"instock","11":"shipping-taxable","12":"product-type-simple"},"_links":{"self":[{"href":"https:\/\/hsroofplate.com\/es\/wp-json\/wp\/v2\/product\/10144","targetHints":{"allow":["GET"]}}],"collection":[{"href":"https:\/\/hsroofplate.com\/es\/wp-json\/wp\/v2\/product"}],"about":[{"href":"https:\/\/hsroofplate.com\/es\/wp-json\/wp\/v2\/types\/product"}],"replies":[{"embeddable":true,"href":"https:\/\/hsroofplate.com\/es\/wp-json\/wp\/v2\/comments?post=10144"}],"version-history":[{"count":10,"href":"https:\/\/hsroofplate.com\/es\/wp-json\/wp\/v2\/product\/10144\/revisions"}],"predecessor-version":[{"id":11996,"href":"https:\/\/hsroofplate.com\/es\/wp-json\/wp\/v2\/product\/10144\/revisions\/11996"}],"wp:featuredmedia":[{"embeddable":true,"href":"https:\/\/hsroofplate.com\/es\/wp-json\/wp\/v2\/media\/10156"}],"wp:attachment":[{"href":"https:\/\/hsroofplate.com\/es\/wp-json\/wp\/v2\/media?parent=10144"}],"wp:term":[{"taxonomy":"product_brand","embeddable":true,"href":"https:\/\/hsroofplate.com\/es\/wp-json\/wp\/v2\/product_brand?post=10144"},{"taxonomy":"product_cat","embeddable":true,"href":"https:\/\/hsroofplate.com\/es\/wp-json\/wp\/v2\/product_cat?post=10144"},{"taxonomy":"product_tag","embeddable":true,"href":"https:\/\/hsroofplate.com\/es\/wp-json\/wp\/v2\/product_tag?post=10144"}],"curies":[{"name":"wp","href":"https:\/\/api.w.org\/{rel}","templated":true}]}}