{"id":10164,"date":"2025-08-20T07:43:50","date_gmt":"2025-08-20T07:43:50","guid":{"rendered":"https:\/\/hsroofplate.com\/?post_type=product&#038;p=10164"},"modified":"2026-01-01T15:13:59","modified_gmt":"2026-01-01T15:13:59","slug":"azulejos-de-estilo-chino","status":"publish","type":"product","link":"https:\/\/hsroofplate.com\/es\/productos\/cubierta-de-resina-sintetica\/synthetic-resin-roof-tile\/azulejos-de-estilo-chino\/","title":{"rendered":"Azulejos chinos"},"content":{"rendered":"<div data-elementor-type=\"product-post\" data-elementor-id=\"10164\" class=\"elementor elementor-10164\" data-elementor-post-type=\"product\">\n\t\t\t\t<div class=\"wd-negative-gap elementor-element elementor-element-96aafb6 e-flex e-con-boxed e-con e-parent\" data-id=\"96aafb6\" data-element_type=\"container\">\n\t\t\t\t\t<div class=\"e-con-inner\">\n\t\t<div class=\"elementor-element elementor-element-62135e9 e-con-full e-flex e-con e-child\" data-id=\"62135e9\" data-element_type=\"container\">\n\t\t\t\t<div class=\"elementor-element elementor-element-831963b elementor-widget elementor-widget-image\" data-id=\"831963b\" data-element_type=\"widget\" data-widget_type=\"image.default\">\n\t\t\t\t\t\t\t\t\t\t\t\t\t\t\t<img fetchpriority=\"high\" decoding=\"async\" width=\"800\" height=\"800\" src=\"https:\/\/hsroofplate.com\/wp-content\/uploads\/2025\/08\/\u5fae\u4fe1\u56fe\u7247_202508201516561.webp\" class=\"attachment-large size-large wp-image-10162\" alt=\"Azulejos chinos\" srcset=\"https:\/\/hsroofplate.com\/wp-content\/uploads\/2025\/08\/\u5fae\u4fe1\u56fe\u7247_202508201516561.webp 800w, https:\/\/hsroofplate.com\/wp-content\/uploads\/2025\/08\/\u5fae\u4fe1\u56fe\u7247_202508201516561-300x300.webp 300w, https:\/\/hsroofplate.com\/wp-content\/uploads\/2025\/08\/\u5fae\u4fe1\u56fe\u7247_202508201516561-150x150.webp 150w, https:\/\/hsroofplate.com\/wp-content\/uploads\/2025\/08\/\u5fae\u4fe1\u56fe\u7247_202508201516561-768x768.webp 768w, https:\/\/hsroofplate.com\/wp-content\/uploads\/2025\/08\/\u5fae\u4fe1\u56fe\u7247_202508201516561-12x12.webp 12w, https:\/\/hsroofplate.com\/wp-content\/uploads\/2025\/08\/\u5fae\u4fe1\u56fe\u7247_202508201516561-600x600.webp 600w, https:\/\/hsroofplate.com\/wp-content\/uploads\/2025\/08\/\u5fae\u4fe1\u56fe\u7247_202508201516561-148x148.webp 148w, https:\/\/hsroofplate.com\/wp-content\/uploads\/2025\/08\/\u5fae\u4fe1\u56fe\u7247_202508201516561-400x400.webp 400w\" sizes=\"(max-width: 800px) 100vw, 800px\" \/>\t\t\t\t\t\t\t\t\t\t\t\t\t\t\t<\/div>\n\t\t\t\t<\/div>\n\t\t<div class=\"elementor-element elementor-element-5721374 e-con-full e-flex e-con e-child\" data-id=\"5721374\" data-element_type=\"container\">\n\t\t\t\t<div class=\"elementor-element elementor-element-272a8d4 color-scheme-inherit text-left elementor-widget elementor-widget-text-editor\" data-id=\"272a8d4\" data-element_type=\"widget\" data-widget_type=\"text-editor.default\">\n\t\t\t\t\t\t\t\t\t<p>La teja de estilo chino sustituye a las casas rurales de adobe y a las casas solariegas. Tambi\u00e9n se utiliza en tejados de ciudades antiguas, villas, casas m\u00f3viles, edificios de jard\u00edn, granjas, etc.<\/p>\t\t\t\t\t\t\t\t<\/div>\n\t\t\t\t<\/div>\n\t\t\t\t\t<\/div>\n\t\t\t\t<\/div>\n\t\t<div class=\"wd-negative-gap elementor-element elementor-element-f1d7b16 e-flex e-con-boxed e-con e-parent\" data-id=\"f1d7b16\" data-element_type=\"container\">\n\t\t\t\t\t<div class=\"e-con-inner\">\n\t\t<div class=\"elementor-element elementor-element-26977f7 e-con-full e-flex e-con e-child\" data-id=\"26977f7\" data-element_type=\"container\">\n\t\t\t\t<div class=\"elementor-element elementor-element-4864ae3 elementor-widget elementor-widget-image\" data-id=\"4864ae3\" data-element_type=\"widget\" data-widget_type=\"image.default\">\n\t\t\t\t\t\t\t\t\t\t\t\t\t\t\t<img decoding=\"async\" width=\"644\" height=\"275\" src=\"https:\/\/hsroofplate.com\/wp-content\/uploads\/2025\/08\/\u56fe\u7247-2.webp\" class=\"attachment-large size-large wp-image-10166\" alt=\"\" srcset=\"https:\/\/hsroofplate.com\/wp-content\/uploads\/2025\/08\/\u56fe\u7247-2.webp 644w, https:\/\/hsroofplate.com\/wp-content\/uploads\/2025\/08\/\u56fe\u7247-2-300x128.webp 300w, https:\/\/hsroofplate.com\/wp-content\/uploads\/2025\/08\/\u56fe\u7247-2-18x8.webp 18w, https:\/\/hsroofplate.com\/wp-content\/uploads\/2025\/08\/\u56fe\u7247-2-148x63.webp 148w\" sizes=\"(max-width: 644px) 100vw, 644px\" \/>\t\t\t\t\t\t\t\t\t\t\t\t\t\t\t<\/div>\n\t\t\t\t<\/div>\n\t\t<div class=\"elementor-element elementor-element-01c809a e-con-full e-flex e-con e-child\" data-id=\"01c809a\" data-element_type=\"container\">\n\t\t\t\t<div class=\"elementor-element elementor-element-3e04ea5 elementor-widget elementor-widget-image\" data-id=\"3e04ea5\" data-element_type=\"widget\" data-widget_type=\"image.default\">\n\t\t\t\t\t\t\t\t\t\t\t\t\t\t\t<img decoding=\"async\" width=\"346\" height=\"261\" src=\"https:\/\/hsroofplate.com\/wp-content\/uploads\/2025\/08\/1-2.webp\" class=\"attachment-large size-large wp-image-10167\" alt=\"\" srcset=\"https:\/\/hsroofplate.com\/wp-content\/uploads\/2025\/08\/1-2.webp 346w, https:\/\/hsroofplate.com\/wp-content\/uploads\/2025\/08\/1-2-300x226.webp 300w, https:\/\/hsroofplate.com\/wp-content\/uploads\/2025\/08\/1-2-16x12.webp 16w, https:\/\/hsroofplate.com\/wp-content\/uploads\/2025\/08\/1-2-148x112.webp 148w\" sizes=\"(max-width: 346px) 100vw, 346px\" \/>\t\t\t\t\t\t\t\t\t\t\t\t\t\t\t<\/div>\n\t\t\t\t<\/div>\n\t\t\t\t\t<\/div>\n\t\t\t\t<\/div>\n\t\t<div class=\"wd-negative-gap elementor-element elementor-element-6143e92 e-flex e-con-boxed e-con e-parent\" data-id=\"6143e92\" data-element_type=\"container\">\n\t\t\t\t\t<div class=\"e-con-inner\">\n\t\t\t\t<div class=\"elementor-element elementor-element-4903392 elementor-widget elementor-widget-heading\" data-id=\"4903392\" data-element_type=\"widget\" data-widget_type=\"heading.default\">\n\t\t\t\t\t<h2 class=\"elementor-heading-title elementor-size-default\">Rendimiento del producto:<\/h2>\t\t\t\t<\/div>\n\t\t\t\t<div class=\"elementor-element elementor-element-edb8a48 color-scheme-inherit text-left elementor-widget elementor-widget-text-editor\" data-id=\"edb8a48\" data-element_type=\"widget\" data-widget_type=\"text-editor.default\">\n\t\t\t\t\t\t\t\t\t<p>1.Aislamiento ac\u00fastico y t\u00e9rmico Se ha demostrado que en caso de lluvia intensa, viento fuerte y otros ruidos externos, las peque\u00f1as tejas verdes tienen un buen efecto de absorci\u00f3n del ruido.<br \/>2.Resistencia al envejecimiento y a la corrosi\u00f3n:Las baldosas de estilo chino pueden soportar la corrosi\u00f3n de \u00e1cidos, \u00e1lcalis, sales y otras sustancias qu\u00edmicas durante mucho tiempo. El efecto es m\u00e1s pronunciado en zonas de lluvia \u00e1cida y zonas costeras.<br \/>3.Archaize ecolog\u00eda original: Azulejo de estilo chino Conservar el color tradicional y elegante de la casa, el impacto visual del sentido tridimensional, heredando la belleza antigua y sencilla de la casa.<br \/>4.Color duradero:Tiene una buena durabilidad en el medio natural. Incluso si se expone a la radiaci\u00f3n ultravioleta, alta temperatura y el clima fr\u00edo durante mucho tiempo, todav\u00eda mantiene su color estable.<br \/>5.Fuerte resistencia a la carga:Con buena capacidad de carga, no es f\u00e1cil que se produzcan fen\u00f3menos de superficie y fractura.<br \/>6.Buena propiedad impermeable: hay pocas juntas en el tejado, por lo que la resistencia al agua de la teja china mejora considerablemente.<\/p>\t\t\t\t\t\t\t\t<\/div>\n\t\t\t\t\t<\/div>\n\t\t\t\t<\/div>\n\t\t<div class=\"wd-negative-gap elementor-element elementor-element-d4c6131 e-flex e-con-boxed e-con e-parent\" data-id=\"d4c6131\" data-element_type=\"container\">\n\t\t\t\t\t<div class=\"e-con-inner\">\n\t\t\t\t<div class=\"elementor-element elementor-element-361ba77 elementor-widget elementor-widget-heading\" data-id=\"361ba77\" data-element_type=\"widget\" data-widget_type=\"heading.default\">\n\t\t\t\t\t<h2 class=\"elementor-heading-title elementor-size-default\">Especofocos<\/h2>\t\t\t\t<\/div>\n\t\t\t\t<div class=\"elementor-element elementor-element-514d95f elementor-widget elementor-widget-html\" data-id=\"514d95f\" data-element_type=\"widget\" data-widget_type=\"html.default\">\n\t\t\t\t\t<!DOCTYPE html>\r\n<html lang=\"en\">\r\n<head>\r\n    <meta charset=\"UTF-8\">\r\n    <meta name=\"viewport\" content=\"width=device-width, initial-scale=1.0\">\r\n    <title>Tabla responsiva<\/title>\r\n    <style>\r\n        \/* Styling for the table container *\/\r\n        .table-responsive {\r\n            overflow-x: auto;\r\n            -webkit-overflow-scrolling: touch;\r\n            display: block;\r\n        }\r\n\r\n        table {\r\n            width: 100%;\r\n            border-collapse: collapse;\r\n            table-layout: fixed;\r\n        }\r\n\r\n        th, td {\r\n            padding: 10px;\r\n            text-align: left;\r\n            border: 1px solid #ddd;\r\n            word-wrap: break-word;\r\n        }\r\n\r\n        th {\r\n            background-color: #f2f2f2;\r\n        }\r\n\r\n        \/* Media query for responsiveness *\/\r\n        @media only screen and (max-width: 768px) {\r\n            table {\r\n                width: 100%;\r\n                font-size: 12px;\r\n            }\r\n            th, td {\r\n                padding: 6px;\r\n            }\r\n        }\r\n    <\/style>\r\n<\/head>\r\n<body>\r\n    <div class=\"table-responsive\">\r\n        <table>\r\n            <thead>\r\n                <tr>\r\n                    <th>Espesor<\/th>\r\n                    <th>Anchura<\/th>\r\n                    <th>Longitud<\/th>\r\n                    <th>Distancia de onda<\/th>\r\n                    <th>Altura de las olas<\/th>\r\n                    <th>Pitch<\/th>\r\n                <\/tr>\r\n            <\/thead>\r\n            <tbody>\r\n                <tr>\r\n                    <td>2,5 mm \/ 3,0 mm<\/td>\r\n                    <td>1050 mm<\/td>\r\n                    <td>M\u00faltiplos del lanzamiento realizado<\/td>\r\n                    <td>240 mm<\/td>\r\n                    <td>45 mm<\/td>\r\n                    <td>125 mm<\/td>\r\n                <\/tr>\r\n            <\/tbody>\r\n        <\/table>\r\n    <\/div>\r\n<\/body>\r\n<\/html>\r\n\t\t\t\t<\/div>\n\t\t\t\t\t<\/div>\n\t\t\t\t<\/div>\n\t\t\t\t<\/div>","protected":false},"excerpt":{"rendered":"<p>La baldosa de estilo chino combina motivos tradicionales con una durabilidad moderna, perfecta para crear un aspecto elegante tanto en espacios residenciales como comerciales.<\/p>","protected":false},"featured_media":10162,"comment_status":"open","ping_status":"closed","template":"","meta":[],"product_brand":[],"product_cat":[123,129],"product_tag":[],"class_list":{"0":"post-10164","1":"product","2":"type-product","3":"status-publish","4":"has-post-thumbnail","6":"product_cat-synthetic-resin-roof-sheet","7":"product_cat-synthetic-resin-roof-tile","9":"first","10":"instock","11":"shipping-taxable","12":"product-type-simple"},"_links":{"self":[{"href":"https:\/\/hsroofplate.com\/es\/wp-json\/wp\/v2\/product\/10164","targetHints":{"allow":["GET"]}}],"collection":[{"href":"https:\/\/hsroofplate.com\/es\/wp-json\/wp\/v2\/product"}],"about":[{"href":"https:\/\/hsroofplate.com\/es\/wp-json\/wp\/v2\/types\/product"}],"replies":[{"embeddable":true,"href":"https:\/\/hsroofplate.com\/es\/wp-json\/wp\/v2\/comments?post=10164"}],"version-history":[{"count":9,"href":"https:\/\/hsroofplate.com\/es\/wp-json\/wp\/v2\/product\/10164\/revisions"}],"predecessor-version":[{"id":11995,"href":"https:\/\/hsroofplate.com\/es\/wp-json\/wp\/v2\/product\/10164\/revisions\/11995"}],"wp:featuredmedia":[{"embeddable":true,"href":"https:\/\/hsroofplate.com\/es\/wp-json\/wp\/v2\/media\/10162"}],"wp:attachment":[{"href":"https:\/\/hsroofplate.com\/es\/wp-json\/wp\/v2\/media?parent=10164"}],"wp:term":[{"taxonomy":"product_brand","embeddable":true,"href":"https:\/\/hsroofplate.com\/es\/wp-json\/wp\/v2\/product_brand?post=10164"},{"taxonomy":"product_cat","embeddable":true,"href":"https:\/\/hsroofplate.com\/es\/wp-json\/wp\/v2\/product_cat?post=10164"},{"taxonomy":"product_tag","embeddable":true,"href":"https:\/\/hsroofplate.com\/es\/wp-json\/wp\/v2\/product_tag?post=10164"}],"curies":[{"name":"wp","href":"https:\/\/api.w.org\/{rel}","templated":true}]}}