{"id":10215,"date":"2025-08-20T09:19:37","date_gmt":"2025-08-20T09:19:37","guid":{"rendered":"https:\/\/hsroofplate.com\/?post_type=product&#038;p=10215"},"modified":"2026-01-01T15:10:56","modified_gmt":"2026-01-01T15:10:56","slug":"azulejo-antiguo-integrado-asa","status":"publish","type":"product","link":"https:\/\/hsroofplate.com\/es\/productos\/roof-accessories\/roof-accessories-roof-accessories\/azulejo-antiguo-integrado-asa\/","title":{"rendered":"Azulejos integrados antiguos ASA"},"content":{"rendered":"<div data-elementor-type=\"product-post\" data-elementor-id=\"10215\" class=\"elementor elementor-10215\" data-elementor-post-type=\"product\">\n\t\t\t\t<div class=\"wd-negative-gap elementor-element elementor-element-8fb64e8 e-flex e-con-boxed e-con e-parent\" data-id=\"8fb64e8\" data-element_type=\"container\">\n\t\t\t\t\t<div class=\"e-con-inner\">\n\t\t\t\t<div class=\"elementor-element elementor-element-e5f340e color-scheme-inherit text-left elementor-widget elementor-widget-text-editor\" data-id=\"e5f340e\" data-element_type=\"widget\" data-widget_type=\"text-editor.default\">\n\t\t\t\t\t\t\t\t\t<p>El azulejo antiguo de una sola pieza se funde integralmente, la cornisa es plana y lisa, y se utilizan materias primas importadas de ASA, que isdurable.Printed con patrones exqu isite, dise\u00f1o \u00fanico, m\u00e1s elegante.<\/p><p>El azulejo antiguo de una pieza de ASA no s\u00f3lo se utiliza en el dise\u00f1o de decoraci\u00f3n de interiores, sino que tambi\u00e9n se utiliza ampliamente en la nueva construcci\u00f3n rural, edificios antiguos, techos de edificios, monumentos de estilo antiguo, museos, templos, atracciones tur\u00edsticas, etc.<\/p>\t\t\t\t\t\t\t\t<\/div>\n\t\t\t\t\t<\/div>\n\t\t\t\t<\/div>\n\t\t<div class=\"wd-negative-gap elementor-element elementor-element-9ee1201 e-flex e-con-boxed e-con e-parent\" data-id=\"9ee1201\" data-element_type=\"container\">\n\t\t\t\t\t<div class=\"e-con-inner\">\n\t\t<div class=\"elementor-element elementor-element-57a38b1 e-con-full e-flex e-con e-child\" data-id=\"57a38b1\" data-element_type=\"container\">\n\t\t\t\t<div class=\"elementor-element elementor-element-e02f6ba elementor-widget elementor-widget-image\" data-id=\"e02f6ba\" data-element_type=\"widget\" data-widget_type=\"image.default\">\n\t\t\t\t\t\t\t\t\t\t\t\t\t\t\t<img fetchpriority=\"high\" decoding=\"async\" width=\"679\" height=\"341\" src=\"https:\/\/hsroofplate.com\/wp-content\/uploads\/2025\/08\/5-1.webp\" class=\"attachment-large size-large wp-image-10221\" alt=\"8 secciones\" srcset=\"https:\/\/hsroofplate.com\/wp-content\/uploads\/2025\/08\/5-1.webp 679w, https:\/\/hsroofplate.com\/wp-content\/uploads\/2025\/08\/5-1-300x151.webp 300w, https:\/\/hsroofplate.com\/wp-content\/uploads\/2025\/08\/5-1-18x9.webp 18w, https:\/\/hsroofplate.com\/wp-content\/uploads\/2025\/08\/5-1-148x74.webp 148w\" sizes=\"(max-width: 679px) 100vw, 679px\" \/>\t\t\t\t\t\t\t\t\t\t\t\t\t\t\t<\/div>\n\t\t\t\t<div class=\"elementor-element elementor-element-569cd6a elementor-widget elementor-widget-heading\" data-id=\"569cd6a\" data-element_type=\"widget\" data-widget_type=\"heading.default\">\n\t\t\t\t\t<h2 class=\"elementor-heading-title elementor-size-default\">3 secciones<\/h2>\t\t\t\t<\/div>\n\t\t\t\t<\/div>\n\t\t<div class=\"elementor-element elementor-element-63e2ba1 e-con-full e-flex e-con e-child\" data-id=\"63e2ba1\" data-element_type=\"container\">\n\t\t\t\t<div class=\"elementor-element elementor-element-00b591e elementor-widget elementor-widget-image\" data-id=\"00b591e\" data-element_type=\"widget\" data-widget_type=\"image.default\">\n\t\t\t\t\t\t\t\t\t\t\t\t\t\t\t<img decoding=\"async\" width=\"613\" height=\"251\" src=\"https:\/\/hsroofplate.com\/wp-content\/uploads\/2025\/08\/3-4.webp\" class=\"attachment-large size-large wp-image-10219\" alt=\"4 secciones\" srcset=\"https:\/\/hsroofplate.com\/wp-content\/uploads\/2025\/08\/3-4.webp 613w, https:\/\/hsroofplate.com\/wp-content\/uploads\/2025\/08\/3-4-300x123.webp 300w, https:\/\/hsroofplate.com\/wp-content\/uploads\/2025\/08\/3-4-18x7.webp 18w, https:\/\/hsroofplate.com\/wp-content\/uploads\/2025\/08\/3-4-148x61.webp 148w\" sizes=\"(max-width: 613px) 100vw, 613px\" \/>\t\t\t\t\t\t\t\t\t\t\t\t\t\t\t<\/div>\n\t\t\t\t<div class=\"elementor-element elementor-element-bb9319b elementor-widget elementor-widget-heading\" data-id=\"bb9319b\" data-element_type=\"widget\" data-widget_type=\"heading.default\">\n\t\t\t\t\t<h2 class=\"elementor-heading-title elementor-size-default\">4 secciones<\/h2>\t\t\t\t<\/div>\n\t\t\t\t<\/div>\n\t\t<div class=\"elementor-element elementor-element-3550872 e-con-full e-flex e-con e-child\" data-id=\"3550872\" data-element_type=\"container\">\n\t\t\t\t<div class=\"elementor-element elementor-element-a18b326 elementor-widget elementor-widget-image\" data-id=\"a18b326\" data-element_type=\"widget\" data-widget_type=\"image.default\">\n\t\t\t\t\t\t\t\t\t\t\t\t\t\t\t<img decoding=\"async\" width=\"625\" height=\"296\" src=\"https:\/\/hsroofplate.com\/wp-content\/uploads\/2025\/08\/4-2.webp\" class=\"attachment-large size-large wp-image-10220\" alt=\"6 secciones\" srcset=\"https:\/\/hsroofplate.com\/wp-content\/uploads\/2025\/08\/4-2.webp 625w, https:\/\/hsroofplate.com\/wp-content\/uploads\/2025\/08\/4-2-300x142.webp 300w, https:\/\/hsroofplate.com\/wp-content\/uploads\/2025\/08\/4-2-18x9.webp 18w, https:\/\/hsroofplate.com\/wp-content\/uploads\/2025\/08\/4-2-148x70.webp 148w\" sizes=\"(max-width: 625px) 100vw, 625px\" \/>\t\t\t\t\t\t\t\t\t\t\t\t\t\t\t<\/div>\n\t\t\t\t<div class=\"elementor-element elementor-element-cb5a46b elementor-widget elementor-widget-heading\" data-id=\"cb5a46b\" data-element_type=\"widget\" data-widget_type=\"heading.default\">\n\t\t\t\t\t<h2 class=\"elementor-heading-title elementor-size-default\">6 secciones<\/h2>\t\t\t\t<\/div>\n\t\t\t\t<\/div>\n\t\t<div class=\"elementor-element elementor-element-42e212b e-con-full e-flex e-con e-child\" data-id=\"42e212b\" data-element_type=\"container\">\n\t\t\t\t<div class=\"elementor-element elementor-element-bff5b20 elementor-widget elementor-widget-image\" data-id=\"bff5b20\" data-element_type=\"widget\" data-widget_type=\"image.default\">\n\t\t\t\t\t\t\t\t\t\t\t\t\t\t\t<img fetchpriority=\"high\" decoding=\"async\" width=\"679\" height=\"341\" src=\"https:\/\/hsroofplate.com\/wp-content\/uploads\/2025\/08\/5-1.webp\" class=\"attachment-large size-large wp-image-10221\" alt=\"8 secciones\" srcset=\"https:\/\/hsroofplate.com\/wp-content\/uploads\/2025\/08\/5-1.webp 679w, https:\/\/hsroofplate.com\/wp-content\/uploads\/2025\/08\/5-1-300x151.webp 300w, https:\/\/hsroofplate.com\/wp-content\/uploads\/2025\/08\/5-1-18x9.webp 18w, https:\/\/hsroofplate.com\/wp-content\/uploads\/2025\/08\/5-1-148x74.webp 148w\" sizes=\"(max-width: 679px) 100vw, 679px\" \/>\t\t\t\t\t\t\t\t\t\t\t\t\t\t\t<\/div>\n\t\t\t\t<div class=\"elementor-element elementor-element-108ce5d elementor-widget elementor-widget-heading\" data-id=\"108ce5d\" data-element_type=\"widget\" data-widget_type=\"heading.default\">\n\t\t\t\t\t<h2 class=\"elementor-heading-title elementor-size-default\">8 secciones<\/h2>\t\t\t\t<\/div>\n\t\t\t\t<\/div>\n\t\t\t\t\t<\/div>\n\t\t\t\t<\/div>\n\t\t<div class=\"elementor-element elementor-element-d5e86ab e-con-full e-flex e-con e-parent\" data-id=\"d5e86ab\" data-element_type=\"container\">\n\t\t<div class=\"elementor-element elementor-element-c2365ee e-con-full e-flex e-con e-child\" data-id=\"c2365ee\" data-element_type=\"container\">\n\t\t\t\t<div class=\"elementor-element elementor-element-e97ebc7 elementor-widget elementor-widget-image\" data-id=\"e97ebc7\" data-element_type=\"widget\" data-widget_type=\"image.default\">\n\t\t\t\t\t\t\t\t\t\t\t\t\t\t\t<img loading=\"lazy\" decoding=\"async\" width=\"387\" height=\"332\" src=\"https:\/\/hsroofplate.com\/wp-content\/uploads\/2025\/08\/6.webp\" class=\"attachment-large size-large wp-image-10222\" alt=\"Cumbrera principal\" srcset=\"https:\/\/hsroofplate.com\/wp-content\/uploads\/2025\/08\/6.webp 387w, https:\/\/hsroofplate.com\/wp-content\/uploads\/2025\/08\/6-300x257.webp 300w, https:\/\/hsroofplate.com\/wp-content\/uploads\/2025\/08\/6-14x12.webp 14w, https:\/\/hsroofplate.com\/wp-content\/uploads\/2025\/08\/6-148x127.webp 148w\" sizes=\"(max-width: 387px) 100vw, 387px\" \/>\t\t\t\t\t\t\t\t\t\t\t\t\t\t\t<\/div>\n\t\t\t\t<div class=\"elementor-element elementor-element-005a337 elementor-widget elementor-widget-heading\" data-id=\"005a337\" data-element_type=\"widget\" data-widget_type=\"heading.default\">\n\t\t\t\t\t<h2 class=\"elementor-heading-title elementor-size-default\">Cumbrera principal<\/h2>\t\t\t\t<\/div>\n\t\t\t\t<\/div>\n\t\t<div class=\"elementor-element elementor-element-7dc3440 e-con-full e-flex e-con e-child\" data-id=\"7dc3440\" data-element_type=\"container\">\n\t\t\t\t<div class=\"elementor-element elementor-element-8739e52 elementor-widget elementor-widget-image\" data-id=\"8739e52\" data-element_type=\"widget\" data-widget_type=\"image.default\">\n\t\t\t\t\t\t\t\t\t\t\t\t\t\t\t<img loading=\"lazy\" decoding=\"async\" width=\"309\" height=\"330\" src=\"https:\/\/hsroofplate.com\/wp-content\/uploads\/2025\/08\/7-1.webp\" class=\"attachment-large size-large wp-image-10223\" alt=\"zhen wen\" srcset=\"https:\/\/hsroofplate.com\/wp-content\/uploads\/2025\/08\/7-1.webp 309w, https:\/\/hsroofplate.com\/wp-content\/uploads\/2025\/08\/7-1-281x300.webp 281w, https:\/\/hsroofplate.com\/wp-content\/uploads\/2025\/08\/7-1-11x12.webp 11w, https:\/\/hsroofplate.com\/wp-content\/uploads\/2025\/08\/7-1-148x158.webp 148w\" sizes=\"(max-width: 309px) 100vw, 309px\" \/>\t\t\t\t\t\t\t\t\t\t\t\t\t\t\t<\/div>\n\t\t\t\t<div class=\"elementor-element elementor-element-d729045 elementor-widget elementor-widget-heading\" data-id=\"d729045\" data-element_type=\"widget\" data-widget_type=\"heading.default\">\n\t\t\t\t\t<h2 class=\"elementor-heading-title elementor-size-default\">zhen wen<\/h2>\t\t\t\t<\/div>\n\t\t\t\t<\/div>\n\t\t<div class=\"elementor-element elementor-element-6779248 e-con-full e-flex e-con e-child\" data-id=\"6779248\" data-element_type=\"container\">\n\t\t\t\t<div class=\"elementor-element elementor-element-56bd340 elementor-widget elementor-widget-image\" data-id=\"56bd340\" data-element_type=\"widget\" data-widget_type=\"image.default\">\n\t\t\t\t\t\t\t\t\t\t\t\t\t\t\t<img loading=\"lazy\" decoding=\"async\" width=\"322\" height=\"323\" src=\"https:\/\/hsroofplate.com\/wp-content\/uploads\/2025\/08\/8-1.webp\" class=\"attachment-large size-large wp-image-10224\" alt=\"Plomo levantado\" srcset=\"https:\/\/hsroofplate.com\/wp-content\/uploads\/2025\/08\/8-1.webp 322w, https:\/\/hsroofplate.com\/wp-content\/uploads\/2025\/08\/8-1-300x300.webp 300w, https:\/\/hsroofplate.com\/wp-content\/uploads\/2025\/08\/8-1-150x150.webp 150w, https:\/\/hsroofplate.com\/wp-content\/uploads\/2025\/08\/8-1-12x12.webp 12w, https:\/\/hsroofplate.com\/wp-content\/uploads\/2025\/08\/8-1-148x148.webp 148w\" sizes=\"(max-width: 322px) 100vw, 322px\" \/>\t\t\t\t\t\t\t\t\t\t\t\t\t\t\t<\/div>\n\t\t\t\t<div class=\"elementor-element elementor-element-bcf7111 elementor-widget elementor-widget-heading\" data-id=\"bcf7111\" data-element_type=\"widget\" data-widget_type=\"heading.default\">\n\t\t\t\t\t<h2 class=\"elementor-heading-title elementor-size-default\">Plomo levantado<\/h2>\t\t\t\t<\/div>\n\t\t\t\t<\/div>\n\t\t\t\t<\/div>\n\t\t\t\t<\/div>","protected":false},"excerpt":{"rendered":"<p>La baldosa integrada ASA Antique ofrece una est\u00e9tica vintage con durabilidad, ideal para a\u00f1adir un aspecto elegante y atemporal a cualquier espacio.<\/p>","protected":false},"featured_media":10217,"comment_status":"open","ping_status":"closed","template":"","meta":[],"product_brand":[],"product_cat":[161,163],"product_tag":[],"class_list":{"0":"post-10215","1":"product","2":"type-product","3":"status-publish","4":"has-post-thumbnail","6":"product_cat-roof-accessories","7":"product_cat-roof-accessories-roof-accessories","9":"first","10":"instock","11":"shipping-taxable","12":"product-type-simple"},"_links":{"self":[{"href":"https:\/\/hsroofplate.com\/es\/wp-json\/wp\/v2\/product\/10215","targetHints":{"allow":["GET"]}}],"collection":[{"href":"https:\/\/hsroofplate.com\/es\/wp-json\/wp\/v2\/product"}],"about":[{"href":"https:\/\/hsroofplate.com\/es\/wp-json\/wp\/v2\/types\/product"}],"replies":[{"embeddable":true,"href":"https:\/\/hsroofplate.com\/es\/wp-json\/wp\/v2\/comments?post=10215"}],"version-history":[{"count":6,"href":"https:\/\/hsroofplate.com\/es\/wp-json\/wp\/v2\/product\/10215\/revisions"}],"predecessor-version":[{"id":11991,"href":"https:\/\/hsroofplate.com\/es\/wp-json\/wp\/v2\/product\/10215\/revisions\/11991"}],"wp:featuredmedia":[{"embeddable":true,"href":"https:\/\/hsroofplate.com\/es\/wp-json\/wp\/v2\/media\/10217"}],"wp:attachment":[{"href":"https:\/\/hsroofplate.com\/es\/wp-json\/wp\/v2\/media?parent=10215"}],"wp:term":[{"taxonomy":"product_brand","embeddable":true,"href":"https:\/\/hsroofplate.com\/es\/wp-json\/wp\/v2\/product_brand?post=10215"},{"taxonomy":"product_cat","embeddable":true,"href":"https:\/\/hsroofplate.com\/es\/wp-json\/wp\/v2\/product_cat?post=10215"},{"taxonomy":"product_tag","embeddable":true,"href":"https:\/\/hsroofplate.com\/es\/wp-json\/wp\/v2\/product_tag?post=10215"}],"curies":[{"name":"wp","href":"https:\/\/api.w.org\/{rel}","templated":true}]}}