{"id":10041,"date":"2025-08-18T06:16:59","date_gmt":"2025-08-18T06:16:59","guid":{"rendered":"https:\/\/hsroofplate.com\/?page_id=10041"},"modified":"2025-12-25T08:26:05","modified_gmt":"2025-12-25T08:26:05","slug":"cas","status":"publish","type":"page","link":"https:\/\/hsroofplate.com\/fr\/cas\/","title":{"rendered":"PROJETS"},"content":{"rendered":"<div data-elementor-type=\"wp-page\" data-elementor-id=\"10041\" class=\"elementor elementor-10041\" data-elementor-post-type=\"page\">\n\t\t\t\t<div class=\"elementor-element elementor-element-25bc0ae e-con-full wd-section-stretch e-flex e-con e-parent\" data-id=\"25bc0ae\" data-element_type=\"container\" data-settings=\"{&quot;background_background&quot;:&quot;classic&quot;}\">\n\t\t\t\t<div class=\"elementor-element elementor-element-dcb0e37 elementor-widget elementor-widget-heading\" data-id=\"dcb0e37\" data-element_type=\"widget\" data-widget_type=\"heading.default\">\n\t\t\t\t\t<h2 class=\"elementor-heading-title elementor-size-default\">Histoires de r\u00e9ussite<\/h2>\t\t\t\t<\/div>\n\t\t\t\t<div class=\"elementor-element elementor-element-3d5b396 text-center wd-el-breadcrumbs elementor-widget elementor-widget-wd_element_breadcrumbs\" data-id=\"3d5b396\" data-element_type=\"widget\" data-widget_type=\"wd_element_breadcrumbs.default\">\n\t\t\t\t<div class=\"elementor-widget-container\">\n\t\t\t\t\t<nav class=\"wd-breadcrumbs\"><a href=\"https:\/\/hsroofplate.com\/fr\/\">Accueil<\/a><span class=\"wd-delimiter\"><\/span><span class=\"wd-last\">Page<\/span><\/nav>\t\t\t\t<\/div>\n\t\t\t\t<\/div>\n\t\t\t\t<\/div>\n\t\t<div class=\"wd-negative-gap elementor-element elementor-element-38d4518 e-flex e-con-boxed e-con e-parent\" data-id=\"38d4518\" data-element_type=\"container\">\n\t\t\t\t\t<div class=\"e-con-inner\">\n\t\t<div class=\"elementor-element elementor-element-c4bf45a e-con-full e-flex e-con e-child\" data-id=\"c4bf45a\" data-element_type=\"container\">\n\t\t<div class=\"elementor-element elementor-element-6f273d3 e-con-full e-flex e-con e-child\" data-id=\"6f273d3\" data-element_type=\"container\" data-settings=\"{&quot;background_background&quot;:&quot;classic&quot;}\">\n\t\t\t\t<div class=\"elementor-element elementor-element-1c1a712 elementor-widget elementor-widget-image\" data-id=\"1c1a712\" data-element_type=\"widget\" data-widget_type=\"image.default\">\n\t\t\t\t\t\t\t\t\t\t\t\t\t\t\t<img fetchpriority=\"high\" decoding=\"async\" width=\"512\" height=\"512\" src=\"https:\/\/hsroofplate.com\/wp-content\/uploads\/2025\/08\/\u5fae\u4fe1\u56fe\u7247_20250818102901.jpg\" class=\"attachment-large size-large wp-image-10053\" alt=\"\" srcset=\"https:\/\/hsroofplate.com\/wp-content\/uploads\/2025\/08\/\u5fae\u4fe1\u56fe\u7247_20250818102901.jpg 512w, https:\/\/hsroofplate.com\/wp-content\/uploads\/2025\/08\/\u5fae\u4fe1\u56fe\u7247_20250818102901-300x300.jpg 300w, https:\/\/hsroofplate.com\/wp-content\/uploads\/2025\/08\/\u5fae\u4fe1\u56fe\u7247_20250818102901-150x150.jpg 150w, https:\/\/hsroofplate.com\/wp-content\/uploads\/2025\/08\/\u5fae\u4fe1\u56fe\u7247_20250818102901-12x12.jpg 12w, https:\/\/hsroofplate.com\/wp-content\/uploads\/2025\/08\/\u5fae\u4fe1\u56fe\u7247_20250818102901-148x148.jpg 148w\" sizes=\"(max-width: 512px) 100vw, 512px\" \/>\t\t\t\t\t\t\t\t\t\t\t\t\t\t\t<\/div>\n\t\t\t\t<div class=\"elementor-element elementor-element-19329b6 elementor-widget elementor-widget-heading\" data-id=\"19329b6\" data-element_type=\"widget\" data-widget_type=\"heading.default\">\n\t\t\t\t\t<h2 class=\"elementor-heading-title elementor-size-default\">Histoires de r\u00e9ussite<\/h2>\t\t\t\t<\/div>\n\t\t\t\t<\/div>\n\t\t<div class=\"elementor-element elementor-element-0ccbb39 e-con-full e-flex e-con e-child\" data-id=\"0ccbb39\" data-element_type=\"container\" data-settings=\"{&quot;background_background&quot;:&quot;classic&quot;}\">\n\t\t\t\t<div class=\"elementor-element elementor-element-63194cc elementor-widget elementor-widget-image\" data-id=\"63194cc\" data-element_type=\"widget\" data-widget_type=\"image.default\">\n\t\t\t\t\t\t\t\t\t\t\t\t\t\t\t<img decoding=\"async\" width=\"512\" height=\"512\" src=\"https:\/\/hsroofplate.com\/wp-content\/uploads\/2025\/08\/\u5fae\u4fe1\u56fe\u7247_20250818102902.jpg\" class=\"attachment-large size-large wp-image-10054\" alt=\"\" srcset=\"https:\/\/hsroofplate.com\/wp-content\/uploads\/2025\/08\/\u5fae\u4fe1\u56fe\u7247_20250818102902.jpg 512w, https:\/\/hsroofplate.com\/wp-content\/uploads\/2025\/08\/\u5fae\u4fe1\u56fe\u7247_20250818102902-300x300.jpg 300w, https:\/\/hsroofplate.com\/wp-content\/uploads\/2025\/08\/\u5fae\u4fe1\u56fe\u7247_20250818102902-150x150.jpg 150w, https:\/\/hsroofplate.com\/wp-content\/uploads\/2025\/08\/\u5fae\u4fe1\u56fe\u7247_20250818102902-12x12.jpg 12w, https:\/\/hsroofplate.com\/wp-content\/uploads\/2025\/08\/\u5fae\u4fe1\u56fe\u7247_20250818102902-148x148.jpg 148w\" sizes=\"(max-width: 512px) 100vw, 512px\" \/>\t\t\t\t\t\t\t\t\t\t\t\t\t\t\t<\/div>\n\t\t\t\t<div class=\"elementor-element elementor-element-ff965ff elementor-widget elementor-widget-heading\" data-id=\"ff965ff\" data-element_type=\"widget\" data-widget_type=\"heading.default\">\n\t\t\t\t\t<h2 class=\"elementor-heading-title elementor-size-default\">Histoires de r\u00e9ussite<\/h2>\t\t\t\t<\/div>\n\t\t\t\t<\/div>\n\t\t<div class=\"elementor-element elementor-element-3512182 e-con-full e-flex e-con e-child\" data-id=\"3512182\" data-element_type=\"container\" data-settings=\"{&quot;background_background&quot;:&quot;classic&quot;}\">\n\t\t\t\t<div class=\"elementor-element elementor-element-280cb5b elementor-widget elementor-widget-image\" data-id=\"280cb5b\" data-element_type=\"widget\" data-widget_type=\"image.default\">\n\t\t\t\t\t\t\t\t\t\t\t\t\t\t\t<img decoding=\"async\" width=\"512\" height=\"512\" src=\"https:\/\/hsroofplate.com\/wp-content\/uploads\/2025\/08\/\u5fae\u4fe1\u56fe\u7247_20250818102903.jpg\" class=\"attachment-large size-large wp-image-10055\" alt=\"\" srcset=\"https:\/\/hsroofplate.com\/wp-content\/uploads\/2025\/08\/\u5fae\u4fe1\u56fe\u7247_20250818102903.jpg 512w, https:\/\/hsroofplate.com\/wp-content\/uploads\/2025\/08\/\u5fae\u4fe1\u56fe\u7247_20250818102903-300x300.jpg 300w, https:\/\/hsroofplate.com\/wp-content\/uploads\/2025\/08\/\u5fae\u4fe1\u56fe\u7247_20250818102903-150x150.jpg 150w, https:\/\/hsroofplate.com\/wp-content\/uploads\/2025\/08\/\u5fae\u4fe1\u56fe\u7247_20250818102903-12x12.jpg 12w, https:\/\/hsroofplate.com\/wp-content\/uploads\/2025\/08\/\u5fae\u4fe1\u56fe\u7247_20250818102903-148x148.jpg 148w\" sizes=\"(max-width: 512px) 100vw, 512px\" \/>\t\t\t\t\t\t\t\t\t\t\t\t\t\t\t<\/div>\n\t\t\t\t<div class=\"elementor-element elementor-element-4c5a3a2 elementor-widget elementor-widget-heading\" data-id=\"4c5a3a2\" data-element_type=\"widget\" data-widget_type=\"heading.default\">\n\t\t\t\t\t<h2 class=\"elementor-heading-title elementor-size-default\">Histoires de r\u00e9ussite<\/h2>\t\t\t\t<\/div>\n\t\t\t\t<\/div>\n\t\t<div class=\"elementor-element elementor-element-8062140 e-con-full e-flex e-con e-child\" data-id=\"8062140\" data-element_type=\"container\" data-settings=\"{&quot;background_background&quot;:&quot;classic&quot;}\">\n\t\t\t\t<div class=\"elementor-element elementor-element-f91c5de elementor-widget elementor-widget-image\" data-id=\"f91c5de\" data-element_type=\"widget\" data-widget_type=\"image.default\">\n\t\t\t\t\t\t\t\t\t\t\t\t\t\t\t<img loading=\"lazy\" decoding=\"async\" width=\"512\" height=\"512\" src=\"https:\/\/hsroofplate.com\/wp-content\/uploads\/2025\/08\/\u5fae\u4fe1\u56fe\u7247_20250818102904.jpg\" class=\"attachment-large size-large wp-image-10056\" alt=\"\" srcset=\"https:\/\/hsroofplate.com\/wp-content\/uploads\/2025\/08\/\u5fae\u4fe1\u56fe\u7247_20250818102904.jpg 512w, https:\/\/hsroofplate.com\/wp-content\/uploads\/2025\/08\/\u5fae\u4fe1\u56fe\u7247_20250818102904-300x300.jpg 300w, https:\/\/hsroofplate.com\/wp-content\/uploads\/2025\/08\/\u5fae\u4fe1\u56fe\u7247_20250818102904-150x150.jpg 150w, https:\/\/hsroofplate.com\/wp-content\/uploads\/2025\/08\/\u5fae\u4fe1\u56fe\u7247_20250818102904-12x12.jpg 12w, https:\/\/hsroofplate.com\/wp-content\/uploads\/2025\/08\/\u5fae\u4fe1\u56fe\u7247_20250818102904-148x148.jpg 148w\" sizes=\"(max-width: 512px) 100vw, 512px\" \/>\t\t\t\t\t\t\t\t\t\t\t\t\t\t\t<\/div>\n\t\t\t\t<div class=\"elementor-element elementor-element-85ea477 elementor-widget elementor-widget-heading\" data-id=\"85ea477\" data-element_type=\"widget\" data-widget_type=\"heading.default\">\n\t\t\t\t\t<h2 class=\"elementor-heading-title elementor-size-default\">Histoires de r\u00e9ussite<\/h2>\t\t\t\t<\/div>\n\t\t\t\t<\/div>\n\t\t\t\t<\/div>\n\t\t<div class=\"elementor-element elementor-element-3a69c65 e-con-full e-flex e-con e-child\" data-id=\"3a69c65\" data-element_type=\"container\">\n\t\t<div class=\"elementor-element elementor-element-0ae47ef e-con-full e-flex e-con e-child\" data-id=\"0ae47ef\" data-element_type=\"container\" data-settings=\"{&quot;background_background&quot;:&quot;classic&quot;}\">\n\t\t\t\t<div class=\"elementor-element elementor-element-4ffcc6b elementor-widget elementor-widget-image\" data-id=\"4ffcc6b\" data-element_type=\"widget\" data-widget_type=\"image.default\">\n\t\t\t\t\t\t\t\t\t\t\t\t\t\t\t<img loading=\"lazy\" decoding=\"async\" width=\"512\" height=\"512\" src=\"https:\/\/hsroofplate.com\/wp-content\/uploads\/2025\/08\/\u5fae\u4fe1\u56fe\u7247_20250818102906.jpg\" class=\"attachment-large size-large wp-image-10058\" alt=\"\" srcset=\"https:\/\/hsroofplate.com\/wp-content\/uploads\/2025\/08\/\u5fae\u4fe1\u56fe\u7247_20250818102906.jpg 512w, https:\/\/hsroofplate.com\/wp-content\/uploads\/2025\/08\/\u5fae\u4fe1\u56fe\u7247_20250818102906-300x300.jpg 300w, https:\/\/hsroofplate.com\/wp-content\/uploads\/2025\/08\/\u5fae\u4fe1\u56fe\u7247_20250818102906-150x150.jpg 150w, https:\/\/hsroofplate.com\/wp-content\/uploads\/2025\/08\/\u5fae\u4fe1\u56fe\u7247_20250818102906-12x12.jpg 12w, https:\/\/hsroofplate.com\/wp-content\/uploads\/2025\/08\/\u5fae\u4fe1\u56fe\u7247_20250818102906-148x148.jpg 148w\" sizes=\"(max-width: 512px) 100vw, 512px\" \/>\t\t\t\t\t\t\t\t\t\t\t\t\t\t\t<\/div>\n\t\t\t\t<div class=\"elementor-element elementor-element-ca1f273 elementor-widget elementor-widget-heading\" data-id=\"ca1f273\" data-element_type=\"widget\" data-widget_type=\"heading.default\">\n\t\t\t\t\t<h2 class=\"elementor-heading-title elementor-size-default\">Histoires de r\u00e9ussite<\/h2>\t\t\t\t<\/div>\n\t\t\t\t<\/div>\n\t\t<div class=\"elementor-element elementor-element-d03a961 e-con-full e-flex e-con e-child\" data-id=\"d03a961\" data-element_type=\"container\" data-settings=\"{&quot;background_background&quot;:&quot;classic&quot;}\">\n\t\t\t\t<div class=\"elementor-element elementor-element-97cb348 elementor-widget elementor-widget-image\" data-id=\"97cb348\" data-element_type=\"widget\" data-widget_type=\"image.default\">\n\t\t\t\t\t\t\t\t\t\t\t\t\t\t\t<img loading=\"lazy\" decoding=\"async\" width=\"512\" height=\"512\" src=\"https:\/\/hsroofplate.com\/wp-content\/uploads\/2025\/08\/\u5fae\u4fe1\u56fe\u7247_20250818102905.jpg\" class=\"attachment-large size-large wp-image-10057\" alt=\"\" srcset=\"https:\/\/hsroofplate.com\/wp-content\/uploads\/2025\/08\/\u5fae\u4fe1\u56fe\u7247_20250818102905.jpg 512w, https:\/\/hsroofplate.com\/wp-content\/uploads\/2025\/08\/\u5fae\u4fe1\u56fe\u7247_20250818102905-300x300.jpg 300w, https:\/\/hsroofplate.com\/wp-content\/uploads\/2025\/08\/\u5fae\u4fe1\u56fe\u7247_20250818102905-150x150.jpg 150w, https:\/\/hsroofplate.com\/wp-content\/uploads\/2025\/08\/\u5fae\u4fe1\u56fe\u7247_20250818102905-12x12.jpg 12w, https:\/\/hsroofplate.com\/wp-content\/uploads\/2025\/08\/\u5fae\u4fe1\u56fe\u7247_20250818102905-148x148.jpg 148w\" sizes=\"(max-width: 512px) 100vw, 512px\" \/>\t\t\t\t\t\t\t\t\t\t\t\t\t\t\t<\/div>\n\t\t\t\t<div class=\"elementor-element elementor-element-bcc8f3b elementor-widget elementor-widget-heading\" data-id=\"bcc8f3b\" data-element_type=\"widget\" data-widget_type=\"heading.default\">\n\t\t\t\t\t<h2 class=\"elementor-heading-title elementor-size-default\">Histoires de r\u00e9ussite<\/h2>\t\t\t\t<\/div>\n\t\t\t\t<\/div>\n\t\t<div class=\"elementor-element elementor-element-e92054f e-con-full e-flex e-con e-child\" data-id=\"e92054f\" data-element_type=\"container\" data-settings=\"{&quot;background_background&quot;:&quot;classic&quot;}\">\n\t\t\t\t<div class=\"elementor-element elementor-element-8cd9509 elementor-widget elementor-widget-image\" data-id=\"8cd9509\" data-element_type=\"widget\" data-widget_type=\"image.default\">\n\t\t\t\t\t\t\t\t\t\t\t\t\t\t\t<img loading=\"lazy\" decoding=\"async\" width=\"512\" height=\"512\" src=\"https:\/\/hsroofplate.com\/wp-content\/uploads\/2025\/08\/\u5fae\u4fe1\u56fe\u7247_202508181029011.jpg\" class=\"attachment-large size-large wp-image-10059\" alt=\"\" srcset=\"https:\/\/hsroofplate.com\/wp-content\/uploads\/2025\/08\/\u5fae\u4fe1\u56fe\u7247_202508181029011.jpg 512w, https:\/\/hsroofplate.com\/wp-content\/uploads\/2025\/08\/\u5fae\u4fe1\u56fe\u7247_202508181029011-300x300.jpg 300w, https:\/\/hsroofplate.com\/wp-content\/uploads\/2025\/08\/\u5fae\u4fe1\u56fe\u7247_202508181029011-150x150.jpg 150w, https:\/\/hsroofplate.com\/wp-content\/uploads\/2025\/08\/\u5fae\u4fe1\u56fe\u7247_202508181029011-12x12.jpg 12w, https:\/\/hsroofplate.com\/wp-content\/uploads\/2025\/08\/\u5fae\u4fe1\u56fe\u7247_202508181029011-148x148.jpg 148w\" sizes=\"(max-width: 512px) 100vw, 512px\" \/>\t\t\t\t\t\t\t\t\t\t\t\t\t\t\t<\/div>\n\t\t\t\t<div class=\"elementor-element elementor-element-05319b0 elementor-widget elementor-widget-heading\" data-id=\"05319b0\" data-element_type=\"widget\" data-widget_type=\"heading.default\">\n\t\t\t\t\t<h2 class=\"elementor-heading-title elementor-size-default\">Histoires de r\u00e9ussite<\/h2>\t\t\t\t<\/div>\n\t\t\t\t<\/div>\n\t\t<div class=\"elementor-element elementor-element-f561848 e-con-full e-flex e-con e-child\" data-id=\"f561848\" data-element_type=\"container\" data-settings=\"{&quot;background_background&quot;:&quot;classic&quot;}\">\n\t\t\t\t<div class=\"elementor-element elementor-element-80810d8 elementor-widget elementor-widget-image\" data-id=\"80810d8\" data-element_type=\"widget\" data-widget_type=\"image.default\">\n\t\t\t\t\t\t\t\t\t\t\t\t\t\t\t<img loading=\"lazy\" decoding=\"async\" width=\"512\" height=\"512\" src=\"https:\/\/hsroofplate.com\/wp-content\/uploads\/2025\/08\/\u5fae\u4fe1\u56fe\u7247_202508181029031.jpg\" class=\"attachment-large size-large wp-image-10060\" alt=\"\" srcset=\"https:\/\/hsroofplate.com\/wp-content\/uploads\/2025\/08\/\u5fae\u4fe1\u56fe\u7247_202508181029031.jpg 512w, https:\/\/hsroofplate.com\/wp-content\/uploads\/2025\/08\/\u5fae\u4fe1\u56fe\u7247_202508181029031-300x300.jpg 300w, https:\/\/hsroofplate.com\/wp-content\/uploads\/2025\/08\/\u5fae\u4fe1\u56fe\u7247_202508181029031-150x150.jpg 150w, https:\/\/hsroofplate.com\/wp-content\/uploads\/2025\/08\/\u5fae\u4fe1\u56fe\u7247_202508181029031-12x12.jpg 12w, https:\/\/hsroofplate.com\/wp-content\/uploads\/2025\/08\/\u5fae\u4fe1\u56fe\u7247_202508181029031-148x148.jpg 148w\" sizes=\"(max-width: 512px) 100vw, 512px\" \/>\t\t\t\t\t\t\t\t\t\t\t\t\t\t\t<\/div>\n\t\t\t\t<div class=\"elementor-element elementor-element-490aced elementor-widget elementor-widget-heading\" data-id=\"490aced\" data-element_type=\"widget\" data-widget_type=\"heading.default\">\n\t\t\t\t\t<h2 class=\"elementor-heading-title elementor-size-default\">Histoires de r\u00e9ussite<\/h2>\t\t\t\t<\/div>\n\t\t\t\t<\/div>\n\t\t\t\t<\/div>\n\t\t<div class=\"elementor-element elementor-element-23e7da1 e-con-full elementor-hidden-desktop elementor-hidden-tablet elementor-hidden-mobile e-flex e-con e-child\" data-id=\"23e7da1\" data-element_type=\"container\">\n\t\t<div class=\"elementor-element elementor-element-80229ab e-con-full e-flex e-con e-child\" data-id=\"80229ab\" data-element_type=\"container\" data-settings=\"{&quot;background_background&quot;:&quot;classic&quot;}\">\n\t\t\t\t<div class=\"elementor-element elementor-element-42b043f elementor-widget elementor-widget-image\" data-id=\"42b043f\" data-element_type=\"widget\" data-widget_type=\"image.default\">\n\t\t\t\t\t\t\t\t\t\t\t\t\t\t\t<img loading=\"lazy\" decoding=\"async\" width=\"512\" height=\"512\" src=\"https:\/\/hsroofplate.com\/wp-content\/uploads\/2025\/08\/\u5fae\u4fe1\u56fe\u7247_202508181029041.jpg\" class=\"attachment-large size-large wp-image-10061\" alt=\"\" srcset=\"https:\/\/hsroofplate.com\/wp-content\/uploads\/2025\/08\/\u5fae\u4fe1\u56fe\u7247_202508181029041.jpg 512w, https:\/\/hsroofplate.com\/wp-content\/uploads\/2025\/08\/\u5fae\u4fe1\u56fe\u7247_202508181029041-300x300.jpg 300w, https:\/\/hsroofplate.com\/wp-content\/uploads\/2025\/08\/\u5fae\u4fe1\u56fe\u7247_202508181029041-150x150.jpg 150w, https:\/\/hsroofplate.com\/wp-content\/uploads\/2025\/08\/\u5fae\u4fe1\u56fe\u7247_202508181029041-12x12.jpg 12w, https:\/\/hsroofplate.com\/wp-content\/uploads\/2025\/08\/\u5fae\u4fe1\u56fe\u7247_202508181029041-148x148.jpg 148w\" sizes=\"(max-width: 512px) 100vw, 512px\" \/>\t\t\t\t\t\t\t\t\t\t\t\t\t\t\t<\/div>\n\t\t\t\t<div class=\"elementor-element elementor-element-eadf03f elementor-widget elementor-widget-heading\" data-id=\"eadf03f\" data-element_type=\"widget\" data-widget_type=\"heading.default\">\n\t\t\t\t\t<h2 class=\"elementor-heading-title elementor-size-default\">Histoires de r\u00e9ussite<\/h2>\t\t\t\t<\/div>\n\t\t\t\t<\/div>\n\t\t<div class=\"elementor-element elementor-element-7c08534 e-con-full e-flex e-con e-child\" data-id=\"7c08534\" data-element_type=\"container\" data-settings=\"{&quot;background_background&quot;:&quot;classic&quot;}\">\n\t\t\t\t<div class=\"elementor-element elementor-element-38776d0 elementor-widget elementor-widget-image\" data-id=\"38776d0\" data-element_type=\"widget\" data-widget_type=\"image.default\">\n\t\t\t\t\t\t\t\t\t\t\t\t\t\t\t<img loading=\"lazy\" decoding=\"async\" width=\"512\" height=\"512\" src=\"https:\/\/hsroofplate.com\/wp-content\/uploads\/2025\/08\/\u5fae\u4fe1\u56fe\u7247_202508181029061.jpg\" class=\"attachment-large size-large wp-image-10062\" alt=\"\" srcset=\"https:\/\/hsroofplate.com\/wp-content\/uploads\/2025\/08\/\u5fae\u4fe1\u56fe\u7247_202508181029061.jpg 512w, https:\/\/hsroofplate.com\/wp-content\/uploads\/2025\/08\/\u5fae\u4fe1\u56fe\u7247_202508181029061-300x300.jpg 300w, https:\/\/hsroofplate.com\/wp-content\/uploads\/2025\/08\/\u5fae\u4fe1\u56fe\u7247_202508181029061-150x150.jpg 150w, https:\/\/hsroofplate.com\/wp-content\/uploads\/2025\/08\/\u5fae\u4fe1\u56fe\u7247_202508181029061-12x12.jpg 12w, https:\/\/hsroofplate.com\/wp-content\/uploads\/2025\/08\/\u5fae\u4fe1\u56fe\u7247_202508181029061-148x148.jpg 148w\" sizes=\"(max-width: 512px) 100vw, 512px\" \/>\t\t\t\t\t\t\t\t\t\t\t\t\t\t\t<\/div>\n\t\t\t\t<div class=\"elementor-element elementor-element-9971bc9 elementor-widget elementor-widget-heading\" data-id=\"9971bc9\" data-element_type=\"widget\" data-widget_type=\"heading.default\">\n\t\t\t\t\t<h2 class=\"elementor-heading-title elementor-size-default\">Histoires de r\u00e9ussite<\/h2>\t\t\t\t<\/div>\n\t\t\t\t<\/div>\n\t\t\t\t<\/div>\n\t\t\t\t\t<\/div>\n\t\t\t\t<\/div>\n\t\t\t\t<\/div>","protected":false},"excerpt":{"rendered":"<p>Histoires de r\u00e9ussite Home\u9875\u9762 Histoires de r\u00e9ussite Histoires de r\u00e9ussite Histoires de r\u00e9ussite Histoires de r\u00e9ussite Histoires de r\u00e9ussite Histoires de r\u00e9ussite Histoires de r\u00e9ussite Histoires de r\u00e9ussite Histoires de r\u00e9ussite<\/p>","protected":false},"author":1,"featured_media":0,"parent":0,"menu_order":0,"comment_status":"closed","ping_status":"closed","template":"elementor_header_footer","meta":{"footnotes":""},"class_list":["post-10041","page","type-page","status-publish","hentry"],"_links":{"self":[{"href":"https:\/\/hsroofplate.com\/fr\/wp-json\/wp\/v2\/pages\/10041","targetHints":{"allow":["GET"]}}],"collection":[{"href":"https:\/\/hsroofplate.com\/fr\/wp-json\/wp\/v2\/pages"}],"about":[{"href":"https:\/\/hsroofplate.com\/fr\/wp-json\/wp\/v2\/types\/page"}],"author":[{"embeddable":true,"href":"https:\/\/hsroofplate.com\/fr\/wp-json\/wp\/v2\/users\/1"}],"replies":[{"embeddable":true,"href":"https:\/\/hsroofplate.com\/fr\/wp-json\/wp\/v2\/comments?post=10041"}],"version-history":[{"count":48,"href":"https:\/\/hsroofplate.com\/fr\/wp-json\/wp\/v2\/pages\/10041\/revisions"}],"predecessor-version":[{"id":11867,"href":"https:\/\/hsroofplate.com\/fr\/wp-json\/wp\/v2\/pages\/10041\/revisions\/11867"}],"wp:attachment":[{"href":"https:\/\/hsroofplate.com\/fr\/wp-json\/wp\/v2\/media?parent=10041"}],"curies":[{"name":"wp","href":"https:\/\/api.w.org\/{rel}","templated":true}]}}