{"id":14,"date":"2022-09-07T13:51:31","date_gmt":"2022-09-07T13:51:31","guid":{"rendered":"http:\/\/dummy.xtemos.com\/woodmart2\/accessories-elementor\/?page_id=14"},"modified":"2025-11-17T07:37:00","modified_gmt":"2025-11-17T07:37:00","slug":"a-propos-de-nous","status":"publish","type":"page","link":"https:\/\/hsroofplate.com\/fr\/a-propos-de-nous\/","title":{"rendered":"\u00c0 PROPOS DE NOUS"},"content":{"rendered":"<div data-elementor-type=\"wp-page\" data-elementor-id=\"14\" class=\"elementor elementor-14\" data-elementor-post-type=\"page\">\n\t\t\t\t<div class=\"elementor-element elementor-element-ab837ec e-con-full wd-section-stretch e-flex e-con e-parent\" data-id=\"ab837ec\" data-element_type=\"container\" data-settings=\"{&quot;background_background&quot;:&quot;classic&quot;}\">\n\t\t\t\t<div class=\"elementor-element elementor-element-1ad2027 elementor-widget elementor-widget-heading\" data-id=\"1ad2027\" data-element_type=\"widget\" data-widget_type=\"heading.default\">\n\t\t\t\t\t<h2 class=\"elementor-heading-title elementor-size-default\">\u00c0 propos de nous<\/h2>\t\t\t\t<\/div>\n\t\t\t\t<div class=\"elementor-element elementor-element-ad3861a text-center wd-el-breadcrumbs elementor-widget elementor-widget-wd_element_breadcrumbs\" data-id=\"ad3861a\" data-element_type=\"widget\" data-widget_type=\"wd_element_breadcrumbs.default\">\n\t\t\t\t<div class=\"elementor-widget-container\">\n\t\t\t\t\t<nav class=\"wd-breadcrumbs\"><a href=\"https:\/\/hsroofplate.com\/fr\/\">Accueil<\/a><span class=\"wd-delimiter\"><\/span><span class=\"wd-last\">Page<\/span><\/nav>\t\t\t\t<\/div>\n\t\t\t\t<\/div>\n\t\t\t\t<\/div>\n\t\t<div class=\"wd-negative-gap elementor-element elementor-element-d783a0c wd-section-stretch e-flex e-con-boxed e-con e-parent\" data-id=\"d783a0c\" data-element_type=\"container\" data-settings=\"{&quot;background_background&quot;:&quot;classic&quot;}\">\n\t\t\t\t\t<div class=\"e-con-inner\">\n\t\t\t\t<div class=\"elementor-element elementor-element-d2b4c57 wd-width-100 elementor-widget elementor-widget-wd_title\" data-id=\"d2b4c57\" data-element_type=\"widget\" data-widget_type=\"wd_title.default\">\n\t\t\t\t<div class=\"elementor-widget-container\">\n\t\t\t\t\t\t\t<div class=\"title-wrapper wd-set-mb reset-last-child wd-title-color-primary wd-title-style-default wd-title-size-large text-center\">\n\n\t\t\t\t\t\t\t\t\t\t\t<div class=\"title-subtitle subtitle-color-primary subtitle-style-default wd-fontsize-xs\">\n\t\t\t\t\tLes acheteurs nous font confiance\t\t\t\t<\/div>\n\t\t\t\n\t\t\t<div class=\"liner-continer\">\n\t\t\t\t<h4 class=\"woodmart-title-container title wd-fontsize-xxl\">Notre strat\u00e9gie consiste \u00e0 fournir \u00e0 nos clients des produits de qualit\u00e9<\/h4> \n\t\t\t\t\t\t\t<\/div>\n\n\t\t\t\t\t<\/div>\n\t\t\t\t\t\t<\/div>\n\t\t\t\t<\/div>\n\t\t\t\t<div class=\"elementor-element elementor-element-0eedecc elementor-widget elementor-widget-wd_text_block\" data-id=\"0eedecc\" data-element_type=\"widget\" data-widget_type=\"wd_text_block.default\">\n\t\t\t\t<div class=\"elementor-widget-container\">\n\t\t\t\t\t\t\t<div class=\"wd-text-block reset-last-child text-center\">\n\t\t\t\n\t\t\t<p>Henan Haishu Building Materials Technology Co. est un fabricant complet sp\u00e9cialis\u00e9 dans la production et la vente de tuiles en r\u00e9sine. Gr\u00e2ce \u00e0 l'importation de machines et de mati\u00e8res premi\u00e8res de pointe, \u00e0 une formulation scientifique rigoureuse et \u00e0 des ann\u00e9es d'expertise et d'exp\u00e9rience en mati\u00e8re de production, nous produisons des tuiles en r\u00e9sine de marque Haishu dont la qualit\u00e9 est garantie et qui b\u00e9n\u00e9ficient d'un service apr\u00e8s-vente. Haishu propose des ventes directes en gros avec une large gamme de produits, y compris des options de production sur mesure adapt\u00e9es \u00e0 des besoins sp\u00e9cifiques. Nos produits sont propos\u00e9s \u00e0 des prix raisonnables, ce qui attire des marchands de toutes les r\u00e9gions qui viennent se renseigner, inspecter et acheter.<\/p><p>Nous adh\u00e9rons \u00e0 la philosophie d'entreprise qui consiste \u00e0 cr\u00e9er des produits \"durables et fiables\" et nous nous r\u00e9jouissons sinc\u00e8rement de collaborer avec vous. Nos produits sont conformes aux normes de performance et de qualit\u00e9 en vigueur, ce qui permet aux clients de les utiliser en toute confiance et en toute s\u00e9curit\u00e9. Apr\u00e8s des ann\u00e9es de d\u00e9veloppement, HaiSu Building Materials a gagn\u00e9 la confiance et la reconnaissance des clients pour son int\u00e9grit\u00e9, sa force et la qualit\u00e9 de ses produits.<\/p><p>Nous souhaitons sinc\u00e8rement la bienvenue \u00e0 nos amis et coll\u00e8gues de tous les secteurs de la soci\u00e9t\u00e9 pour les inviter \u00e0 nous rendre visite, \u00e0 collaborer et \u00e0 travailler ensemble pour un d\u00e9veloppement mutuel !<\/p>\n\t\t\t\t\t<\/div>\n\t\t\t\t\t\t<\/div>\n\t\t\t\t<\/div>\n\t\t\t\t<div class=\"elementor-element elementor-element-200ed3f elementor-widget elementor-widget-wd_text_block\" data-id=\"200ed3f\" data-element_type=\"widget\" data-widget_type=\"wd_text_block.default\">\n\t\t\t\t<div class=\"elementor-widget-container\">\n\t\t\t\t\t\t\t<div class=\"wd-text-block reset-last-child text-center\">\n\t\t\t\n\t\t\t\n\t\t\t\t\t<\/div>\n\t\t\t\t\t\t<\/div>\n\t\t\t\t<\/div>\n\t\t\t\t<div class=\"elementor-element elementor-element-98a5c16 elementor-widget elementor-widget-wd_infobox_carousel\" data-id=\"98a5c16\" data-element_type=\"widget\" data-widget_type=\"wd_infobox_carousel.default\">\n\t\t\t\t<div class=\"elementor-widget-container\">\n\t\t\t\t\t\t\t<div class=\"wd-carousel-container info-box-carousel-wrapper\">\n\t\t\t<div class=\"wd-carousel-inner\">\n\t\t\t\t<div class=\"wd-carousel wd-grid info-box-carousel\" data-scroll_per_page=\"yes\" style=\"--wd-col-lg:3;--wd-col-md:2;--wd-col-sm:1;--wd-gap-lg:30px;--wd-gap-sm:10px;\">\n\t\t\t\t\t<div class=\"wd-carousel-wrap\">\n\t\t\t\t\t\t\t\t\t\t\t\t\t\t\t\t\t\t\t\t\t\t<div class=\"info-box-wrapper wd-carousel-item\">\n\t\t\t<div class=\"wd-info-box text-center box-icon-align-top box-style-base color-scheme-  elementor-repeater-item-ea7510b\">\n\t\t\t\t\t\t\t\t\t<div class=\"box-icon-wrapper  box-with-icon box-icon-simple\">\n\t\t\t\t\t\t<div class=\"info-box-icon\">\n\t\t\t\t\t\t\t\t\t\t\t\t\t\t\t<div class=\"info-svg-wrapper\" style=\"width:60px; height:60px;\"><img loading=\"lazy\" decoding=\"async\"  src=\"https:\/\/hsroofplate.com\/wp-content\/uploads\/2022\/09\/accessories-infobox-1.svg\" title=\"accessoires-infobox-1.svg\" width=\"60\" height=\"60\"><\/div>\t\t\t\t\t\t\t\t\t\t\t\t\t<\/div>\n\t\t\t\t\t<\/div>\n\t\t\t\t\n\t\t\t\t<div class=\"info-box-content\">\n\t\t\t\t\t\n\t\t\t\t\t\t\t\t\t\t\t<h4\t\t\t\t\t\tclass=\"info-box-title title box-title-style-default wd-fontsize-m\" data-elementor-setting-key=\"title\">\n\t\t\t\t\t\t\t\tPhilosophie de base\t\t\t\t\t\t<\/h4>\n\t\t\t\t\t\n\t\t\t\t\t<div class=\"info-box-inner reset-last-child\"data-elementor-setting-key=\"content\"><p>Centr\u00e9 sur le client, innovant, honn\u00eate, gagnant-gagnant et pers\u00e9v\u00e9rant<\/p>\n<\/div>\n\n\t\t\t\t\t\t\t\t\t<\/div>\n\n\t\t\t\t\t\t\t<\/div>\n\t\t<\/div>\n\t\t\t\t\t\t\t\t\t\t\t\t\t\t\t\t\t\t\t\t\t\t\t\t<div class=\"info-box-wrapper wd-carousel-item\">\n\t\t\t<div class=\"wd-info-box text-center box-icon-align-top box-style-base color-scheme-  elementor-repeater-item-3d12955\">\n\t\t\t\t\t\t\t\t\t<div class=\"box-icon-wrapper  box-with-icon box-icon-simple\">\n\t\t\t\t\t\t<div class=\"info-box-icon\">\n\t\t\t\t\t\t\t\t\t\t\t\t\t\t\t<div class=\"info-svg-wrapper\" style=\"width:60px; height:60px;\"><img loading=\"lazy\" decoding=\"async\"  src=\"https:\/\/hsroofplate.com\/wp-content\/uploads\/2022\/09\/accessories-infobox-2.svg\" title=\"accessoires-infobox-2.svg\" width=\"60\" height=\"60\"><\/div>\t\t\t\t\t\t\t\t\t\t\t\t\t<\/div>\n\t\t\t\t\t<\/div>\n\t\t\t\t\n\t\t\t\t<div class=\"info-box-content\">\n\t\t\t\t\t\n\t\t\t\t\t\t\t\t\t\t\t<h4\t\t\t\t\t\tclass=\"info-box-title title box-title-style-default wd-fontsize-m\" data-elementor-setting-key=\"title\">\n\t\t\t\t\t\t\t\tMission de l'entreprise\t\t\t\t\t\t<\/h4>\n\t\t\t\t\t\n\t\t\t\t\t<div class=\"info-box-inner reset-last-child\"data-elementor-setting-key=\"content\"><p>Fournir en permanence aux clients des produits et des services de haute qualit\u00e9<\/p>\n<\/div>\n\n\t\t\t\t\t\t\t\t\t<\/div>\n\n\t\t\t\t\t\t\t<\/div>\n\t\t<\/div>\n\t\t\t\t\t\t\t\t\t\t\t\t\t\t\t\t\t\t\t\t\t\t\t\t<div class=\"info-box-wrapper wd-carousel-item\">\n\t\t\t<div class=\"wd-info-box text-center box-icon-align-top box-style-base color-scheme-  elementor-repeater-item-436686a\">\n\t\t\t\t\t\t\t\t\t<div class=\"box-icon-wrapper  box-with-icon box-icon-simple\">\n\t\t\t\t\t\t<div class=\"info-box-icon\">\n\t\t\t\t\t\t\t\t\t\t\t\t\t\t\t<div class=\"info-svg-wrapper\" style=\"width:60px; height:60px;\"><img loading=\"lazy\" decoding=\"async\"  src=\"https:\/\/hsroofplate.com\/wp-content\/uploads\/2022\/09\/accessories-infobox-3.svg\" title=\"accessoires-infobox-3.svg\" width=\"60\" height=\"60\"><\/div>\t\t\t\t\t\t\t\t\t\t\t\t\t<\/div>\n\t\t\t\t\t<\/div>\n\t\t\t\t\n\t\t\t\t<div class=\"info-box-content\">\n\t\t\t\t\t\n\t\t\t\t\t\t\t\t\t\t\t<h4\t\t\t\t\t\tclass=\"info-box-title title box-title-style-default wd-fontsize-m\" data-elementor-setting-key=\"title\">\n\t\t\t\t\t\t\t\tvision d'entreprise\t\t\t\t\t\t<\/h4>\n\t\t\t\t\t\n\t\t\t\t\t<div class=\"info-box-inner reset-last-child\"data-elementor-setting-key=\"content\"><p>\u00a0Devenir un leader dans l'industrie des mat\u00e9riaux de construction pour toitures<\/p>\n<\/div>\n\n\t\t\t\t\t\t\t\t\t<\/div>\n\n\t\t\t\t\t\t\t<\/div>\n\t\t<\/div>\n\t\t\t\t\t\t\t\t\t\t\t\t\t<\/div>\n\t\t\t\t<\/div>\n\n\t\t\t\t\t\t\t\t\t\t\t<div class=\"wd-nav-arrows wd-pos-sep wd-hover-1 wd-icon-1\">\n\t\t\t<div class=\"wd-btn-arrow wd-prev wd-disabled\">\n\t\t\t\t<div class=\"wd-arrow-inner\"><\/div>\n\t\t\t<\/div>\n\t\t\t<div class=\"wd-btn-arrow wd-next\">\n\t\t\t\t<div class=\"wd-arrow-inner\"><\/div>\n\t\t\t<\/div>\n\t\t<\/div>\n\t\t\t\t\t\t\t\t\t<\/div>\n\n\t\t\t\t\t\t\t\t<\/div>\n\t\t\t\t\t\t<\/div>\n\t\t\t\t<\/div>\n\t\t\t\t\t<\/div>\n\t\t\t\t<\/div>\n\t\t<div class=\"wd-negative-gap elementor-element elementor-element-2563b9c wd-section-stretch e-flex e-con-boxed e-con e-parent\" data-id=\"2563b9c\" data-element_type=\"container\" data-settings=\"{&quot;background_background&quot;:&quot;classic&quot;}\">\n\t\t\t\t\t<div class=\"e-con-inner\">\n\t\t<div class=\"elementor-element elementor-element-f1de9d2 e-con-full e-flex e-con e-child\" data-id=\"f1de9d2\" data-element_type=\"container\">\n\t\t<div class=\"elementor-element elementor-element-f8d1db4 e-con-full e-flex e-con e-child\" data-id=\"f8d1db4\" data-element_type=\"container\">\n\t\t\t\t<div class=\"elementor-element elementor-element-887c72a wd-width-100 elementor-widget elementor-widget-wd_title\" data-id=\"887c72a\" data-element_type=\"widget\" data-widget_type=\"wd_title.default\">\n\t\t\t\t<div class=\"elementor-widget-container\">\n\t\t\t\t\t\t\t<div class=\"title-wrapper wd-set-mb reset-last-child wd-title-color-primary wd-title-style-default wd-title-size-default text-left\">\n\n\t\t\t\t\t\t\t\t\t\t\t<div class=\"title-subtitle subtitle-color-primary subtitle-style-default wd-fontsize-xs\">\n\t\t\t\t\tQuelques mots sur nous\t\t\t\t<\/div>\n\t\t\t\n\t\t\t<div class=\"liner-continer\">\n\t\t\t\t<h4 class=\"woodmart-title-container title wd-fontsize-l\">Nous aidons tout le monde \u00e0 profiter de produits \u00e9tonnants<\/h4> \n\t\t\t\t\t\t\t<\/div>\n\n\t\t\t\t\t<\/div>\n\t\t\t\t\t\t<\/div>\n\t\t\t\t<\/div>\n\t\t\t\t<div class=\"elementor-element elementor-element-70250eb elementor-widget elementor-widget-wd_button\" data-id=\"70250eb\" data-element_type=\"widget\" data-widget_type=\"wd_button.default\">\n\t\t\t\t<div class=\"elementor-widget-container\">\n\t\t\t\t\t\t\t<div class=\"wd-button-wrapper text-center\" >\n\t\t\t<a class=\"btn btn-style-default btn-shape-rectangle btn-size-default btn-icon-pos-right\"  href=\"https:\/\/hsroofplate.com\/fr\/nous-contacter\/\">\n\t\t\t\t<span class=\"wd-btn-text\" data-elementor-setting-key=\"text\">\n\t\t\t\t\tNous contacter\t\t\t\t<\/span>\n\n\t\t\t\t\t\t\t\t\t<span class=\"wd-btn-icon\">\n\t\t\t\t\t\t<svg class=\"wd-icon e-font-icon-svg e-fas-arrow-right\" viewbox=\"0 0 448 512\" xmlns=\"http:\/\/www.w3.org\/2000\/svg\"><path d=\"M190.5 66.9l22.2-22.2c9.4-9.4 24.6-9.4 33.9 0L441 239c9.4 9.4 9.4 24.6 0 33.9L246.6 467.3c-9.4 9.4-24.6 9.4-33.9 0l-22.2-22.2c-9.5-9.5-9.3-25 .4-34.3L311.4 296H24c-13.3 0-24-10.7-24-24v-32c0-13.3 10.7-24 24-24h287.4L190.9 101.2c-9.8-9.3-10-24.8-.4-34.3z\"><\/path><\/svg>\t\t\t\t\t<\/span>\n\t\t\t\t\t\t\t<\/a>\n\t\t<\/div>\n\t\t\t\t\t\t<\/div>\n\t\t\t\t<\/div>\n\t\t\t\t<\/div>\n\t\t<div class=\"elementor-element elementor-element-3f6c529 e-con-full e-flex e-con e-child\" data-id=\"3f6c529\" data-element_type=\"container\">\n\t\t<div class=\"elementor-element elementor-element-10cf425 e-con-full elementor-hidden-mobile elementor-hidden-tablet e-flex e-con e-child\" data-id=\"10cf425\" data-element_type=\"container\">\n\t\t\t\t<div class=\"elementor-element elementor-element-db7be0d elementor-widget elementor-widget-wd_image_or_svg\" data-id=\"db7be0d\" data-element_type=\"widget\" data-widget_type=\"wd_image_or_svg.default\">\n\t\t\t\t<div class=\"elementor-widget-container\">\n\t\t\t\t\t\n\t\t<div class=\"wd-image text-left\">\n\t\t\t\t\t\t\t\t<img fetchpriority=\"high\" decoding=\"async\" width=\"800\" height=\"800\" src=\"https:\/\/hsroofplate.com\/wp-content\/uploads\/2025\/08\/hsroofplate_3.jpg\" class=\"attachment-full size-full\" alt=\"hsroofplate\" srcset=\"https:\/\/hsroofplate.com\/wp-content\/uploads\/2025\/08\/hsroofplate_3.jpg 800w, https:\/\/hsroofplate.com\/wp-content\/uploads\/2025\/08\/hsroofplate_3-600x600.jpg 600w, https:\/\/hsroofplate.com\/wp-content\/uploads\/2025\/08\/hsroofplate_3-148x148.jpg 148w, https:\/\/hsroofplate.com\/wp-content\/uploads\/2025\/08\/hsroofplate_3-300x300.jpg 300w, https:\/\/hsroofplate.com\/wp-content\/uploads\/2025\/08\/hsroofplate_3-150x150.jpg 150w, https:\/\/hsroofplate.com\/wp-content\/uploads\/2025\/08\/hsroofplate_3-768x768.jpg 768w\" sizes=\"(max-width: 800px) 100vw, 800px\" \/>\t\t\t\t\t<\/div>\n\n\t\t\t\t\t\t<\/div>\n\t\t\t\t<\/div>\n\t\t\t\t<div class=\"elementor-element elementor-element-aa47fa9 elementor-widget elementor-widget-wd_image_or_svg\" data-id=\"aa47fa9\" data-element_type=\"widget\" data-widget_type=\"wd_image_or_svg.default\">\n\t\t\t\t<div class=\"elementor-widget-container\">\n\t\t\t\t\t\n\t\t<div class=\"wd-image text-left\">\n\t\t\t\t\t\t\t\t<img decoding=\"async\" width=\"800\" height=\"800\" src=\"https:\/\/hsroofplate.com\/wp-content\/uploads\/2025\/08\/hsroofplate_4.jpg\" class=\"attachment-full size-full\" alt=\"\" srcset=\"https:\/\/hsroofplate.com\/wp-content\/uploads\/2025\/08\/hsroofplate_4.jpg 800w, https:\/\/hsroofplate.com\/wp-content\/uploads\/2025\/08\/hsroofplate_4-600x600.jpg 600w, https:\/\/hsroofplate.com\/wp-content\/uploads\/2025\/08\/hsroofplate_4-148x148.jpg 148w, https:\/\/hsroofplate.com\/wp-content\/uploads\/2025\/08\/hsroofplate_4-300x300.jpg 300w, https:\/\/hsroofplate.com\/wp-content\/uploads\/2025\/08\/hsroofplate_4-150x150.jpg 150w, https:\/\/hsroofplate.com\/wp-content\/uploads\/2025\/08\/hsroofplate_4-768x768.jpg 768w\" sizes=\"(max-width: 800px) 100vw, 800px\" \/>\t\t\t\t\t<\/div>\n\n\t\t\t\t\t\t<\/div>\n\t\t\t\t<\/div>\n\t\t\t\t<\/div>\n\t\t<div class=\"elementor-element elementor-element-7887001 e-con-full e-flex e-con e-child\" data-id=\"7887001\" data-element_type=\"container\">\n\t\t<div class=\"elementor-element elementor-element-1e4c179 e-con-full e-flex e-con e-child\" data-id=\"1e4c179\" data-element_type=\"container\" data-settings=\"{&quot;background_background&quot;:&quot;classic&quot;}\">\n\t\t\t\t<div class=\"elementor-element elementor-element-7db87ef elementor-widget elementor-widget-wd_image_or_svg\" data-id=\"7db87ef\" data-element_type=\"widget\" data-widget_type=\"wd_image_or_svg.default\">\n\t\t\t\t<div class=\"elementor-widget-container\">\n\t\t\t\t\t\n\t\t<div class=\"wd-image text-left\">\n\t\t\t\t\t\t\t\t<img decoding=\"async\" width=\"800\" height=\"800\" src=\"https:\/\/hsroofplate.com\/wp-content\/uploads\/2025\/08\/hsroofplate_1.jpg\" class=\"attachment-full size-full\" alt=\"hsroofplate\" srcset=\"https:\/\/hsroofplate.com\/wp-content\/uploads\/2025\/08\/hsroofplate_1.jpg 800w, https:\/\/hsroofplate.com\/wp-content\/uploads\/2025\/08\/hsroofplate_1-600x600.jpg 600w, https:\/\/hsroofplate.com\/wp-content\/uploads\/2025\/08\/hsroofplate_1-148x148.jpg 148w, https:\/\/hsroofplate.com\/wp-content\/uploads\/2025\/08\/hsroofplate_1-300x300.jpg 300w, https:\/\/hsroofplate.com\/wp-content\/uploads\/2025\/08\/hsroofplate_1-150x150.jpg 150w, https:\/\/hsroofplate.com\/wp-content\/uploads\/2025\/08\/hsroofplate_1-768x768.jpg 768w\" sizes=\"(max-width: 800px) 100vw, 800px\" \/>\t\t\t\t\t<\/div>\n\n\t\t\t\t\t\t<\/div>\n\t\t\t\t<\/div>\n\t\t\t\t<\/div>\n\t\t\t\t<div class=\"elementor-element elementor-element-3e7fa8a elementor-widget elementor-widget-wd_image_or_svg\" data-id=\"3e7fa8a\" data-element_type=\"widget\" data-widget_type=\"wd_image_or_svg.default\">\n\t\t\t\t<div class=\"elementor-widget-container\">\n\t\t\t\t\t\n\t\t<div class=\"wd-image text-left\">\n\t\t\t\t\t\t\t\t<img loading=\"lazy\" decoding=\"async\" width=\"800\" height=\"800\" src=\"https:\/\/hsroofplate.com\/wp-content\/uploads\/2025\/08\/hsroofplate_2.jpg\" class=\"attachment-full size-full\" alt=\"hsroofplate\" srcset=\"https:\/\/hsroofplate.com\/wp-content\/uploads\/2025\/08\/hsroofplate_2.jpg 800w, https:\/\/hsroofplate.com\/wp-content\/uploads\/2025\/08\/hsroofplate_2-600x600.jpg 600w, https:\/\/hsroofplate.com\/wp-content\/uploads\/2025\/08\/hsroofplate_2-148x148.jpg 148w, https:\/\/hsroofplate.com\/wp-content\/uploads\/2025\/08\/hsroofplate_2-300x300.jpg 300w, https:\/\/hsroofplate.com\/wp-content\/uploads\/2025\/08\/hsroofplate_2-150x150.jpg 150w, https:\/\/hsroofplate.com\/wp-content\/uploads\/2025\/08\/hsroofplate_2-768x768.jpg 768w\" sizes=\"(max-width: 800px) 100vw, 800px\" \/>\t\t\t\t\t<\/div>\n\n\t\t\t\t\t\t<\/div>\n\t\t\t\t<\/div>\n\t\t\t\t<\/div>\n\t\t\t\t<\/div>\n\t\t\t\t<\/div>\n\t\t\t\t\t<\/div>\n\t\t\t\t<\/div>\n\t\t\t\t<\/div>","protected":false},"excerpt":{"rendered":"<p>\u00c0 propos de nous Accueil\u9875\u9762 Les acheteurs nous font confiance Notre strat\u00e9gie consiste \u00e0 fournir \u00e0 nos clients des produits de qualit\u00e9 Henan Haishu Building Materials<\/p>","protected":false},"author":1,"featured_media":0,"parent":0,"menu_order":0,"comment_status":"closed","ping_status":"closed","template":"","meta":{"footnotes":""},"class_list":["post-14","page","type-page","status-publish","hentry"],"_links":{"self":[{"href":"https:\/\/hsroofplate.com\/fr\/wp-json\/wp\/v2\/pages\/14","targetHints":{"allow":["GET"]}}],"collection":[{"href":"https:\/\/hsroofplate.com\/fr\/wp-json\/wp\/v2\/pages"}],"about":[{"href":"https:\/\/hsroofplate.com\/fr\/wp-json\/wp\/v2\/types\/page"}],"author":[{"embeddable":true,"href":"https:\/\/hsroofplate.com\/fr\/wp-json\/wp\/v2\/users\/1"}],"replies":[{"embeddable":true,"href":"https:\/\/hsroofplate.com\/fr\/wp-json\/wp\/v2\/comments?post=14"}],"version-history":[{"count":40,"href":"https:\/\/hsroofplate.com\/fr\/wp-json\/wp\/v2\/pages\/14\/revisions"}],"predecessor-version":[{"id":11367,"href":"https:\/\/hsroofplate.com\/fr\/wp-json\/wp\/v2\/pages\/14\/revisions\/11367"}],"wp:attachment":[{"href":"https:\/\/hsroofplate.com\/fr\/wp-json\/wp\/v2\/media?parent=14"}],"curies":[{"name":"wp","href":"https:\/\/api.w.org\/{rel}","templated":true}]}}