{"id":3,"date":"2025-08-14T07:21:22","date_gmt":"2025-08-14T07:21:22","guid":{"rendered":"http:\/\/hsroofplate.com\/?page_id=3"},"modified":"2025-11-11T06:11:13","modified_gmt":"2025-11-11T06:11:13","slug":"politique-de-confidentialite","status":"publish","type":"page","link":"https:\/\/hsroofplate.com\/fr\/politique-de-confidentialite\/","title":{"rendered":"Politique de confidentialit\u00e9"},"content":{"rendered":"<div data-elementor-type=\"wp-page\" data-elementor-id=\"3\" class=\"elementor elementor-3\" data-elementor-post-type=\"page\">\n\t\t\t\t<div class=\"wd-negative-gap elementor-element elementor-element-55223047 e-flex e-con-boxed e-con e-parent\" data-id=\"55223047\" data-element_type=\"container\">\n\t\t\t\t\t<div class=\"e-con-inner\">\n\t\t<div class=\"elementor-element elementor-element-3f044d9 e-con-full e-flex e-con e-child\" data-id=\"3f044d9\" data-element_type=\"container\">\n\t\t\t\t<\/div>\n\t\t\t\t<div class=\"elementor-element elementor-element-ba19191 color-scheme-inherit text-left elementor-widget elementor-widget-text-editor\" data-id=\"ba19191\" data-element_type=\"widget\" data-widget_type=\"text-editor.default\">\n\t\t\t\t\t\t\t\t\t\n<p>Sur https:\/\/hsroofplate.com\/ (ci-apr\u00e8s d\u00e9nomm\u00e9 https:\/\/hsroofplate.com\/), la protection de la vie priv\u00e9e des visiteurs est au c\u0153ur de nos pr\u00e9occupations. Cette page de politique de confidentialit\u00e9 d\u00e9crit le type d'informations personnelles qui peuvent \u00eatre re\u00e7ues et collect\u00e9es par https:\/\/hsroofplate.com\/ et la mani\u00e8re dont ces informations seront utilis\u00e9es.<\/p>\n\n\n\n<h2 class=\"wp-block-heading\">PUBLICIT\u00c9S SOCIALES ET SUR LES MOTEURS DE RECHERCHE<\/h2>\n\n\n\n<p>Comme beaucoup d'autres sites professionnels, https:\/\/hsroofplate.com\/ investit dans la publicit\u00e9 sur Internet. Nos partenaires publicitaires comprennent Facebook Ads et Google Ads. Afin de maximiser le retour sur investissement de la publicit\u00e9 en ligne et de trouver des clients cibles, https:\/\/hsroofplate.com\/ a appliqu\u00e9 certains codes de suivi g\u00e9n\u00e9r\u00e9s par ces moteurs de recherche pour enregistrer les adresses IP des utilisateurs et les flux de consultation des pages.<\/p>\n\n\n\n<h2 class=\"wp-block-heading\">DONN\u00c9ES DE CONTACT PROFESSIONNEL<\/h2>\n\n\n\n<p>Nous collectons toutes les donn\u00e9es de contact professionnel envoy\u00e9es par courrier \u00e9lectronique ou par formulaire web sur https:\/\/hsroofplate.com\/ par les visiteurs. Les donn\u00e9es d'identification des visiteurs et les donn\u00e9es de contact saisies seront conserv\u00e9es strictement pour l'usage interne de https:\/\/hsroofplate.com\/.com. https:\/\/hsroofplate.com\/ veillera \u00e0 la s\u00e9curit\u00e9 et \u00e0 l'utilisation correcte de ces donn\u00e9es.<\/p>\n\n\n\n<h2 class=\"wp-block-heading\">L'UTILISATION DE L'INFORMATION<\/h2>\n\n\n\n<p>Nous n'utiliserons vos informations personnelles identifiables que de la mani\u00e8re d\u00e9crite ci-dessous, \u00e0 moins que vous n'ayez sp\u00e9cifiquement consenti \u00e0 un autre type d'utilisation, soit au moment o\u00f9 les informations personnelles identifiables sont collect\u00e9es aupr\u00e8s de vous, soit par le biais d'une autre forme de consentement de votre part :<\/p>\n\n\n\n<p>Nous utiliserons les informations personnellement identifiables pour ex\u00e9cuter les commandes que vous avez pass\u00e9es<\/p>\n\n\n\n<p>Nous utiliserons les informations personnellement identifiables pour vous fournir les services sp\u00e9cifiques que vous avez demand\u00e9s, par exemple pour contacter un d\u00e9taillant.<\/p>\n\n\n\n<p>Nous utiliserons vos informations personnelles identifiables pour r\u00e9pondre aux questions que vous nous envoyez.<\/p>\n\n\n\n<p>Nous utiliserons vos informations personnelles identifiables pour vous envoyer de temps \u00e0 autre des courriels, tels que des bulletins d'information et des avis sur nos promotions.<\/p>\n\n\n\n<p>Nous pouvons divulguer des informations personnellement identifiables si la loi ou une proc\u00e9dure judiciaire l'exige.<\/p>\n\n\n\n<p>Nous pouvons divulguer des informations personnellement identifiables pour enqu\u00eater sur des suspicions de fraude, de harc\u00e8lement ou d'autres violations de toute loi, r\u00e8gle ou r\u00e9glementation, ou des conditions ou politiques du site web.<\/p>\n\n\n\n<h2 class=\"wp-block-heading\">OPT-OUT\/CORRECTIONS<\/h2>\n\n\n\n<p>\u00c0 votre demande, nous (a) corrigerons ou mettrons \u00e0 jour vos informations personnelles ; (b) cesserons d'envoyer des courriels \u00e0 votre adresse \u00e9lectronique ; et\/ou (c) d\u00e9sactiverons votre compte afin d'emp\u00eacher tout achat futur par l'interm\u00e9diaire de ce compte. Vous pouvez faire ces demandes dans la section \"Informations clients\", ou en t\u00e9l\u00e9phonant ou en envoyant un courrier \u00e9lectronique \u00e0 l'adresse suivante<\/p>\n\n\n\n<p>Le service d'assistance \u00e0 la client\u00e8le de https:\/\/hsroofplate.com\/.com \u00e0 l'adresse suivante&nbsp;<a href=\"mailto:safs139@safsteelstructure.com\">G531060324@outlook.com<\/a>. N'envoyez pas par courriel votre num\u00e9ro de carte de cr\u00e9dit ou d'autres informations sensibles.<\/p>\n\n\n\n<h2 class=\"wp-block-heading\">CONDITIONS G\u00c9N\u00c9RALES<\/h2>\n\n\n\n<h3 class=\"wp-block-heading\">1. Application et acceptation des conditions<\/h3>\n\n\n\n<p>Bienvenue sur notre site ! Le pr\u00e9sent document constitue un accord juridiquement contraignant entre vous, en tant qu'utilisateur(s) du site (ci-apr\u00e8s d\u00e9nomm\u00e9 \"vous\", \"votre\" ou \"l'utilisateur\") et https:\/\/hsroofplate.com\/ - propri\u00e9taire du site https:\/\/hsroofplate.com\/.com.<\/p>\n\n\n\n<p>1.1 Votre utilisation des services et des produits de https:\/\/hsroofplate.com\/ (collectivement d\u00e9nomm\u00e9s \"services\" ci-apr\u00e8s) est soumise aux conditions g\u00e9n\u00e9rales contenues dans le pr\u00e9sent document, ainsi qu'\u00e0 la politique de confidentialit\u00e9 et \u00e0 toutes les autres r\u00e8gles et politiques de https:\/\/hsroofplate.com\/ qui peuvent \u00eatre publi\u00e9es par https:\/\/hsroofplate.com\/ de temps \u00e0 autre. Le pr\u00e9sent document et les autres r\u00e8gles et politiques de https:\/\/hsroofplate.com\/ sont collectivement d\u00e9sign\u00e9s ci-apr\u00e8s par le terme \"Conditions\". En acc\u00e9dant \u00e0 https:\/\/hsroofplate.com\/ ou en utilisant les services, vous acceptez d'\u00eatre li\u00e9 par les conditions. Veuillez ne pas utiliser les services ou https:\/\/hsroofplate.com\/ si vous n'acceptez pas toutes les conditions.<\/p>\n\n\n\n<p>1.2 Vous ne pouvez pas utiliser les services ni accepter les conditions si (a) vous n'avez pas l'\u00e2ge l\u00e9gal pour conclure un contrat contraignant avec https:\/\/hsroofplate.com\/.com, ou (b) vous n'\u00eates pas autoris\u00e9 \u00e0 recevoir des services en vertu des lois de la R\u00e9publique populaire de Chine ou d'autres pays\/r\u00e9gions, y compris le pays\/la r\u00e9gion dans lequel\/laquelle vous r\u00e9sidez ou \u00e0 partir duquel\/de laquelle vous utilisez les services.<\/p>\n\n\n\n<p>1.3 Vous reconnaissez et acceptez que https:\/\/hsroofplate.com\/.commay modifie les conditions \u00e0 tout moment en publiant les conditions modifi\u00e9es et reformul\u00e9es correspondantes sur https:\/\/hsroofplate.com\/.com. En continuant \u00e0 utiliser les services ou https:\/\/hsroofplate.com\/.com, vous acceptez que les conditions modifi\u00e9es s'appliquent \u00e0 vous.<\/p>\n\n\n\n<h3 class=\"wp-block-heading\">2. Utilisateurs en g\u00e9n\u00e9ral<\/h3>\n\n\n\n<p>2.1 Comme condition d'acc\u00e8s et d'utilisation de https:\/\/hsroofplate.com\/ ou des services, vous acceptez de vous conformer \u00e0 toutes les lois et r\u00e9glementations applicables lors de l'utilisation de https:\/\/hsroofplate.com\/ ou des services.<\/p>\n\n\n\n<p>2.2 Vous devez lire la politique de confidentialit\u00e9 de https:\/\/hsroofplate.com\/.com qui r\u00e9git la protection et l'utilisation des informations personnelles des utilisateurs en possession de https:\/\/hsroofplate.com\/ et de ses affili\u00e9s. Vous acceptez les termes de la politique de confidentialit\u00e9 et consentez \u00e0 l'utilisation des informations personnelles vous concernant conform\u00e9ment \u00e0 la politique de confidentialit\u00e9.<\/p>\n\n\n\n<p>2.3 Vous acceptez de ne pas entreprendre d'action visant \u00e0 porter atteinte \u00e0 l'int\u00e9grit\u00e9 des syst\u00e8mes ou r\u00e9seaux informatiques de https:\/\/hsroofplate.com\/ et\/ou de tout autre utilisateur, ni d'obtenir un acc\u00e8s non autoris\u00e9 \u00e0 ces syst\u00e8mes ou r\u00e9seaux informatiques.<\/p>\n\n\n\n<p>2.4 Vous acceptez de ne tirer aucun avantage de l'utilisation des informations figurant sur le site https:\/\/hsroofplate.com\/ ou re\u00e7ues de repr\u00e9sentants de https:\/\/hsroofplate.com\/ dans le cadre d'activit\u00e9s telles que la fixation de niveaux de prix ou de devis pour des produits et services qui ne sont pas achet\u00e9s aupr\u00e8s de https:\/\/hsroofplate.com\/.com, la pr\u00e9paration du contenu du site web, la r\u00e9daction de contrats ou d'accords qui ne sont pas conclus avec la participation de https:\/\/hsroofplate.com\/.<\/p>\n\n\n\n<h3 class=\"wp-block-heading\">3. Produits et prix<\/h3>\n\n\n\n<p>3.1 \u00c9tant donn\u00e9 que nous d\u00e9veloppons et am\u00e9liorons constamment nos produits et services, toute sp\u00e9cification technique ou non technique, y compris, mais sans s'y limiter, les pages web, les rapports, les tableaux, les figures, les images, les vid\u00e9os ou les audios de l'un des produits de https:\/\/hsroofplate.com\/ peut \u00eatre modifi\u00e9e ou changer compl\u00e8tement de format et de contenu sans notification pr\u00e9alable, que ce soit en ligne ou hors ligne.<\/p>\n\n\n\n<p>3.2 Les prix indiqu\u00e9s sur https:\/\/hsroofplate.com\/ ou fournis par les repr\u00e9sentants de https:\/\/hsroofplate.com\/ sont susceptibles d'\u00eatre modifi\u00e9s sans pr\u00e9avis.<\/p>\n\n\n\n<h3 class=\"wp-block-heading\">4. Limitation de la responsabilit\u00e9<\/h3>\n\n\n\n<p>4.1 Tout mat\u00e9riel t\u00e9l\u00e9charg\u00e9 ou obtenu de toute autre mani\u00e8re par l'interm\u00e9diaire de https:\/\/hsroofplate.com\/ l'est \u00e0 la seule discr\u00e9tion et au seul risque de chaque utilisateur, qui est seul responsable de tout dommage caus\u00e9 au syst\u00e8me informatique de https:\/\/hsroofplate.com\/ ou de toute perte de donn\u00e9es pouvant r\u00e9sulter du t\u00e9l\u00e9chargement d'un tel mat\u00e9riel.<\/p>\n\n\n\n<p><\/p>\n\t\t\t\t\t\t\t\t<\/div>\n\t\t\t\t\t<\/div>\n\t\t\t\t<\/div>\n\t\t\t\t<\/div>","protected":false},"excerpt":{"rendered":"<p>On https:\/\/hsroofplate.com\/&nbsp;( from now on, will be referred as https:\/\/hsroofplate.com\/), as visitor privacy is of our serious concern. This privacy<\/p>","protected":false},"author":1,"featured_media":0,"parent":0,"menu_order":0,"comment_status":"closed","ping_status":"open","template":"elementor_header_footer","meta":{"footnotes":""},"class_list":["post-3","page","type-page","status-publish","hentry"],"_links":{"self":[{"href":"https:\/\/hsroofplate.com\/fr\/wp-json\/wp\/v2\/pages\/3","targetHints":{"allow":["GET"]}}],"collection":[{"href":"https:\/\/hsroofplate.com\/fr\/wp-json\/wp\/v2\/pages"}],"about":[{"href":"https:\/\/hsroofplate.com\/fr\/wp-json\/wp\/v2\/types\/page"}],"author":[{"embeddable":true,"href":"https:\/\/hsroofplate.com\/fr\/wp-json\/wp\/v2\/users\/1"}],"replies":[{"embeddable":true,"href":"https:\/\/hsroofplate.com\/fr\/wp-json\/wp\/v2\/comments?post=3"}],"version-history":[{"count":7,"href":"https:\/\/hsroofplate.com\/fr\/wp-json\/wp\/v2\/pages\/3\/revisions"}],"predecessor-version":[{"id":11055,"href":"https:\/\/hsroofplate.com\/fr\/wp-json\/wp\/v2\/pages\/3\/revisions\/11055"}],"wp:attachment":[{"href":"https:\/\/hsroofplate.com\/fr\/wp-json\/wp\/v2\/media?parent=3"}],"curies":[{"name":"wp","href":"https:\/\/api.w.org\/{rel}","templated":true}]}}