{"id":10144,"date":"2025-08-20T07:22:40","date_gmt":"2025-08-20T07:22:40","guid":{"rendered":"https:\/\/hsroofplate.com\/?post_type=product&#038;p=10144"},"modified":"2026-01-01T15:14:53","modified_gmt":"2026-01-01T15:14:53","slug":"dalle-composite-asa","status":"publish","type":"product","link":"https:\/\/hsroofplate.com\/fr\/produits\/t-shape-pvc-sheet\/pvc-trapezoidal-roof-sheeting\/dalle-composite-asa\/","title":{"rendered":"Carreau composite ASA"},"content":{"rendered":"<div data-elementor-type=\"product-post\" data-elementor-id=\"10144\" class=\"elementor elementor-10144\" data-elementor-post-type=\"product\">\n\t\t\t\t<div class=\"wd-negative-gap elementor-element elementor-element-f2bc564 e-flex e-con-boxed e-con e-parent\" data-id=\"f2bc564\" data-element_type=\"container\">\n\t\t\t\t\t<div class=\"e-con-inner\">\n\t\t<div class=\"elementor-element elementor-element-067d913 e-con-full e-flex e-con e-child\" data-id=\"067d913\" data-element_type=\"container\">\n\t\t\t\t<div class=\"elementor-element elementor-element-ca4bbb1 elementor-widget elementor-widget-image\" data-id=\"ca4bbb1\" data-element_type=\"widget\" data-widget_type=\"image.default\">\n\t\t\t\t\t\t\t\t\t\t\t\t\t\t\t<img fetchpriority=\"high\" decoding=\"async\" width=\"783\" height=\"457\" src=\"https:\/\/hsroofplate.com\/wp-content\/uploads\/2025\/08\/1-1.webp\" class=\"attachment-large size-large wp-image-10146\" alt=\"\" srcset=\"https:\/\/hsroofplate.com\/wp-content\/uploads\/2025\/08\/1-1.webp 783w, https:\/\/hsroofplate.com\/wp-content\/uploads\/2025\/08\/1-1-300x175.webp 300w, https:\/\/hsroofplate.com\/wp-content\/uploads\/2025\/08\/1-1-768x448.webp 768w, https:\/\/hsroofplate.com\/wp-content\/uploads\/2025\/08\/1-1-18x12.webp 18w, https:\/\/hsroofplate.com\/wp-content\/uploads\/2025\/08\/1-1-148x86.webp 148w\" sizes=\"(max-width: 783px) 100vw, 783px\" \/>\t\t\t\t\t\t\t\t\t\t\t\t\t\t\t<\/div>\n\t\t\t\t<\/div>\n\t\t<div class=\"elementor-element elementor-element-848706e e-con-full e-flex e-con e-child\" data-id=\"848706e\" data-element_type=\"container\">\n\t\t\t\t<div class=\"elementor-element elementor-element-4de2282 elementor-widget elementor-widget-heading\" data-id=\"4de2282\" data-element_type=\"widget\" data-widget_type=\"heading.default\">\n\t\t\t\t\t<h2 class=\"elementor-heading-title elementor-size-default\">Performance du produit :<\/h2>\t\t\t\t<\/div>\n\t\t\t\t<div class=\"elementor-element elementor-element-5bb4eda color-scheme-inherit text-left elementor-widget elementor-widget-text-editor\" data-id=\"5bb4eda\" data-element_type=\"widget\" data-widget_type=\"text-editor.default\">\n\t\t\t\t\t\t\t\t\t<p>1. R\u00e9sistance \u00e0 la corrosion : 24 heures dans le sel, l'alcali et l'acide 60% sans r\u00e9action chimique. Il convient aux zones sujettes aux pluies acides, aux usines corrosives et aux zones c\u00f4ti\u00e8res, l'effet est particuli\u00e8rement remarquable !<br \/>2) R\u00e9sistance aux intemp\u00e9ries : le mat\u00e9riau de surface est extrud\u00e9 \u00e0 l'aide d'une couche de surface en r\u00e9sine super r\u00e9sistante, et l'\u00e9paisseur de la couche de r\u00e9sistance de surface est sup\u00e9rieure \u00e0 0,2 mm, ce qui garantit la durabilit\u00e9 et la r\u00e9sistance \u00e0 la corrosion du produit.<br \/>3. performance d'isolation acoustique : Il a \u00e9t\u00e9 prouv\u00e9 par l'exp\u00e9rience qu'en cas de forte pluie, de vent fort et d'autres bruits ext\u00e9rieurs, la tuile ondul\u00e9e composite anticorrosion a un bon effet d'absorption du bruit, qui est inf\u00e9rieur de 30 dB au bruit de la t\u00f4le d'acier color\u00e9e.<br \/>4. retardateur de flammes : selon le test standard gb8624-2006 de l'autorit\u00e9 nationale de protection contre les incendies, le niveau de performance de la protection contre les incendies est &gt;=B<br \/>5) Isolation thermique : la conductivit\u00e9 thermique du produit est de 0,325w\/m.k, soit environ 1\/310 de la tuile en terre cuite, 1\/5,5mm de la tuile en ciment et 1\/2000 de la tuile. En m\u00eame temps, c'est un pare-soleil, le produit est compar\u00e9 \u00e0 la coextrusion \u00e0 deux couches, le plus grand avantage est qu'il am\u00e9liore consid\u00e9rablement la performance de l'isolation thermique.<br \/>6. r\u00e9sistance aux chocs : r\u00e9sistance aux basses temp\u00e9ratures : le produit a une forte capacit\u00e9 de r\u00e9sistance aux chocs ext\u00e9rieurs, la performance du test est \u00e9galement remarquable.<br \/>7. performance d'isolation : Le produit est un produit isolant, et il est en bon \u00e9tat en cas de d\u00e9charge accidentelle. En particulier, il est plus s\u00fbr de remplacer les tuiles m\u00e9talliques dans la zone de la foudre et de la ligne \u00e0 haute pression.\u00a0<\/p>\t\t\t\t\t\t\t\t<\/div>\n\t\t\t\t<\/div>\n\t\t\t\t\t<\/div>\n\t\t\t\t<\/div>\n\t\t<div class=\"wd-negative-gap elementor-element elementor-element-7f8ee04 e-flex e-con-boxed e-con e-parent\" data-id=\"7f8ee04\" data-element_type=\"container\">\n\t\t\t\t\t<div class=\"e-con-inner\">\n\t\t\t\t<div class=\"elementor-element elementor-element-a606037 elementor-widget elementor-widget-heading\" data-id=\"a606037\" data-element_type=\"widget\" data-widget_type=\"heading.default\">\n\t\t\t\t\t<h2 class=\"elementor-heading-title elementor-size-default\">Sp\u00e9cofocations<\/h2>\t\t\t\t<\/div>\n\t\t\t\t<div class=\"elementor-element elementor-element-9118f68 elementor-widget elementor-widget-html\" data-id=\"9118f68\" data-element_type=\"widget\" data-widget_type=\"html.default\">\n\t\t\t\t\t<!DOCTYPE html>\r\n<html lang=\"en\">\r\n<head>\r\n    <meta charset=\"UTF-8\">\r\n    <meta name=\"viewport\" content=\"width=device-width, initial-scale=1.0\">\r\n    <title>Tableau r\u00e9actif<\/title>\r\n    <style>\r\n        \/* Styling for the table container *\/\r\n        .table-responsive {\r\n            overflow-x: auto;\r\n            -webkit-overflow-scrolling: touch;\r\n            display: block;\r\n        }\r\n\r\n        table {\r\n            width: 100%;\r\n            border-collapse: collapse;\r\n            table-layout: fixed;\r\n        }\r\n\r\n        th, td {\r\n            padding: 10px;\r\n            text-align: left;\r\n            border: 1px solid #ddd;\r\n            word-wrap: break-word;\r\n        }\r\n\r\n        th {\r\n            background-color: #f2f2f2;\r\n        }\r\n\r\n        \/* Media query for responsiveness *\/\r\n        @media only screen and (max-width: 768px) {\r\n            table {\r\n                width: 100%;\r\n                font-size: 12px;\r\n            }\r\n            th, td {\r\n                padding: 6px;\r\n            }\r\n        }\r\n    <\/style>\r\n<\/head>\r\n<body>\r\n    <div class=\"table-responsive\">\r\n        <table>\r\n            <thead>\r\n                <tr>\r\n                    <th>\u00c9paisseur (mm)<\/th>\r\n                    <th>Largeur (mm)<\/th>\r\n                    <th>Longueur (mm)<\/th>\r\n                    <th>Distance d'onde (mm)<\/th>\r\n                    <th>Hauteur de l'onde (mm)<\/th>\r\n                    <th>Pas (mm)<\/th>\r\n                <\/tr>\r\n            <\/thead>\r\n            <tbody>\r\n                <tr>\r\n                    <td>1,8 mm - 4,0 mm<\/td>\r\n                    <td>1130<\/td>\r\n                    <td>Longueur<\/td>\r\n                    <td>210<\/td>\r\n                    <td>26<\/td>\r\n                    <td>Pitch<\/td>\r\n                <\/tr>\r\n            <\/tbody>\r\n        <\/table>\r\n    <\/div>\r\n<\/body>\r\n<\/html>\r\n\t\t\t\t<\/div>\n\t\t\t\t\t<\/div>\n\t\t\t\t<\/div>\n\t\t\t\t<\/div>","protected":false},"excerpt":{"rendered":"<p>La dalle composite ASA offre une grande durabilit\u00e9 et un design \u00e9l\u00e9gant, ce qui la rend id\u00e9ale pour les applications int\u00e9rieures et ext\u00e9rieures dans les espaces r\u00e9sidentiels et commerciaux.<\/p>","protected":false},"featured_media":10156,"comment_status":"open","ping_status":"closed","template":"","meta":[],"product_brand":[],"product_cat":[139,144],"product_tag":[],"class_list":{"0":"post-10144","1":"product","2":"type-product","3":"status-publish","4":"has-post-thumbnail","6":"product_cat-t-shape-pvc-sheet","7":"product_cat-pvc-trapezoidal-roof-sheeting","9":"first","10":"instock","11":"shipping-taxable","12":"product-type-simple"},"_links":{"self":[{"href":"https:\/\/hsroofplate.com\/fr\/wp-json\/wp\/v2\/product\/10144","targetHints":{"allow":["GET"]}}],"collection":[{"href":"https:\/\/hsroofplate.com\/fr\/wp-json\/wp\/v2\/product"}],"about":[{"href":"https:\/\/hsroofplate.com\/fr\/wp-json\/wp\/v2\/types\/product"}],"replies":[{"embeddable":true,"href":"https:\/\/hsroofplate.com\/fr\/wp-json\/wp\/v2\/comments?post=10144"}],"version-history":[{"count":10,"href":"https:\/\/hsroofplate.com\/fr\/wp-json\/wp\/v2\/product\/10144\/revisions"}],"predecessor-version":[{"id":11996,"href":"https:\/\/hsroofplate.com\/fr\/wp-json\/wp\/v2\/product\/10144\/revisions\/11996"}],"wp:featuredmedia":[{"embeddable":true,"href":"https:\/\/hsroofplate.com\/fr\/wp-json\/wp\/v2\/media\/10156"}],"wp:attachment":[{"href":"https:\/\/hsroofplate.com\/fr\/wp-json\/wp\/v2\/media?parent=10144"}],"wp:term":[{"taxonomy":"product_brand","embeddable":true,"href":"https:\/\/hsroofplate.com\/fr\/wp-json\/wp\/v2\/product_brand?post=10144"},{"taxonomy":"product_cat","embeddable":true,"href":"https:\/\/hsroofplate.com\/fr\/wp-json\/wp\/v2\/product_cat?post=10144"},{"taxonomy":"product_tag","embeddable":true,"href":"https:\/\/hsroofplate.com\/fr\/wp-json\/wp\/v2\/product_tag?post=10144"}],"curies":[{"name":"wp","href":"https:\/\/api.w.org\/{rel}","templated":true}]}}