{"id":10164,"date":"2025-08-20T07:43:50","date_gmt":"2025-08-20T07:43:50","guid":{"rendered":"https:\/\/hsroofplate.com\/?post_type=product&#038;p=10164"},"modified":"2026-01-01T15:13:59","modified_gmt":"2026-01-01T15:13:59","slug":"tuile-de-style-chinois","status":"publish","type":"product","link":"https:\/\/hsroofplate.com\/fr\/produits\/plaque-de-toiture-en-resine-synthetique\/synthetic-resin-roof-tile\/tuile-de-style-chinois\/","title":{"rendered":"Carrelage de style chinois"},"content":{"rendered":"<div data-elementor-type=\"product-post\" data-elementor-id=\"10164\" class=\"elementor elementor-10164\" data-elementor-post-type=\"product\">\n\t\t\t\t<div class=\"wd-negative-gap elementor-element elementor-element-96aafb6 e-flex e-con-boxed e-con e-parent\" data-id=\"96aafb6\" data-element_type=\"container\">\n\t\t\t\t\t<div class=\"e-con-inner\">\n\t\t<div class=\"elementor-element elementor-element-62135e9 e-con-full e-flex e-con e-child\" data-id=\"62135e9\" data-element_type=\"container\">\n\t\t\t\t<div class=\"elementor-element elementor-element-831963b elementor-widget elementor-widget-image\" data-id=\"831963b\" data-element_type=\"widget\" data-widget_type=\"image.default\">\n\t\t\t\t\t\t\t\t\t\t\t\t\t\t\t<img fetchpriority=\"high\" decoding=\"async\" width=\"800\" height=\"800\" src=\"https:\/\/hsroofplate.com\/wp-content\/uploads\/2025\/08\/\u5fae\u4fe1\u56fe\u7247_202508201516561.webp\" class=\"attachment-large size-large wp-image-10162\" alt=\"Carrelage de style chinois\" srcset=\"https:\/\/hsroofplate.com\/wp-content\/uploads\/2025\/08\/\u5fae\u4fe1\u56fe\u7247_202508201516561.webp 800w, https:\/\/hsroofplate.com\/wp-content\/uploads\/2025\/08\/\u5fae\u4fe1\u56fe\u7247_202508201516561-300x300.webp 300w, https:\/\/hsroofplate.com\/wp-content\/uploads\/2025\/08\/\u5fae\u4fe1\u56fe\u7247_202508201516561-150x150.webp 150w, https:\/\/hsroofplate.com\/wp-content\/uploads\/2025\/08\/\u5fae\u4fe1\u56fe\u7247_202508201516561-768x768.webp 768w, https:\/\/hsroofplate.com\/wp-content\/uploads\/2025\/08\/\u5fae\u4fe1\u56fe\u7247_202508201516561-12x12.webp 12w, https:\/\/hsroofplate.com\/wp-content\/uploads\/2025\/08\/\u5fae\u4fe1\u56fe\u7247_202508201516561-600x600.webp 600w, https:\/\/hsroofplate.com\/wp-content\/uploads\/2025\/08\/\u5fae\u4fe1\u56fe\u7247_202508201516561-148x148.webp 148w, https:\/\/hsroofplate.com\/wp-content\/uploads\/2025\/08\/\u5fae\u4fe1\u56fe\u7247_202508201516561-400x400.webp 400w\" sizes=\"(max-width: 800px) 100vw, 800px\" \/>\t\t\t\t\t\t\t\t\t\t\t\t\t\t\t<\/div>\n\t\t\t\t<\/div>\n\t\t<div class=\"elementor-element elementor-element-5721374 e-con-full e-flex e-con e-child\" data-id=\"5721374\" data-element_type=\"container\">\n\t\t\t\t<div class=\"elementor-element elementor-element-272a8d4 color-scheme-inherit text-left elementor-widget elementor-widget-text-editor\" data-id=\"272a8d4\" data-element_type=\"widget\" data-widget_type=\"text-editor.default\">\n\t\t\t\t\t\t\t\t\t<p>Les tuiles de style chinois remplacent les maisons rurales en pis\u00e9 et les maisons ancestrales. Elle est \u00e9galement utilis\u00e9e pour les toitures des villes anciennes, les villas, les maisons mobiles, les b\u00e2timents de jardin, les fermes, etc.<\/p>\t\t\t\t\t\t\t\t<\/div>\n\t\t\t\t<\/div>\n\t\t\t\t\t<\/div>\n\t\t\t\t<\/div>\n\t\t<div class=\"wd-negative-gap elementor-element elementor-element-f1d7b16 e-flex e-con-boxed e-con e-parent\" data-id=\"f1d7b16\" data-element_type=\"container\">\n\t\t\t\t\t<div class=\"e-con-inner\">\n\t\t<div class=\"elementor-element elementor-element-26977f7 e-con-full e-flex e-con e-child\" data-id=\"26977f7\" data-element_type=\"container\">\n\t\t\t\t<div class=\"elementor-element elementor-element-4864ae3 elementor-widget elementor-widget-image\" data-id=\"4864ae3\" data-element_type=\"widget\" data-widget_type=\"image.default\">\n\t\t\t\t\t\t\t\t\t\t\t\t\t\t\t<img decoding=\"async\" width=\"644\" height=\"275\" src=\"https:\/\/hsroofplate.com\/wp-content\/uploads\/2025\/08\/\u56fe\u7247-2.webp\" class=\"attachment-large size-large wp-image-10166\" alt=\"\" srcset=\"https:\/\/hsroofplate.com\/wp-content\/uploads\/2025\/08\/\u56fe\u7247-2.webp 644w, https:\/\/hsroofplate.com\/wp-content\/uploads\/2025\/08\/\u56fe\u7247-2-300x128.webp 300w, https:\/\/hsroofplate.com\/wp-content\/uploads\/2025\/08\/\u56fe\u7247-2-18x8.webp 18w, https:\/\/hsroofplate.com\/wp-content\/uploads\/2025\/08\/\u56fe\u7247-2-148x63.webp 148w\" sizes=\"(max-width: 644px) 100vw, 644px\" \/>\t\t\t\t\t\t\t\t\t\t\t\t\t\t\t<\/div>\n\t\t\t\t<\/div>\n\t\t<div class=\"elementor-element elementor-element-01c809a e-con-full e-flex e-con e-child\" data-id=\"01c809a\" data-element_type=\"container\">\n\t\t\t\t<div class=\"elementor-element elementor-element-3e04ea5 elementor-widget elementor-widget-image\" data-id=\"3e04ea5\" data-element_type=\"widget\" data-widget_type=\"image.default\">\n\t\t\t\t\t\t\t\t\t\t\t\t\t\t\t<img decoding=\"async\" width=\"346\" height=\"261\" src=\"https:\/\/hsroofplate.com\/wp-content\/uploads\/2025\/08\/1-2.webp\" class=\"attachment-large size-large wp-image-10167\" alt=\"\" srcset=\"https:\/\/hsroofplate.com\/wp-content\/uploads\/2025\/08\/1-2.webp 346w, https:\/\/hsroofplate.com\/wp-content\/uploads\/2025\/08\/1-2-300x226.webp 300w, https:\/\/hsroofplate.com\/wp-content\/uploads\/2025\/08\/1-2-16x12.webp 16w, https:\/\/hsroofplate.com\/wp-content\/uploads\/2025\/08\/1-2-148x112.webp 148w\" sizes=\"(max-width: 346px) 100vw, 346px\" \/>\t\t\t\t\t\t\t\t\t\t\t\t\t\t\t<\/div>\n\t\t\t\t<\/div>\n\t\t\t\t\t<\/div>\n\t\t\t\t<\/div>\n\t\t<div class=\"wd-negative-gap elementor-element elementor-element-6143e92 e-flex e-con-boxed e-con e-parent\" data-id=\"6143e92\" data-element_type=\"container\">\n\t\t\t\t\t<div class=\"e-con-inner\">\n\t\t\t\t<div class=\"elementor-element elementor-element-4903392 elementor-widget elementor-widget-heading\" data-id=\"4903392\" data-element_type=\"widget\" data-widget_type=\"heading.default\">\n\t\t\t\t\t<h2 class=\"elementor-heading-title elementor-size-default\">Performance du produit :<\/h2>\t\t\t\t<\/div>\n\t\t\t\t<div class=\"elementor-element elementor-element-edb8a48 color-scheme-inherit text-left elementor-widget elementor-widget-text-editor\" data-id=\"edb8a48\" data-element_type=\"widget\" data-widget_type=\"text-editor.default\">\n\t\t\t\t\t\t\t\t\t<p>1. isolation acoustique et thermique : Il a \u00e9t\u00e9 prouv\u00e9 qu'en cas de forte pluie, de vent violent et d'autres bruits ext\u00e9rieurs, les petites tuiles vertes ont un bon effet d'absorption du bruit.<br \/>2) R\u00e9sistance au vieillissement et \u00e0 la corrosion : les tuiles de style chinois peuvent r\u00e9sister \u00e0 la corrosion par l'acide, l'alcali, le sel et d'autres substances chimiques pendant une longue p\u00e9riode. L'effet est plus prononc\u00e9 dans les zones de pluies acides et les zones c\u00f4ti\u00e8res.<br \/>3. archa\u00efsation de l'\u00e9cologie d'origine : Les tuiles de style chinois pr\u00e9servent la couleur traditionnelle et \u00e9l\u00e9gante de la maison, l'impact visuel du sens tridimensionnel, h\u00e9ritant de la beaut\u00e9 ancienne et simple de la maison.<br \/>4) Couleur durable : elle a une bonne durabilit\u00e9 dans l'environnement naturel. M\u00eame s'il est expos\u00e9 aux rayons ultraviolets, aux temp\u00e9ratures \u00e9lev\u00e9es et au froid pendant une longue p\u00e9riode, sa couleur reste stable.<br \/>5) Forte r\u00e9sistance \u00e0 la charge : avec une bonne capacit\u00e9 de charge, il n'est pas facile de produire des ph\u00e9nom\u00e8nes de surface et de fracture.<br \/>6. une bonne imperm\u00e9abilit\u00e9 \u00e0 l'eau : il y a peu de joints dans le toit, et la r\u00e9sistance \u00e0 l'eau de la tuile de style chinois est donc grandement am\u00e9lior\u00e9e.<\/p>\t\t\t\t\t\t\t\t<\/div>\n\t\t\t\t\t<\/div>\n\t\t\t\t<\/div>\n\t\t<div class=\"wd-negative-gap elementor-element elementor-element-d4c6131 e-flex e-con-boxed e-con e-parent\" data-id=\"d4c6131\" data-element_type=\"container\">\n\t\t\t\t\t<div class=\"e-con-inner\">\n\t\t\t\t<div class=\"elementor-element elementor-element-361ba77 elementor-widget elementor-widget-heading\" data-id=\"361ba77\" data-element_type=\"widget\" data-widget_type=\"heading.default\">\n\t\t\t\t\t<h2 class=\"elementor-heading-title elementor-size-default\">Sp\u00e9cofocations<\/h2>\t\t\t\t<\/div>\n\t\t\t\t<div class=\"elementor-element elementor-element-514d95f elementor-widget elementor-widget-html\" data-id=\"514d95f\" data-element_type=\"widget\" data-widget_type=\"html.default\">\n\t\t\t\t\t<!DOCTYPE html>\r\n<html lang=\"en\">\r\n<head>\r\n    <meta charset=\"UTF-8\">\r\n    <meta name=\"viewport\" content=\"width=device-width, initial-scale=1.0\">\r\n    <title>Tableau r\u00e9actif<\/title>\r\n    <style>\r\n        \/* Styling for the table container *\/\r\n        .table-responsive {\r\n            overflow-x: auto;\r\n            -webkit-overflow-scrolling: touch;\r\n            display: block;\r\n        }\r\n\r\n        table {\r\n            width: 100%;\r\n            border-collapse: collapse;\r\n            table-layout: fixed;\r\n        }\r\n\r\n        th, td {\r\n            padding: 10px;\r\n            text-align: left;\r\n            border: 1px solid #ddd;\r\n            word-wrap: break-word;\r\n        }\r\n\r\n        th {\r\n            background-color: #f2f2f2;\r\n        }\r\n\r\n        \/* Media query for responsiveness *\/\r\n        @media only screen and (max-width: 768px) {\r\n            table {\r\n                width: 100%;\r\n                font-size: 12px;\r\n            }\r\n            th, td {\r\n                padding: 6px;\r\n            }\r\n        }\r\n    <\/style>\r\n<\/head>\r\n<body>\r\n    <div class=\"table-responsive\">\r\n        <table>\r\n            <thead>\r\n                <tr>\r\n                    <th>\u00c9paisseur<\/th>\r\n                    <th>Largeur<\/th>\r\n                    <th>Longueur<\/th>\r\n                    <th>Distance de l'onde<\/th>\r\n                    <th>Hauteur des vagues<\/th>\r\n                    <th>Pitch<\/th>\r\n                <\/tr>\r\n            <\/thead>\r\n            <tbody>\r\n                <tr>\r\n                    <td>2,5 mm \/ 3,0 mm<\/td>\r\n                    <td>1050mm<\/td>\r\n                    <td>Multiples de l'offre faite<\/td>\r\n                    <td>240mm<\/td>\r\n                    <td>45 mm<\/td>\r\n                    <td>125 mm<\/td>\r\n                <\/tr>\r\n            <\/tbody>\r\n        <\/table>\r\n    <\/div>\r\n<\/body>\r\n<\/html>\r\n\t\t\t\t<\/div>\n\t\t\t\t\t<\/div>\n\t\t\t\t<\/div>\n\t\t\t\t<\/div>","protected":false},"excerpt":{"rendered":"<p>Ce carrelage de style chinois associe des motifs traditionnels \u00e0 une durabilit\u00e9 moderne. Il est parfait pour cr\u00e9er un aspect \u00e9l\u00e9gant dans les espaces r\u00e9sidentiels et commerciaux.<\/p>","protected":false},"featured_media":10162,"comment_status":"open","ping_status":"closed","template":"","meta":[],"product_brand":[],"product_cat":[123,129],"product_tag":[],"class_list":{"0":"post-10164","1":"product","2":"type-product","3":"status-publish","4":"has-post-thumbnail","6":"product_cat-synthetic-resin-roof-sheet","7":"product_cat-synthetic-resin-roof-tile","9":"first","10":"instock","11":"shipping-taxable","12":"product-type-simple"},"_links":{"self":[{"href":"https:\/\/hsroofplate.com\/fr\/wp-json\/wp\/v2\/product\/10164","targetHints":{"allow":["GET"]}}],"collection":[{"href":"https:\/\/hsroofplate.com\/fr\/wp-json\/wp\/v2\/product"}],"about":[{"href":"https:\/\/hsroofplate.com\/fr\/wp-json\/wp\/v2\/types\/product"}],"replies":[{"embeddable":true,"href":"https:\/\/hsroofplate.com\/fr\/wp-json\/wp\/v2\/comments?post=10164"}],"version-history":[{"count":9,"href":"https:\/\/hsroofplate.com\/fr\/wp-json\/wp\/v2\/product\/10164\/revisions"}],"predecessor-version":[{"id":11995,"href":"https:\/\/hsroofplate.com\/fr\/wp-json\/wp\/v2\/product\/10164\/revisions\/11995"}],"wp:featuredmedia":[{"embeddable":true,"href":"https:\/\/hsroofplate.com\/fr\/wp-json\/wp\/v2\/media\/10162"}],"wp:attachment":[{"href":"https:\/\/hsroofplate.com\/fr\/wp-json\/wp\/v2\/media?parent=10164"}],"wp:term":[{"taxonomy":"product_brand","embeddable":true,"href":"https:\/\/hsroofplate.com\/fr\/wp-json\/wp\/v2\/product_brand?post=10164"},{"taxonomy":"product_cat","embeddable":true,"href":"https:\/\/hsroofplate.com\/fr\/wp-json\/wp\/v2\/product_cat?post=10164"},{"taxonomy":"product_tag","embeddable":true,"href":"https:\/\/hsroofplate.com\/fr\/wp-json\/wp\/v2\/product_tag?post=10164"}],"curies":[{"name":"wp","href":"https:\/\/api.w.org\/{rel}","templated":true}]}}