{"id":10175,"date":"2025-08-20T08:09:30","date_gmt":"2025-08-20T08:09:30","guid":{"rendered":"https:\/\/hsroofplate.com\/?post_type=product&#038;p=10175"},"modified":"2026-01-01T15:13:10","modified_gmt":"2026-01-01T15:13:10","slug":"tuile-en-acier-en-plastique-apvc","status":"publish","type":"product","link":"https:\/\/hsroofplate.com\/fr\/produits\/t-shape-pvc-sheet\/pvc-corrugated-sheet\/tuile-en-acier-en-plastique-apvc\/","title":{"rendered":"A+PVC Plastique Tuile d'acier"},"content":{"rendered":"<div data-elementor-type=\"product-post\" data-elementor-id=\"10175\" class=\"elementor elementor-10175\" data-elementor-post-type=\"product\">\n\t\t\t\t<div class=\"wd-negative-gap elementor-element elementor-element-2b176ca e-flex e-con-boxed e-con e-parent\" data-id=\"2b176ca\" data-element_type=\"container\">\n\t\t\t\t\t<div class=\"e-con-inner\">\n\t\t<div class=\"elementor-element elementor-element-c326be0 e-con-full e-flex e-con e-child\" data-id=\"c326be0\" data-element_type=\"container\">\n\t\t\t\t<div class=\"elementor-element elementor-element-80a791c elementor-widget elementor-widget-image\" data-id=\"80a791c\" data-element_type=\"widget\" data-widget_type=\"image.default\">\n\t\t\t\t\t\t\t\t\t\t\t\t\t\t\t<img fetchpriority=\"high\" decoding=\"async\" width=\"278\" height=\"254\" src=\"https:\/\/hsroofplate.com\/wp-content\/uploads\/2025\/08\/1-3.webp\" class=\"attachment-large size-large wp-image-10177\" alt=\"\" srcset=\"https:\/\/hsroofplate.com\/wp-content\/uploads\/2025\/08\/1-3.webp 278w, https:\/\/hsroofplate.com\/wp-content\/uploads\/2025\/08\/1-3-13x12.webp 13w, https:\/\/hsroofplate.com\/wp-content\/uploads\/2025\/08\/1-3-148x135.webp 148w\" sizes=\"(max-width: 278px) 100vw, 278px\" \/>\t\t\t\t\t\t\t\t\t\t\t\t\t\t\t<\/div>\n\t\t\t\t<\/div>\n\t\t<div class=\"elementor-element elementor-element-74d7a73 e-con-full e-flex e-con e-child\" data-id=\"74d7a73\" data-element_type=\"container\">\n\t\t\t\t<div class=\"elementor-element elementor-element-15ba90b color-scheme-inherit text-left elementor-widget elementor-widget-text-editor\" data-id=\"15ba90b\" data-element_type=\"widget\" data-widget_type=\"text-editor.default\">\n\t\t\t\t\t\t\t\t\t<p>La tuile en acier plastique A+PVC est une tuile composite, recouverte d'une couche de mat\u00e9riau PVC super r\u00e9sistant aux intemp\u00e9ries en surface, et d'une couche inf\u00e9rieure blanche tr\u00e8s r\u00e9sistante en dessous. Nous avons ajout\u00e9 des formules de haute qualit\u00e9 dans des domaines tels que l'absorption des UV, la photostabilit\u00e9 et les propri\u00e9t\u00e9s antioxydantes.<\/p>\t\t\t\t\t\t\t\t<\/div>\n\t\t\t\t<\/div>\n\t\t\t\t\t<\/div>\n\t\t\t\t<\/div>\n\t\t<div class=\"wd-negative-gap elementor-element elementor-element-9d70055 e-flex e-con-boxed e-con e-parent\" data-id=\"9d70055\" data-element_type=\"container\">\n\t\t\t\t\t<div class=\"e-con-inner\">\n\t\t<div class=\"elementor-element elementor-element-4cddfbe e-con-full e-flex e-con e-child\" data-id=\"4cddfbe\" data-element_type=\"container\">\n\t\t\t\t<div class=\"elementor-element elementor-element-1d379bc elementor-widget elementor-widget-image\" data-id=\"1d379bc\" data-element_type=\"widget\" data-widget_type=\"image.default\">\n\t\t\t\t\t\t\t\t\t\t\t\t\t\t\t<img decoding=\"async\" width=\"487\" height=\"644\" src=\"https:\/\/hsroofplate.com\/wp-content\/uploads\/2025\/08\/3-1.webp\" class=\"attachment-large size-large wp-image-10179\" alt=\"\" srcset=\"https:\/\/hsroofplate.com\/wp-content\/uploads\/2025\/08\/3-1.webp 487w, https:\/\/hsroofplate.com\/wp-content\/uploads\/2025\/08\/3-1-227x300.webp 227w, https:\/\/hsroofplate.com\/wp-content\/uploads\/2025\/08\/3-1-9x12.webp 9w, https:\/\/hsroofplate.com\/wp-content\/uploads\/2025\/08\/3-1-148x196.webp 148w\" sizes=\"(max-width: 487px) 100vw, 487px\" \/>\t\t\t\t\t\t\t\t\t\t\t\t\t\t\t<\/div>\n\t\t\t\t<\/div>\n\t\t<div class=\"elementor-element elementor-element-97f8d08 e-con-full e-flex e-con e-child\" data-id=\"97f8d08\" data-element_type=\"container\">\n\t\t\t\t<div class=\"elementor-element elementor-element-002ed86 elementor-widget elementor-widget-image\" data-id=\"002ed86\" data-element_type=\"widget\" data-widget_type=\"image.default\">\n\t\t\t\t\t\t\t\t\t\t\t\t\t\t\t<img decoding=\"async\" width=\"487\" height=\"644\" src=\"https:\/\/hsroofplate.com\/wp-content\/uploads\/2025\/08\/2-1.webp\" class=\"attachment-large size-large wp-image-10178\" alt=\"\" srcset=\"https:\/\/hsroofplate.com\/wp-content\/uploads\/2025\/08\/2-1.webp 487w, https:\/\/hsroofplate.com\/wp-content\/uploads\/2025\/08\/2-1-227x300.webp 227w, https:\/\/hsroofplate.com\/wp-content\/uploads\/2025\/08\/2-1-9x12.webp 9w, https:\/\/hsroofplate.com\/wp-content\/uploads\/2025\/08\/2-1-148x196.webp 148w\" sizes=\"(max-width: 487px) 100vw, 487px\" \/>\t\t\t\t\t\t\t\t\t\t\t\t\t\t\t<\/div>\n\t\t\t\t<\/div>\n\t\t\t\t\t<\/div>\n\t\t\t\t<\/div>\n\t\t<div class=\"wd-negative-gap elementor-element elementor-element-6cca2c2 e-flex e-con-boxed e-con e-parent\" data-id=\"6cca2c2\" data-element_type=\"container\">\n\t\t\t\t\t<div class=\"e-con-inner\">\n\t\t<div class=\"elementor-element elementor-element-7d2ddeb e-con-full e-flex e-con e-child\" data-id=\"7d2ddeb\" data-element_type=\"container\">\n\t\t\t\t<div class=\"elementor-element elementor-element-2478d26 elementor-widget elementor-widget-heading\" data-id=\"2478d26\" data-element_type=\"widget\" data-widget_type=\"heading.default\">\n\t\t\t\t\t<h2 class=\"elementor-heading-title elementor-size-default\">Performance du produit :<\/h2>\t\t\t\t<\/div>\n\t\t\t\t<div class=\"elementor-element elementor-element-d939fd4 color-scheme-inherit text-left elementor-widget elementor-widget-text-editor\" data-id=\"d939fd4\" data-element_type=\"widget\" data-widget_type=\"text-editor.default\">\n\t\t\t\t\t\t\t\t\t<p>1) R\u00e9sistance aux intemp\u00e9ries : gr\u00e2ce \u00e0 l'ajout d'une extrusion anti-ultraviolets, la r\u00e9sistance aux intemp\u00e9ries est consid\u00e9rablement am\u00e9lior\u00e9e.<br \/>2. r\u00e9sistance \u00e0 la corrosion : pas de changement dans une solution acide ou basique.<br \/>3. isolation acoustique : le bruit de la pluie est inf\u00e9rieur de 20 dB \u00e0 celui de la plaque de couleur.<br \/>4) Isolation thermique : le test prouve que l'isolation est inf\u00e9rieure de 2 \u00e0 3 \u00b0C \u00e0 celle de la plaque de couleur.<br \/>5) Isolation : c'est un mat\u00e9riau isolant qui ne conduit pas l'\u00e9lectricit\u00e9 pendant le tonnerre.<br \/>6. pr\u00e9vention des incendies : conform\u00e9ment au test GB 8624-2006, performance en mati\u00e8re d'incendie&gt;B.<br \/>7. installation pratique : la pose de carreaux est plus efficace et permet de r\u00e9aliser des \u00e9conomies.<\/p>\t\t\t\t\t\t\t\t<\/div>\n\t\t\t\t<\/div>\n\t\t<div class=\"elementor-element elementor-element-3e3fae5 e-con-full e-flex e-con e-child\" data-id=\"3e3fae5\" data-element_type=\"container\">\n\t\t\t\t<div class=\"elementor-element elementor-element-40a716d elementor-widget elementor-widget-image\" data-id=\"40a716d\" data-element_type=\"widget\" data-widget_type=\"image.default\">\n\t\t\t\t\t\t\t\t\t\t\t\t\t\t\t<img loading=\"lazy\" decoding=\"async\" width=\"1024\" height=\"568\" src=\"https:\/\/hsroofplate.com\/wp-content\/uploads\/2025\/08\/4-1024x568.webp\" class=\"attachment-large size-large wp-image-10180\" alt=\"\" srcset=\"https:\/\/hsroofplate.com\/wp-content\/uploads\/2025\/08\/4-1024x568.webp 1024w, https:\/\/hsroofplate.com\/wp-content\/uploads\/2025\/08\/4-300x166.webp 300w, https:\/\/hsroofplate.com\/wp-content\/uploads\/2025\/08\/4-768x426.webp 768w, https:\/\/hsroofplate.com\/wp-content\/uploads\/2025\/08\/4-18x10.webp 18w, https:\/\/hsroofplate.com\/wp-content\/uploads\/2025\/08\/4-1200x666.webp 1200w, https:\/\/hsroofplate.com\/wp-content\/uploads\/2025\/08\/4-148x82.webp 148w, https:\/\/hsroofplate.com\/wp-content\/uploads\/2025\/08\/4.webp 1442w\" sizes=\"(max-width: 1024px) 100vw, 1024px\" \/>\t\t\t\t\t\t\t\t\t\t\t\t\t\t\t<\/div>\n\t\t\t\t<\/div>\n\t\t\t\t\t<\/div>\n\t\t\t\t<\/div>\n\t\t<div class=\"wd-negative-gap elementor-element elementor-element-6f1be03 e-flex e-con-boxed e-con e-parent\" data-id=\"6f1be03\" data-element_type=\"container\">\n\t\t\t\t\t<div class=\"e-con-inner\">\n\t\t\t\t<div class=\"elementor-element elementor-element-e99042d elementor-widget elementor-widget-heading\" data-id=\"e99042d\" data-element_type=\"widget\" data-widget_type=\"heading.default\">\n\t\t\t\t\t<h2 class=\"elementor-heading-title elementor-size-default\">Sp\u00e9cofocations<\/h2>\t\t\t\t<\/div>\n\t\t\t\t<div class=\"elementor-element elementor-element-95d9f81 elementor-widget elementor-widget-html\" data-id=\"95d9f81\" data-element_type=\"widget\" data-widget_type=\"html.default\">\n\t\t\t\t\t<!DOCTYPE html>\r\n<html lang=\"en\">\r\n<head>\r\n    <meta charset=\"UTF-8\">\r\n    <meta name=\"viewport\" content=\"width=device-width, initial-scale=1.0\">\r\n    <title>Tableau r\u00e9actif<\/title>\r\n    <style>\r\n        \/* Styling for the table container *\/\r\n        .table-responsive {\r\n            overflow-x: auto;\r\n            -webkit-overflow-scrolling: touch;\r\n            display: block;\r\n        }\r\n\r\n        table {\r\n            width: 100%;\r\n            border-collapse: collapse;\r\n            table-layout: fixed;\r\n        }\r\n\r\n        th, td {\r\n            padding: 10px;\r\n            text-align: left;\r\n            border: 1px solid #ddd;\r\n            word-wrap: break-word;\r\n        }\r\n\r\n        th {\r\n            background-color: #f2f2f2;\r\n        }\r\n\r\n        \/* Media query for responsiveness *\/\r\n        @media only screen and (max-width: 768px) {\r\n            table {\r\n                width: 100%;\r\n                font-size: 12px;\r\n            }\r\n            th, td {\r\n                padding: 6px;\r\n            }\r\n        }\r\n    <\/style>\r\n<\/head>\r\n<body>\r\n    <div class=\"table-responsive\">\r\n        <table>\r\n            <thead>\r\n                <tr>\r\n                    <th>\u00c9paisseur (mm)<\/th>\r\n                    <th>Largeur (mm)<\/th>\r\n                    <th>Longueur (mm)<\/th>\r\n                    <th>Distance d'onde (mm)<\/th>\r\n                    <th>Hauteur de l'onde (mm)<\/th>\r\n                    <th>Pas (mm)<\/th>\r\n                <\/tr>\r\n            <\/thead>\r\n            <tbody>\r\n                <tr>\r\n                    <td>1,5 mm - 4,0 mm<\/td>\r\n                    <td>1130<\/td>\r\n                    <td>Longueur<\/td>\r\n                    <td>210<\/td>\r\n                    <td>26<\/td>\r\n                    <td>Pitch<\/td>\r\n                <\/tr>\r\n            <\/tbody>\r\n        <\/table>\r\n    <\/div>\r\n<\/body>\r\n<\/html>\r\n\t\t\t\t<\/div>\n\t\t\t\t\t<\/div>\n\t\t\t\t<\/div>\n\t\t\t\t<\/div>","protected":false},"excerpt":{"rendered":"<p>La tuile en acier plastique A+PVC offre une durabilit\u00e9 et une r\u00e9sistance aux intemp\u00e9ries sup\u00e9rieures, ce qui la rend id\u00e9ale pour la couverture de diverses applications commerciales et r\u00e9sidentielles.<\/p>","protected":false},"featured_media":10181,"comment_status":"open","ping_status":"closed","template":"","meta":[],"product_brand":[],"product_cat":[139,147],"product_tag":[],"class_list":{"0":"post-10175","1":"product","2":"type-product","3":"status-publish","4":"has-post-thumbnail","6":"product_cat-t-shape-pvc-sheet","7":"product_cat-pvc-corrugated-sheet","9":"first","10":"instock","11":"featured","12":"shipping-taxable","13":"product-type-simple"},"_links":{"self":[{"href":"https:\/\/hsroofplate.com\/fr\/wp-json\/wp\/v2\/product\/10175","targetHints":{"allow":["GET"]}}],"collection":[{"href":"https:\/\/hsroofplate.com\/fr\/wp-json\/wp\/v2\/product"}],"about":[{"href":"https:\/\/hsroofplate.com\/fr\/wp-json\/wp\/v2\/types\/product"}],"replies":[{"embeddable":true,"href":"https:\/\/hsroofplate.com\/fr\/wp-json\/wp\/v2\/comments?post=10175"}],"version-history":[{"count":6,"href":"https:\/\/hsroofplate.com\/fr\/wp-json\/wp\/v2\/product\/10175\/revisions"}],"predecessor-version":[{"id":11994,"href":"https:\/\/hsroofplate.com\/fr\/wp-json\/wp\/v2\/product\/10175\/revisions\/11994"}],"wp:featuredmedia":[{"embeddable":true,"href":"https:\/\/hsroofplate.com\/fr\/wp-json\/wp\/v2\/media\/10181"}],"wp:attachment":[{"href":"https:\/\/hsroofplate.com\/fr\/wp-json\/wp\/v2\/media?parent=10175"}],"wp:term":[{"taxonomy":"product_brand","embeddable":true,"href":"https:\/\/hsroofplate.com\/fr\/wp-json\/wp\/v2\/product_brand?post=10175"},{"taxonomy":"product_cat","embeddable":true,"href":"https:\/\/hsroofplate.com\/fr\/wp-json\/wp\/v2\/product_cat?post=10175"},{"taxonomy":"product_tag","embeddable":true,"href":"https:\/\/hsroofplate.com\/fr\/wp-json\/wp\/v2\/product_tag?post=10175"}],"curies":[{"name":"wp","href":"https:\/\/api.w.org\/{rel}","templated":true}]}}