{"id":10229,"date":"2025-08-20T09:40:10","date_gmt":"2025-08-20T09:40:10","guid":{"rendered":"https:\/\/hsroofplate.com\/?post_type=product&#038;p=10229"},"modified":"2026-01-01T15:11:34","modified_gmt":"2026-01-01T15:11:34","slug":"tuiles-transparentes-ppc-panneaux-solaires","status":"publish","type":"product","link":"https:\/\/hsroofplate.com\/fr\/produits\/t-shape-pvc-sheet\/corrugated-plastic-roof-panel\/tuiles-transparentes-ppc-panneaux-solaires\/","title":{"rendered":"Tuiles transparentes PPC - panneaux solaires"},"content":{"rendered":"<div data-elementor-type=\"product-post\" data-elementor-id=\"10229\" class=\"elementor elementor-10229\" data-elementor-post-type=\"product\">\n\t\t\t\t<div class=\"wd-negative-gap elementor-element elementor-element-fd78026 e-flex e-con-boxed e-con e-parent\" data-id=\"fd78026\" data-element_type=\"container\">\n\t\t\t\t\t<div class=\"e-con-inner\">\n\t\t<div class=\"elementor-element elementor-element-b55770f e-con-full e-flex e-con e-child\" data-id=\"b55770f\" data-element_type=\"container\">\n\t\t\t\t<div class=\"elementor-element elementor-element-7bb3341 elementor-widget elementor-widget-image\" data-id=\"7bb3341\" data-element_type=\"widget\" data-widget_type=\"image.default\">\n\t\t\t\t\t\t\t\t\t\t\t\t\t\t\t<img decoding=\"async\" width=\"220\" height=\"217\" src=\"https:\/\/hsroofplate.com\/wp-content\/uploads\/2025\/08\/4-3.webp\" class=\"attachment-large size-large wp-image-10234\" alt=\"\" srcset=\"https:\/\/hsroofplate.com\/wp-content\/uploads\/2025\/08\/4-3.webp 220w, https:\/\/hsroofplate.com\/wp-content\/uploads\/2025\/08\/4-3-12x12.webp 12w, https:\/\/hsroofplate.com\/wp-content\/uploads\/2025\/08\/4-3-148x146.webp 148w\" sizes=\"(max-width: 220px) 100vw, 220px\" \/>\t\t\t\t\t\t\t\t\t\t\t\t\t\t\t<\/div>\n\t\t\t\t<\/div>\n\t\t<div class=\"elementor-element elementor-element-2b2a2ac e-con-full e-flex e-con e-child\" data-id=\"2b2a2ac\" data-element_type=\"container\">\n\t\t\t\t<div class=\"elementor-element elementor-element-be5dfa7 color-scheme-inherit text-left elementor-widget elementor-widget-text-editor\" data-id=\"be5dfa7\" data-element_type=\"widget\" data-widget_type=\"text-editor.default\">\n\t\t\t\t\t\t\t\t\t<p>Ce produit est fabriqu\u00e9 \u00e0 partir d'un panneau de PC soumis \u00e0 un traitement thermique multiple. Il peut \u00eatre largement utilis\u00e9 pour r\u00e9pondre aux exigences de formes sp\u00e9ciales et de petites s\u00e9ries de tuiles transparentes.<\/p>\t\t\t\t\t\t\t\t<\/div>\n\t\t\t\t<\/div>\n\t\t\t\t\t<\/div>\n\t\t\t\t<\/div>\n\t\t<div class=\"wd-negative-gap elementor-element elementor-element-e158517 e-flex e-con-boxed e-con e-parent\" data-id=\"e158517\" data-element_type=\"container\">\n\t\t\t\t\t<div class=\"e-con-inner\">\n\t\t<div class=\"elementor-element elementor-element-dc111f2 e-con-full e-flex e-con e-child\" data-id=\"dc111f2\" data-element_type=\"container\">\n\t\t\t\t<div class=\"elementor-element elementor-element-1a9cbf0 elementor-widget elementor-widget-heading\" data-id=\"1a9cbf0\" data-element_type=\"widget\" data-widget_type=\"heading.default\">\n\t\t\t\t\t<h2 class=\"elementor-heading-title elementor-size-default\">Performance du produit :<\/h2>\t\t\t\t<\/div>\n\t\t\t\t<div class=\"elementor-element elementor-element-e3695c4 color-scheme-inherit text-left elementor-widget elementor-widget-text-editor\" data-id=\"e3695c4\" data-element_type=\"widget\" data-widget_type=\"text-editor.default\">\n\t\t\t\t\t\t\t\t\t<p>1. transmission de la lumi\u00e8re : la transmission de la lumi\u00e8re atteint 12%-82% en fonction de la couleur et de l'\u00e9paisseur.<br \/>2. protection contre les UV : Gr\u00e2ce \u00e0 la surface UV brevet\u00e9e, la feuille conserve des propri\u00e9t\u00e9s m\u00e9caniques parfaites m\u00eame apr\u00e8s une exposition prolong\u00e9e \u00e0 des conditions climatiques extr\u00eames.<br \/>3) R\u00e9sistance aux intemp\u00e9ries : Il a une bonne r\u00e9sistance aux intemp\u00e9ries et peut conserver d'excellentes propri\u00e9t\u00e9s dans une large gamme de temp\u00e9ratures allant de 40 \u00e0 120\u00b0C.<\/p>\t\t\t\t\t\t\t\t<\/div>\n\t\t\t\t<\/div>\n\t\t<div class=\"elementor-element elementor-element-55a8a4d e-con-full e-flex e-con e-child\" data-id=\"55a8a4d\" data-element_type=\"container\">\n\t\t\t\t<div class=\"elementor-element elementor-element-f8afc3a elementor-widget elementor-widget-image\" data-id=\"f8afc3a\" data-element_type=\"widget\" data-widget_type=\"image.default\">\n\t\t\t\t\t\t\t\t\t\t\t\t\t\t\t<img fetchpriority=\"high\" decoding=\"async\" width=\"353\" height=\"304\" src=\"https:\/\/hsroofplate.com\/wp-content\/uploads\/2025\/08\/3-5.webp\" class=\"attachment-large size-large wp-image-10233\" alt=\"\" srcset=\"https:\/\/hsroofplate.com\/wp-content\/uploads\/2025\/08\/3-5.webp 353w, https:\/\/hsroofplate.com\/wp-content\/uploads\/2025\/08\/3-5-300x258.webp 300w, https:\/\/hsroofplate.com\/wp-content\/uploads\/2025\/08\/3-5-14x12.webp 14w, https:\/\/hsroofplate.com\/wp-content\/uploads\/2025\/08\/3-5-148x127.webp 148w\" sizes=\"(max-width: 353px) 100vw, 353px\" \/>\t\t\t\t\t\t\t\t\t\t\t\t\t\t\t<\/div>\n\t\t\t\t<\/div>\n\t\t\t\t\t<\/div>\n\t\t\t\t<\/div>\n\t\t<div class=\"wd-negative-gap elementor-element elementor-element-4055bc0 e-flex e-con-boxed e-con e-parent\" data-id=\"4055bc0\" data-element_type=\"container\">\n\t\t\t\t\t<div class=\"e-con-inner\">\n\t\t\t\t<div class=\"elementor-element elementor-element-1bc8ebf elementor-widget elementor-widget-heading\" data-id=\"1bc8ebf\" data-element_type=\"widget\" data-widget_type=\"heading.default\">\n\t\t\t\t\t<h2 class=\"elementor-heading-title elementor-size-default\">cas<\/h2>\t\t\t\t<\/div>\n\t\t\t\t\t<\/div>\n\t\t\t\t<\/div>\n\t\t<div class=\"wd-negative-gap elementor-element elementor-element-b48f568 e-flex e-con-boxed e-con e-parent\" data-id=\"b48f568\" data-element_type=\"container\">\n\t\t\t\t\t<div class=\"e-con-inner\">\n\t\t<div class=\"elementor-element elementor-element-992321c e-con-full e-flex e-con e-child\" data-id=\"992321c\" data-element_type=\"container\">\n\t\t\t\t<div class=\"elementor-element elementor-element-4132d9d elementor-widget elementor-widget-image\" data-id=\"4132d9d\" data-element_type=\"widget\" data-widget_type=\"image.default\">\n\t\t\t\t\t\t\t\t\t\t\t\t\t\t\t<img decoding=\"async\" width=\"512\" height=\"512\" src=\"https:\/\/hsroofplate.com\/wp-content\/uploads\/2025\/08\/5-3.webp\" class=\"attachment-large size-large wp-image-10240\" alt=\"carreaux transparents5\" srcset=\"https:\/\/hsroofplate.com\/wp-content\/uploads\/2025\/08\/5-3.webp 512w, https:\/\/hsroofplate.com\/wp-content\/uploads\/2025\/08\/5-3-300x300.webp 300w, https:\/\/hsroofplate.com\/wp-content\/uploads\/2025\/08\/5-3-150x150.webp 150w, https:\/\/hsroofplate.com\/wp-content\/uploads\/2025\/08\/5-3-12x12.webp 12w, https:\/\/hsroofplate.com\/wp-content\/uploads\/2025\/08\/5-3-148x148.webp 148w\" sizes=\"(max-width: 512px) 100vw, 512px\" \/>\t\t\t\t\t\t\t\t\t\t\t\t\t\t\t<\/div>\n\t\t\t\t<\/div>\n\t\t<div class=\"elementor-element elementor-element-efbd215 e-con-full e-flex e-con e-child\" data-id=\"efbd215\" data-element_type=\"container\">\n\t\t\t\t<div class=\"elementor-element elementor-element-ff28eea elementor-widget elementor-widget-image\" data-id=\"ff28eea\" data-element_type=\"widget\" data-widget_type=\"image.default\">\n\t\t\t\t\t\t\t\t\t\t\t\t\t\t\t<img loading=\"lazy\" decoding=\"async\" width=\"512\" height=\"512\" src=\"https:\/\/hsroofplate.com\/wp-content\/uploads\/2025\/08\/6-2.webp\" class=\"attachment-large size-large wp-image-10241\" alt=\"carreaux transparents6\" srcset=\"https:\/\/hsroofplate.com\/wp-content\/uploads\/2025\/08\/6-2.webp 512w, https:\/\/hsroofplate.com\/wp-content\/uploads\/2025\/08\/6-2-300x300.webp 300w, https:\/\/hsroofplate.com\/wp-content\/uploads\/2025\/08\/6-2-150x150.webp 150w, https:\/\/hsroofplate.com\/wp-content\/uploads\/2025\/08\/6-2-12x12.webp 12w, https:\/\/hsroofplate.com\/wp-content\/uploads\/2025\/08\/6-2-148x148.webp 148w\" sizes=\"(max-width: 512px) 100vw, 512px\" \/>\t\t\t\t\t\t\t\t\t\t\t\t\t\t\t<\/div>\n\t\t\t\t<\/div>\n\t\t<div class=\"elementor-element elementor-element-ad87ffb e-con-full e-flex e-con e-child\" data-id=\"ad87ffb\" data-element_type=\"container\">\n\t\t\t\t<div class=\"elementor-element elementor-element-e7378a5 elementor-widget elementor-widget-image\" data-id=\"e7378a5\" data-element_type=\"widget\" data-widget_type=\"image.default\">\n\t\t\t\t\t\t\t\t\t\t\t\t\t\t\t<img loading=\"lazy\" decoding=\"async\" width=\"512\" height=\"512\" src=\"https:\/\/hsroofplate.com\/wp-content\/uploads\/2025\/08\/7-3.webp\" class=\"attachment-large size-large wp-image-10242\" alt=\"carreaux transparents7\" srcset=\"https:\/\/hsroofplate.com\/wp-content\/uploads\/2025\/08\/7-3.webp 512w, https:\/\/hsroofplate.com\/wp-content\/uploads\/2025\/08\/7-3-300x300.webp 300w, https:\/\/hsroofplate.com\/wp-content\/uploads\/2025\/08\/7-3-150x150.webp 150w, https:\/\/hsroofplate.com\/wp-content\/uploads\/2025\/08\/7-3-12x12.webp 12w, https:\/\/hsroofplate.com\/wp-content\/uploads\/2025\/08\/7-3-148x148.webp 148w\" sizes=\"(max-width: 512px) 100vw, 512px\" \/>\t\t\t\t\t\t\t\t\t\t\t\t\t\t\t<\/div>\n\t\t\t\t<\/div>\n\t\t\t\t\t<\/div>\n\t\t\t\t<\/div>\n\t\t\t\t<\/div>","protected":false},"excerpt":{"rendered":"<p>Les dalles transparentes offrent un aspect \u00e9l\u00e9gant et moderne avec une meilleure transmission de la lumi\u00e8re, ce qui est parfait pour cr\u00e9er des espaces ouverts et a\u00e9r\u00e9s dans les environnements r\u00e9sidentiels et commerciaux.<\/p>","protected":false},"featured_media":10232,"comment_status":"open","ping_status":"closed","template":"","meta":[],"product_brand":[],"product_cat":[139,146],"product_tag":[],"class_list":{"0":"post-10229","1":"product","2":"type-product","3":"status-publish","4":"has-post-thumbnail","6":"product_cat-t-shape-pvc-sheet","7":"product_cat-corrugated-plastic-roof-panel","9":"first","10":"instock","11":"shipping-taxable","12":"product-type-simple"},"_links":{"self":[{"href":"https:\/\/hsroofplate.com\/fr\/wp-json\/wp\/v2\/product\/10229","targetHints":{"allow":["GET"]}}],"collection":[{"href":"https:\/\/hsroofplate.com\/fr\/wp-json\/wp\/v2\/product"}],"about":[{"href":"https:\/\/hsroofplate.com\/fr\/wp-json\/wp\/v2\/types\/product"}],"replies":[{"embeddable":true,"href":"https:\/\/hsroofplate.com\/fr\/wp-json\/wp\/v2\/comments?post=10229"}],"version-history":[{"count":6,"href":"https:\/\/hsroofplate.com\/fr\/wp-json\/wp\/v2\/product\/10229\/revisions"}],"predecessor-version":[{"id":11337,"href":"https:\/\/hsroofplate.com\/fr\/wp-json\/wp\/v2\/product\/10229\/revisions\/11337"}],"wp:featuredmedia":[{"embeddable":true,"href":"https:\/\/hsroofplate.com\/fr\/wp-json\/wp\/v2\/media\/10232"}],"wp:attachment":[{"href":"https:\/\/hsroofplate.com\/fr\/wp-json\/wp\/v2\/media?parent=10229"}],"wp:term":[{"taxonomy":"product_brand","embeddable":true,"href":"https:\/\/hsroofplate.com\/fr\/wp-json\/wp\/v2\/product_brand?post=10229"},{"taxonomy":"product_cat","embeddable":true,"href":"https:\/\/hsroofplate.com\/fr\/wp-json\/wp\/v2\/product_cat?post=10229"},{"taxonomy":"product_tag","embeddable":true,"href":"https:\/\/hsroofplate.com\/fr\/wp-json\/wp\/v2\/product_tag?post=10229"}],"curies":[{"name":"wp","href":"https:\/\/api.w.org\/{rel}","templated":true}]}}