{"id":11639,"date":"2025-11-24T04:35:26","date_gmt":"2025-11-24T04:35:26","guid":{"rendered":"https:\/\/hsroofplate.com\/?post_type=product&#038;p=11639"},"modified":"2025-11-24T04:35:26","modified_gmt":"2025-11-24T04:35:26","slug":"resin-roof-tiles","status":"publish","type":"product","link":"https:\/\/hsroofplate.com\/fr\/produits\/plaque-de-toiture-en-resine-synthetique\/tuile-royale\/resin-roof-tiles\/","title":{"rendered":"Resin Roof Tiles"},"content":{"rendered":"<h3>Description<\/h3>\n<p>HAISU1050\u00a0is the most popular roof model in the world, we offer 30 years quality guarantee. We use ASA material from the international famous brand, that can keep color durable for more than 10 years.<\/p>\n<h3>Sp\u00e9cifications pour r\u00e9f\u00e9rence<\/h3>\n<p><img fetchpriority=\"high\" decoding=\"async\" class=\"alignnone wp-image-11348\" src=\"https:\/\/hsroofplate.com\/wp-content\/uploads\/2025\/11\/\u6ce2\u74e6-\u53c2\u6570-300x205.png\" alt=\"\" width=\"700\" height=\"479\" srcset=\"https:\/\/hsroofplate.com\/wp-content\/uploads\/2025\/11\/\u6ce2\u74e6-\u53c2\u6570-300x205.png 300w, https:\/\/hsroofplate.com\/wp-content\/uploads\/2025\/11\/\u6ce2\u74e6-\u53c2\u6570-1024x700.png 1024w, https:\/\/hsroofplate.com\/wp-content\/uploads\/2025\/11\/\u6ce2\u74e6-\u53c2\u6570-768x525.png 768w, https:\/\/hsroofplate.com\/wp-content\/uploads\/2025\/11\/\u6ce2\u74e6-\u53c2\u6570-18x12.png 18w, https:\/\/hsroofplate.com\/wp-content\/uploads\/2025\/11\/\u6ce2\u74e6-\u53c2\u6570-148x101.png 148w, https:\/\/hsroofplate.com\/wp-content\/uploads\/2025\/11\/\u6ce2\u74e6-\u53c2\u6570.png 1167w\" sizes=\"(max-width: 700px) 100vw, 700px\" \/><\/p>\n<h3>D'excellents avantages<\/h3>\n<p><img decoding=\"async\" class=\"alignnone wp-image-11349\" src=\"https:\/\/hsroofplate.com\/wp-content\/uploads\/2025\/11\/\u6027\u80fd1-300x114.jpg\" alt=\"\" width=\"700\" height=\"267\" srcset=\"https:\/\/hsroofplate.com\/wp-content\/uploads\/2025\/11\/\u6027\u80fd1-300x114.jpg 300w, https:\/\/hsroofplate.com\/wp-content\/uploads\/2025\/11\/\u6027\u80fd1-1024x391.jpg 1024w, https:\/\/hsroofplate.com\/wp-content\/uploads\/2025\/11\/\u6027\u80fd1-768x293.jpg 768w, https:\/\/hsroofplate.com\/wp-content\/uploads\/2025\/11\/\u6027\u80fd1-1536x586.jpg 1536w, https:\/\/hsroofplate.com\/wp-content\/uploads\/2025\/11\/\u6027\u80fd1-scaled.jpg 2048w, https:\/\/hsroofplate.com\/wp-content\/uploads\/2025\/11\/\u6027\u80fd1-18x7.jpg 18w, https:\/\/hsroofplate.com\/wp-content\/uploads\/2025\/11\/\u6027\u80fd1-1200x458.jpg 1200w, https:\/\/hsroofplate.com\/wp-content\/uploads\/2025\/11\/\u6027\u80fd1-148x56.jpg 148w\" sizes=\"(max-width: 700px) 100vw, 700px\" \/><\/p>\n<h3>Pourquoi la r\u00e9sine synth\u00e9tique, et non l'argile, l'acier ou le ciment ?<\/h3>\n<p><img decoding=\"async\" class=\"alignnone wp-image-11350\" src=\"https:\/\/hsroofplate.com\/wp-content\/uploads\/2025\/11\/\u5404\u79cd\u74e6\u5bf9\u6bd4-300x108.png\" alt=\"\" width=\"650\" height=\"234\" srcset=\"https:\/\/hsroofplate.com\/wp-content\/uploads\/2025\/11\/\u5404\u79cd\u74e6\u5bf9\u6bd4-300x108.png 300w, https:\/\/hsroofplate.com\/wp-content\/uploads\/2025\/11\/\u5404\u79cd\u74e6\u5bf9\u6bd4-1024x368.png 1024w, https:\/\/hsroofplate.com\/wp-content\/uploads\/2025\/11\/\u5404\u79cd\u74e6\u5bf9\u6bd4-768x276.png 768w, https:\/\/hsroofplate.com\/wp-content\/uploads\/2025\/11\/\u5404\u79cd\u74e6\u5bf9\u6bd4-18x6.png 18w, https:\/\/hsroofplate.com\/wp-content\/uploads\/2025\/11\/\u5404\u79cd\u74e6\u5bf9\u6bd4-148x53.png 148w, https:\/\/hsroofplate.com\/wp-content\/uploads\/2025\/11\/\u5404\u79cd\u74e6\u5bf9\u6bd4.png 1176w\" sizes=\"(max-width: 650px) 100vw, 650px\" \/><\/p>","protected":false},"excerpt":{"rendered":"<p>HAISU1050\u00a0is the most popular roof model in the world, we offer 30 years quality guarantee. We use ASA material from the international famous brand, that can keep color durable for more than 10 years.<\/p>","protected":false},"featured_media":11640,"comment_status":"open","ping_status":"closed","template":"","meta":[],"product_brand":[],"product_cat":[123,124],"product_tag":[],"class_list":{"0":"post-11639","1":"product","2":"type-product","3":"status-publish","4":"has-post-thumbnail","6":"product_cat-synthetic-resin-roof-sheet","7":"product_cat-royal-roof-tile","9":"first","10":"instock","11":"shipping-taxable","12":"product-type-simple"},"_links":{"self":[{"href":"https:\/\/hsroofplate.com\/fr\/wp-json\/wp\/v2\/product\/11639","targetHints":{"allow":["GET"]}}],"collection":[{"href":"https:\/\/hsroofplate.com\/fr\/wp-json\/wp\/v2\/product"}],"about":[{"href":"https:\/\/hsroofplate.com\/fr\/wp-json\/wp\/v2\/types\/product"}],"replies":[{"embeddable":true,"href":"https:\/\/hsroofplate.com\/fr\/wp-json\/wp\/v2\/comments?post=11639"}],"version-history":[{"count":1,"href":"https:\/\/hsroofplate.com\/fr\/wp-json\/wp\/v2\/product\/11639\/revisions"}],"predecessor-version":[{"id":11641,"href":"https:\/\/hsroofplate.com\/fr\/wp-json\/wp\/v2\/product\/11639\/revisions\/11641"}],"wp:featuredmedia":[{"embeddable":true,"href":"https:\/\/hsroofplate.com\/fr\/wp-json\/wp\/v2\/media\/11640"}],"wp:attachment":[{"href":"https:\/\/hsroofplate.com\/fr\/wp-json\/wp\/v2\/media?parent=11639"}],"wp:term":[{"taxonomy":"product_brand","embeddable":true,"href":"https:\/\/hsroofplate.com\/fr\/wp-json\/wp\/v2\/product_brand?post=11639"},{"taxonomy":"product_cat","embeddable":true,"href":"https:\/\/hsroofplate.com\/fr\/wp-json\/wp\/v2\/product_cat?post=11639"},{"taxonomy":"product_tag","embeddable":true,"href":"https:\/\/hsroofplate.com\/fr\/wp-json\/wp\/v2\/product_tag?post=11639"}],"curies":[{"name":"wp","href":"https:\/\/api.w.org\/{rel}","templated":true}]}}