{"id":11749,"date":"2025-11-25T08:04:26","date_gmt":"2025-11-25T08:04:26","guid":{"rendered":"https:\/\/hsroofplate.com\/?post_type=product&#038;p=11749"},"modified":"2025-11-25T08:04:26","modified_gmt":"2025-11-25T08:04:26","slug":"pvc-roofing-tile","status":"publish","type":"product","link":"https:\/\/hsroofplate.com\/fr\/produits\/t-shape-pvc-sheet\/upvc-roof-tiles\/pvc-roofing-tile\/","title":{"rendered":"PVC Roofing Tile"},"content":{"rendered":"<h3>Description<\/h3>\n<p>The product is made of super weather-resistant ASA resin and modified PVC resin and processed by double-layer co-extrusion technology. The biggest advantage is that it can significantly improve the insulation performance. The surface material is super weather resistant resin to ensure product durability and corrosion resistance; the bottom material is PVC resin, which can increase the rigidity and impact resistance of the tile and increase the space and brightness of the factory.<\/p>\n<h3>Sp\u00e9cifications pour r\u00e9f\u00e9rence<\/h3>\n<p><img fetchpriority=\"high\" decoding=\"async\" class=\"alignnone wp-image-11687\" src=\"https:\/\/hsroofplate.com\/wp-content\/uploads\/2025\/11\/T\u74e6-\u53c2\u65702-300x196.png\" alt=\"\" width=\"700\" height=\"458\" srcset=\"https:\/\/hsroofplate.com\/wp-content\/uploads\/2025\/11\/T\u74e6-\u53c2\u65702-300x196.png 300w, https:\/\/hsroofplate.com\/wp-content\/uploads\/2025\/11\/T\u74e6-\u53c2\u65702-1024x670.png 1024w, https:\/\/hsroofplate.com\/wp-content\/uploads\/2025\/11\/T\u74e6-\u53c2\u65702-768x503.png 768w, https:\/\/hsroofplate.com\/wp-content\/uploads\/2025\/11\/T\u74e6-\u53c2\u65702-18x12.png 18w, https:\/\/hsroofplate.com\/wp-content\/uploads\/2025\/11\/T\u74e6-\u53c2\u65702-148x97.png 148w, https:\/\/hsroofplate.com\/wp-content\/uploads\/2025\/11\/T\u74e6-\u53c2\u65702.png 1173w\" sizes=\"(max-width: 700px) 100vw, 700px\" \/><\/p>\n<h3>ExcellentAdvantages<\/h3>\n<p><img decoding=\"async\" class=\"alignnone wp-image-11349\" src=\"https:\/\/hsroofplate.com\/wp-content\/uploads\/2025\/11\/\u6027\u80fd1-300x114.jpg\" alt=\"\" width=\"700\" height=\"267\" srcset=\"https:\/\/hsroofplate.com\/wp-content\/uploads\/2025\/11\/\u6027\u80fd1-300x114.jpg 300w, https:\/\/hsroofplate.com\/wp-content\/uploads\/2025\/11\/\u6027\u80fd1-1024x391.jpg 1024w, https:\/\/hsroofplate.com\/wp-content\/uploads\/2025\/11\/\u6027\u80fd1-768x293.jpg 768w, https:\/\/hsroofplate.com\/wp-content\/uploads\/2025\/11\/\u6027\u80fd1-1536x586.jpg 1536w, https:\/\/hsroofplate.com\/wp-content\/uploads\/2025\/11\/\u6027\u80fd1-scaled.jpg 2048w, https:\/\/hsroofplate.com\/wp-content\/uploads\/2025\/11\/\u6027\u80fd1-18x7.jpg 18w, https:\/\/hsroofplate.com\/wp-content\/uploads\/2025\/11\/\u6027\u80fd1-1200x458.jpg 1200w, https:\/\/hsroofplate.com\/wp-content\/uploads\/2025\/11\/\u6027\u80fd1-148x56.jpg 148w\" sizes=\"(max-width: 700px) 100vw, 700px\" \/><\/p>\n<h3>Why Synthetic Resin, Not Clay, Not Steel. Not Cement?<\/h3>\n<p><img decoding=\"async\" class=\"alignnone wp-image-11350\" src=\"https:\/\/hsroofplate.com\/wp-content\/uploads\/2025\/11\/\u5404\u79cd\u74e6\u5bf9\u6bd4-300x108.png\" alt=\"\" width=\"700\" height=\"252\" srcset=\"https:\/\/hsroofplate.com\/wp-content\/uploads\/2025\/11\/\u5404\u79cd\u74e6\u5bf9\u6bd4-300x108.png 300w, https:\/\/hsroofplate.com\/wp-content\/uploads\/2025\/11\/\u5404\u79cd\u74e6\u5bf9\u6bd4-1024x368.png 1024w, https:\/\/hsroofplate.com\/wp-content\/uploads\/2025\/11\/\u5404\u79cd\u74e6\u5bf9\u6bd4-768x276.png 768w, https:\/\/hsroofplate.com\/wp-content\/uploads\/2025\/11\/\u5404\u79cd\u74e6\u5bf9\u6bd4-18x6.png 18w, https:\/\/hsroofplate.com\/wp-content\/uploads\/2025\/11\/\u5404\u79cd\u74e6\u5bf9\u6bd4-148x53.png 148w, https:\/\/hsroofplate.com\/wp-content\/uploads\/2025\/11\/\u5404\u79cd\u74e6\u5bf9\u6bd4.png 1176w\" sizes=\"(max-width: 700px) 100vw, 700px\" \/><\/p>\n<h3>Test Report of pvc trapezoidal roof sheeting<\/h3>\n<p><img loading=\"lazy\" decoding=\"async\" class=\"alignnone wp-image-11695\" src=\"https:\/\/hsroofplate.com\/wp-content\/uploads\/2025\/11\/\u6d4b\u8bd5\u62a5\u544aT\u74e6-300x277.png\" alt=\"\" width=\"700\" height=\"647\" srcset=\"https:\/\/hsroofplate.com\/wp-content\/uploads\/2025\/11\/\u6d4b\u8bd5\u62a5\u544aT\u74e6-300x277.png 300w, https:\/\/hsroofplate.com\/wp-content\/uploads\/2025\/11\/\u6d4b\u8bd5\u62a5\u544aT\u74e6-1024x947.png 1024w, https:\/\/hsroofplate.com\/wp-content\/uploads\/2025\/11\/\u6d4b\u8bd5\u62a5\u544aT\u74e6-768x710.png 768w, https:\/\/hsroofplate.com\/wp-content\/uploads\/2025\/11\/\u6d4b\u8bd5\u62a5\u544aT\u74e6-1536x1421.png 1536w, https:\/\/hsroofplate.com\/wp-content\/uploads\/2025\/11\/\u6d4b\u8bd5\u62a5\u544aT\u74e6-scaled.png 2048w\" sizes=\"(max-width: 700px) 100vw, 700px\" \/><\/p>\n<h3>Installation And Notes<\/h3>\n<p><img loading=\"lazy\" decoding=\"async\" class=\"alignnone wp-image-11693\" src=\"https:\/\/hsroofplate.com\/wp-content\/uploads\/2025\/11\/\u5b89\u88c5T\u74e6-300x173.png\" alt=\"\" width=\"700\" height=\"403\" srcset=\"https:\/\/hsroofplate.com\/wp-content\/uploads\/2025\/11\/\u5b89\u88c5T\u74e6-300x173.png 300w, https:\/\/hsroofplate.com\/wp-content\/uploads\/2025\/11\/\u5b89\u88c5T\u74e6-1024x590.png 1024w, https:\/\/hsroofplate.com\/wp-content\/uploads\/2025\/11\/\u5b89\u88c5T\u74e6-768x442.png 768w, https:\/\/hsroofplate.com\/wp-content\/uploads\/2025\/11\/\u5b89\u88c5T\u74e6-1536x885.png 1536w, https:\/\/hsroofplate.com\/wp-content\/uploads\/2025\/11\/\u5b89\u88c5T\u74e6-scaled.png 2048w, https:\/\/hsroofplate.com\/wp-content\/uploads\/2025\/11\/\u5b89\u88c5T\u74e6-18x10.png 18w, https:\/\/hsroofplate.com\/wp-content\/uploads\/2025\/11\/\u5b89\u88c5T\u74e6-1200x691.png 1200w, https:\/\/hsroofplate.com\/wp-content\/uploads\/2025\/11\/\u5b89\u88c5T\u74e6-148x85.png 148w\" sizes=\"(max-width: 700px) 100vw, 700px\" \/><\/p>\n<h3>Notice<\/h3>\n<p>1. When maintenance the roof tiles, must put a wooden board on the top of roof tile first, then the worker step on thewooden board.<br \/>\n2. The roofing tile should not be over-bent, to avoid damages.<br \/>\n3. The heat expansion and cold contraction of roof tile is different from steel sheet,expansion space must be reservedand pay attention to embedded depth, otherwise the roof tile deformation and cracking might happen.<br \/>\n4. When installation, it is recommended to use special waterproof accessories (self-drill serew and plastic fixers).<br \/>\nEspecially at eaves&#8217; position, plastic fixer must be used to hold down.<br \/>\n5. It is recommended to use neutral silicone sealant and suitable gasket material to prevent leakage.<\/p>\n<p>&nbsp;<\/p>\n<p>&nbsp;<\/p>\n<p>&nbsp;<\/p>\n<p>&nbsp;<\/p>\n<p>&nbsp;<\/p>","protected":false},"excerpt":{"rendered":"<p>The product is made of super weather-resistant ASA resin and modified PVC resin and processed by double-layer co-extrusion technology. The biggest advantage is that it can significantly improve the insulation performance. The surface material is super weather resistant resin to ensure product durability and corrosion resistance; the bottom material is PVC resin, which can increase the rigidity and impact resistance of the tile and increase the space and brightness of the factory.<\/p>","protected":false},"featured_media":11750,"comment_status":"open","ping_status":"closed","template":"","meta":[],"product_brand":[],"product_cat":[139,153],"product_tag":[],"class_list":{"0":"post-11749","1":"product","2":"type-product","3":"status-publish","4":"has-post-thumbnail","6":"product_cat-t-shape-pvc-sheet","7":"product_cat-upvc-roof-tiles","9":"first","10":"instock","11":"shipping-taxable","12":"product-type-simple"},"_links":{"self":[{"href":"https:\/\/hsroofplate.com\/fr\/wp-json\/wp\/v2\/product\/11749","targetHints":{"allow":["GET"]}}],"collection":[{"href":"https:\/\/hsroofplate.com\/fr\/wp-json\/wp\/v2\/product"}],"about":[{"href":"https:\/\/hsroofplate.com\/fr\/wp-json\/wp\/v2\/types\/product"}],"replies":[{"embeddable":true,"href":"https:\/\/hsroofplate.com\/fr\/wp-json\/wp\/v2\/comments?post=11749"}],"version-history":[{"count":1,"href":"https:\/\/hsroofplate.com\/fr\/wp-json\/wp\/v2\/product\/11749\/revisions"}],"predecessor-version":[{"id":11751,"href":"https:\/\/hsroofplate.com\/fr\/wp-json\/wp\/v2\/product\/11749\/revisions\/11751"}],"wp:featuredmedia":[{"embeddable":true,"href":"https:\/\/hsroofplate.com\/fr\/wp-json\/wp\/v2\/media\/11750"}],"wp:attachment":[{"href":"https:\/\/hsroofplate.com\/fr\/wp-json\/wp\/v2\/media?parent=11749"}],"wp:term":[{"taxonomy":"product_brand","embeddable":true,"href":"https:\/\/hsroofplate.com\/fr\/wp-json\/wp\/v2\/product_brand?post=11749"},{"taxonomy":"product_cat","embeddable":true,"href":"https:\/\/hsroofplate.com\/fr\/wp-json\/wp\/v2\/product_cat?post=11749"},{"taxonomy":"product_tag","embeddable":true,"href":"https:\/\/hsroofplate.com\/fr\/wp-json\/wp\/v2\/product_tag?post=11749"}],"curies":[{"name":"wp","href":"https:\/\/api.w.org\/{rel}","templated":true}]}}