{"id":3,"date":"2025-08-14T07:21:22","date_gmt":"2025-08-14T07:21:22","guid":{"rendered":"http:\/\/hsroofplate.com\/?page_id=3"},"modified":"2025-11-11T06:11:13","modified_gmt":"2025-11-11T06:11:13","slug":"politica-de-privacidade","status":"publish","type":"page","link":"https:\/\/hsroofplate.com\/pt\/politica-de-privacidade\/","title":{"rendered":"Pol\u00edtica de privacidade"},"content":{"rendered":"<div data-elementor-type=\"wp-page\" data-elementor-id=\"3\" class=\"elementor elementor-3\" data-elementor-post-type=\"page\">\n\t\t\t\t<div class=\"wd-negative-gap elementor-element elementor-element-55223047 e-flex e-con-boxed e-con e-parent\" data-id=\"55223047\" data-element_type=\"container\">\n\t\t\t\t\t<div class=\"e-con-inner\">\n\t\t<div class=\"elementor-element elementor-element-3f044d9 e-con-full e-flex e-con e-child\" data-id=\"3f044d9\" data-element_type=\"container\">\n\t\t\t\t<\/div>\n\t\t\t\t<div class=\"elementor-element elementor-element-ba19191 color-scheme-inherit text-left elementor-widget elementor-widget-text-editor\" data-id=\"ba19191\" data-element_type=\"widget\" data-widget_type=\"text-editor.default\">\n\t\t\t\t\t\t\t\t\t\n<p>No site https:\/\/hsroofplate.com\/ (de agora em diante, ser\u00e1 referido como https:\/\/hsroofplate.com\/), a privacidade do visitante \u00e9 nossa grande preocupa\u00e7\u00e3o. Esta p\u00e1gina de pol\u00edtica de privacidade descreve que tipo de informa\u00e7\u00f5es pessoais podem ser recebidas e coletadas pelo https:\/\/hsroofplate.com\/ e como essas informa\u00e7\u00f5es ser\u00e3o usadas.<\/p>\n\n\n\n<h2 class=\"wp-block-heading\">AN\u00daNCIOS EM REDES SOCIAIS E MECANISMOS DE PESQUISA<\/h2>\n\n\n\n<p>Como muitos outros sites profissionais, o https:\/\/hsroofplate.com\/ investe em publicidade na Internet. Nossos parceiros de publicidade incluem o Facebook Ads e o Google Ads. Para maximizar o ROI da publicidade on-line e encontrar clientes-alvo, o https:\/\/hsroofplate.com\/ aplicou alguns c\u00f3digos de rastreamento gerados por esses mecanismos de pesquisa para registrar IPs de usu\u00e1rios e fluxos de visualiza\u00e7\u00e3o de p\u00e1ginas.<\/p>\n\n\n\n<h2 class=\"wp-block-heading\">DADOS DE CONTATO COMERCIAL<\/h2>\n\n\n\n<p>Coletamos todos os dados de contato comercial enviados pelos visitantes por meio de e-mails ou formul\u00e1rios da Web no site https:\/\/hsroofplate.com\/. A identifica\u00e7\u00e3o do visitante e os dados relacionados ao contato inseridos ser\u00e3o mantidos estritamente para uso interno do https:\/\/hsroofplate.com\/.com. O https:\/\/hsroofplate.com\/ garantir\u00e1 a seguran\u00e7a e o uso adequado desses dados.<\/p>\n\n\n\n<h2 class=\"wp-block-heading\">USO DE INFORMA\u00c7\u00d5ES<\/h2>\n\n\n\n<p>Somente usaremos suas informa\u00e7\u00f5es de identifica\u00e7\u00e3o pessoal conforme descrito abaixo, a menos que voc\u00ea tenha consentido especificamente com outro tipo de uso, seja no momento em que as informa\u00e7\u00f5es de identifica\u00e7\u00e3o pessoal forem coletadas ou por meio de alguma outra forma de consentimento seu:<\/p>\n\n\n\n<p>Usaremos informa\u00e7\u00f5es de identifica\u00e7\u00e3o pessoal para concluir quaisquer pedidos que voc\u00ea tenha feito<\/p>\n\n\n\n<p>Usaremos as informa\u00e7\u00f5es de identifica\u00e7\u00e3o pessoal para fornecer os servi\u00e7os espec\u00edficos que voc\u00ea solicitou, como, por exemplo, para entrar em contato com um varejista.<\/p>\n\n\n\n<p>Usaremos suas informa\u00e7\u00f5es de identifica\u00e7\u00e3o pessoal para responder \u00e0s perguntas que voc\u00ea nos enviar.<\/p>\n\n\n\n<p>Usaremos suas informa\u00e7\u00f5es de identifica\u00e7\u00e3o pessoal para enviar-lhe e-mails periodicamente, como boletins informativos e avisos sobre nossas promo\u00e7\u00f5es.<\/p>\n\n\n\n<p>Podemos divulgar informa\u00e7\u00f5es de identifica\u00e7\u00e3o pessoal conforme exigido por lei ou processo legal.<\/p>\n\n\n\n<p>Podemos divulgar informa\u00e7\u00f5es de identifica\u00e7\u00e3o pessoal para investigar suspeitas de fraude, ass\u00e9dio ou outras viola\u00e7\u00f5es de qualquer lei, regra ou regulamento, ou dos termos ou pol\u00edticas do site.<\/p>\n\n\n\n<h2 class=\"wp-block-heading\">OPT-OUT\/CORRE\u00c7\u00d5ES<\/h2>\n\n\n\n<p>Mediante sua solicita\u00e7\u00e3o, n\u00f3s (a) corrigiremos ou atualizaremos suas informa\u00e7\u00f5es pessoais; (b) deixaremos de enviar e-mails para seu endere\u00e7o de e-mail; e\/ou (c) desativaremos sua conta para evitar futuras compras por meio dela. Voc\u00ea pode fazer essas solicita\u00e7\u00f5es na se\u00e7\u00e3o de informa\u00e7\u00f5es do cliente, telefonando ou enviando sua solicita\u00e7\u00e3o por e-mail<\/p>\n\n\n\n<p>Departamento de Suporte ao Cliente do https:\/\/hsroofplate.com\/.com em&nbsp;<a href=\"mailto:safs139@safsteelstructure.com\">G531060324@outlook.com<\/a>. N\u00e3o envie por e-mail o n\u00famero de seu cart\u00e3o de cr\u00e9dito ou outras informa\u00e7\u00f5es confidenciais.<\/p>\n\n\n\n<h2 class=\"wp-block-heading\">TERMOS E CONDI\u00c7\u00d5ES<\/h2>\n\n\n\n<h3 class=\"wp-block-heading\">1. Aplica\u00e7\u00e3o e aceita\u00e7\u00e3o dos Termos<\/h3>\n\n\n\n<p>Bem-vindo ao nosso site! Este documento \u00e9 um acordo legalmente vinculante entre voc\u00ea, como usu\u00e1rio(s) do site (doravante denominado \"voc\u00ea\", \"seu\" ou \"Usu\u00e1rio\") e https:\/\/hsroofplate.com\/ - propriet\u00e1rio do site https:\/\/hsroofplate.com\/.com.<\/p>\n\n\n\n<p>1.1 O uso dos servi\u00e7os e produtos do https:\/\/hsroofplate.com\/ (coletivamente denominados \"Servi\u00e7os\" daqui em diante) est\u00e1 sujeito aos termos e condi\u00e7\u00f5es contidos neste documento, bem como \u00e0 Pol\u00edtica de Privacidade e a quaisquer outras regras e pol\u00edticas do https:\/\/hsroofplate.com\/ que possam ser publicadas pelo https:\/\/hsroofplate.com\/ periodicamente. Este documento e as demais regras e pol\u00edticas do https:\/\/hsroofplate.com\/ s\u00e3o coletivamente referidos abaixo como os \"Termos\". Ao acessar o https:\/\/hsroofplate.com\/ ou usar os Servi\u00e7os, voc\u00ea concorda em aceitar e se vincular aos Termos. N\u00e3o use os Servi\u00e7os ou o https:\/\/hsroofplate.com\/ se n\u00e3o aceitar todos os Termos.<\/p>\n\n\n\n<p>1.2 Voc\u00ea n\u00e3o poder\u00e1 usar os Servi\u00e7os e n\u00e3o poder\u00e1 aceitar os Termos se (a) n\u00e3o tiver idade legal para firmar um contrato vinculativo com o https:\/\/hsroofplate.com\/.com ou (b) n\u00e3o tiver permiss\u00e3o para receber quaisquer Servi\u00e7os de acordo com as leis da Rep\u00fablica Popular da China ou de outros pa\u00edses\/regi\u00f5es, incluindo o pa\u00eds\/regi\u00e3o em que voc\u00ea reside ou a partir do qual usa os Servi\u00e7os.<\/p>\n\n\n\n<p>1.3 O usu\u00e1rio reconhece e concorda que o https:\/\/hsroofplate.com\/.commay pode alterar quaisquer Termos a qualquer momento, publicando os Termos alterados e reformulados relevantes no site https:\/\/hsroofplate.com\/.com. Ao continuar a usar os Servi\u00e7os ou o https:\/\/hsroofplate.com\/.com, o usu\u00e1rio concorda que os Termos alterados se aplicar\u00e3o a ele.<\/p>\n\n\n\n<h3 class=\"wp-block-heading\">2. Usu\u00e1rios em geral<\/h3>\n\n\n\n<p>2.1 Como condi\u00e7\u00e3o para seu acesso e uso do https:\/\/hsroofplate.com\/ ou dos Servi\u00e7os, voc\u00ea concorda em cumprir todas as leis e regulamentos aplic\u00e1veis ao usar o https:\/\/hsroofplate.com\/ ou os Servi\u00e7os.<\/p>\n\n\n\n<p>2.2 O usu\u00e1rio deve ler a Pol\u00edtica de Privacidade do https:\/\/hsroofplate.com\/.com, que rege a prote\u00e7\u00e3o e o uso de informa\u00e7\u00f5es pessoais sobre os Usu\u00e1rios em posse do https:\/\/hsroofplate.com\/ e de nossas afiliadas. O usu\u00e1rio aceita os termos da Pol\u00edtica de Privacidade e concorda com o uso de suas informa\u00e7\u00f5es pessoais de acordo com a Pol\u00edtica de Privacidade.<\/p>\n\n\n\n<p>2.3 O Usu\u00e1rio concorda em n\u00e3o realizar nenhuma a\u00e7\u00e3o para prejudicar a integridade dos sistemas ou redes de computadores do https:\/\/hsroofplate.com\/ e\/ou de qualquer outro Usu\u00e1rio, nem para obter acesso n\u00e3o autorizado a tais sistemas ou redes de computadores.<\/p>\n\n\n\n<p>2.4 Voc\u00ea concorda em n\u00e3o tirar qualquer vantagem do uso das informa\u00e7\u00f5es listadas em https:\/\/hsroofplate.com\/ ou recebidas de quaisquer representantes de https:\/\/hsroofplate.com\/ nas atividades, incluindo: defini\u00e7\u00e3o de n\u00edveis de pre\u00e7os ou cota\u00e7\u00f5es de produtos e servi\u00e7os que n\u00e3o s\u00e3o comprados de https:\/\/hsroofplate.com\/.com, prepara\u00e7\u00e3o de conte\u00fado do site, reda\u00e7\u00e3o de contratos ou acordos sem a participa\u00e7\u00e3o de https:\/\/hsroofplate.com\/.<\/p>\n\n\n\n<h3 class=\"wp-block-heading\">3. Produtos e pre\u00e7os<\/h3>\n\n\n\n<p>3.1 Como estamos continuamente desenvolvendo e atualizando nossos produtos e servi\u00e7os, qualquer especifica\u00e7\u00e3o t\u00e9cnica e n\u00e3o t\u00e9cnica, incluindo, entre outros, p\u00e1ginas da Web, relat\u00f3rios, tabelas, figuras, imagens, v\u00eddeos ou \u00e1udios de qualquer um dos produtos do https:\/\/hsroofplate.com\/ pode ser alterada ou completamente modificada em formatos e conte\u00fados sem notifica\u00e7\u00e3o pr\u00e9via, seja on-line ou off-line.<\/p>\n\n\n\n<p>3.2 Os pre\u00e7os listados em https:\/\/hsroofplate.com\/ ou fornecidos por qualquer representante de https:\/\/hsroofplate.com\/ est\u00e3o sujeitos a altera\u00e7\u00f5es sem aviso pr\u00e9vio.<\/p>\n\n\n\n<h3 class=\"wp-block-heading\">4. Limita\u00e7\u00e3o de responsabilidade<\/h3>\n\n\n\n<p>4.1 Qualquer material baixado ou de outra forma obtido por meio do site https:\/\/hsroofplate.com\/ \u00e9 feito a crit\u00e9rio e risco exclusivos de cada Usu\u00e1rio, e cada Usu\u00e1rio \u00e9 o \u00fanico respons\u00e1vel por qualquer dano ao sistema de computador do https:\/\/hsroofplate.com\/ ou perda de dados que possa resultar do download de tal material.<\/p>\n\n\n\n<p><\/p>\n\t\t\t\t\t\t\t\t<\/div>\n\t\t\t\t\t<\/div>\n\t\t\t\t<\/div>\n\t\t\t\t<\/div>","protected":false},"excerpt":{"rendered":"<p>On https:\/\/hsroofplate.com\/&nbsp;( from now on, will be referred as https:\/\/hsroofplate.com\/), as visitor privacy is of our serious concern. This privacy<\/p>","protected":false},"author":1,"featured_media":0,"parent":0,"menu_order":0,"comment_status":"closed","ping_status":"open","template":"elementor_header_footer","meta":{"footnotes":""},"class_list":["post-3","page","type-page","status-publish","hentry"],"_links":{"self":[{"href":"https:\/\/hsroofplate.com\/pt\/wp-json\/wp\/v2\/pages\/3","targetHints":{"allow":["GET"]}}],"collection":[{"href":"https:\/\/hsroofplate.com\/pt\/wp-json\/wp\/v2\/pages"}],"about":[{"href":"https:\/\/hsroofplate.com\/pt\/wp-json\/wp\/v2\/types\/page"}],"author":[{"embeddable":true,"href":"https:\/\/hsroofplate.com\/pt\/wp-json\/wp\/v2\/users\/1"}],"replies":[{"embeddable":true,"href":"https:\/\/hsroofplate.com\/pt\/wp-json\/wp\/v2\/comments?post=3"}],"version-history":[{"count":7,"href":"https:\/\/hsroofplate.com\/pt\/wp-json\/wp\/v2\/pages\/3\/revisions"}],"predecessor-version":[{"id":11055,"href":"https:\/\/hsroofplate.com\/pt\/wp-json\/wp\/v2\/pages\/3\/revisions\/11055"}],"wp:attachment":[{"href":"https:\/\/hsroofplate.com\/pt\/wp-json\/wp\/v2\/media?parent=3"}],"curies":[{"name":"wp","href":"https:\/\/api.w.org\/{rel}","templated":true}]}}