{"id":10144,"date":"2025-08-20T07:22:40","date_gmt":"2025-08-20T07:22:40","guid":{"rendered":"https:\/\/hsroofplate.com\/?post_type=product&#038;p=10144"},"modified":"2026-01-01T15:14:53","modified_gmt":"2026-01-01T15:14:53","slug":"telha-composta-de-asa","status":"publish","type":"product","link":"https:\/\/hsroofplate.com\/pt\/produtos\/t-shape-pvc-sheet\/pvc-trapezoidal-roof-sheeting\/telha-composta-de-asa\/","title":{"rendered":"Telha composta ASA"},"content":{"rendered":"<div data-elementor-type=\"product-post\" data-elementor-id=\"10144\" class=\"elementor elementor-10144\" data-elementor-post-type=\"product\">\n\t\t\t\t<div class=\"wd-negative-gap elementor-element elementor-element-f2bc564 e-flex e-con-boxed e-con e-parent\" data-id=\"f2bc564\" data-element_type=\"container\">\n\t\t\t\t\t<div class=\"e-con-inner\">\n\t\t<div class=\"elementor-element elementor-element-067d913 e-con-full e-flex e-con e-child\" data-id=\"067d913\" data-element_type=\"container\">\n\t\t\t\t<div class=\"elementor-element elementor-element-ca4bbb1 elementor-widget elementor-widget-image\" data-id=\"ca4bbb1\" data-element_type=\"widget\" data-widget_type=\"image.default\">\n\t\t\t\t\t\t\t\t\t\t\t\t\t\t\t<img fetchpriority=\"high\" decoding=\"async\" width=\"783\" height=\"457\" src=\"https:\/\/hsroofplate.com\/wp-content\/uploads\/2025\/08\/1-1.webp\" class=\"attachment-large size-large wp-image-10146\" alt=\"\" srcset=\"https:\/\/hsroofplate.com\/wp-content\/uploads\/2025\/08\/1-1.webp 783w, https:\/\/hsroofplate.com\/wp-content\/uploads\/2025\/08\/1-1-300x175.webp 300w, https:\/\/hsroofplate.com\/wp-content\/uploads\/2025\/08\/1-1-768x448.webp 768w, https:\/\/hsroofplate.com\/wp-content\/uploads\/2025\/08\/1-1-18x12.webp 18w, https:\/\/hsroofplate.com\/wp-content\/uploads\/2025\/08\/1-1-148x86.webp 148w\" sizes=\"(max-width: 783px) 100vw, 783px\" \/>\t\t\t\t\t\t\t\t\t\t\t\t\t\t\t<\/div>\n\t\t\t\t<\/div>\n\t\t<div class=\"elementor-element elementor-element-848706e e-con-full e-flex e-con e-child\" data-id=\"848706e\" data-element_type=\"container\">\n\t\t\t\t<div class=\"elementor-element elementor-element-4de2282 elementor-widget elementor-widget-heading\" data-id=\"4de2282\" data-element_type=\"widget\" data-widget_type=\"heading.default\">\n\t\t\t\t\t<h2 class=\"elementor-heading-title elementor-size-default\">Desempenho do produto:<\/h2>\t\t\t\t<\/div>\n\t\t\t\t<div class=\"elementor-element elementor-element-5bb4eda color-scheme-inherit text-left elementor-widget elementor-widget-text-editor\" data-id=\"5bb4eda\" data-element_type=\"widget\" data-widget_type=\"text-editor.default\">\n\t\t\t\t\t\t\t\t\t<p>1. Resist\u00eancia \u00e0 corros\u00e3o: permane\u00e7a 24 horas em sal, \u00e1lcali e 60% de \u00e1cido sem rea\u00e7\u00e3o qu\u00edmica. \u00c9 adequado para \u00e1reas propensas \u00e0 chuva \u00e1cida, plantas corrosivas e \u00e1reas costeiras, e o efeito \u00e9 particularmente not\u00e1vel!<br \/>2. resist\u00eancia \u00e0s intemp\u00e9ries: o material da superf\u00edcie \u00e9 extrudado por uma camada de superf\u00edcie de resina super-resistente e a espessura da camada de resist\u00eancia da superf\u00edcie \u00e9 superior a 0,2 mm, garantindo assim a durabilidade e a resist\u00eancia \u00e0 corros\u00e3o do produto.<br \/>3. desempenho do isolamento ac\u00fastico: Foi comprovado por experimentos que, no caso de chuva forte, vento forte e outros ru\u00eddos externos, a telha ondulada composta anticorrosiva tem um bom efeito de absor\u00e7\u00e3o de ru\u00eddo, que \u00e9 30 dB menor do que o ru\u00eddo da placa de a\u00e7o colorida.<br \/>4. retardamento de fogo: de acordo com o teste padr\u00e3o de gb8624-2006 da autoridade nacional de prote\u00e7\u00e3o contra inc\u00eandio, o n\u00edvel de desempenho de prote\u00e7\u00e3o contra inc\u00eandio \u00e9 &gt;=B<br \/>5. isolamento t\u00e9rmico: a condutividade t\u00e9rmica do produto \u00e9 de 0,325w\/m.k, cerca de 1\/310 da telha de argila, 1\/5,5 mm da telha de cimento e 1\/2000 das telhas. Ao mesmo tempo, o produto \u00e9 um guarda-sol e, em compara\u00e7\u00e3o com a co-ex-trus\u00e3o de duas camadas, a maior vantagem \u00e9 que ele melhora muito o desempenho do isolamento t\u00e9rmico.<br \/>6. resist\u00eancia ao impacto: resist\u00eancia a baixas temperaturas: o produto tem grande capacidade de suportar impactos externos, e o desempenho do teste tamb\u00e9m \u00e9 not\u00e1vel.<br \/>7. desempenho do isolamento: O produto \u00e9 um produto isolante e est\u00e1 em boas condi\u00e7\u00f5es quando ocorre uma descarga acidental. Em particular, \u00e9 mais seguro substituir as telhas met\u00e1licas na \u00e1rea da \u00e1rea de raios e na linha de alta press\u00e3o.\u00a0<\/p>\t\t\t\t\t\t\t\t<\/div>\n\t\t\t\t<\/div>\n\t\t\t\t\t<\/div>\n\t\t\t\t<\/div>\n\t\t<div class=\"wd-negative-gap elementor-element elementor-element-7f8ee04 e-flex e-con-boxed e-con e-parent\" data-id=\"7f8ee04\" data-element_type=\"container\">\n\t\t\t\t\t<div class=\"e-con-inner\">\n\t\t\t\t<div class=\"elementor-element elementor-element-a606037 elementor-widget elementor-widget-heading\" data-id=\"a606037\" data-element_type=\"widget\" data-widget_type=\"heading.default\">\n\t\t\t\t\t<h2 class=\"elementor-heading-title elementor-size-default\">Especifoca\u00e7\u00f5es<\/h2>\t\t\t\t<\/div>\n\t\t\t\t<div class=\"elementor-element elementor-element-9118f68 elementor-widget elementor-widget-html\" data-id=\"9118f68\" data-element_type=\"widget\" data-widget_type=\"html.default\">\n\t\t\t\t\t<!DOCTYPE html>\r\n<html lang=\"en\">\r\n<head>\r\n    <meta charset=\"UTF-8\">\r\n    <meta name=\"viewport\" content=\"width=device-width, initial-scale=1.0\">\r\n    <title>Tabela responsiva<\/title>\r\n    <style>\r\n        \/* Styling for the table container *\/\r\n        .table-responsive {\r\n            overflow-x: auto;\r\n            -webkit-overflow-scrolling: touch;\r\n            display: block;\r\n        }\r\n\r\n        table {\r\n            width: 100%;\r\n            border-collapse: collapse;\r\n            table-layout: fixed;\r\n        }\r\n\r\n        th, td {\r\n            padding: 10px;\r\n            text-align: left;\r\n            border: 1px solid #ddd;\r\n            word-wrap: break-word;\r\n        }\r\n\r\n        th {\r\n            background-color: #f2f2f2;\r\n        }\r\n\r\n        \/* Media query for responsiveness *\/\r\n        @media only screen and (max-width: 768px) {\r\n            table {\r\n                width: 100%;\r\n                font-size: 12px;\r\n            }\r\n            th, td {\r\n                padding: 6px;\r\n            }\r\n        }\r\n    <\/style>\r\n<\/head>\r\n<body>\r\n    <div class=\"table-responsive\">\r\n        <table>\r\n            <thead>\r\n                <tr>\r\n                    <th>Espessura (mm)<\/th>\r\n                    <th>Largura (mm)<\/th>\r\n                    <th>Comprimento (mm)<\/th>\r\n                    <th>Dist\u00e2ncia da onda (mm)<\/th>\r\n                    <th>Altura da onda (mm)<\/th>\r\n                    <th>Passo (mm)<\/th>\r\n                <\/tr>\r\n            <\/thead>\r\n            <tbody>\r\n                <tr>\r\n                    <td>1,8 mm - 4,0 mm<\/td>\r\n                    <td>1130<\/td>\r\n                    <td>Comprimento<\/td>\r\n                    <td>210<\/td>\r\n                    <td>26<\/td>\r\n                    <td>Pitch<\/td>\r\n                <\/tr>\r\n            <\/tbody>\r\n        <\/table>\r\n    <\/div>\r\n<\/body>\r\n<\/html>\r\n\t\t\t\t<\/div>\n\t\t\t\t\t<\/div>\n\t\t\t\t<\/div>\n\t\t\t\t<\/div>","protected":false},"excerpt":{"rendered":"<p>A ASA Composite Tile oferece alta durabilidade e design elegante, o que a torna ideal para aplica\u00e7\u00f5es internas e externas em espa\u00e7os residenciais e comerciais.<\/p>","protected":false},"featured_media":10156,"comment_status":"open","ping_status":"closed","template":"","meta":[],"product_brand":[],"product_cat":[139,144],"product_tag":[],"class_list":{"0":"post-10144","1":"product","2":"type-product","3":"status-publish","4":"has-post-thumbnail","6":"product_cat-t-shape-pvc-sheet","7":"product_cat-pvc-trapezoidal-roof-sheeting","9":"first","10":"instock","11":"shipping-taxable","12":"product-type-simple"},"_links":{"self":[{"href":"https:\/\/hsroofplate.com\/pt\/wp-json\/wp\/v2\/product\/10144","targetHints":{"allow":["GET"]}}],"collection":[{"href":"https:\/\/hsroofplate.com\/pt\/wp-json\/wp\/v2\/product"}],"about":[{"href":"https:\/\/hsroofplate.com\/pt\/wp-json\/wp\/v2\/types\/product"}],"replies":[{"embeddable":true,"href":"https:\/\/hsroofplate.com\/pt\/wp-json\/wp\/v2\/comments?post=10144"}],"version-history":[{"count":10,"href":"https:\/\/hsroofplate.com\/pt\/wp-json\/wp\/v2\/product\/10144\/revisions"}],"predecessor-version":[{"id":11996,"href":"https:\/\/hsroofplate.com\/pt\/wp-json\/wp\/v2\/product\/10144\/revisions\/11996"}],"wp:featuredmedia":[{"embeddable":true,"href":"https:\/\/hsroofplate.com\/pt\/wp-json\/wp\/v2\/media\/10156"}],"wp:attachment":[{"href":"https:\/\/hsroofplate.com\/pt\/wp-json\/wp\/v2\/media?parent=10144"}],"wp:term":[{"taxonomy":"product_brand","embeddable":true,"href":"https:\/\/hsroofplate.com\/pt\/wp-json\/wp\/v2\/product_brand?post=10144"},{"taxonomy":"product_cat","embeddable":true,"href":"https:\/\/hsroofplate.com\/pt\/wp-json\/wp\/v2\/product_cat?post=10144"},{"taxonomy":"product_tag","embeddable":true,"href":"https:\/\/hsroofplate.com\/pt\/wp-json\/wp\/v2\/product_tag?post=10144"}],"curies":[{"name":"wp","href":"https:\/\/api.w.org\/{rel}","templated":true}]}}