{"id":10206,"date":"2025-08-20T09:05:18","date_gmt":"2025-08-20T09:05:18","guid":{"rendered":"https:\/\/hsroofplate.com\/?post_type=product&#038;p=10206"},"modified":"2026-01-01T15:09:49","modified_gmt":"2026-01-01T15:09:49","slug":"divisorias-de-pvc","status":"publish","type":"product","link":"https:\/\/hsroofplate.com\/pt\/produtos\/t-shape-pvc-sheet\/pvc-corrugated-resistance-roof-tile\/divisorias-de-pvc\/","title":{"rendered":"Placa divis\u00f3ria de PVC"},"content":{"rendered":"<div data-elementor-type=\"product-post\" data-elementor-id=\"10206\" class=\"elementor elementor-10206\" data-elementor-post-type=\"product\">\n\t\t\t\t<div class=\"wd-negative-gap elementor-element elementor-element-eb862de e-flex e-con-boxed e-con e-parent\" data-id=\"eb862de\" data-element_type=\"container\">\n\t\t\t\t\t<div class=\"e-con-inner\">\n\t\t<div class=\"elementor-element elementor-element-dd09691 e-con-full e-flex e-con e-child\" data-id=\"dd09691\" data-element_type=\"container\">\n\t\t\t\t<div class=\"elementor-element elementor-element-665337f elementor-widget elementor-widget-image\" data-id=\"665337f\" data-element_type=\"widget\" data-widget_type=\"image.default\">\n\t\t\t\t\t\t\t\t\t\t\t\t\t\t\t<img fetchpriority=\"high\" decoding=\"async\" width=\"800\" height=\"800\" src=\"https:\/\/hsroofplate.com\/wp-content\/uploads\/2025\/08\/11-1.webp\" class=\"attachment-large size-large wp-image-10208\" alt=\"Placa de parti\u00e7\u00e3o\" srcset=\"https:\/\/hsroofplate.com\/wp-content\/uploads\/2025\/08\/11-1.webp 800w, https:\/\/hsroofplate.com\/wp-content\/uploads\/2025\/08\/11-1-300x300.webp 300w, https:\/\/hsroofplate.com\/wp-content\/uploads\/2025\/08\/11-1-150x150.webp 150w, https:\/\/hsroofplate.com\/wp-content\/uploads\/2025\/08\/11-1-768x768.webp 768w, https:\/\/hsroofplate.com\/wp-content\/uploads\/2025\/08\/11-1-12x12.webp 12w, https:\/\/hsroofplate.com\/wp-content\/uploads\/2025\/08\/11-1-600x600.webp 600w, https:\/\/hsroofplate.com\/wp-content\/uploads\/2025\/08\/11-1-148x148.webp 148w, https:\/\/hsroofplate.com\/wp-content\/uploads\/2025\/08\/11-1-400x400.webp 400w\" sizes=\"(max-width: 800px) 100vw, 800px\" \/>\t\t\t\t\t\t\t\t\t\t\t\t\t\t\t<\/div>\n\t\t\t\t<div class=\"elementor-element elementor-element-10ed686 elementor-widget elementor-widget-image\" data-id=\"10ed686\" data-element_type=\"widget\" data-widget_type=\"image.default\">\n\t\t\t\t\t\t\t\t\t\t\t\t\t\t\t<img decoding=\"async\" width=\"558\" height=\"121\" src=\"https:\/\/hsroofplate.com\/wp-content\/uploads\/2025\/08\/2-2.webp\" class=\"attachment-large size-large wp-image-10209\" alt=\"\" srcset=\"https:\/\/hsroofplate.com\/wp-content\/uploads\/2025\/08\/2-2.webp 558w, https:\/\/hsroofplate.com\/wp-content\/uploads\/2025\/08\/2-2-300x65.webp 300w, https:\/\/hsroofplate.com\/wp-content\/uploads\/2025\/08\/2-2-18x4.webp 18w, https:\/\/hsroofplate.com\/wp-content\/uploads\/2025\/08\/2-2-148x32.webp 148w\" sizes=\"(max-width: 558px) 100vw, 558px\" \/>\t\t\t\t\t\t\t\t\t\t\t\t\t\t\t<\/div>\n\t\t\t\t<\/div>\n\t\t<div class=\"elementor-element elementor-element-441af6e e-con-full e-flex e-con e-child\" data-id=\"441af6e\" data-element_type=\"container\">\n\t\t\t\t<div class=\"elementor-element elementor-element-14ceedb color-scheme-inherit text-left elementor-widget elementor-widget-text-editor\" data-id=\"14ceedb\" data-element_type=\"widget\" data-widget_type=\"text-editor.default\">\n\t\t\t\t\t\t\t\t\t<p>Placa de parede divis\u00f3ria de PVC: design exclusivo de altura ondulada, boa resist\u00eancia, n\u00e3o \u00e9 f\u00e1cil de deformar, tem camadas e \u00e9 tridimensionalmente forte. Adequado para teto e parede.<\/p>\t\t\t\t\t\t\t\t<\/div>\n\t\t\t\t<\/div>\n\t\t\t\t\t<\/div>\n\t\t\t\t<\/div>\n\t\t<div class=\"wd-negative-gap elementor-element elementor-element-2296a7d e-flex e-con-boxed e-con e-parent\" data-id=\"2296a7d\" data-element_type=\"container\">\n\t\t\t\t\t<div class=\"e-con-inner\">\n\t\t<div class=\"elementor-element elementor-element-c3d18e4 e-con-full e-flex e-con e-child\" data-id=\"c3d18e4\" data-element_type=\"container\">\n\t\t\t\t<div class=\"elementor-element elementor-element-2b923e1 color-scheme-inherit text-left elementor-widget elementor-widget-text-editor\" data-id=\"2b923e1\" data-element_type=\"widget\" data-widget_type=\"text-editor.default\">\n\t\t\t\t\t\t\t\t\t<p>Telha trapezoidal 1360: o PVC \u00e9 a principal mat\u00e9ria-prima, fabricada por meio de propor\u00e7\u00e3o cient\u00edfica e tecnologia de produ\u00e7\u00e3o avan\u00e7ada. F\u00f3rmulas de alta qualidade foram adicionadas em termos de absor\u00e7\u00e3o ultravioleta, estabilidade \u00e0 luz e antioxida\u00e7\u00e3o.<\/p>\t\t\t\t\t\t\t\t<\/div>\n\t\t\t\t<\/div>\n\t\t<div class=\"elementor-element elementor-element-62c3bf0 e-con-full e-flex e-con e-child\" data-id=\"62c3bf0\" data-element_type=\"container\">\n\t\t\t\t<div class=\"elementor-element elementor-element-62bbeac elementor-widget elementor-widget-image\" data-id=\"62bbeac\" data-element_type=\"widget\" data-widget_type=\"image.default\">\n\t\t\t\t\t\t\t\t\t\t\t\t\t\t\t<img decoding=\"async\" width=\"887\" height=\"560\" src=\"https:\/\/hsroofplate.com\/wp-content\/uploads\/2025\/08\/3-3.webp\" class=\"attachment-large size-large wp-image-10210\" alt=\"1360 telha trapezoidal\" srcset=\"https:\/\/hsroofplate.com\/wp-content\/uploads\/2025\/08\/3-3.webp 887w, https:\/\/hsroofplate.com\/wp-content\/uploads\/2025\/08\/3-3-300x189.webp 300w, https:\/\/hsroofplate.com\/wp-content\/uploads\/2025\/08\/3-3-768x485.webp 768w, https:\/\/hsroofplate.com\/wp-content\/uploads\/2025\/08\/3-3-18x12.webp 18w, https:\/\/hsroofplate.com\/wp-content\/uploads\/2025\/08\/3-3-148x93.webp 148w\" sizes=\"(max-width: 887px) 100vw, 887px\" \/>\t\t\t\t\t\t\t\t\t\t\t\t\t\t\t<\/div>\n\t\t\t\t<\/div>\n\t\t\t\t\t<\/div>\n\t\t\t\t<\/div>\n\t\t\t\t<\/div>","protected":false},"excerpt":{"rendered":"<p>A placa divis\u00f3ria de PVC oferece solu\u00e7\u00f5es de separa\u00e7\u00e3o dur\u00e1veis e flex\u00edveis, perfeitas para organizar espa\u00e7os em aplica\u00e7\u00f5es comerciais e residenciais.<\/p>","protected":false},"featured_media":10208,"comment_status":"open","ping_status":"closed","template":"","meta":[],"product_brand":[],"product_cat":[139,148],"product_tag":[],"class_list":{"0":"post-10206","1":"product","2":"type-product","3":"status-publish","4":"has-post-thumbnail","6":"product_cat-t-shape-pvc-sheet","7":"product_cat-pvc-corrugated-resistance-roof-tile","9":"first","10":"instock","11":"shipping-taxable","12":"product-type-simple"},"_links":{"self":[{"href":"https:\/\/hsroofplate.com\/pt\/wp-json\/wp\/v2\/product\/10206","targetHints":{"allow":["GET"]}}],"collection":[{"href":"https:\/\/hsroofplate.com\/pt\/wp-json\/wp\/v2\/product"}],"about":[{"href":"https:\/\/hsroofplate.com\/pt\/wp-json\/wp\/v2\/types\/product"}],"replies":[{"embeddable":true,"href":"https:\/\/hsroofplate.com\/pt\/wp-json\/wp\/v2\/comments?post=10206"}],"version-history":[{"count":5,"href":"https:\/\/hsroofplate.com\/pt\/wp-json\/wp\/v2\/product\/10206\/revisions"}],"predecessor-version":[{"id":11992,"href":"https:\/\/hsroofplate.com\/pt\/wp-json\/wp\/v2\/product\/10206\/revisions\/11992"}],"wp:featuredmedia":[{"embeddable":true,"href":"https:\/\/hsroofplate.com\/pt\/wp-json\/wp\/v2\/media\/10208"}],"wp:attachment":[{"href":"https:\/\/hsroofplate.com\/pt\/wp-json\/wp\/v2\/media?parent=10206"}],"wp:term":[{"taxonomy":"product_brand","embeddable":true,"href":"https:\/\/hsroofplate.com\/pt\/wp-json\/wp\/v2\/product_brand?post=10206"},{"taxonomy":"product_cat","embeddable":true,"href":"https:\/\/hsroofplate.com\/pt\/wp-json\/wp\/v2\/product_cat?post=10206"},{"taxonomy":"product_tag","embeddable":true,"href":"https:\/\/hsroofplate.com\/pt\/wp-json\/wp\/v2\/product_tag?post=10206"}],"curies":[{"name":"wp","href":"https:\/\/api.w.org\/{rel}","templated":true}]}}