{"id":11346,"date":"2025-11-14T09:20:31","date_gmt":"2025-11-14T09:20:31","guid":{"rendered":"https:\/\/hsroofplate.com\/?post_type=product&#038;p=11346"},"modified":"2026-01-01T15:06:41","modified_gmt":"2026-01-01T15:06:41","slug":"telha-royal","status":"publish","type":"product","link":"https:\/\/hsroofplate.com\/pt\/produtos\/telhas-de-resina-sintetica\/telha-royal\/telha-royal\/","title":{"rendered":"Royal Roof Tile"},"content":{"rendered":"<h3>Descri\u00e7\u00e3o<\/h3>\n<p>A telha de resina sint\u00e9tica HAISU ASA usa material ASA altamente resistente a intemp\u00e9ries para manter a cor est\u00e1vel e aumentar a vida \u00fatil por mais de 30 anos, sendo amplamente utilizada em vilas, casas residenciais e pavilh\u00f5es.<\/p>\n<h3>Especifica\u00e7\u00f5es para refer\u00eancia<\/h3>\n<p><img fetchpriority=\"high\" decoding=\"async\" class=\"aligncenter wp-image-11348\" src=\"https:\/\/hsroofplate.com\/wp-content\/uploads\/2025\/11\/\u6ce2\u74e6-\u53c2\u6570-300x205.png\" alt=\"\" width=\"700\" height=\"479\" srcset=\"https:\/\/hsroofplate.com\/wp-content\/uploads\/2025\/11\/\u6ce2\u74e6-\u53c2\u6570-300x205.png 300w, https:\/\/hsroofplate.com\/wp-content\/uploads\/2025\/11\/\u6ce2\u74e6-\u53c2\u6570-1024x700.png 1024w, https:\/\/hsroofplate.com\/wp-content\/uploads\/2025\/11\/\u6ce2\u74e6-\u53c2\u6570-768x525.png 768w, https:\/\/hsroofplate.com\/wp-content\/uploads\/2025\/11\/\u6ce2\u74e6-\u53c2\u6570-18x12.png 18w, https:\/\/hsroofplate.com\/wp-content\/uploads\/2025\/11\/\u6ce2\u74e6-\u53c2\u6570-148x101.png 148w, https:\/\/hsroofplate.com\/wp-content\/uploads\/2025\/11\/\u6ce2\u74e6-\u53c2\u6570.png 1167w\" sizes=\"(max-width: 700px) 100vw, 700px\" \/><\/p>\n<h3>Excelentes vantagens<\/h3>\n<p><img decoding=\"async\" class=\"aligncenter wp-image-11349\" src=\"https:\/\/hsroofplate.com\/wp-content\/uploads\/2025\/11\/\u6027\u80fd1-300x114.jpg\" alt=\"\" width=\"700\" height=\"267\" srcset=\"https:\/\/hsroofplate.com\/wp-content\/uploads\/2025\/11\/\u6027\u80fd1-300x114.jpg 300w, https:\/\/hsroofplate.com\/wp-content\/uploads\/2025\/11\/\u6027\u80fd1-1024x391.jpg 1024w, https:\/\/hsroofplate.com\/wp-content\/uploads\/2025\/11\/\u6027\u80fd1-768x293.jpg 768w, https:\/\/hsroofplate.com\/wp-content\/uploads\/2025\/11\/\u6027\u80fd1-1536x586.jpg 1536w, https:\/\/hsroofplate.com\/wp-content\/uploads\/2025\/11\/\u6027\u80fd1-scaled.jpg 2048w, https:\/\/hsroofplate.com\/wp-content\/uploads\/2025\/11\/\u6027\u80fd1-18x7.jpg 18w, https:\/\/hsroofplate.com\/wp-content\/uploads\/2025\/11\/\u6027\u80fd1-1200x458.jpg 1200w, https:\/\/hsroofplate.com\/wp-content\/uploads\/2025\/11\/\u6027\u80fd1-148x56.jpg 148w\" sizes=\"(max-width: 700px) 100vw, 700px\" \/><\/p>\n<h3>Por que resina sint\u00e9tica, n\u00e3o argila, n\u00e3o a\u00e7o, n\u00e3o cimento?<\/h3>\n<p><img decoding=\"async\" class=\"alignleft wp-image-11350\" src=\"https:\/\/hsroofplate.com\/wp-content\/uploads\/2025\/11\/\u5404\u79cd\u74e6\u5bf9\u6bd4-300x108.png\" alt=\"\" width=\"600\" height=\"216\" srcset=\"https:\/\/hsroofplate.com\/wp-content\/uploads\/2025\/11\/\u5404\u79cd\u74e6\u5bf9\u6bd4-300x108.png 300w, https:\/\/hsroofplate.com\/wp-content\/uploads\/2025\/11\/\u5404\u79cd\u74e6\u5bf9\u6bd4-1024x368.png 1024w, https:\/\/hsroofplate.com\/wp-content\/uploads\/2025\/11\/\u5404\u79cd\u74e6\u5bf9\u6bd4-768x276.png 768w, https:\/\/hsroofplate.com\/wp-content\/uploads\/2025\/11\/\u5404\u79cd\u74e6\u5bf9\u6bd4-18x6.png 18w, https:\/\/hsroofplate.com\/wp-content\/uploads\/2025\/11\/\u5404\u79cd\u74e6\u5bf9\u6bd4-148x53.png 148w, https:\/\/hsroofplate.com\/wp-content\/uploads\/2025\/11\/\u5404\u79cd\u74e6\u5bf9\u6bd4.png 1176w\" sizes=\"(max-width: 600px) 100vw, 600px\" \/><\/p>\n<p>&nbsp;<\/p>\n<p>&nbsp;<\/p>\n<p>&nbsp;<\/p>\n<p>&nbsp;<\/p>\n<p>&nbsp;<\/p>","protected":false},"excerpt":{"rendered":"<p>A telha de resina sint\u00e9tica HAISU ASA usa material ASA altamente resistente a intemp\u00e9ries para manter a cor est\u00e1vel e aumentar a vida \u00fatil por mais de 30 anos, sendo amplamente utilizada em vilas, casas residenciais e pavilh\u00f5es.<\/p>","protected":false},"featured_media":11347,"comment_status":"open","ping_status":"closed","template":"","meta":[],"product_brand":[],"product_cat":[123,124],"product_tag":[],"class_list":{"0":"post-11346","1":"product","2":"type-product","3":"status-publish","4":"has-post-thumbnail","6":"product_cat-synthetic-resin-roof-sheet","7":"product_cat-royal-roof-tile","9":"first","10":"instock","11":"shipping-taxable","12":"product-type-simple"},"_links":{"self":[{"href":"https:\/\/hsroofplate.com\/pt\/wp-json\/wp\/v2\/product\/11346","targetHints":{"allow":["GET"]}}],"collection":[{"href":"https:\/\/hsroofplate.com\/pt\/wp-json\/wp\/v2\/product"}],"about":[{"href":"https:\/\/hsroofplate.com\/pt\/wp-json\/wp\/v2\/types\/product"}],"replies":[{"embeddable":true,"href":"https:\/\/hsroofplate.com\/pt\/wp-json\/wp\/v2\/comments?post=11346"}],"version-history":[{"count":4,"href":"https:\/\/hsroofplate.com\/pt\/wp-json\/wp\/v2\/product\/11346\/revisions"}],"predecessor-version":[{"id":11354,"href":"https:\/\/hsroofplate.com\/pt\/wp-json\/wp\/v2\/product\/11346\/revisions\/11354"}],"wp:featuredmedia":[{"embeddable":true,"href":"https:\/\/hsroofplate.com\/pt\/wp-json\/wp\/v2\/media\/11347"}],"wp:attachment":[{"href":"https:\/\/hsroofplate.com\/pt\/wp-json\/wp\/v2\/media?parent=11346"}],"wp:term":[{"taxonomy":"product_brand","embeddable":true,"href":"https:\/\/hsroofplate.com\/pt\/wp-json\/wp\/v2\/product_brand?post=11346"},{"taxonomy":"product_cat","embeddable":true,"href":"https:\/\/hsroofplate.com\/pt\/wp-json\/wp\/v2\/product_cat?post=11346"},{"taxonomy":"product_tag","embeddable":true,"href":"https:\/\/hsroofplate.com\/pt\/wp-json\/wp\/v2\/product_tag?post=11346"}],"curies":[{"name":"wp","href":"https:\/\/api.w.org\/{rel}","templated":true}]}}