{"id":11676,"date":"2025-11-24T08:30:08","date_gmt":"2025-11-24T08:30:08","guid":{"rendered":"https:\/\/hsroofplate.com\/?post_type=product&#038;p=11676"},"modified":"2025-12-29T02:18:35","modified_gmt":"2025-12-29T02:18:35","slug":"asa-roof-tile","status":"publish","type":"product","link":"https:\/\/hsroofplate.com\/pt\/produtos\/telhas-de-resina-sintetica\/asa-roof-tile\/asa-roof-tile\/","title":{"rendered":"ASA Roof Tile"},"content":{"rendered":"<h3>Descri\u00e7\u00e3o<\/h3>\n<p>HAISU1050\u00a0is the most popular roof model in the world, we offer 30 years quality guarantee. We use ASA material from the international famous brand, that can keep color durable for more than 10 years.<\/p>\n<h3>Especifica\u00e7\u00f5es para refer\u00eancia<\/h3>\n<p><img fetchpriority=\"high\" decoding=\"async\" class=\"alignnone wp-image-11348\" src=\"https:\/\/hsroofplate.com\/wp-content\/uploads\/2025\/11\/\u6ce2\u74e6-\u53c2\u6570-300x205.png\" alt=\"\" width=\"700\" height=\"479\" srcset=\"https:\/\/hsroofplate.com\/wp-content\/uploads\/2025\/11\/\u6ce2\u74e6-\u53c2\u6570-300x205.png 300w, https:\/\/hsroofplate.com\/wp-content\/uploads\/2025\/11\/\u6ce2\u74e6-\u53c2\u6570-1024x700.png 1024w, https:\/\/hsroofplate.com\/wp-content\/uploads\/2025\/11\/\u6ce2\u74e6-\u53c2\u6570-768x525.png 768w, https:\/\/hsroofplate.com\/wp-content\/uploads\/2025\/11\/\u6ce2\u74e6-\u53c2\u6570-18x12.png 18w, https:\/\/hsroofplate.com\/wp-content\/uploads\/2025\/11\/\u6ce2\u74e6-\u53c2\u6570-148x101.png 148w, https:\/\/hsroofplate.com\/wp-content\/uploads\/2025\/11\/\u6ce2\u74e6-\u53c2\u6570.png 1167w\" sizes=\"(max-width: 700px) 100vw, 700px\" \/><\/p>\n<h3>Excelentes vantagens<\/h3>\n<p><img decoding=\"async\" class=\"alignnone wp-image-11349\" src=\"https:\/\/hsroofplate.com\/wp-content\/uploads\/2025\/11\/\u6027\u80fd1-300x114.jpg\" alt=\"\" width=\"700\" height=\"267\" srcset=\"https:\/\/hsroofplate.com\/wp-content\/uploads\/2025\/11\/\u6027\u80fd1-300x114.jpg 300w, https:\/\/hsroofplate.com\/wp-content\/uploads\/2025\/11\/\u6027\u80fd1-1024x391.jpg 1024w, https:\/\/hsroofplate.com\/wp-content\/uploads\/2025\/11\/\u6027\u80fd1-768x293.jpg 768w, https:\/\/hsroofplate.com\/wp-content\/uploads\/2025\/11\/\u6027\u80fd1-1536x586.jpg 1536w, https:\/\/hsroofplate.com\/wp-content\/uploads\/2025\/11\/\u6027\u80fd1-scaled.jpg 2048w, https:\/\/hsroofplate.com\/wp-content\/uploads\/2025\/11\/\u6027\u80fd1-18x7.jpg 18w, https:\/\/hsroofplate.com\/wp-content\/uploads\/2025\/11\/\u6027\u80fd1-1200x458.jpg 1200w, https:\/\/hsroofplate.com\/wp-content\/uploads\/2025\/11\/\u6027\u80fd1-148x56.jpg 148w\" sizes=\"(max-width: 700px) 100vw, 700px\" \/><\/p>\n<h3>Por que resina sint\u00e9tica, n\u00e3o argila, n\u00e3o a\u00e7o, n\u00e3o cimento?<\/h3>\n<p><img decoding=\"async\" class=\"alignnone wp-image-11350\" src=\"https:\/\/hsroofplate.com\/wp-content\/uploads\/2025\/11\/\u5404\u79cd\u74e6\u5bf9\u6bd4-300x108.png\" alt=\"\" width=\"650\" height=\"234\" srcset=\"https:\/\/hsroofplate.com\/wp-content\/uploads\/2025\/11\/\u5404\u79cd\u74e6\u5bf9\u6bd4-300x108.png 300w, https:\/\/hsroofplate.com\/wp-content\/uploads\/2025\/11\/\u5404\u79cd\u74e6\u5bf9\u6bd4-1024x368.png 1024w, https:\/\/hsroofplate.com\/wp-content\/uploads\/2025\/11\/\u5404\u79cd\u74e6\u5bf9\u6bd4-768x276.png 768w, https:\/\/hsroofplate.com\/wp-content\/uploads\/2025\/11\/\u5404\u79cd\u74e6\u5bf9\u6bd4-18x6.png 18w, https:\/\/hsroofplate.com\/wp-content\/uploads\/2025\/11\/\u5404\u79cd\u74e6\u5bf9\u6bd4-148x53.png 148w, https:\/\/hsroofplate.com\/wp-content\/uploads\/2025\/11\/\u5404\u79cd\u74e6\u5bf9\u6bd4.png 1176w\" sizes=\"(max-width: 650px) 100vw, 650px\" \/><\/p>\n<h3>Installation And Notes<\/h3>\n<p><img loading=\"lazy\" decoding=\"async\" class=\"alignnone wp-image-11691\" src=\"https:\/\/hsroofplate.com\/wp-content\/uploads\/2025\/11\/\u5b89\u88c51-300x241.png\" alt=\"\" width=\"650\" height=\"521\" srcset=\"https:\/\/hsroofplate.com\/wp-content\/uploads\/2025\/11\/\u5b89\u88c51-300x241.png 300w, https:\/\/hsroofplate.com\/wp-content\/uploads\/2025\/11\/\u5b89\u88c51-1024x821.png 1024w, https:\/\/hsroofplate.com\/wp-content\/uploads\/2025\/11\/\u5b89\u88c51-768x616.png 768w, https:\/\/hsroofplate.com\/wp-content\/uploads\/2025\/11\/\u5b89\u88c51-1536x1232.png 1536w, https:\/\/hsroofplate.com\/wp-content\/uploads\/2025\/11\/\u5b89\u88c51-scaled.png 2048w, https:\/\/hsroofplate.com\/wp-content\/uploads\/2025\/11\/\u5b89\u88c51-15x12.png 15w, https:\/\/hsroofplate.com\/wp-content\/uploads\/2025\/11\/\u5b89\u88c51-1200x962.png 1200w, https:\/\/hsroofplate.com\/wp-content\/uploads\/2025\/11\/\u5b89\u88c51-148x119.png 148w\" sizes=\"(max-width: 650px) 100vw, 650px\" \/><\/p>\n<p><strong><b>Handling<\/b><\/strong><\/p>\n<p>During handling, the products must not be thrown rudely to avoid damaging or scratching the product surface.<\/p>\n<p><strong><b>Storage<\/b><\/strong><\/p>\n<p>Store the tiles in dry and flat site with good ventilation. Products should be protected by coverings with good air permeability.<\/p>\n<p><strong><b>Pitch<\/b><\/strong><\/p>\n<p>Royal Tile is applicable for the pitch from 20\u00b0to 80\u00b0. For the pitch beyond this range, special measures should be taken during installation.<\/p>\n<p><strong><b>Purline<\/b><\/strong><\/p>\n<ol>\n<li>Anti-corrosion treatment: Metal purlines should be coated with one layer of anti-rust paint and two layers of finishing coatings. Wood purlines should be coated with anti-corrosion or asphalt oil.<\/li>\n<li>The top purlines should have 180mm distance from the ridge line in order to install the ridge tiles.<\/li>\n<li>The bottom purline should have 50-70mm distance from the eave.<\/li>\n<li>\u00a0The suggested purline spacing is 660mm.<\/li>\n<\/ol>\n<p><strong><b>Application<\/b><\/strong><\/p>\n<p>\u2022 Factory Building<br \/>\n\u2022 Warehouses<br \/>\n\u2022 Farm product building<br \/>\n\u2022 Vehicle Parking sheds<br \/>\n\u2022 Farm House<br \/>\n\u2022 Water Resorts<br \/>\n\u2022 Cottages<br \/>\n\u2022 Chemical Industries<\/p>","protected":false},"excerpt":{"rendered":"<p>HAISU1050\u00a0is the most popular roof model in the world, we offer 30 years quality guarantee. We use ASA material from the international famous brand, that can keep color durable for more than 10 years.<\/p>","protected":false},"featured_media":11347,"comment_status":"open","ping_status":"closed","template":"","meta":[],"product_brand":[],"product_cat":[123,137],"product_tag":[],"class_list":{"0":"post-11676","1":"product","2":"type-product","3":"status-publish","4":"has-post-thumbnail","6":"product_cat-synthetic-resin-roof-sheet","7":"product_cat-asa-roof-tile","9":"first","10":"instock","11":"featured","12":"shipping-taxable","13":"product-type-simple"},"_links":{"self":[{"href":"https:\/\/hsroofplate.com\/pt\/wp-json\/wp\/v2\/product\/11676","targetHints":{"allow":["GET"]}}],"collection":[{"href":"https:\/\/hsroofplate.com\/pt\/wp-json\/wp\/v2\/product"}],"about":[{"href":"https:\/\/hsroofplate.com\/pt\/wp-json\/wp\/v2\/types\/product"}],"replies":[{"embeddable":true,"href":"https:\/\/hsroofplate.com\/pt\/wp-json\/wp\/v2\/comments?post=11676"}],"version-history":[{"count":3,"href":"https:\/\/hsroofplate.com\/pt\/wp-json\/wp\/v2\/product\/11676\/revisions"}],"predecessor-version":[{"id":11714,"href":"https:\/\/hsroofplate.com\/pt\/wp-json\/wp\/v2\/product\/11676\/revisions\/11714"}],"wp:featuredmedia":[{"embeddable":true,"href":"https:\/\/hsroofplate.com\/pt\/wp-json\/wp\/v2\/media\/11347"}],"wp:attachment":[{"href":"https:\/\/hsroofplate.com\/pt\/wp-json\/wp\/v2\/media?parent=11676"}],"wp:term":[{"taxonomy":"product_brand","embeddable":true,"href":"https:\/\/hsroofplate.com\/pt\/wp-json\/wp\/v2\/product_brand?post=11676"},{"taxonomy":"product_cat","embeddable":true,"href":"https:\/\/hsroofplate.com\/pt\/wp-json\/wp\/v2\/product_cat?post=11676"},{"taxonomy":"product_tag","embeddable":true,"href":"https:\/\/hsroofplate.com\/pt\/wp-json\/wp\/v2\/product_tag?post=11676"}],"curies":[{"name":"wp","href":"https:\/\/api.w.org\/{rel}","templated":true}]}}