{"id":10961,"date":"2025-11-11T02:11:38","date_gmt":"2025-11-11T02:11:38","guid":{"rendered":"https:\/\/hsroofplate.com\/?page_id=10961"},"modified":"2025-12-25T07:24:01","modified_gmt":"2025-12-25T07:24:01","slug":"si%cc%87rket-profi%cc%87li%cc%87","status":"publish","type":"page","link":"https:\/\/hsroofplate.com\/tr\/si%cc%87rket-profi%cc%87li%cc%87\/","title":{"rendered":"\u015eI\u0307RKET PROFI\u0307LI\u0307"},"content":{"rendered":"<div data-elementor-type=\"wp-page\" data-elementor-id=\"10961\" class=\"elementor elementor-10961\" data-elementor-post-type=\"page\">\n\t\t\t\t<div class=\"elementor-element elementor-element-242a921 e-con-full wd-section-stretch e-flex e-con e-parent\" data-id=\"242a921\" data-element_type=\"container\" data-settings=\"{&quot;background_background&quot;:&quot;classic&quot;}\">\n\t\t\t\t<div class=\"elementor-element elementor-element-2665528c elementor-widget elementor-widget-heading\" data-id=\"2665528c\" data-element_type=\"widget\" data-widget_type=\"heading.default\">\n\t\t\t\t\t<h2 class=\"elementor-heading-title elementor-size-default\">Hakk\u0131m\u0131zda<\/h2>\t\t\t\t<\/div>\n\t\t\t\t<div class=\"elementor-element elementor-element-4543a077 text-center wd-el-breadcrumbs elementor-widget elementor-widget-wd_element_breadcrumbs\" data-id=\"4543a077\" data-element_type=\"widget\" data-widget_type=\"wd_element_breadcrumbs.default\">\n\t\t\t\t<div class=\"elementor-widget-container\">\n\t\t\t\t\t<nav class=\"wd-breadcrumbs\"><a href=\"https:\/\/hsroofplate.com\/tr\/\">Ev<\/a><span class=\"wd-delimiter\"><\/span><span class=\"wd-last\">Sayfa<\/span><\/nav>\t\t\t\t<\/div>\n\t\t\t\t<\/div>\n\t\t\t\t<\/div>\n\t\t<div class=\"wd-negative-gap elementor-element elementor-element-24baf601 wd-section-stretch e-flex e-con-boxed e-con e-parent\" data-id=\"24baf601\" data-element_type=\"container\" data-settings=\"{&quot;background_background&quot;:&quot;classic&quot;}\">\n\t\t\t\t\t<div class=\"e-con-inner\">\n\t\t\t\t<div class=\"elementor-element elementor-element-54023776 wd-width-100 elementor-widget elementor-widget-wd_title\" data-id=\"54023776\" data-element_type=\"widget\" data-widget_type=\"wd_title.default\">\n\t\t\t\t<div class=\"elementor-widget-container\">\n\t\t\t\t\t\t\t<div class=\"title-wrapper wd-set-mb reset-last-child wd-title-color-primary wd-title-style-default wd-title-size-large text-center\">\n\n\t\t\t\t\t\t\t\t\t\t\t<div class=\"title-subtitle subtitle-color-primary subtitle-style-default wd-fontsize-xs\">\n\t\t\t\t\tAl\u0131c\u0131lar bize g\u00fcveniyor\t\t\t\t<\/div>\n\t\t\t\n\t\t\t<div class=\"liner-continer\">\n\t\t\t\t<h4 class=\"woodmart-title-container title wd-fontsize-xxl\">Stratejimiz M\u00fc\u015fterilerimize Kaliteli \u00dcr\u00fcnler Sunmakt\u0131r<\/h4> \n\t\t\t\t\t\t\t<\/div>\n\n\t\t\t\t\t<\/div>\n\t\t\t\t\t\t<\/div>\n\t\t\t\t<\/div>\n\t\t\t\t<div class=\"elementor-element elementor-element-53154eaf elementor-widget elementor-widget-wd_text_block\" data-id=\"53154eaf\" data-element_type=\"widget\" data-widget_type=\"wd_text_block.default\">\n\t\t\t\t<div class=\"elementor-widget-container\">\n\t\t\t\t\t\t\t<div class=\"wd-text-block reset-last-child text-center\">\n\t\t\t\n\t\t\t<p>Henan Haishu Yap\u0131 Malzemeleri Technology Co, Ltd re\u00e7ine kiremit \u00fcretimi ve sat\u0131\u015f\u0131 konusunda uzmanla\u015fm\u0131\u015f kapsaml\u0131 bir \u00fcreticidir. Geli\u015fmi\u015f makine ve hammaddeler ithal ederek ve titiz bilimsel form\u00fclasyon yoluyla, y\u0131llar\u0131n \u00fcretim uzmanl\u0131\u011f\u0131 ve deneyimiyle birle\u015ferek, kalite garantili ve sat\u0131\u015f sonras\u0131 hizmetle desteklenen Haishu markal\u0131 re\u00e7ine kiremitler \u00fcretiyoruz. Haishu, \u00f6zel ihtiya\u00e7lara g\u00f6re uyarlanm\u0131\u015f \u00f6zel \u00fcretim se\u00e7enekleri de dahil olmak \u00fczere geni\u015f bir \u00fcr\u00fcn yelpazesi ile toptan do\u011frudan sat\u0131\u015f sunmaktad\u0131r. \u00dcr\u00fcnlerimiz adil ve makul fiyatl\u0131 olup, t\u00fcm b\u00f6lgelerden t\u00fcccarlar\u0131 bilgi almak, incelemek ve sat\u0131n almak i\u00e7in cezbetmektedir.<\/p><p>\"Dayan\u0131kl\u0131 ve g\u00fcvenilir\" \u00fcr\u00fcnler yaratma i\u015f felsefesine ba\u011fl\u0131y\u0131z ve i\u00e7tenlikle sizinle i\u015fbirli\u011fi yapmay\u0131 d\u00f6rt g\u00f6zle bekliyoruz. \u00dcr\u00fcnlerimiz ilgili performans ve kalite test standartlar\u0131n\u0131 kar\u015f\u0131layarak m\u00fc\u015fterilerin bunlar\u0131 g\u00fcvenle ve emniyetle kullanabilmelerini sa\u011flar. Y\u0131llar s\u00fcren geli\u015fimin ard\u0131ndan HaiSu Yap\u0131 Malzemeleri, d\u00fcr\u00fcstl\u00fc\u011f\u00fc, g\u00fcc\u00fc ve \u00fcr\u00fcn kalitesiyle m\u00fc\u015fterilerin g\u00fcvenini ve takdirini kazanm\u0131\u015ft\u0131r.<\/p><p>Toplumun t\u00fcm kesimlerinden dostlar\u0131m\u0131z\u0131 ve meslekta\u015flar\u0131m\u0131z\u0131 ziyaret etmeye, i\u015fbirli\u011fi yapmaya ve kar\u015f\u0131l\u0131kl\u0131 geli\u015fim i\u00e7in birlikte \u00e7al\u0131\u015fmaya i\u00e7tenlikle davet ediyoruz!<\/p>\n\t\t\t\t\t<\/div>\n\t\t\t\t\t\t<\/div>\n\t\t\t\t<\/div>\n\t\t\t\t<div class=\"elementor-element elementor-element-31b2d1d4 elementor-widget elementor-widget-wd_text_block\" data-id=\"31b2d1d4\" data-element_type=\"widget\" data-widget_type=\"wd_text_block.default\">\n\t\t\t\t<div class=\"elementor-widget-container\">\n\t\t\t\t\t\t\t<div class=\"wd-text-block reset-last-child text-center\">\n\t\t\t\n\t\t\t\n\t\t\t\t\t<\/div>\n\t\t\t\t\t\t<\/div>\n\t\t\t\t<\/div>\n\t\t\t\t<div class=\"elementor-element elementor-element-79fec5c6 elementor-widget elementor-widget-wd_infobox_carousel\" data-id=\"79fec5c6\" data-element_type=\"widget\" data-widget_type=\"wd_infobox_carousel.default\">\n\t\t\t\t<div class=\"elementor-widget-container\">\n\t\t\t\t\t\t\t<div class=\"wd-carousel-container info-box-carousel-wrapper\">\n\t\t\t<div class=\"wd-carousel-inner\">\n\t\t\t\t<div class=\"wd-carousel wd-grid info-box-carousel\" data-scroll_per_page=\"yes\" style=\"--wd-col-lg:3;--wd-col-md:2;--wd-col-sm:1;--wd-gap-lg:30px;--wd-gap-sm:10px;\">\n\t\t\t\t\t<div class=\"wd-carousel-wrap\">\n\t\t\t\t\t\t\t\t\t\t\t\t\t\t\t\t\t\t\t\t\t\t<div class=\"info-box-wrapper wd-carousel-item\">\n\t\t\t<div class=\"wd-info-box text-center box-icon-align-top box-style-base color-scheme-  elementor-repeater-item-ea7510b\">\n\t\t\t\t\t\t\t\t\t<div class=\"box-icon-wrapper  box-with-icon box-icon-simple\">\n\t\t\t\t\t\t<div class=\"info-box-icon\">\n\t\t\t\t\t\t\t\t\t\t\t\t\t\t\t<div class=\"info-svg-wrapper\" style=\"width:60px; height:60px;\"><img loading=\"lazy\" decoding=\"async\"  src=\"https:\/\/hsroofplate.com\/wp-content\/uploads\/2022\/09\/accessories-infobox-1.svg\" title=\"accessories-infobox-1.svg\" width=\"60\" height=\"60\"><\/div>\t\t\t\t\t\t\t\t\t\t\t\t\t<\/div>\n\t\t\t\t\t<\/div>\n\t\t\t\t\n\t\t\t\t<div class=\"info-box-content\">\n\t\t\t\t\t\n\t\t\t\t\t\t\t\t\t\t\t<h4\t\t\t\t\t\tclass=\"info-box-title title box-title-style-default wd-fontsize-m\" data-elementor-setting-key=\"title\">\n\t\t\t\t\t\t\t\tTemel Felsefe\t\t\t\t\t\t<\/h4>\n\t\t\t\t\t\n\t\t\t\t\t<div class=\"info-box-inner reset-last-child\"data-elementor-setting-key=\"content\"><p>M\u00fc\u015fteri odakl\u0131, yenilik\u00e7i, d\u00fcr\u00fcst, kazan-kazan ve \u0131srarc\u0131<\/p>\n<\/div>\n\n\t\t\t\t\t\t\t\t\t<\/div>\n\n\t\t\t\t\t\t\t<\/div>\n\t\t<\/div>\n\t\t\t\t\t\t\t\t\t\t\t\t\t\t\t\t\t\t\t\t\t\t\t\t<div class=\"info-box-wrapper wd-carousel-item\">\n\t\t\t<div class=\"wd-info-box text-center box-icon-align-top box-style-base color-scheme-  elementor-repeater-item-3d12955\">\n\t\t\t\t\t\t\t\t\t<div class=\"box-icon-wrapper  box-with-icon box-icon-simple\">\n\t\t\t\t\t\t<div class=\"info-box-icon\">\n\t\t\t\t\t\t\t\t\t\t\t\t\t\t\t<div class=\"info-svg-wrapper\" style=\"width:60px; height:60px;\"><img loading=\"lazy\" decoding=\"async\"  src=\"https:\/\/hsroofplate.com\/wp-content\/uploads\/2022\/09\/accessories-infobox-2.svg\" title=\"accessories-infobox-2.svg\" width=\"60\" height=\"60\"><\/div>\t\t\t\t\t\t\t\t\t\t\t\t\t<\/div>\n\t\t\t\t\t<\/div>\n\t\t\t\t\n\t\t\t\t<div class=\"info-box-content\">\n\t\t\t\t\t\n\t\t\t\t\t\t\t\t\t\t\t<h4\t\t\t\t\t\tclass=\"info-box-title title box-title-style-default wd-fontsize-m\" data-elementor-setting-key=\"title\">\n\t\t\t\t\t\t\t\tKurumsal Misyon\t\t\t\t\t\t<\/h4>\n\t\t\t\t\t\n\t\t\t\t\t<div class=\"info-box-inner reset-last-child\"data-elementor-setting-key=\"content\"><p>M\u00fc\u015fterilere s\u00fcrekli olarak y\u00fcksek kaliteli \u00fcr\u00fcn ve hizmetler sunmak<\/p>\n<\/div>\n\n\t\t\t\t\t\t\t\t\t<\/div>\n\n\t\t\t\t\t\t\t<\/div>\n\t\t<\/div>\n\t\t\t\t\t\t\t\t\t\t\t\t\t\t\t\t\t\t\t\t\t\t\t\t<div class=\"info-box-wrapper wd-carousel-item\">\n\t\t\t<div class=\"wd-info-box text-center box-icon-align-top box-style-base color-scheme-  elementor-repeater-item-436686a\">\n\t\t\t\t\t\t\t\t\t<div class=\"box-icon-wrapper  box-with-icon box-icon-simple\">\n\t\t\t\t\t\t<div class=\"info-box-icon\">\n\t\t\t\t\t\t\t\t\t\t\t\t\t\t\t<div class=\"info-svg-wrapper\" style=\"width:60px; height:60px;\"><img loading=\"lazy\" decoding=\"async\"  src=\"https:\/\/hsroofplate.com\/wp-content\/uploads\/2022\/09\/accessories-infobox-3.svg\" title=\"accessories-infobox-3.svg\" width=\"60\" height=\"60\"><\/div>\t\t\t\t\t\t\t\t\t\t\t\t\t<\/div>\n\t\t\t\t\t<\/div>\n\t\t\t\t\n\t\t\t\t<div class=\"info-box-content\">\n\t\t\t\t\t\n\t\t\t\t\t\t\t\t\t\t\t<h4\t\t\t\t\t\tclass=\"info-box-title title box-title-style-default wd-fontsize-m\" data-elementor-setting-key=\"title\">\n\t\t\t\t\t\t\t\tkurumsal vi\u0307zyon\t\t\t\t\t\t<\/h4>\n\t\t\t\t\t\n\t\t\t\t\t<div class=\"info-box-inner reset-last-child\"data-elementor-setting-key=\"content\"><p>\u00a0\u00c7at\u0131 kaplama yap\u0131 malzemeleri sekt\u00f6r\u00fcnde lider olmak<\/p>\n<\/div>\n\n\t\t\t\t\t\t\t\t\t<\/div>\n\n\t\t\t\t\t\t\t<\/div>\n\t\t<\/div>\n\t\t\t\t\t\t\t\t\t\t\t\t\t<\/div>\n\t\t\t\t<\/div>\n\n\t\t\t\t\t\t\t\t\t\t\t<div class=\"wd-nav-arrows wd-pos-sep wd-hover-1 wd-icon-1\">\n\t\t\t<div class=\"wd-btn-arrow wd-prev wd-disabled\">\n\t\t\t\t<div class=\"wd-arrow-inner\"><\/div>\n\t\t\t<\/div>\n\t\t\t<div class=\"wd-btn-arrow wd-next\">\n\t\t\t\t<div class=\"wd-arrow-inner\"><\/div>\n\t\t\t<\/div>\n\t\t<\/div>\n\t\t\t\t\t\t\t\t\t<\/div>\n\n\t\t\t\t\t\t\t\t<\/div>\n\t\t\t\t\t\t<\/div>\n\t\t\t\t<\/div>\n\t\t\t\t\t<\/div>\n\t\t\t\t<\/div>\n\t\t<div class=\"wd-negative-gap elementor-element elementor-element-32707272 wd-section-stretch e-flex e-con-boxed e-con e-parent\" data-id=\"32707272\" data-element_type=\"container\" data-settings=\"{&quot;background_background&quot;:&quot;classic&quot;}\">\n\t\t\t\t\t<div class=\"e-con-inner\">\n\t\t<div class=\"elementor-element elementor-element-2d40915f e-con-full e-flex e-con e-child\" data-id=\"2d40915f\" data-element_type=\"container\">\n\t\t<div class=\"elementor-element elementor-element-3d2d8269 e-con-full e-flex e-con e-child\" data-id=\"3d2d8269\" data-element_type=\"container\">\n\t\t\t\t<div class=\"elementor-element elementor-element-546e3740 wd-width-100 elementor-widget elementor-widget-wd_title\" data-id=\"546e3740\" data-element_type=\"widget\" data-widget_type=\"wd_title.default\">\n\t\t\t\t<div class=\"elementor-widget-container\">\n\t\t\t\t\t\t\t<div class=\"title-wrapper wd-set-mb reset-last-child wd-title-color-primary wd-title-style-default wd-title-size-default text-left\">\n\n\t\t\t\t\t\t\t\t\t\t\t<div class=\"title-subtitle subtitle-color-primary subtitle-style-default wd-fontsize-xs\">\n\t\t\t\t\tHakk\u0131m\u0131zda birka\u00e7 s\u00f6z\t\t\t\t<\/div>\n\t\t\t\n\t\t\t<div class=\"liner-continer\">\n\t\t\t\t<h4 class=\"woodmart-title-container title wd-fontsize-l\">Herkesin Harika \u00dcr\u00fcnlerden Keyif Almas\u0131na Yard\u0131mc\u0131 Oluyoruz<\/h4> \n\t\t\t\t\t\t\t<\/div>\n\n\t\t\t\t\t<\/div>\n\t\t\t\t\t\t<\/div>\n\t\t\t\t<\/div>\n\t\t\t\t<div class=\"elementor-element elementor-element-6dba40ae elementor-widget elementor-widget-wd_button\" data-id=\"6dba40ae\" data-element_type=\"widget\" data-widget_type=\"wd_button.default\">\n\t\t\t\t<div class=\"elementor-widget-container\">\n\t\t\t\t\t\t\t<div class=\"wd-button-wrapper text-center\" >\n\t\t\t<a class=\"btn btn-style-default btn-shape-rectangle btn-size-default btn-icon-pos-right\"  href=\"https:\/\/hsroofplate.com\/tr\/bize-ulasin\/\">\n\t\t\t\t<span class=\"wd-btn-text\" data-elementor-setting-key=\"text\">\n\t\t\t\t\tBize Ula\u015f\u0131n\t\t\t\t<\/span>\n\n\t\t\t\t\t\t\t\t\t<span class=\"wd-btn-icon\">\n\t\t\t\t\t\t<svg class=\"wd-icon e-font-icon-svg e-fas-arrow-right\" viewbox=\"0 0 448 512\" xmlns=\"http:\/\/www.w3.org\/2000\/svg\"><path d=\"M190.5 66.9l22.2-22.2c9.4-9.4 24.6-9.4 33.9 0L441 239c9.4 9.4 9.4 24.6 0 33.9L246.6 467.3c-9.4 9.4-24.6 9.4-33.9 0l-22.2-22.2c-9.5-9.5-9.3-25 .4-34.3L311.4 296H24c-13.3 0-24-10.7-24-24v-32c0-13.3 10.7-24 24-24h287.4L190.9 101.2c-9.8-9.3-10-24.8-.4-34.3z\"><\/path><\/svg>\t\t\t\t\t<\/span>\n\t\t\t\t\t\t\t<\/a>\n\t\t<\/div>\n\t\t\t\t\t\t<\/div>\n\t\t\t\t<\/div>\n\t\t\t\t<\/div>\n\t\t<div class=\"elementor-element elementor-element-4d1e8cc6 e-con-full e-flex e-con e-child\" data-id=\"4d1e8cc6\" data-element_type=\"container\">\n\t\t<div class=\"elementor-element elementor-element-4726e7a9 e-con-full elementor-hidden-mobile elementor-hidden-tablet e-flex e-con e-child\" data-id=\"4726e7a9\" data-element_type=\"container\">\n\t\t\t\t<div class=\"elementor-element elementor-element-3a31c82f elementor-widget elementor-widget-wd_image_or_svg\" data-id=\"3a31c82f\" data-element_type=\"widget\" data-widget_type=\"wd_image_or_svg.default\">\n\t\t\t\t<div class=\"elementor-widget-container\">\n\t\t\t\t\t\n\t\t<div class=\"wd-image text-left\">\n\t\t\t\t\t\t\t\t<img fetchpriority=\"high\" decoding=\"async\" width=\"800\" height=\"800\" src=\"https:\/\/hsroofplate.com\/wp-content\/uploads\/2025\/08\/hsroofplate_4.jpg\" class=\"attachment-full size-full\" alt=\"\" srcset=\"https:\/\/hsroofplate.com\/wp-content\/uploads\/2025\/08\/hsroofplate_4.jpg 800w, https:\/\/hsroofplate.com\/wp-content\/uploads\/2025\/08\/hsroofplate_4-600x600.jpg 600w, https:\/\/hsroofplate.com\/wp-content\/uploads\/2025\/08\/hsroofplate_4-148x148.jpg 148w, https:\/\/hsroofplate.com\/wp-content\/uploads\/2025\/08\/hsroofplate_4-300x300.jpg 300w, https:\/\/hsroofplate.com\/wp-content\/uploads\/2025\/08\/hsroofplate_4-150x150.jpg 150w, https:\/\/hsroofplate.com\/wp-content\/uploads\/2025\/08\/hsroofplate_4-768x768.jpg 768w\" sizes=\"(max-width: 800px) 100vw, 800px\" \/>\t\t\t\t\t<\/div>\n\n\t\t\t\t\t\t<\/div>\n\t\t\t\t<\/div>\n\t\t\t\t<\/div>\n\t\t<div class=\"elementor-element elementor-element-6b36212f e-con-full e-flex e-con e-child\" data-id=\"6b36212f\" data-element_type=\"container\">\n\t\t\t\t<div class=\"elementor-element elementor-element-3dbfa877 elementor-widget elementor-widget-wd_image_or_svg\" data-id=\"3dbfa877\" data-element_type=\"widget\" data-widget_type=\"wd_image_or_svg.default\">\n\t\t\t\t<div class=\"elementor-widget-container\">\n\t\t\t\t\t\n\t\t<div class=\"wd-image text-left\">\n\t\t\t\t\t\t\t\t<img decoding=\"async\" width=\"800\" height=\"800\" src=\"https:\/\/hsroofplate.com\/wp-content\/uploads\/2025\/08\/hsroofplate_2.jpg\" class=\"attachment-full size-full\" alt=\"hsroofplate\" srcset=\"https:\/\/hsroofplate.com\/wp-content\/uploads\/2025\/08\/hsroofplate_2.jpg 800w, https:\/\/hsroofplate.com\/wp-content\/uploads\/2025\/08\/hsroofplate_2-600x600.jpg 600w, https:\/\/hsroofplate.com\/wp-content\/uploads\/2025\/08\/hsroofplate_2-148x148.jpg 148w, https:\/\/hsroofplate.com\/wp-content\/uploads\/2025\/08\/hsroofplate_2-300x300.jpg 300w, https:\/\/hsroofplate.com\/wp-content\/uploads\/2025\/08\/hsroofplate_2-150x150.jpg 150w, https:\/\/hsroofplate.com\/wp-content\/uploads\/2025\/08\/hsroofplate_2-768x768.jpg 768w\" sizes=\"(max-width: 800px) 100vw, 800px\" \/>\t\t\t\t\t<\/div>\n\n\t\t\t\t\t\t<\/div>\n\t\t\t\t<\/div>\n\t\t\t\t<\/div>\n\t\t\t\t<\/div>\n\t\t\t\t<\/div>\n\t\t\t\t\t<\/div>\n\t\t\t\t<\/div>\n\t\t\t\t<\/div>","protected":false},"excerpt":{"rendered":"<p>Hakk\u0131m\u0131zda Anasayfa\u9762 Al\u0131c\u0131lar bize g\u00fcveniyor Stratejimiz M\u00fc\u015fterilerimize Kaliteli \u00dcr\u00fcnler Sunmak Henan Haishu Yap\u0131 Malzemeleri<\/p>","protected":false},"author":1,"featured_media":0,"parent":0,"menu_order":0,"comment_status":"closed","ping_status":"closed","template":"elementor_header_footer","meta":{"footnotes":""},"class_list":["post-10961","page","type-page","status-publish","hentry"],"_links":{"self":[{"href":"https:\/\/hsroofplate.com\/tr\/wp-json\/wp\/v2\/pages\/10961","targetHints":{"allow":["GET"]}}],"collection":[{"href":"https:\/\/hsroofplate.com\/tr\/wp-json\/wp\/v2\/pages"}],"about":[{"href":"https:\/\/hsroofplate.com\/tr\/wp-json\/wp\/v2\/types\/page"}],"author":[{"embeddable":true,"href":"https:\/\/hsroofplate.com\/tr\/wp-json\/wp\/v2\/users\/1"}],"replies":[{"embeddable":true,"href":"https:\/\/hsroofplate.com\/tr\/wp-json\/wp\/v2\/comments?post=10961"}],"version-history":[{"count":8,"href":"https:\/\/hsroofplate.com\/tr\/wp-json\/wp\/v2\/pages\/10961\/revisions"}],"predecessor-version":[{"id":11863,"href":"https:\/\/hsroofplate.com\/tr\/wp-json\/wp\/v2\/pages\/10961\/revisions\/11863"}],"wp:attachment":[{"href":"https:\/\/hsroofplate.com\/tr\/wp-json\/wp\/v2\/media?parent=10961"}],"curies":[{"name":"wp","href":"https:\/\/api.w.org\/{rel}","templated":true}]}}