{"id":3,"date":"2025-08-14T07:21:22","date_gmt":"2025-08-14T07:21:22","guid":{"rendered":"http:\/\/hsroofplate.com\/?page_id=3"},"modified":"2025-11-11T06:11:13","modified_gmt":"2025-11-11T06:11:13","slug":"gizlilik-politikasi","status":"publish","type":"page","link":"https:\/\/hsroofplate.com\/tr\/gizlilik-politikasi\/","title":{"rendered":"Gizlilik Politikas\u0131"},"content":{"rendered":"<div data-elementor-type=\"wp-page\" data-elementor-id=\"3\" class=\"elementor elementor-3\" data-elementor-post-type=\"page\">\n\t\t\t\t<div class=\"wd-negative-gap elementor-element elementor-element-55223047 e-flex e-con-boxed e-con e-parent\" data-id=\"55223047\" data-element_type=\"container\">\n\t\t\t\t\t<div class=\"e-con-inner\">\n\t\t<div class=\"elementor-element elementor-element-3f044d9 e-con-full e-flex e-con e-child\" data-id=\"3f044d9\" data-element_type=\"container\">\n\t\t\t\t<\/div>\n\t\t\t\t<div class=\"elementor-element elementor-element-ba19191 color-scheme-inherit text-left elementor-widget elementor-widget-text-editor\" data-id=\"ba19191\" data-element_type=\"widget\" data-widget_type=\"text-editor.default\">\n\t\t\t\t\t\t\t\t\t\n<p>https:\/\/hsroofplate.com\/'da (bundan sonra https:\/\/hsroofplate.com\/ olarak an\u0131lacakt\u0131r), ziyaret\u00e7i gizlili\u011fi bizim ciddi endi\u015femizdir. Bu gizlilik politikas\u0131 sayfas\u0131, https:\/\/hsroofplate.com\/ taraf\u0131ndan ne t\u00fcr ki\u015fisel bilgilerin al\u0131nabilece\u011fini ve toplanabilece\u011fini ve bilgilerin nas\u0131l kullan\u0131laca\u011f\u0131n\u0131 a\u00e7\u0131klamaktad\u0131r.<\/p>\n\n\n\n<h2 class=\"wp-block-heading\">SOSYAL VE ARAMA MOTORU REKLAMLARI<\/h2>\n\n\n\n<p>Di\u011fer bir\u00e7ok profesyonel site gibi https:\/\/hsroofplate.com\/ da internet reklamlar\u0131na yat\u0131r\u0131m yapmaktad\u0131r. Reklam ortaklar\u0131m\u0131z aras\u0131nda Facebook Ads ve Google Ads bulunmaktad\u0131r. \u00c7evrimi\u00e7i reklam yat\u0131r\u0131m getirisini en \u00fcst d\u00fczeye \u00e7\u0131karmak ve hedef m\u00fc\u015fterileri bulmak i\u00e7in https:\/\/hsroofplate.com\/, kullan\u0131c\u0131 IP'lerini ve sayfa g\u00f6r\u00fcnt\u00fcleme ak\u0131\u015flar\u0131n\u0131 kaydetmek i\u00e7in bu arama motorlar\u0131 taraf\u0131ndan olu\u015fturulan baz\u0131 izleme kodlar\u0131n\u0131 uygulad\u0131.<\/p>\n\n\n\n<h2 class=\"wp-block-heading\">I\u0307\u015eLETME I\u0307LETI\u0307\u015eI\u0307M VERI\u0307LERI\u0307<\/h2>\n\n\n\n<p>Ziyaret\u00e7ilerden https:\/\/hsroofplate.com\/ adresindeki e-postalar veya web formlar\u0131 arac\u0131l\u0131\u011f\u0131yla g\u00f6nderilen t\u00fcm i\u015f ileti\u015fim verilerini topluyoruz. Girilen ziyaret\u00e7i kimli\u011fi ve ileti\u015fimle ilgili veriler kesinlikle https:\/\/hsroofplate.com\/.com'un dahili kullan\u0131m\u0131 i\u00e7in saklanacakt\u0131r. https:\/\/hsroofplate.com\/ bu verilerin g\u00fcvenli\u011fini ve uygun \u015fekilde kullan\u0131lmas\u0131n\u0131 sa\u011flayacakt\u0131r.<\/p>\n\n\n\n<h2 class=\"wp-block-heading\">BI\u0307LGI\u0307 KULLANIMI<\/h2>\n\n\n\n<p>Ki\u015fisel olarak tan\u0131mlanabilir bilgilerinizi, ki\u015fisel olarak tan\u0131mlanabilir bilgilerin sizden topland\u0131\u011f\u0131 s\u0131rada veya sizden ba\u015fka bir \u015fekilde onay alarak ba\u015fka bir kullan\u0131m t\u00fcr\u00fcne \u00f6zellikle izin vermedi\u011finiz s\u00fcrece, yaln\u0131zca a\u015fa\u011f\u0131da a\u00e7\u0131kland\u0131\u011f\u0131 \u015fekilde kullanaca\u011f\u0131z:<\/p>\n\n\n\n<p>Verdi\u011finiz sipari\u015fleri tamamlamak i\u00e7in ki\u015fisel olarak tan\u0131mlanabilir bilgileri kullanaca\u011f\u0131z<\/p>\n\n\n\n<p>Ki\u015fisel olarak tan\u0131mlanabilir bilgileri, bir perakendeciye ula\u015fmak gibi talep etti\u011finiz belirli hizmetleri size sa\u011flamak i\u00e7in kullanaca\u011f\u0131z.<\/p>\n\n\n\n<p>Ki\u015fisel olarak tan\u0131mlanabilir bilgilerinizi bize g\u00f6nderdi\u011finiz sorulara yan\u0131t vermek i\u00e7in kullanaca\u011f\u0131z.<\/p>\n\n\n\n<p>Ki\u015fisel olarak tan\u0131mlanabilir bilgilerinizi, size zaman zaman haber b\u00fcltenleri ve promosyonlar\u0131m\u0131zla ilgili bildirimler gibi e-postalar g\u00f6ndermek i\u00e7in kullanaca\u011f\u0131z.<\/p>\n\n\n\n<p>Ki\u015fisel olarak tan\u0131mlanabilir bilgileri yasalar\u0131n veya yasal s\u00fcrecin gerektirdi\u011fi \u015fekilde if\u015fa edebiliriz.<\/p>\n\n\n\n<p>\u015e\u00fcpheli doland\u0131r\u0131c\u0131l\u0131k, taciz veya herhangi bir yasa, kural veya d\u00fczenlemenin veya Web sitesinin \u015fart veya politikalar\u0131n\u0131n di\u011fer ihlallerini ara\u015ft\u0131rmak i\u00e7in ki\u015fisel olarak tan\u0131mlanabilir bilgileri if\u015fa edebiliriz.<\/p>\n\n\n\n<h2 class=\"wp-block-heading\">DEVRE DI\u015eI BIRAKMA\/D\u00dcZELTMELER<\/h2>\n\n\n\n<p>Talebiniz \u00fczerine, (a) ki\u015fisel bilgilerinizi d\u00fczeltecek veya g\u00fcncelleyece\u011fiz; (b) e-posta adresinize e-posta g\u00f6ndermeyi durduraca\u011f\u0131z; ve\/veya (c) bu hesap \u00fczerinden gelecekte herhangi bir sat\u0131n alma i\u015flemini \u00f6nlemek i\u00e7in hesab\u0131n\u0131z\u0131 devre d\u0131\u015f\u0131 b\u0131rakaca\u011f\u0131z. Bu talepleri m\u00fc\u015fteri bilgileri b\u00f6l\u00fcm\u00fcnden veya telefon ederek ya da talebinizi e-posta ile g\u00f6ndererek yapabilirsiniz<\/p>\n\n\n\n<p>https:\/\/hsroofplate.com\/.com adresindeki M\u00fc\u015fteri Destek Departman\u0131&nbsp;<a href=\"mailto:safs139@safsteelstructure.com\">G531060324@outlook.com<\/a>. L\u00fctfen kredi kart\u0131 numaran\u0131z\u0131 veya di\u011fer hassas bilgilerinizi e-posta ile g\u00f6ndermeyin.<\/p>\n\n\n\n<h2 class=\"wp-block-heading\">\u015eARTLAR VE KO\u015eULLAR<\/h2>\n\n\n\n<h3 class=\"wp-block-heading\">1. \u015eartlar\u0131n Uygulanmas\u0131 ve Kabul\u00fc<\/h3>\n\n\n\n<p>Sitemize ho\u015f geldiniz! Bu belge, sitenin kullan\u0131c\u0131s\u0131\/kullan\u0131c\u0131lar\u0131 olarak siz (bundan sonra \"siz\", \"sizin\" veya \"Kullan\u0131c\u0131\" olarak an\u0131lacakt\u0131r) ile https:\/\/hsroofplate.com\/ - https:\/\/hsroofplate.com\/.com sitesinin sahibi aras\u0131nda yasal olarak ba\u011flay\u0131c\u0131 bir s\u00f6zle\u015fmedir.<\/p>\n\n\n\n<p>1.1 https:\/\/hsroofplate.com\/'un hizmetlerini ve \u00fcr\u00fcnlerini (bundan sonra toplu olarak \"Hizmetler\" olarak an\u0131lacakt\u0131r) kullan\u0131m\u0131n\u0131z, bu belgede yer alan h\u00fck\u00fcm ve ko\u015fullar\u0131n yan\u0131 s\u0131ra Gizlilik Politikas\u0131 ve https:\/\/hsroofplate.com\/ taraf\u0131ndan zaman zaman yay\u0131nlanabilecek di\u011fer t\u00fcm kural ve politikalara tabidir. Bu belge ve https:\/\/hsroofplate.com\/'un bu t\u00fcr di\u011fer kural ve politikalar\u0131 a\u015fa\u011f\u0131da toplu olarak \"\u015eartlar\" olarak an\u0131lacakt\u0131r. https:\/\/hsroofplate.com\/ adresine eri\u015ferek veya Hizmetleri kullanarak, \u015eartlar\u0131 kabul etmi\u015f ve bunlara tabi olmay\u0131 kabul etmi\u015f olursunuz. \u015eartlar\u0131n tamam\u0131n\u0131 kabul etmiyorsan\u0131z l\u00fctfen Hizmetleri veya https:\/\/hsroofplate.com\/ adresini kullanmay\u0131n.<\/p>\n\n\n\n<p>1.2 (a) https:\/\/hsroofplate.com\/.com ile ba\u011flay\u0131c\u0131 bir s\u00f6zle\u015fme olu\u015fturmak i\u00e7in yasal ya\u015fta de\u011filseniz veya (b) \u00c7in Halk Cumhuriyeti veya ikamet etti\u011finiz veya Hizmetleri kulland\u0131\u011f\u0131n\u0131z \u00fclke \/ b\u00f6lge dahil olmak \u00fczere di\u011fer \u00fclke \/ b\u00f6lgelerin yasalar\u0131 uyar\u0131nca herhangi bir Hizmet alman\u0131za izin verilmiyorsa Hizmetleri kullanamaz ve Ko\u015fullar\u0131 kabul edemezsiniz.<\/p>\n\n\n\n<p>1.3 https:\/\/hsroofplate.com\/.commay'un ilgili de\u011fi\u015ftirilmi\u015f ve yeniden d\u00fczenlenmi\u015f \u015eartlar\u0131 https:\/\/hsroofplate.com\/.com adresinde yay\u0131nlayarak herhangi bir \u015eart\u0131 istedi\u011fi zaman de\u011fi\u015ftirebilece\u011fini kabul ve beyan edersiniz. Hizmetleri veya https:\/\/hsroofplate.com\/.com adresini kullanmaya devam ederek, de\u011fi\u015ftirilen \u015eartlar\u0131n sizin i\u00e7in ge\u00e7erli olaca\u011f\u0131n\u0131 kabul edersiniz.<\/p>\n\n\n\n<h3 class=\"wp-block-heading\">2. Genel Olarak Kullan\u0131c\u0131lar<\/h3>\n\n\n\n<p>2.1 https:\/\/hsroofplate.com\/ veya Hizmetlere eri\u015fiminizin ve bunlar\u0131 kullan\u0131m\u0131n\u0131z\u0131n bir ko\u015fulu olarak, https:\/\/hsroofplate.com\/ veya Hizmetleri kullan\u0131rken y\u00fcr\u00fcrl\u00fckteki t\u00fcm yasa ve y\u00f6netmeliklere uyaca\u011f\u0131n\u0131z\u0131 kabul edersiniz.<\/p>\n\n\n\n<p>2.2 https:\/\/hsroofplate.com\/ ve ba\u011fl\u0131 kurulu\u015flar\u0131m\u0131z\u0131n elinde bulunan Kullan\u0131c\u0131lar hakk\u0131ndaki ki\u015fisel bilgilerin korunmas\u0131n\u0131 ve kullan\u0131lmas\u0131n\u0131 y\u00f6neten https:\/\/hsroofplate.com\/.com Gizlilik Politikas\u0131n\u0131 okumal\u0131s\u0131n\u0131z. Gizlilik Politikas\u0131n\u0131n \u015fartlar\u0131n\u0131 kabul etmekte ve hakk\u0131n\u0131zdaki ki\u015fisel bilgilerin Gizlilik Politikas\u0131na uygun olarak kullan\u0131lmas\u0131n\u0131 kabul etmektesiniz.<\/p>\n\n\n\n<p>2.3 https:\/\/hsroofplate.com\/ ve\/veya ba\u015fka herhangi bir Kullan\u0131c\u0131n\u0131n bilgisayar sistemlerinin veya a\u011flar\u0131n\u0131n b\u00fct\u00fcnl\u00fc\u011f\u00fcne zarar verecek veya bu t\u00fcr bilgisayar sistemlerine veya a\u011flar\u0131na yetkisiz eri\u015fim sa\u011flayacak herhangi bir eylemde bulunmayaca\u011f\u0131n\u0131z\u0131 kabul edersiniz.<\/p>\n\n\n\n<p>2.4 https:\/\/hsroofplate.com\/'da listelenen veya https:\/\/hsroofplate.com\/'un herhangi bir temsilcisinden al\u0131nan bilgileri, https:\/\/hsroofplate.com\/.com'dan sat\u0131n al\u0131nmayan \u00fcr\u00fcn ve hizmetlerin fiyat seviyelerini veya tekliflerini belirlemek, web sitesi i\u00e7eriklerini haz\u0131rlamak, https:\/\/hsroofplate.com\/'un kat\u0131l\u0131m\u0131 olmadan s\u00f6zle\u015fme veya anla\u015fmalar yazmak gibi faaliyetlerde kullanarak herhangi bir avantaj elde etmemeyi kabul edersiniz.<\/p>\n\n\n\n<h3 class=\"wp-block-heading\">3. \u00dcr\u00fcnler ve Fiyatlar<\/h3>\n\n\n\n<p>3.1 \u00dcr\u00fcnlerimizi ve hizmetlerimizi s\u00fcrekli olarak geli\u015ftirdi\u011fimiz ve y\u00fckseltti\u011fimiz i\u00e7in, https:\/\/hsroofplate.com\/'un herhangi bir \u00fcr\u00fcn\u00fcn\u00fcn web sayfalar\u0131, raporlar\u0131 tablolar\u0131, \u015fekilleri, g\u00f6r\u00fcnt\u00fcleri, videolar\u0131 veya sesleri dahil ancak bunlarla s\u0131n\u0131rl\u0131 olmamak \u00fczere herhangi bir teknik, teknik olmayan spesifikasyon, \u00e7evrimi\u00e7i veya \u00e7evrimd\u0131\u015f\u0131 olarak \u00f6nceden bildirimde bulunmaks\u0131z\u0131n format ve i\u00e7erik olarak de\u011fi\u015ftirilebilir veya tamamen de\u011fi\u015ftirilebilir.<\/p>\n\n\n\n<p>3.2 https:\/\/hsroofplate.com\/ adresinde listelenen veya https:\/\/hsroofplate.com\/ temsilcileri taraf\u0131ndan sa\u011flanan fiyatlar \u00f6nceden haber verilmeksizin de\u011fi\u015ftirilebilir.<\/p>\n\n\n\n<h3 class=\"wp-block-heading\">4. Sorumlulu\u011fun S\u0131n\u0131rland\u0131r\u0131lmas\u0131<\/h3>\n\n\n\n<p>4.1 https:\/\/hsroofplate.com\/ \u00fczerinden indirilen veya ba\u015fka bir \u015fekilde elde edilen herhangi bir materyal, her bir Kullan\u0131c\u0131n\u0131n kendi takdirine ve riskine ba\u011fl\u0131 olarak yap\u0131l\u0131r ve her bir Kullan\u0131c\u0131, https:\/\/hsroofplate.com\/ 'un bilgisayar sistemine gelebilecek herhangi bir zarardan veya bu t\u00fcr materyallerin indirilmesinden kaynaklanabilecek veri kayb\u0131ndan tek ba\u015f\u0131na sorumludur.<\/p>\n\n\n\n<p><\/p>\n\t\t\t\t\t\t\t\t<\/div>\n\t\t\t\t\t<\/div>\n\t\t\t\t<\/div>\n\t\t\t\t<\/div>","protected":false},"excerpt":{"rendered":"<p>On https:\/\/hsroofplate.com\/&nbsp;( from now on, will be referred as https:\/\/hsroofplate.com\/), as visitor privacy is of our serious concern. This privacy<\/p>","protected":false},"author":1,"featured_media":0,"parent":0,"menu_order":0,"comment_status":"closed","ping_status":"open","template":"elementor_header_footer","meta":{"footnotes":""},"class_list":["post-3","page","type-page","status-publish","hentry"],"_links":{"self":[{"href":"https:\/\/hsroofplate.com\/tr\/wp-json\/wp\/v2\/pages\/3","targetHints":{"allow":["GET"]}}],"collection":[{"href":"https:\/\/hsroofplate.com\/tr\/wp-json\/wp\/v2\/pages"}],"about":[{"href":"https:\/\/hsroofplate.com\/tr\/wp-json\/wp\/v2\/types\/page"}],"author":[{"embeddable":true,"href":"https:\/\/hsroofplate.com\/tr\/wp-json\/wp\/v2\/users\/1"}],"replies":[{"embeddable":true,"href":"https:\/\/hsroofplate.com\/tr\/wp-json\/wp\/v2\/comments?post=3"}],"version-history":[{"count":7,"href":"https:\/\/hsroofplate.com\/tr\/wp-json\/wp\/v2\/pages\/3\/revisions"}],"predecessor-version":[{"id":11055,"href":"https:\/\/hsroofplate.com\/tr\/wp-json\/wp\/v2\/pages\/3\/revisions\/11055"}],"wp:attachment":[{"href":"https:\/\/hsroofplate.com\/tr\/wp-json\/wp\/v2\/media?parent=3"}],"curies":[{"name":"wp","href":"https:\/\/api.w.org\/{rel}","templated":true}]}}