{"id":10144,"date":"2025-08-20T07:22:40","date_gmt":"2025-08-20T07:22:40","guid":{"rendered":"https:\/\/hsroofplate.com\/?post_type=product&#038;p=10144"},"modified":"2026-01-01T15:14:53","modified_gmt":"2026-01-01T15:14:53","slug":"asa-kompozi%cc%87t-karo","status":"publish","type":"product","link":"https:\/\/hsroofplate.com\/tr\/urunler\/t-shape-pvc-sheet\/pvc-trapezoidal-roof-sheeting\/asa-kompozi%cc%87t-karo\/","title":{"rendered":"ASA Kompozit Karo"},"content":{"rendered":"<div data-elementor-type=\"product-post\" data-elementor-id=\"10144\" class=\"elementor elementor-10144\" data-elementor-post-type=\"product\">\n\t\t\t\t<div class=\"wd-negative-gap elementor-element elementor-element-f2bc564 e-flex e-con-boxed e-con e-parent\" data-id=\"f2bc564\" data-element_type=\"container\">\n\t\t\t\t\t<div class=\"e-con-inner\">\n\t\t<div class=\"elementor-element elementor-element-067d913 e-con-full e-flex e-con e-child\" data-id=\"067d913\" data-element_type=\"container\">\n\t\t\t\t<div class=\"elementor-element elementor-element-ca4bbb1 elementor-widget elementor-widget-image\" data-id=\"ca4bbb1\" data-element_type=\"widget\" data-widget_type=\"image.default\">\n\t\t\t\t\t\t\t\t\t\t\t\t\t\t\t<img fetchpriority=\"high\" decoding=\"async\" width=\"783\" height=\"457\" src=\"https:\/\/hsroofplate.com\/wp-content\/uploads\/2025\/08\/1-1.webp\" class=\"attachment-large size-large wp-image-10146\" alt=\"\" srcset=\"https:\/\/hsroofplate.com\/wp-content\/uploads\/2025\/08\/1-1.webp 783w, https:\/\/hsroofplate.com\/wp-content\/uploads\/2025\/08\/1-1-300x175.webp 300w, https:\/\/hsroofplate.com\/wp-content\/uploads\/2025\/08\/1-1-768x448.webp 768w, https:\/\/hsroofplate.com\/wp-content\/uploads\/2025\/08\/1-1-18x12.webp 18w, https:\/\/hsroofplate.com\/wp-content\/uploads\/2025\/08\/1-1-148x86.webp 148w\" sizes=\"(max-width: 783px) 100vw, 783px\" \/>\t\t\t\t\t\t\t\t\t\t\t\t\t\t\t<\/div>\n\t\t\t\t<\/div>\n\t\t<div class=\"elementor-element elementor-element-848706e e-con-full e-flex e-con e-child\" data-id=\"848706e\" data-element_type=\"container\">\n\t\t\t\t<div class=\"elementor-element elementor-element-4de2282 elementor-widget elementor-widget-heading\" data-id=\"4de2282\" data-element_type=\"widget\" data-widget_type=\"heading.default\">\n\t\t\t\t\t<h2 class=\"elementor-heading-title elementor-size-default\">\u00dcr\u00fcn performans\u0131:<\/h2>\t\t\t\t<\/div>\n\t\t\t\t<div class=\"elementor-element elementor-element-5bb4eda color-scheme-inherit text-left elementor-widget elementor-widget-text-editor\" data-id=\"5bb4eda\" data-element_type=\"widget\" data-widget_type=\"text-editor.default\">\n\t\t\t\t\t\t\t\t\t<p>1. Korozyon direnci: Kimyasal reaksiyon olmadan tuz, alkali ve 60% asit i\u00e7inde 24 saat bekletin. Asit ya\u011fmuru e\u011filimli alan, a\u015f\u0131nd\u0131r\u0131c\u0131 bitki ve k\u0131y\u0131 alanlar\u0131 i\u00e7in uygundur, etkisi \u00f6zellikle dikkat \u00e7ekicidir!<br \/>2. Hava ko\u015fullar\u0131na dayan\u0131kl\u0131l\u0131k: Y\u00fczey malzemesi s\u00fcper diren\u00e7li re\u00e7ine y\u00fczey tabakas\u0131 ile ekstr\u00fcde edilir ve y\u00fczey diren\u00e7 tabakas\u0131 kal\u0131nl\u0131\u011f\u0131&gt; = 0.2 mm'dir, b\u00f6ylece \u00fcr\u00fcn\u00fcn dayan\u0131kl\u0131l\u0131\u011f\u0131 ve korozyon direnci sa\u011flan\u0131r.<br \/>3. Ses yal\u0131t\u0131m performans\u0131: \u015eiddetli ya\u011fmur, y\u00fcksek r\u00fczgar ve di\u011fer d\u0131\u015f g\u00fcr\u00fclt\u00fcler durumunda, korozyon \u00f6nleyici kompozit dalga karosunun, renkli \u00e7elik plakan\u0131n g\u00fcr\u00fclt\u00fcs\u00fcnden n 30dB daha d\u00fc\u015f\u00fck olan iyi bir emme g\u00fcr\u00fclt\u00fcs\u00fc etkisine sahip oldu\u011fu deneylerle kan\u0131tlanm\u0131\u015ft\u0131r.<br \/>4. Yang\u0131n geciktirme: Ulusal yang\u0131ndan korunma otoritesi taraf\u0131ndan yap\u0131lan gb8624-2006 standart testine g\u00f6re, yang\u0131ndan korunma performans\u0131 seviyesi&gt;=B<br \/>5. Is\u0131 yal\u0131t\u0131m\u0131: \u00dcr\u00fcn\u00fcn \u0131s\u0131 iletkenli\u011fi 0.325w\/m.k, kil karonun yakla\u015f\u0131k 1\/310'u, \u00e7imento karonun 1\/5,5mm'si ve karolar\u0131n 1\/2000'i kadard\u0131r. Ayn\u0131 zamanda, tamam\u0131 g\u00fcne\u015flik olan \u00fcr\u00fcn, iki katmanl\u0131 ko-eks-tr\u00fczyon ile kar\u015f\u0131la\u015ft\u0131r\u0131ld\u0131\u011f\u0131nda, en b\u00fcy\u00fck avantaj\u0131 \u0131s\u0131 yal\u0131t\u0131m performans\u0131n\u0131 b\u00fcy\u00fck \u00f6l\u00e7\u00fcde art\u0131rmas\u0131d\u0131r.<br \/>6. Darbe direnci: d\u00fc\u015f\u00fck s\u0131cakl\u0131k direnci: \u00dcr\u00fcn g\u00fc\u00e7l\u00fc d\u0131\u015f darbe ta\u015f\u0131ma kapasitesine sahiptir, testin performans\u0131 da dikkat \u00e7ekicidir.<br \/>7. Yal\u0131t\u0131m performans\u0131: \u00dcr\u00fcn yal\u0131tkan bir \u00fcr\u00fcnd\u00fcr ve Kazara de\u015farj oldu\u011funda iyi durumdad\u0131r. \u00d6zellikle, y\u0131ld\u0131r\u0131m alan\u0131 ve y\u00fcksek bas\u0131n\u00e7 hatt\u0131 alan\u0131ndaki metal karolar\u0131n de\u011fi\u015ftirilmesi daha g\u00fcvenlidir.\u00a0<\/p>\t\t\t\t\t\t\t\t<\/div>\n\t\t\t\t<\/div>\n\t\t\t\t\t<\/div>\n\t\t\t\t<\/div>\n\t\t<div class=\"wd-negative-gap elementor-element elementor-element-7f8ee04 e-flex e-con-boxed e-con e-parent\" data-id=\"7f8ee04\" data-element_type=\"container\">\n\t\t\t\t\t<div class=\"e-con-inner\">\n\t\t\t\t<div class=\"elementor-element elementor-element-a606037 elementor-widget elementor-widget-heading\" data-id=\"a606037\" data-element_type=\"widget\" data-widget_type=\"heading.default\">\n\t\t\t\t\t<h2 class=\"elementor-heading-title elementor-size-default\">Spesifikasyonlar<\/h2>\t\t\t\t<\/div>\n\t\t\t\t<div class=\"elementor-element elementor-element-9118f68 elementor-widget elementor-widget-html\" data-id=\"9118f68\" data-element_type=\"widget\" data-widget_type=\"html.default\">\n\t\t\t\t\t<!DOCTYPE html>\r\n<html lang=\"en\">\r\n<head>\r\n    <meta charset=\"UTF-8\">\r\n    <meta name=\"viewport\" content=\"width=device-width, initial-scale=1.0\">\r\n    <title>Duyarl\u0131 Tablo<\/title>\r\n    <style>\r\n        \/* Styling for the table container *\/\r\n        .table-responsive {\r\n            overflow-x: auto;\r\n            -webkit-overflow-scrolling: touch;\r\n            display: block;\r\n        }\r\n\r\n        table {\r\n            width: 100%;\r\n            border-collapse: collapse;\r\n            table-layout: fixed;\r\n        }\r\n\r\n        th, td {\r\n            padding: 10px;\r\n            text-align: left;\r\n            border: 1px solid #ddd;\r\n            word-wrap: break-word;\r\n        }\r\n\r\n        th {\r\n            background-color: #f2f2f2;\r\n        }\r\n\r\n        \/* Media query for responsiveness *\/\r\n        @media only screen and (max-width: 768px) {\r\n            table {\r\n                width: 100%;\r\n                font-size: 12px;\r\n            }\r\n            th, td {\r\n                padding: 6px;\r\n            }\r\n        }\r\n    <\/style>\r\n<\/head>\r\n<body>\r\n    <div class=\"table-responsive\">\r\n        <table>\r\n            <thead>\r\n                <tr>\r\n                    <th>Kal\u0131nl\u0131k (mm)<\/th>\r\n                    <th>Geni\u015flik (mm)<\/th>\r\n                    <th>Uzunluk (mm)<\/th>\r\n                    <th>Dalga Mesafesi (mm)<\/th>\r\n                    <th>Dalga Y\u00fcksekli\u011fi (mm)<\/th>\r\n                    <th>Aral\u0131k (mm)<\/th>\r\n                <\/tr>\r\n            <\/thead>\r\n            <tbody>\r\n                <tr>\r\n                    <td>1.8mm - 4.0mm<\/td>\r\n                    <td>1130<\/td>\r\n                    <td>Uzunluk<\/td>\r\n                    <td>210<\/td>\r\n                    <td>26<\/td>\r\n                    <td>Saha<\/td>\r\n                <\/tr>\r\n            <\/tbody>\r\n        <\/table>\r\n    <\/div>\r\n<\/body>\r\n<\/html>\r\n\t\t\t\t<\/div>\n\t\t\t\t\t<\/div>\n\t\t\t\t<\/div>\n\t\t\t\t<\/div>","protected":false},"excerpt":{"rendered":"<p>ASA Kompozit Karo, y\u00fcksek dayan\u0131kl\u0131l\u0131k ve \u015f\u0131k tasar\u0131m sunarak konut ve ticari alanlarda hem i\u00e7 hem de d\u0131\u015f mekan uygulamalar\u0131 i\u00e7in idealdir.<\/p>","protected":false},"featured_media":10156,"comment_status":"open","ping_status":"closed","template":"","meta":[],"product_brand":[],"product_cat":[139,144],"product_tag":[],"class_list":{"0":"post-10144","1":"product","2":"type-product","3":"status-publish","4":"has-post-thumbnail","6":"product_cat-t-shape-pvc-sheet","7":"product_cat-pvc-trapezoidal-roof-sheeting","9":"first","10":"instock","11":"shipping-taxable","12":"product-type-simple"},"_links":{"self":[{"href":"https:\/\/hsroofplate.com\/tr\/wp-json\/wp\/v2\/product\/10144","targetHints":{"allow":["GET"]}}],"collection":[{"href":"https:\/\/hsroofplate.com\/tr\/wp-json\/wp\/v2\/product"}],"about":[{"href":"https:\/\/hsroofplate.com\/tr\/wp-json\/wp\/v2\/types\/product"}],"replies":[{"embeddable":true,"href":"https:\/\/hsroofplate.com\/tr\/wp-json\/wp\/v2\/comments?post=10144"}],"version-history":[{"count":10,"href":"https:\/\/hsroofplate.com\/tr\/wp-json\/wp\/v2\/product\/10144\/revisions"}],"predecessor-version":[{"id":11996,"href":"https:\/\/hsroofplate.com\/tr\/wp-json\/wp\/v2\/product\/10144\/revisions\/11996"}],"wp:featuredmedia":[{"embeddable":true,"href":"https:\/\/hsroofplate.com\/tr\/wp-json\/wp\/v2\/media\/10156"}],"wp:attachment":[{"href":"https:\/\/hsroofplate.com\/tr\/wp-json\/wp\/v2\/media?parent=10144"}],"wp:term":[{"taxonomy":"product_brand","embeddable":true,"href":"https:\/\/hsroofplate.com\/tr\/wp-json\/wp\/v2\/product_brand?post=10144"},{"taxonomy":"product_cat","embeddable":true,"href":"https:\/\/hsroofplate.com\/tr\/wp-json\/wp\/v2\/product_cat?post=10144"},{"taxonomy":"product_tag","embeddable":true,"href":"https:\/\/hsroofplate.com\/tr\/wp-json\/wp\/v2\/product_tag?post=10144"}],"curies":[{"name":"wp","href":"https:\/\/api.w.org\/{rel}","templated":true}]}}