{"id":10164,"date":"2025-08-20T07:43:50","date_gmt":"2025-08-20T07:43:50","guid":{"rendered":"https:\/\/hsroofplate.com\/?post_type=product&#038;p=10164"},"modified":"2026-01-01T15:13:59","modified_gmt":"2026-01-01T15:13:59","slug":"ci%cc%87n-sti%cc%87li%cc%87-karo","status":"publish","type":"product","link":"https:\/\/hsroofplate.com\/tr\/urunler\/senteti%cc%87k-reci%cc%87neli%cc%87-cati-saci\/synthetic-resin-roof-tile\/ci%cc%87n-sti%cc%87li%cc%87-karo\/","title":{"rendered":"\u00c7in Stili Karo"},"content":{"rendered":"<div data-elementor-type=\"product-post\" data-elementor-id=\"10164\" class=\"elementor elementor-10164\" data-elementor-post-type=\"product\">\n\t\t\t\t<div class=\"wd-negative-gap elementor-element elementor-element-96aafb6 e-flex e-con-boxed e-con e-parent\" data-id=\"96aafb6\" data-element_type=\"container\">\n\t\t\t\t\t<div class=\"e-con-inner\">\n\t\t<div class=\"elementor-element elementor-element-62135e9 e-con-full e-flex e-con e-child\" data-id=\"62135e9\" data-element_type=\"container\">\n\t\t\t\t<div class=\"elementor-element elementor-element-831963b elementor-widget elementor-widget-image\" data-id=\"831963b\" data-element_type=\"widget\" data-widget_type=\"image.default\">\n\t\t\t\t\t\t\t\t\t\t\t\t\t\t\t<img fetchpriority=\"high\" decoding=\"async\" width=\"800\" height=\"800\" src=\"https:\/\/hsroofplate.com\/wp-content\/uploads\/2025\/08\/\u5fae\u4fe1\u56fe\u7247_202508201516561.webp\" class=\"attachment-large size-large wp-image-10162\" alt=\"\u00c7in tarz\u0131 karo\" srcset=\"https:\/\/hsroofplate.com\/wp-content\/uploads\/2025\/08\/\u5fae\u4fe1\u56fe\u7247_202508201516561.webp 800w, https:\/\/hsroofplate.com\/wp-content\/uploads\/2025\/08\/\u5fae\u4fe1\u56fe\u7247_202508201516561-300x300.webp 300w, https:\/\/hsroofplate.com\/wp-content\/uploads\/2025\/08\/\u5fae\u4fe1\u56fe\u7247_202508201516561-150x150.webp 150w, https:\/\/hsroofplate.com\/wp-content\/uploads\/2025\/08\/\u5fae\u4fe1\u56fe\u7247_202508201516561-768x768.webp 768w, https:\/\/hsroofplate.com\/wp-content\/uploads\/2025\/08\/\u5fae\u4fe1\u56fe\u7247_202508201516561-12x12.webp 12w, https:\/\/hsroofplate.com\/wp-content\/uploads\/2025\/08\/\u5fae\u4fe1\u56fe\u7247_202508201516561-600x600.webp 600w, https:\/\/hsroofplate.com\/wp-content\/uploads\/2025\/08\/\u5fae\u4fe1\u56fe\u7247_202508201516561-148x148.webp 148w, https:\/\/hsroofplate.com\/wp-content\/uploads\/2025\/08\/\u5fae\u4fe1\u56fe\u7247_202508201516561-400x400.webp 400w\" sizes=\"(max-width: 800px) 100vw, 800px\" \/>\t\t\t\t\t\t\t\t\t\t\t\t\t\t\t<\/div>\n\t\t\t\t<\/div>\n\t\t<div class=\"elementor-element elementor-element-5721374 e-con-full e-flex e-con e-child\" data-id=\"5721374\" data-element_type=\"container\">\n\t\t\t\t<div class=\"elementor-element elementor-element-272a8d4 color-scheme-inherit text-left elementor-widget elementor-widget-text-editor\" data-id=\"272a8d4\" data-element_type=\"widget\" data-widget_type=\"text-editor.default\">\n\t\t\t\t\t\t\t\t\t<p>\u00c7in tarz\u0131 kiremit, k\u0131rsal kerpi\u00e7 evlerin ve atalar\u0131n evlerinin yerine kullan\u0131l\u0131r. Ayr\u0131ca antik \u015fehir \u00e7at\u0131lar\u0131nda, villalarda, mobil evlerde, bah\u00e7e binalar\u0131nda, \u00e7iftlik evlerinde vb. kullan\u0131l\u0131r.<\/p>\t\t\t\t\t\t\t\t<\/div>\n\t\t\t\t<\/div>\n\t\t\t\t\t<\/div>\n\t\t\t\t<\/div>\n\t\t<div class=\"wd-negative-gap elementor-element elementor-element-f1d7b16 e-flex e-con-boxed e-con e-parent\" data-id=\"f1d7b16\" data-element_type=\"container\">\n\t\t\t\t\t<div class=\"e-con-inner\">\n\t\t<div class=\"elementor-element elementor-element-26977f7 e-con-full e-flex e-con e-child\" data-id=\"26977f7\" data-element_type=\"container\">\n\t\t\t\t<div class=\"elementor-element elementor-element-4864ae3 elementor-widget elementor-widget-image\" data-id=\"4864ae3\" data-element_type=\"widget\" data-widget_type=\"image.default\">\n\t\t\t\t\t\t\t\t\t\t\t\t\t\t\t<img decoding=\"async\" width=\"644\" height=\"275\" src=\"https:\/\/hsroofplate.com\/wp-content\/uploads\/2025\/08\/\u56fe\u7247-2.webp\" class=\"attachment-large size-large wp-image-10166\" alt=\"\" srcset=\"https:\/\/hsroofplate.com\/wp-content\/uploads\/2025\/08\/\u56fe\u7247-2.webp 644w, https:\/\/hsroofplate.com\/wp-content\/uploads\/2025\/08\/\u56fe\u7247-2-300x128.webp 300w, https:\/\/hsroofplate.com\/wp-content\/uploads\/2025\/08\/\u56fe\u7247-2-18x8.webp 18w, https:\/\/hsroofplate.com\/wp-content\/uploads\/2025\/08\/\u56fe\u7247-2-148x63.webp 148w\" sizes=\"(max-width: 644px) 100vw, 644px\" \/>\t\t\t\t\t\t\t\t\t\t\t\t\t\t\t<\/div>\n\t\t\t\t<\/div>\n\t\t<div class=\"elementor-element elementor-element-01c809a e-con-full e-flex e-con e-child\" data-id=\"01c809a\" data-element_type=\"container\">\n\t\t\t\t<div class=\"elementor-element elementor-element-3e04ea5 elementor-widget elementor-widget-image\" data-id=\"3e04ea5\" data-element_type=\"widget\" data-widget_type=\"image.default\">\n\t\t\t\t\t\t\t\t\t\t\t\t\t\t\t<img decoding=\"async\" width=\"346\" height=\"261\" src=\"https:\/\/hsroofplate.com\/wp-content\/uploads\/2025\/08\/1-2.webp\" class=\"attachment-large size-large wp-image-10167\" alt=\"\" srcset=\"https:\/\/hsroofplate.com\/wp-content\/uploads\/2025\/08\/1-2.webp 346w, https:\/\/hsroofplate.com\/wp-content\/uploads\/2025\/08\/1-2-300x226.webp 300w, https:\/\/hsroofplate.com\/wp-content\/uploads\/2025\/08\/1-2-16x12.webp 16w, https:\/\/hsroofplate.com\/wp-content\/uploads\/2025\/08\/1-2-148x112.webp 148w\" sizes=\"(max-width: 346px) 100vw, 346px\" \/>\t\t\t\t\t\t\t\t\t\t\t\t\t\t\t<\/div>\n\t\t\t\t<\/div>\n\t\t\t\t\t<\/div>\n\t\t\t\t<\/div>\n\t\t<div class=\"wd-negative-gap elementor-element elementor-element-6143e92 e-flex e-con-boxed e-con e-parent\" data-id=\"6143e92\" data-element_type=\"container\">\n\t\t\t\t\t<div class=\"e-con-inner\">\n\t\t\t\t<div class=\"elementor-element elementor-element-4903392 elementor-widget elementor-widget-heading\" data-id=\"4903392\" data-element_type=\"widget\" data-widget_type=\"heading.default\">\n\t\t\t\t\t<h2 class=\"elementor-heading-title elementor-size-default\">\u00dcr\u00fcn performans\u0131:<\/h2>\t\t\t\t<\/div>\n\t\t\t\t<div class=\"elementor-element elementor-element-edb8a48 color-scheme-inherit text-left elementor-widget elementor-widget-text-editor\" data-id=\"edb8a48\" data-element_type=\"widget\" data-widget_type=\"text-editor.default\">\n\t\t\t\t\t\t\t\t\t<p>1. Ses yal\u0131t\u0131m\u0131 ve \u0131s\u0131 yal\u0131t\u0131m\u0131: \u015eiddetli ya\u011fmur, y\u00fcksek r\u00fczgar ve di\u011fer d\u0131\u015f sesler durumunda, k\u00fc\u00e7\u00fck ye\u015fil karolar\u0131n g\u00fcr\u00fclt\u00fcy\u00fc emmede iyi bir etkiye sahip oldu\u011fu kan\u0131tlanm\u0131\u015ft\u0131r.<br \/>2. Ya\u015flanma direnci ve korozyon direnci: \u00c7in tarz\u0131 karo, asit, alkali, tuz ve di\u011fer kimyasal maddelerin korozyonuna uzun s\u00fcre dayanabilir. Bu etki asit ya\u011fmuru alanlar\u0131nda ve k\u0131y\u0131 b\u00f6lgelerinde daha belirgindir.<br \/>3. Orijinal ekolojiyi ar\u015fivleyin: \u00c7in tarz\u0131 karo Evin geleneksel ve zarif rengini, \u00fc\u00e7 boyutlu duyunun g\u00f6rsel etkisini koruyarak evin eski ve sade g\u00fczelli\u011fini miras al\u0131r.<br \/>4. Renk dayan\u0131kl\u0131l\u0131\u011f\u0131: Do\u011fal ortamda iyi bir dayan\u0131kl\u0131l\u0131\u011fa sahiptir. Uzun s\u00fcre ultraviyole radyasyona, y\u00fcksek s\u0131cakl\u0131\u011fa ve so\u011fuk havaya maruz kalsa bile rengini sabit tutar.<br \/>5. G\u00fc\u00e7l\u00fc y\u00fck direnci: \u0130yi ta\u015f\u0131ma kapasitesi ile y\u00fczey ve k\u0131r\u0131lma olaylar\u0131 \u00fcretmek kolay de\u011fildir.<br \/>6. \u0130yi su ge\u00e7irmezlik \u00f6zelli\u011fi: burada \u00e7at\u0131da \u00e7ok az ba\u011flant\u0131 vard\u0131r, bu nedenle \u00c7in tarz\u0131 kiremitin su direnci b\u00fcy\u00fck \u00f6l\u00e7\u00fcde iyile\u015ftirilmi\u015ftir.<\/p>\t\t\t\t\t\t\t\t<\/div>\n\t\t\t\t\t<\/div>\n\t\t\t\t<\/div>\n\t\t<div class=\"wd-negative-gap elementor-element elementor-element-d4c6131 e-flex e-con-boxed e-con e-parent\" data-id=\"d4c6131\" data-element_type=\"container\">\n\t\t\t\t\t<div class=\"e-con-inner\">\n\t\t\t\t<div class=\"elementor-element elementor-element-361ba77 elementor-widget elementor-widget-heading\" data-id=\"361ba77\" data-element_type=\"widget\" data-widget_type=\"heading.default\">\n\t\t\t\t\t<h2 class=\"elementor-heading-title elementor-size-default\">Spesifikasyonlar<\/h2>\t\t\t\t<\/div>\n\t\t\t\t<div class=\"elementor-element elementor-element-514d95f elementor-widget elementor-widget-html\" data-id=\"514d95f\" data-element_type=\"widget\" data-widget_type=\"html.default\">\n\t\t\t\t\t<!DOCTYPE html>\r\n<html lang=\"en\">\r\n<head>\r\n    <meta charset=\"UTF-8\">\r\n    <meta name=\"viewport\" content=\"width=device-width, initial-scale=1.0\">\r\n    <title>Duyarl\u0131 Tablo<\/title>\r\n    <style>\r\n        \/* Styling for the table container *\/\r\n        .table-responsive {\r\n            overflow-x: auto;\r\n            -webkit-overflow-scrolling: touch;\r\n            display: block;\r\n        }\r\n\r\n        table {\r\n            width: 100%;\r\n            border-collapse: collapse;\r\n            table-layout: fixed;\r\n        }\r\n\r\n        th, td {\r\n            padding: 10px;\r\n            text-align: left;\r\n            border: 1px solid #ddd;\r\n            word-wrap: break-word;\r\n        }\r\n\r\n        th {\r\n            background-color: #f2f2f2;\r\n        }\r\n\r\n        \/* Media query for responsiveness *\/\r\n        @media only screen and (max-width: 768px) {\r\n            table {\r\n                width: 100%;\r\n                font-size: 12px;\r\n            }\r\n            th, td {\r\n                padding: 6px;\r\n            }\r\n        }\r\n    <\/style>\r\n<\/head>\r\n<body>\r\n    <div class=\"table-responsive\">\r\n        <table>\r\n            <thead>\r\n                <tr>\r\n                    <th>Kal\u0131nl\u0131k<\/th>\r\n                    <th>Geni\u015flik<\/th>\r\n                    <th>Uzunluk<\/th>\r\n                    <th>Dalga Mesafesi<\/th>\r\n                    <th>Dalga Y\u00fcksekli\u011fi<\/th>\r\n                    <th>Saha<\/th>\r\n                <\/tr>\r\n            <\/thead>\r\n            <tbody>\r\n                <tr>\r\n                    <td>2.5mm \/ 3.0mm<\/td>\r\n                    <td>1050mm<\/td>\r\n                    <td>Yap\u0131lan ad\u0131m\u0131n katlar\u0131<\/td>\r\n                    <td>240 mm<\/td>\r\n                    <td>45 mm<\/td>\r\n                    <td>125 mm<\/td>\r\n                <\/tr>\r\n            <\/tbody>\r\n        <\/table>\r\n    <\/div>\r\n<\/body>\r\n<\/html>\r\n\t\t\t\t<\/div>\n\t\t\t\t\t<\/div>\n\t\t\t\t<\/div>\n\t\t\t\t<\/div>","protected":false},"excerpt":{"rendered":"<p>\u00c7in tarz\u0131 karo, geleneksel desenleri modern dayan\u0131kl\u0131l\u0131kla birle\u015ftirerek hem konutlarda hem de ticari alanlarda zarif bir g\u00f6r\u00fcn\u00fcm yaratmak i\u00e7in m\u00fckemmeldir.<\/p>","protected":false},"featured_media":10162,"comment_status":"open","ping_status":"closed","template":"","meta":[],"product_brand":[],"product_cat":[123,129],"product_tag":[],"class_list":{"0":"post-10164","1":"product","2":"type-product","3":"status-publish","4":"has-post-thumbnail","6":"product_cat-synthetic-resin-roof-sheet","7":"product_cat-synthetic-resin-roof-tile","9":"first","10":"instock","11":"shipping-taxable","12":"product-type-simple"},"_links":{"self":[{"href":"https:\/\/hsroofplate.com\/tr\/wp-json\/wp\/v2\/product\/10164","targetHints":{"allow":["GET"]}}],"collection":[{"href":"https:\/\/hsroofplate.com\/tr\/wp-json\/wp\/v2\/product"}],"about":[{"href":"https:\/\/hsroofplate.com\/tr\/wp-json\/wp\/v2\/types\/product"}],"replies":[{"embeddable":true,"href":"https:\/\/hsroofplate.com\/tr\/wp-json\/wp\/v2\/comments?post=10164"}],"version-history":[{"count":9,"href":"https:\/\/hsroofplate.com\/tr\/wp-json\/wp\/v2\/product\/10164\/revisions"}],"predecessor-version":[{"id":11995,"href":"https:\/\/hsroofplate.com\/tr\/wp-json\/wp\/v2\/product\/10164\/revisions\/11995"}],"wp:featuredmedia":[{"embeddable":true,"href":"https:\/\/hsroofplate.com\/tr\/wp-json\/wp\/v2\/media\/10162"}],"wp:attachment":[{"href":"https:\/\/hsroofplate.com\/tr\/wp-json\/wp\/v2\/media?parent=10164"}],"wp:term":[{"taxonomy":"product_brand","embeddable":true,"href":"https:\/\/hsroofplate.com\/tr\/wp-json\/wp\/v2\/product_brand?post=10164"},{"taxonomy":"product_cat","embeddable":true,"href":"https:\/\/hsroofplate.com\/tr\/wp-json\/wp\/v2\/product_cat?post=10164"},{"taxonomy":"product_tag","embeddable":true,"href":"https:\/\/hsroofplate.com\/tr\/wp-json\/wp\/v2\/product_tag?post=10164"}],"curies":[{"name":"wp","href":"https:\/\/api.w.org\/{rel}","templated":true}]}}