{"id":10175,"date":"2025-08-20T08:09:30","date_gmt":"2025-08-20T08:09:30","guid":{"rendered":"https:\/\/hsroofplate.com\/?post_type=product&#038;p=10175"},"modified":"2026-01-01T15:13:10","modified_gmt":"2026-01-01T15:13:10","slug":"apvc-plasti%cc%87k-celi%cc%87k-karo","status":"publish","type":"product","link":"https:\/\/hsroofplate.com\/tr\/urunler\/t-shape-pvc-sheet\/pvc-corrugated-sheet\/apvc-plasti%cc%87k-celi%cc%87k-karo\/","title":{"rendered":"A+PVC Plastik \u00c7elik Karo"},"content":{"rendered":"<div data-elementor-type=\"product-post\" data-elementor-id=\"10175\" class=\"elementor elementor-10175\" data-elementor-post-type=\"product\">\n\t\t\t\t<div class=\"wd-negative-gap elementor-element elementor-element-2b176ca e-flex e-con-boxed e-con e-parent\" data-id=\"2b176ca\" data-element_type=\"container\">\n\t\t\t\t\t<div class=\"e-con-inner\">\n\t\t<div class=\"elementor-element elementor-element-c326be0 e-con-full e-flex e-con e-child\" data-id=\"c326be0\" data-element_type=\"container\">\n\t\t\t\t<div class=\"elementor-element elementor-element-80a791c elementor-widget elementor-widget-image\" data-id=\"80a791c\" data-element_type=\"widget\" data-widget_type=\"image.default\">\n\t\t\t\t\t\t\t\t\t\t\t\t\t\t\t<img fetchpriority=\"high\" decoding=\"async\" width=\"278\" height=\"254\" src=\"https:\/\/hsroofplate.com\/wp-content\/uploads\/2025\/08\/1-3.webp\" class=\"attachment-large size-large wp-image-10177\" alt=\"\" srcset=\"https:\/\/hsroofplate.com\/wp-content\/uploads\/2025\/08\/1-3.webp 278w, https:\/\/hsroofplate.com\/wp-content\/uploads\/2025\/08\/1-3-13x12.webp 13w, https:\/\/hsroofplate.com\/wp-content\/uploads\/2025\/08\/1-3-148x135.webp 148w\" sizes=\"(max-width: 278px) 100vw, 278px\" \/>\t\t\t\t\t\t\t\t\t\t\t\t\t\t\t<\/div>\n\t\t\t\t<\/div>\n\t\t<div class=\"elementor-element elementor-element-74d7a73 e-con-full e-flex e-con e-child\" data-id=\"74d7a73\" data-element_type=\"container\">\n\t\t\t\t<div class=\"elementor-element elementor-element-15ba90b color-scheme-inherit text-left elementor-widget elementor-widget-text-editor\" data-id=\"15ba90b\" data-element_type=\"widget\" data-widget_type=\"text-editor.default\">\n\t\t\t\t\t\t\t\t\t<p>A+PVC plastik \u00e7elik karo, y\u00fczeyinde s\u00fcper hava ko\u015fullar\u0131na dayan\u0131kl\u0131 PVC malzemeden bir katman ve alt katmanda beyaz y\u00fcksek mukavemetli bir alt katmanla kapl\u0131 kompozit bir karodur. UV emilimi, fotostabilite ve antioksidan \u00f6zellikler gibi alanlarda y\u00fcksek kaliteli form\u00fcller ekledik.<\/p>\t\t\t\t\t\t\t\t<\/div>\n\t\t\t\t<\/div>\n\t\t\t\t\t<\/div>\n\t\t\t\t<\/div>\n\t\t<div class=\"wd-negative-gap elementor-element elementor-element-9d70055 e-flex e-con-boxed e-con e-parent\" data-id=\"9d70055\" data-element_type=\"container\">\n\t\t\t\t\t<div class=\"e-con-inner\">\n\t\t<div class=\"elementor-element elementor-element-4cddfbe e-con-full e-flex e-con e-child\" data-id=\"4cddfbe\" data-element_type=\"container\">\n\t\t\t\t<div class=\"elementor-element elementor-element-1d379bc elementor-widget elementor-widget-image\" data-id=\"1d379bc\" data-element_type=\"widget\" data-widget_type=\"image.default\">\n\t\t\t\t\t\t\t\t\t\t\t\t\t\t\t<img decoding=\"async\" width=\"487\" height=\"644\" src=\"https:\/\/hsroofplate.com\/wp-content\/uploads\/2025\/08\/3-1.webp\" class=\"attachment-large size-large wp-image-10179\" alt=\"\" srcset=\"https:\/\/hsroofplate.com\/wp-content\/uploads\/2025\/08\/3-1.webp 487w, https:\/\/hsroofplate.com\/wp-content\/uploads\/2025\/08\/3-1-227x300.webp 227w, https:\/\/hsroofplate.com\/wp-content\/uploads\/2025\/08\/3-1-9x12.webp 9w, https:\/\/hsroofplate.com\/wp-content\/uploads\/2025\/08\/3-1-148x196.webp 148w\" sizes=\"(max-width: 487px) 100vw, 487px\" \/>\t\t\t\t\t\t\t\t\t\t\t\t\t\t\t<\/div>\n\t\t\t\t<\/div>\n\t\t<div class=\"elementor-element elementor-element-97f8d08 e-con-full e-flex e-con e-child\" data-id=\"97f8d08\" data-element_type=\"container\">\n\t\t\t\t<div class=\"elementor-element elementor-element-002ed86 elementor-widget elementor-widget-image\" data-id=\"002ed86\" data-element_type=\"widget\" data-widget_type=\"image.default\">\n\t\t\t\t\t\t\t\t\t\t\t\t\t\t\t<img decoding=\"async\" width=\"487\" height=\"644\" src=\"https:\/\/hsroofplate.com\/wp-content\/uploads\/2025\/08\/2-1.webp\" class=\"attachment-large size-large wp-image-10178\" alt=\"\" srcset=\"https:\/\/hsroofplate.com\/wp-content\/uploads\/2025\/08\/2-1.webp 487w, https:\/\/hsroofplate.com\/wp-content\/uploads\/2025\/08\/2-1-227x300.webp 227w, https:\/\/hsroofplate.com\/wp-content\/uploads\/2025\/08\/2-1-9x12.webp 9w, https:\/\/hsroofplate.com\/wp-content\/uploads\/2025\/08\/2-1-148x196.webp 148w\" sizes=\"(max-width: 487px) 100vw, 487px\" \/>\t\t\t\t\t\t\t\t\t\t\t\t\t\t\t<\/div>\n\t\t\t\t<\/div>\n\t\t\t\t\t<\/div>\n\t\t\t\t<\/div>\n\t\t<div class=\"wd-negative-gap elementor-element elementor-element-6cca2c2 e-flex e-con-boxed e-con e-parent\" data-id=\"6cca2c2\" data-element_type=\"container\">\n\t\t\t\t\t<div class=\"e-con-inner\">\n\t\t<div class=\"elementor-element elementor-element-7d2ddeb e-con-full e-flex e-con e-child\" data-id=\"7d2ddeb\" data-element_type=\"container\">\n\t\t\t\t<div class=\"elementor-element elementor-element-2478d26 elementor-widget elementor-widget-heading\" data-id=\"2478d26\" data-element_type=\"widget\" data-widget_type=\"heading.default\">\n\t\t\t\t\t<h2 class=\"elementor-heading-title elementor-size-default\">\u00dcr\u00fcn performans\u0131:<\/h2>\t\t\t\t<\/div>\n\t\t\t\t<div class=\"elementor-element elementor-element-d939fd4 color-scheme-inherit text-left elementor-widget elementor-widget-text-editor\" data-id=\"d939fd4\" data-element_type=\"widget\" data-widget_type=\"text-editor.default\">\n\t\t\t\t\t\t\t\t\t<p>1. Hava ko\u015fullar\u0131na dayan\u0131kl\u0131l\u0131k: Anti - ultraviyole ekstr\u00fczyonun eklenmesi nedeniyle, hava ko\u015fullar\u0131na dayan\u0131kl\u0131l\u0131k \u00f6nemli \u00f6l\u00e7\u00fcde iyile\u015ftirilmi\u015ftir.<br \/>2. Korozyon direnci: asit baz \u00e7\u00f6zeltisinde kabarc\u0131k, de\u011fi\u015fiklik yok.<br \/>3. Ses yal\u0131t\u0131m\u0131: ya\u011fmur g\u00fcr\u00fclt\u00fcs\u00fc renkli plakadan 20 dB daha d\u00fc\u015f\u00fckt\u00fcr.<br \/>4. Is\u0131 yal\u0131t\u0131m\u0131: test, yal\u0131t\u0131m\u0131n renkli plakadan 2-3 \u00b0 C daha d\u00fc\u015f\u00fck oldu\u011funu kan\u0131tlamaktad\u0131r.<br \/>5.\u0130zolasyon: G\u00f6k g\u00fcr\u00fclt\u00fcs\u00fc s\u0131ras\u0131nda elektri\u011fi iletmeyen yal\u0131tkan bir malzemedir.<br \/>6. Yang\u0131n \u00f6nleme: GB 8624-2006 testine g\u00f6re, yang\u0131n performans\u0131&gt;B.<br \/>7. Uygun kurulum: karo kaplama daha verimli ve maliyet tasarrufu sa\u011flar.<\/p>\t\t\t\t\t\t\t\t<\/div>\n\t\t\t\t<\/div>\n\t\t<div class=\"elementor-element elementor-element-3e3fae5 e-con-full e-flex e-con e-child\" data-id=\"3e3fae5\" data-element_type=\"container\">\n\t\t\t\t<div class=\"elementor-element elementor-element-40a716d elementor-widget elementor-widget-image\" data-id=\"40a716d\" data-element_type=\"widget\" data-widget_type=\"image.default\">\n\t\t\t\t\t\t\t\t\t\t\t\t\t\t\t<img loading=\"lazy\" decoding=\"async\" width=\"1024\" height=\"568\" src=\"https:\/\/hsroofplate.com\/wp-content\/uploads\/2025\/08\/4-1024x568.webp\" class=\"attachment-large size-large wp-image-10180\" alt=\"\" srcset=\"https:\/\/hsroofplate.com\/wp-content\/uploads\/2025\/08\/4-1024x568.webp 1024w, https:\/\/hsroofplate.com\/wp-content\/uploads\/2025\/08\/4-300x166.webp 300w, https:\/\/hsroofplate.com\/wp-content\/uploads\/2025\/08\/4-768x426.webp 768w, https:\/\/hsroofplate.com\/wp-content\/uploads\/2025\/08\/4-18x10.webp 18w, https:\/\/hsroofplate.com\/wp-content\/uploads\/2025\/08\/4-1200x666.webp 1200w, https:\/\/hsroofplate.com\/wp-content\/uploads\/2025\/08\/4-148x82.webp 148w, https:\/\/hsroofplate.com\/wp-content\/uploads\/2025\/08\/4.webp 1442w\" sizes=\"(max-width: 1024px) 100vw, 1024px\" \/>\t\t\t\t\t\t\t\t\t\t\t\t\t\t\t<\/div>\n\t\t\t\t<\/div>\n\t\t\t\t\t<\/div>\n\t\t\t\t<\/div>\n\t\t<div class=\"wd-negative-gap elementor-element elementor-element-6f1be03 e-flex e-con-boxed e-con e-parent\" data-id=\"6f1be03\" data-element_type=\"container\">\n\t\t\t\t\t<div class=\"e-con-inner\">\n\t\t\t\t<div class=\"elementor-element elementor-element-e99042d elementor-widget elementor-widget-heading\" data-id=\"e99042d\" data-element_type=\"widget\" data-widget_type=\"heading.default\">\n\t\t\t\t\t<h2 class=\"elementor-heading-title elementor-size-default\">Spesifikasyonlar<\/h2>\t\t\t\t<\/div>\n\t\t\t\t<div class=\"elementor-element elementor-element-95d9f81 elementor-widget elementor-widget-html\" data-id=\"95d9f81\" data-element_type=\"widget\" data-widget_type=\"html.default\">\n\t\t\t\t\t<!DOCTYPE html>\r\n<html lang=\"en\">\r\n<head>\r\n    <meta charset=\"UTF-8\">\r\n    <meta name=\"viewport\" content=\"width=device-width, initial-scale=1.0\">\r\n    <title>Duyarl\u0131 Tablo<\/title>\r\n    <style>\r\n        \/* Styling for the table container *\/\r\n        .table-responsive {\r\n            overflow-x: auto;\r\n            -webkit-overflow-scrolling: touch;\r\n            display: block;\r\n        }\r\n\r\n        table {\r\n            width: 100%;\r\n            border-collapse: collapse;\r\n            table-layout: fixed;\r\n        }\r\n\r\n        th, td {\r\n            padding: 10px;\r\n            text-align: left;\r\n            border: 1px solid #ddd;\r\n            word-wrap: break-word;\r\n        }\r\n\r\n        th {\r\n            background-color: #f2f2f2;\r\n        }\r\n\r\n        \/* Media query for responsiveness *\/\r\n        @media only screen and (max-width: 768px) {\r\n            table {\r\n                width: 100%;\r\n                font-size: 12px;\r\n            }\r\n            th, td {\r\n                padding: 6px;\r\n            }\r\n        }\r\n    <\/style>\r\n<\/head>\r\n<body>\r\n    <div class=\"table-responsive\">\r\n        <table>\r\n            <thead>\r\n                <tr>\r\n                    <th>Kal\u0131nl\u0131k (mm)<\/th>\r\n                    <th>Geni\u015flik (mm)<\/th>\r\n                    <th>Uzunluk (mm)<\/th>\r\n                    <th>Dalga Mesafesi (mm)<\/th>\r\n                    <th>Dalga Y\u00fcksekli\u011fi (mm)<\/th>\r\n                    <th>Aral\u0131k (mm)<\/th>\r\n                <\/tr>\r\n            <\/thead>\r\n            <tbody>\r\n                <tr>\r\n                    <td>1,5 mm - 4,0 mm<\/td>\r\n                    <td>1130<\/td>\r\n                    <td>Uzunluk<\/td>\r\n                    <td>210<\/td>\r\n                    <td>26<\/td>\r\n                    <td>Saha<\/td>\r\n                <\/tr>\r\n            <\/tbody>\r\n        <\/table>\r\n    <\/div>\r\n<\/body>\r\n<\/html>\r\n\t\t\t\t<\/div>\n\t\t\t\t\t<\/div>\n\t\t\t\t<\/div>\n\t\t\t\t<\/div>","protected":false},"excerpt":{"rendered":"<p>A+PVC Plastik \u00c7elik Kiremit, \u00fcst\u00fcn dayan\u0131kl\u0131l\u0131k ve hava ko\u015fullar\u0131na kar\u015f\u0131 diren\u00e7 sunarak \u00e7e\u015fitli ticari ve konut uygulamalar\u0131nda \u00e7at\u0131 kaplamas\u0131 i\u00e7in idealdir.<\/p>","protected":false},"featured_media":10181,"comment_status":"open","ping_status":"closed","template":"","meta":[],"product_brand":[],"product_cat":[139,147],"product_tag":[],"class_list":{"0":"post-10175","1":"product","2":"type-product","3":"status-publish","4":"has-post-thumbnail","6":"product_cat-t-shape-pvc-sheet","7":"product_cat-pvc-corrugated-sheet","9":"first","10":"instock","11":"featured","12":"shipping-taxable","13":"product-type-simple"},"_links":{"self":[{"href":"https:\/\/hsroofplate.com\/tr\/wp-json\/wp\/v2\/product\/10175","targetHints":{"allow":["GET"]}}],"collection":[{"href":"https:\/\/hsroofplate.com\/tr\/wp-json\/wp\/v2\/product"}],"about":[{"href":"https:\/\/hsroofplate.com\/tr\/wp-json\/wp\/v2\/types\/product"}],"replies":[{"embeddable":true,"href":"https:\/\/hsroofplate.com\/tr\/wp-json\/wp\/v2\/comments?post=10175"}],"version-history":[{"count":6,"href":"https:\/\/hsroofplate.com\/tr\/wp-json\/wp\/v2\/product\/10175\/revisions"}],"predecessor-version":[{"id":11994,"href":"https:\/\/hsroofplate.com\/tr\/wp-json\/wp\/v2\/product\/10175\/revisions\/11994"}],"wp:featuredmedia":[{"embeddable":true,"href":"https:\/\/hsroofplate.com\/tr\/wp-json\/wp\/v2\/media\/10181"}],"wp:attachment":[{"href":"https:\/\/hsroofplate.com\/tr\/wp-json\/wp\/v2\/media?parent=10175"}],"wp:term":[{"taxonomy":"product_brand","embeddable":true,"href":"https:\/\/hsroofplate.com\/tr\/wp-json\/wp\/v2\/product_brand?post=10175"},{"taxonomy":"product_cat","embeddable":true,"href":"https:\/\/hsroofplate.com\/tr\/wp-json\/wp\/v2\/product_cat?post=10175"},{"taxonomy":"product_tag","embeddable":true,"href":"https:\/\/hsroofplate.com\/tr\/wp-json\/wp\/v2\/product_tag?post=10175"}],"curies":[{"name":"wp","href":"https:\/\/api.w.org\/{rel}","templated":true}]}}