{"id":10187,"date":"2025-08-20T08:38:00","date_gmt":"2025-08-20T08:38:00","guid":{"rendered":"https:\/\/hsroofplate.com\/?post_type=product&#038;p=10187"},"modified":"2026-01-01T15:12:20","modified_gmt":"2026-01-01T15:12:20","slug":"pvc-tek-katmanli-karo-yuksek-merdiven-karosu-kucuk-merdiven-dalgasi","status":"publish","type":"product","link":"https:\/\/hsroofplate.com\/tr\/urunler\/t-shape-pvc-sheet\/plastic-pvc-roof-tiles\/pvc-tek-katmanli-karo-yuksek-merdiven-karosu-kucuk-merdiven-dalgasi\/","title":{"rendered":"PVC Tek Katmanl\u0131 Karo-Y\u00fcksek Merdiven Karosu-K\u00fc\u00e7\u00fck Merdiven Dalgas\u0131"},"content":{"rendered":"<div data-elementor-type=\"product-post\" data-elementor-id=\"10187\" class=\"elementor elementor-10187\" data-elementor-post-type=\"product\">\n\t\t\t\t<div class=\"wd-negative-gap elementor-element elementor-element-d52f2fb e-flex e-con-boxed e-con e-parent\" data-id=\"d52f2fb\" data-element_type=\"container\" data-e-type=\"container\">\n\t\t\t\t\t<div class=\"e-con-inner\">\n\t\t<div class=\"elementor-element elementor-element-cf49dd5 e-con-full e-flex e-con e-child\" data-id=\"cf49dd5\" data-element_type=\"container\" data-e-type=\"container\">\n\t\t\t\t<div class=\"elementor-element elementor-element-efa87e6 elementor-widget elementor-widget-image\" data-id=\"efa87e6\" data-element_type=\"widget\" data-e-type=\"widget\" data-widget_type=\"image.default\">\n\t\t\t\t\t\t\t\t\t\t\t\t\t\t\t<img fetchpriority=\"high\" decoding=\"async\" width=\"800\" height=\"800\" src=\"https:\/\/hsroofplate.com\/wp-content\/uploads\/2025\/08\/\u56fe\u72471-2.webp\" class=\"attachment-large size-large wp-image-10195\" alt=\"k\u00fc\u00e7\u00fck merdiven dalgas\u0131\" srcset=\"https:\/\/hsroofplate.com\/wp-content\/uploads\/2025\/08\/\u56fe\u72471-2.webp 800w, https:\/\/hsroofplate.com\/wp-content\/uploads\/2025\/08\/\u56fe\u72471-2-300x300.webp 300w, https:\/\/hsroofplate.com\/wp-content\/uploads\/2025\/08\/\u56fe\u72471-2-150x150.webp 150w, https:\/\/hsroofplate.com\/wp-content\/uploads\/2025\/08\/\u56fe\u72471-2-768x768.webp 768w, https:\/\/hsroofplate.com\/wp-content\/uploads\/2025\/08\/\u56fe\u72471-2-12x12.webp 12w, https:\/\/hsroofplate.com\/wp-content\/uploads\/2025\/08\/\u56fe\u72471-2-600x600.webp 600w, https:\/\/hsroofplate.com\/wp-content\/uploads\/2025\/08\/\u56fe\u72471-2-148x148.webp 148w, https:\/\/hsroofplate.com\/wp-content\/uploads\/2025\/08\/\u56fe\u72471-2-400x400.webp 400w\" sizes=\"(max-width: 800px) 100vw, 800px\" \/>\t\t\t\t\t\t\t\t\t\t\t\t\t\t\t<\/div>\n\t\t\t\t<div class=\"elementor-element elementor-element-b999da4 elementor-widget elementor-widget-image\" data-id=\"b999da4\" data-element_type=\"widget\" data-e-type=\"widget\" data-widget_type=\"image.default\">\n\t\t\t\t\t\t\t\t\t\t\t\t\t\t\t<img decoding=\"async\" width=\"587\" height=\"170\" src=\"https:\/\/hsroofplate.com\/wp-content\/uploads\/2025\/08\/3-2.webp\" class=\"attachment-large size-large wp-image-10191\" alt=\"\" srcset=\"https:\/\/hsroofplate.com\/wp-content\/uploads\/2025\/08\/3-2.webp 587w, https:\/\/hsroofplate.com\/wp-content\/uploads\/2025\/08\/3-2-300x87.webp 300w, https:\/\/hsroofplate.com\/wp-content\/uploads\/2025\/08\/3-2-18x5.webp 18w, https:\/\/hsroofplate.com\/wp-content\/uploads\/2025\/08\/3-2-148x43.webp 148w\" sizes=\"(max-width: 587px) 100vw, 587px\" \/>\t\t\t\t\t\t\t\t\t\t\t\t\t\t\t<\/div>\n\t\t\t\t<\/div>\n\t\t<div class=\"elementor-element elementor-element-72aabb5 e-con-full e-flex e-con e-child\" data-id=\"72aabb5\" data-element_type=\"container\" data-e-type=\"container\">\n\t\t\t\t<div class=\"elementor-element elementor-element-c3c0569 elementor-widget elementor-widget-image\" data-id=\"c3c0569\" data-element_type=\"widget\" data-e-type=\"widget\" data-widget_type=\"image.default\">\n\t\t\t\t\t\t\t\t\t\t\t\t\t\t\t<img decoding=\"async\" width=\"800\" height=\"800\" src=\"https:\/\/hsroofplate.com\/wp-content\/uploads\/2025\/08\/11.webp\" class=\"attachment-large size-large wp-image-10189\" alt=\"tek katmanl\u0131 karo\" srcset=\"https:\/\/hsroofplate.com\/wp-content\/uploads\/2025\/08\/11.webp 800w, https:\/\/hsroofplate.com\/wp-content\/uploads\/2025\/08\/11-300x300.webp 300w, https:\/\/hsroofplate.com\/wp-content\/uploads\/2025\/08\/11-150x150.webp 150w, https:\/\/hsroofplate.com\/wp-content\/uploads\/2025\/08\/11-768x768.webp 768w, https:\/\/hsroofplate.com\/wp-content\/uploads\/2025\/08\/11-12x12.webp 12w, https:\/\/hsroofplate.com\/wp-content\/uploads\/2025\/08\/11-600x600.webp 600w, https:\/\/hsroofplate.com\/wp-content\/uploads\/2025\/08\/11-148x148.webp 148w, https:\/\/hsroofplate.com\/wp-content\/uploads\/2025\/08\/11-400x400.webp 400w\" sizes=\"(max-width: 800px) 100vw, 800px\" \/>\t\t\t\t\t\t\t\t\t\t\t\t\t\t\t<\/div>\n\t\t\t\t<div class=\"elementor-element elementor-element-7aaaf51 elementor-widget elementor-widget-image\" data-id=\"7aaaf51\" data-element_type=\"widget\" data-e-type=\"widget\" data-widget_type=\"image.default\">\n\t\t\t\t\t\t\t\t\t\t\t\t\t\t\t<img loading=\"lazy\" decoding=\"async\" width=\"611\" height=\"151\" src=\"https:\/\/hsroofplate.com\/wp-content\/uploads\/2025\/08\/4-1.webp\" class=\"attachment-large size-large wp-image-10192\" alt=\"\" srcset=\"https:\/\/hsroofplate.com\/wp-content\/uploads\/2025\/08\/4-1.webp 611w, https:\/\/hsroofplate.com\/wp-content\/uploads\/2025\/08\/4-1-300x74.webp 300w, https:\/\/hsroofplate.com\/wp-content\/uploads\/2025\/08\/4-1-18x4.webp 18w, https:\/\/hsroofplate.com\/wp-content\/uploads\/2025\/08\/4-1-148x37.webp 148w\" sizes=\"(max-width: 611px) 100vw, 611px\" \/>\t\t\t\t\t\t\t\t\t\t\t\t\t\t\t<\/div>\n\t\t\t\t<\/div>\n\t\t<div class=\"elementor-element elementor-element-ecf108c e-con-full e-flex e-con e-child\" data-id=\"ecf108c\" data-element_type=\"container\" data-e-type=\"container\">\n\t\t\t\t<div class=\"elementor-element elementor-element-d89b3a6 elementor-widget elementor-widget-image\" data-id=\"d89b3a6\" data-element_type=\"widget\" data-e-type=\"widget\" data-widget_type=\"image.default\">\n\t\t\t\t\t\t\t\t\t\t\t\t\t\t\t<img loading=\"lazy\" decoding=\"async\" width=\"800\" height=\"800\" src=\"https:\/\/hsroofplate.com\/wp-content\/uploads\/2025\/08\/21.webp\" class=\"attachment-large size-large wp-image-10190\" alt=\"k\u00fc\u00e7\u00fck merdiven dalgas\u0131\" srcset=\"https:\/\/hsroofplate.com\/wp-content\/uploads\/2025\/08\/21.webp 800w, https:\/\/hsroofplate.com\/wp-content\/uploads\/2025\/08\/21-300x300.webp 300w, https:\/\/hsroofplate.com\/wp-content\/uploads\/2025\/08\/21-150x150.webp 150w, https:\/\/hsroofplate.com\/wp-content\/uploads\/2025\/08\/21-768x768.webp 768w, https:\/\/hsroofplate.com\/wp-content\/uploads\/2025\/08\/21-12x12.webp 12w, https:\/\/hsroofplate.com\/wp-content\/uploads\/2025\/08\/21-600x600.webp 600w, https:\/\/hsroofplate.com\/wp-content\/uploads\/2025\/08\/21-148x148.webp 148w, https:\/\/hsroofplate.com\/wp-content\/uploads\/2025\/08\/21-400x400.webp 400w\" sizes=\"(max-width: 800px) 100vw, 800px\" \/>\t\t\t\t\t\t\t\t\t\t\t\t\t\t\t<\/div>\n\t\t\t\t<div class=\"elementor-element elementor-element-045de46 elementor-widget elementor-widget-image\" data-id=\"045de46\" data-element_type=\"widget\" data-e-type=\"widget\" data-widget_type=\"image.default\">\n\t\t\t\t\t\t\t\t\t\t\t\t\t\t\t<img loading=\"lazy\" decoding=\"async\" width=\"549\" height=\"132\" src=\"https:\/\/hsroofplate.com\/wp-content\/uploads\/2025\/08\/5.webp\" class=\"attachment-large size-large wp-image-10193\" alt=\"\" srcset=\"https:\/\/hsroofplate.com\/wp-content\/uploads\/2025\/08\/5.webp 549w, https:\/\/hsroofplate.com\/wp-content\/uploads\/2025\/08\/5-300x72.webp 300w, https:\/\/hsroofplate.com\/wp-content\/uploads\/2025\/08\/5-18x4.webp 18w, https:\/\/hsroofplate.com\/wp-content\/uploads\/2025\/08\/5-148x36.webp 148w\" sizes=\"(max-width: 549px) 100vw, 549px\" \/>\t\t\t\t\t\t\t\t\t\t\t\t\t\t\t<\/div>\n\t\t\t\t<\/div>\n\t\t<div class=\"elementor-element elementor-element-3ffbd93 e-con-full e-flex e-con e-child\" data-id=\"3ffbd93\" data-element_type=\"container\" data-e-type=\"container\">\n\t\t\t\t<div class=\"elementor-element elementor-element-7b6469e elementor-widget elementor-widget-image\" data-id=\"7b6469e\" data-element_type=\"widget\" data-e-type=\"widget\" data-widget_type=\"image.default\">\n\t\t\t\t\t\t\t\t\t\t\t\t\t\t\t<img loading=\"lazy\" decoding=\"async\" width=\"800\" height=\"800\" src=\"https:\/\/hsroofplate.com\/wp-content\/uploads\/2025\/08\/61.webp\" class=\"attachment-large size-large wp-image-10197\" alt=\"\" srcset=\"https:\/\/hsroofplate.com\/wp-content\/uploads\/2025\/08\/61.webp 800w, https:\/\/hsroofplate.com\/wp-content\/uploads\/2025\/08\/61-300x300.webp 300w, https:\/\/hsroofplate.com\/wp-content\/uploads\/2025\/08\/61-150x150.webp 150w, https:\/\/hsroofplate.com\/wp-content\/uploads\/2025\/08\/61-768x768.webp 768w, https:\/\/hsroofplate.com\/wp-content\/uploads\/2025\/08\/61-12x12.webp 12w, https:\/\/hsroofplate.com\/wp-content\/uploads\/2025\/08\/61-600x600.webp 600w, https:\/\/hsroofplate.com\/wp-content\/uploads\/2025\/08\/61-148x148.webp 148w\" sizes=\"(max-width: 800px) 100vw, 800px\" \/>\t\t\t\t\t\t\t\t\t\t\t\t\t\t\t<\/div>\n\t\t\t\t<div class=\"elementor-element elementor-element-f740eb6 elementor-widget elementor-widget-image\" data-id=\"f740eb6\" data-element_type=\"widget\" data-e-type=\"widget\" data-widget_type=\"image.default\">\n\t\t\t\t\t\t\t\t\t\t\t\t\t\t\t<img loading=\"lazy\" decoding=\"async\" width=\"428\" height=\"83\" src=\"https:\/\/hsroofplate.com\/wp-content\/uploads\/2025\/08\/7.webp\" class=\"attachment-large size-large wp-image-10198\" alt=\"\" srcset=\"https:\/\/hsroofplate.com\/wp-content\/uploads\/2025\/08\/7.webp 428w, https:\/\/hsroofplate.com\/wp-content\/uploads\/2025\/08\/7-300x58.webp 300w, https:\/\/hsroofplate.com\/wp-content\/uploads\/2025\/08\/7-18x3.webp 18w, https:\/\/hsroofplate.com\/wp-content\/uploads\/2025\/08\/7-148x29.webp 148w\" sizes=\"(max-width: 428px) 100vw, 428px\" \/>\t\t\t\t\t\t\t\t\t\t\t\t\t\t\t<\/div>\n\t\t\t\t<\/div>\n\t\t\t\t\t<\/div>\n\t\t\t\t<\/div>\n\t\t<div class=\"wd-negative-gap elementor-element elementor-element-451fc62 e-flex e-con-boxed e-con e-parent\" data-id=\"451fc62\" data-element_type=\"container\" data-e-type=\"container\">\n\t\t\t\t\t<div class=\"e-con-inner\">\n\t\t<div class=\"elementor-element elementor-element-3e5238a e-con-full e-flex e-con e-child\" data-id=\"3e5238a\" data-element_type=\"container\" data-e-type=\"container\">\n\t\t\t\t<div class=\"elementor-element elementor-element-a3b3c5d color-scheme-inherit text-left elementor-widget elementor-widget-text-editor\" data-id=\"a3b3c5d\" data-element_type=\"widget\" data-e-type=\"widget\" data-widget_type=\"text-editor.default\">\n\t\t\t\t\t\t\t\t\t<p>\u0130yi drenaj performans\u0131na sahip g\u00fc\u00e7lendirilmi\u015f PVC tek katmanl\u0131 karo; karo d\u00fczleminin benimsedi\u011fi g\u00fc\u00e7l\u00fc r\u00fczgar direnci, g\u00fc\u00e7lendirilmi\u015f yap\u0131d\u0131r; hem drenaj hem de r\u00fczgar direnci dikkate al\u0131n\u0131r.<\/p>\t\t\t\t\t\t\t\t<\/div>\n\t\t\t\t<\/div>\n\t\t<div class=\"elementor-element elementor-element-2a5f7aa e-con-full e-flex e-con e-child\" data-id=\"2a5f7aa\" data-element_type=\"container\" data-e-type=\"container\">\n\t\t\t\t<div class=\"elementor-element elementor-element-e1bb1e9 elementor-widget elementor-widget-image\" data-id=\"e1bb1e9\" data-element_type=\"widget\" data-e-type=\"widget\" data-widget_type=\"image.default\">\n\t\t\t\t\t\t\t\t\t\t\t\t\t\t\t<img loading=\"lazy\" decoding=\"async\" width=\"676\" height=\"491\" src=\"https:\/\/hsroofplate.com\/wp-content\/uploads\/2025\/08\/8.webp\" class=\"attachment-large size-large wp-image-10194\" alt=\"\" srcset=\"https:\/\/hsroofplate.com\/wp-content\/uploads\/2025\/08\/8.webp 676w, https:\/\/hsroofplate.com\/wp-content\/uploads\/2025\/08\/8-300x218.webp 300w, https:\/\/hsroofplate.com\/wp-content\/uploads\/2025\/08\/8-18x12.webp 18w, https:\/\/hsroofplate.com\/wp-content\/uploads\/2025\/08\/8-148x107.webp 148w\" sizes=\"(max-width: 676px) 100vw, 676px\" \/>\t\t\t\t\t\t\t\t\t\t\t\t\t\t\t<\/div>\n\t\t\t\t<\/div>\n\t\t\t\t\t<\/div>\n\t\t\t\t<\/div>\n\t\t<div class=\"wd-negative-gap elementor-element elementor-element-71dea11 e-flex e-con-boxed e-con e-parent\" data-id=\"71dea11\" data-element_type=\"container\" data-e-type=\"container\">\n\t\t\t\t\t<div class=\"e-con-inner\">\n\t\t\t\t<div class=\"elementor-element elementor-element-75a72e7 elementor-widget elementor-widget-heading\" data-id=\"75a72e7\" data-element_type=\"widget\" data-e-type=\"widget\" data-widget_type=\"heading.default\">\n\t\t\t\t\t<h2 class=\"elementor-heading-title elementor-size-default\">Aksesuarlar<\/h2>\t\t\t\t<\/div>\n\t\t\t\t\t<\/div>\n\t\t\t\t<\/div>\n\t\t<div class=\"elementor-element elementor-element-e24421d e-con-full wd-section-stretch e-flex e-con e-parent\" data-id=\"e24421d\" data-element_type=\"container\" data-e-type=\"container\">\n\t\t<div class=\"elementor-element elementor-element-9db2958 e-con-full e-flex e-con e-child\" data-id=\"9db2958\" data-element_type=\"container\" data-e-type=\"container\" data-settings=\"{&quot;background_background&quot;:&quot;classic&quot;}\">\n\t\t\t\t<div class=\"elementor-element elementor-element-d79b346 elementor-widget elementor-widget-image\" data-id=\"d79b346\" data-element_type=\"widget\" data-e-type=\"widget\" data-widget_type=\"image.default\">\n\t\t\t\t\t\t\t\t\t\t\t\t\t\t\t<img loading=\"lazy\" decoding=\"async\" width=\"347\" height=\"196\" src=\"https:\/\/hsroofplate.com\/wp-content\/uploads\/2025\/08\/\u5fae\u4fe1\u56fe\u7247_20250820165124.webp\" class=\"attachment-large size-large wp-image-10200\" alt=\"150\u00b0\u00dcst s\u0131rt-Trapezoid\" srcset=\"https:\/\/hsroofplate.com\/wp-content\/uploads\/2025\/08\/\u5fae\u4fe1\u56fe\u7247_20250820165124.webp 347w, https:\/\/hsroofplate.com\/wp-content\/uploads\/2025\/08\/\u5fae\u4fe1\u56fe\u7247_20250820165124-300x169.webp 300w, https:\/\/hsroofplate.com\/wp-content\/uploads\/2025\/08\/\u5fae\u4fe1\u56fe\u7247_20250820165124-18x10.webp 18w, https:\/\/hsroofplate.com\/wp-content\/uploads\/2025\/08\/\u5fae\u4fe1\u56fe\u7247_20250820165124-148x84.webp 148w\" sizes=\"(max-width: 347px) 100vw, 347px\" \/>\t\t\t\t\t\t\t\t\t\t\t\t\t\t\t<\/div>\n\t\t\t\t<div class=\"elementor-element elementor-element-6657c20 elementor-widget elementor-widget-heading\" data-id=\"6657c20\" data-element_type=\"widget\" data-e-type=\"widget\" data-widget_type=\"heading.default\">\n\t\t\t\t\t<h2 class=\"elementor-heading-title elementor-size-default\">150\u00b0\u00dcst s\u0131rt-Trapezoid<\/h2>\t\t\t\t<\/div>\n\t\t\t\t<div class=\"elementor-element elementor-element-43c1f35 color-scheme-inherit text-left elementor-widget elementor-widget-text-editor\" data-id=\"43c1f35\" data-element_type=\"widget\" data-e-type=\"widget\" data-widget_type=\"text-editor.default\">\n\t\t\t\t\t\t\t\t\t<p>Kullan\u0131m:\u00c7at\u0131 i\u00e7in<\/p>\t\t\t\t\t\t\t\t<\/div>\n\t\t\t\t<\/div>\n\t\t<div class=\"elementor-element elementor-element-e36738d e-con-full e-flex e-con e-child\" data-id=\"e36738d\" data-element_type=\"container\" data-e-type=\"container\" data-settings=\"{&quot;background_background&quot;:&quot;classic&quot;}\">\n\t\t\t\t<div class=\"elementor-element elementor-element-b168916 elementor-widget elementor-widget-image\" data-id=\"b168916\" data-element_type=\"widget\" data-e-type=\"widget\" data-widget_type=\"image.default\">\n\t\t\t\t\t\t\t\t\t\t\t\t\t\t\t<img loading=\"lazy\" decoding=\"async\" width=\"341\" height=\"181\" src=\"https:\/\/hsroofplate.com\/wp-content\/uploads\/2025\/08\/\u5fae\u4fe1\u56fe\u7247_20250820165135.webp\" class=\"attachment-large size-large wp-image-10201\" alt=\"130\u00b0\u00dcst s\u0131rt-Trapezoid\" srcset=\"https:\/\/hsroofplate.com\/wp-content\/uploads\/2025\/08\/\u5fae\u4fe1\u56fe\u7247_20250820165135.webp 341w, https:\/\/hsroofplate.com\/wp-content\/uploads\/2025\/08\/\u5fae\u4fe1\u56fe\u7247_20250820165135-300x159.webp 300w, https:\/\/hsroofplate.com\/wp-content\/uploads\/2025\/08\/\u5fae\u4fe1\u56fe\u7247_20250820165135-18x10.webp 18w, https:\/\/hsroofplate.com\/wp-content\/uploads\/2025\/08\/\u5fae\u4fe1\u56fe\u7247_20250820165135-148x79.webp 148w\" sizes=\"(max-width: 341px) 100vw, 341px\" \/>\t\t\t\t\t\t\t\t\t\t\t\t\t\t\t<\/div>\n\t\t\t\t<div class=\"elementor-element elementor-element-b90dafd elementor-widget elementor-widget-heading\" data-id=\"b90dafd\" data-element_type=\"widget\" data-e-type=\"widget\" data-widget_type=\"heading.default\">\n\t\t\t\t\t<h2 class=\"elementor-heading-title elementor-size-default\">130\u00b0\u00dcst s\u0131rt-Trapezoid<\/h2>\t\t\t\t<\/div>\n\t\t\t\t<div class=\"elementor-element elementor-element-8bbd790 color-scheme-inherit text-left elementor-widget elementor-widget-text-editor\" data-id=\"8bbd790\" data-element_type=\"widget\" data-e-type=\"widget\" data-widget_type=\"text-editor.default\">\n\t\t\t\t\t\t\t\t\t<p>Kullan\u0131m:\u00c7at\u0131 i\u00e7in<\/p>\t\t\t\t\t\t\t\t<\/div>\n\t\t\t\t<\/div>\n\t\t<div class=\"elementor-element elementor-element-93e57e4 e-con-full e-flex e-con e-child\" data-id=\"93e57e4\" data-element_type=\"container\" data-e-type=\"container\" data-settings=\"{&quot;background_background&quot;:&quot;classic&quot;}\">\n\t\t\t\t<div class=\"elementor-element elementor-element-f7e0875 elementor-widget elementor-widget-image\" data-id=\"f7e0875\" data-element_type=\"widget\" data-e-type=\"widget\" data-widget_type=\"image.default\">\n\t\t\t\t\t\t\t\t\t\t\t\t\t\t\t<img loading=\"lazy\" decoding=\"async\" width=\"352\" height=\"215\" src=\"https:\/\/hsroofplate.com\/wp-content\/uploads\/2025\/08\/\u5fae\u4fe1\u56fe\u7247_20250820165146.webp\" class=\"attachment-large size-large wp-image-10202\" alt=\"130\u00b0\u00dcst s\u0131rt-oluklu\" srcset=\"https:\/\/hsroofplate.com\/wp-content\/uploads\/2025\/08\/\u5fae\u4fe1\u56fe\u7247_20250820165146.webp 352w, https:\/\/hsroofplate.com\/wp-content\/uploads\/2025\/08\/\u5fae\u4fe1\u56fe\u7247_20250820165146-300x183.webp 300w, https:\/\/hsroofplate.com\/wp-content\/uploads\/2025\/08\/\u5fae\u4fe1\u56fe\u7247_20250820165146-18x12.webp 18w, https:\/\/hsroofplate.com\/wp-content\/uploads\/2025\/08\/\u5fae\u4fe1\u56fe\u7247_20250820165146-148x90.webp 148w\" sizes=\"(max-width: 352px) 100vw, 352px\" \/>\t\t\t\t\t\t\t\t\t\t\t\t\t\t\t<\/div>\n\t\t\t\t<div class=\"elementor-element elementor-element-d06f896 elementor-widget elementor-widget-heading\" data-id=\"d06f896\" data-element_type=\"widget\" data-e-type=\"widget\" data-widget_type=\"heading.default\">\n\t\t\t\t\t<h2 class=\"elementor-heading-title elementor-size-default\">130\u00b0\u00dcst s\u0131rt-oluklu<\/h2>\t\t\t\t<\/div>\n\t\t\t\t<div class=\"elementor-element elementor-element-1ef3407 color-scheme-inherit text-left elementor-widget elementor-widget-text-editor\" data-id=\"1ef3407\" data-element_type=\"widget\" data-e-type=\"widget\" data-widget_type=\"text-editor.default\">\n\t\t\t\t\t\t\t\t\t<p>Kullan\u0131m:\u00c7at\u0131 i\u00e7in<\/p>\t\t\t\t\t\t\t\t<\/div>\n\t\t\t\t<\/div>\n\t\t\t\t<\/div>\n\t\t\t\t<\/div>","protected":false},"excerpt":{"rendered":"<p>K\u00fc\u00e7\u00fck Merdiven Dalgas\u0131 tasar\u0131m\u0131, \u00e7e\u015fitli end\u00fcstriyel uygulamalar i\u00e7in ideal olan geli\u015fmi\u015f ay\u0131rma verimlili\u011fi ile d\u00fczg\u00fcn malzeme ak\u0131\u015f\u0131 sa\u011flar.<\/p>","protected":false},"featured_media":10189,"comment_status":"open","ping_status":"closed","template":"","meta":[],"product_brand":[],"product_cat":[145,139],"product_tag":[],"class_list":{"0":"post-10187","1":"product","2":"type-product","3":"status-publish","4":"has-post-thumbnail","6":"product_cat-plastic-pvc-roof-tiles","7":"product_cat-t-shape-pvc-sheet","9":"first","10":"instock","11":"shipping-taxable","12":"product-type-simple"},"_links":{"self":[{"href":"https:\/\/hsroofplate.com\/tr\/wp-json\/wp\/v2\/product\/10187","targetHints":{"allow":["GET"]}}],"collection":[{"href":"https:\/\/hsroofplate.com\/tr\/wp-json\/wp\/v2\/product"}],"about":[{"href":"https:\/\/hsroofplate.com\/tr\/wp-json\/wp\/v2\/types\/product"}],"replies":[{"embeddable":true,"href":"https:\/\/hsroofplate.com\/tr\/wp-json\/wp\/v2\/comments?post=10187"}],"version-history":[{"count":6,"href":"https:\/\/hsroofplate.com\/tr\/wp-json\/wp\/v2\/product\/10187\/revisions"}],"predecessor-version":[{"id":11993,"href":"https:\/\/hsroofplate.com\/tr\/wp-json\/wp\/v2\/product\/10187\/revisions\/11993"}],"wp:featuredmedia":[{"embeddable":true,"href":"https:\/\/hsroofplate.com\/tr\/wp-json\/wp\/v2\/media\/10189"}],"wp:attachment":[{"href":"https:\/\/hsroofplate.com\/tr\/wp-json\/wp\/v2\/media?parent=10187"}],"wp:term":[{"taxonomy":"product_brand","embeddable":true,"href":"https:\/\/hsroofplate.com\/tr\/wp-json\/wp\/v2\/product_brand?post=10187"},{"taxonomy":"product_cat","embeddable":true,"href":"https:\/\/hsroofplate.com\/tr\/wp-json\/wp\/v2\/product_cat?post=10187"},{"taxonomy":"product_tag","embeddable":true,"href":"https:\/\/hsroofplate.com\/tr\/wp-json\/wp\/v2\/product_tag?post=10187"}],"curies":[{"name":"wp","href":"https:\/\/api.w.org\/{rel}","templated":true}]}}