{"id":10229,"date":"2025-08-20T09:40:10","date_gmt":"2025-08-20T09:40:10","guid":{"rendered":"https:\/\/hsroofplate.com\/?post_type=product&#038;p=10229"},"modified":"2026-01-01T15:11:34","modified_gmt":"2026-01-01T15:11:34","slug":"ppc-seffaf-fayans-gunes-panelleri","status":"publish","type":"product","link":"https:\/\/hsroofplate.com\/tr\/urunler\/t-shape-pvc-sheet\/corrugated-plastic-roof-panel\/ppc-seffaf-fayans-gunes-panelleri\/","title":{"rendered":"PPC \u015feffaf karolar-g\u00fcne\u015f panelleri"},"content":{"rendered":"<div data-elementor-type=\"product-post\" data-elementor-id=\"10229\" class=\"elementor elementor-10229\" data-elementor-post-type=\"product\">\n\t\t\t\t<div class=\"wd-negative-gap elementor-element elementor-element-fd78026 e-flex e-con-boxed e-con e-parent\" data-id=\"fd78026\" data-element_type=\"container\">\n\t\t\t\t\t<div class=\"e-con-inner\">\n\t\t<div class=\"elementor-element elementor-element-b55770f e-con-full e-flex e-con e-child\" data-id=\"b55770f\" data-element_type=\"container\">\n\t\t\t\t<div class=\"elementor-element elementor-element-7bb3341 elementor-widget elementor-widget-image\" data-id=\"7bb3341\" data-element_type=\"widget\" data-widget_type=\"image.default\">\n\t\t\t\t\t\t\t\t\t\t\t\t\t\t\t<img decoding=\"async\" width=\"220\" height=\"217\" src=\"https:\/\/hsroofplate.com\/wp-content\/uploads\/2025\/08\/4-3.webp\" class=\"attachment-large size-large wp-image-10234\" alt=\"\" srcset=\"https:\/\/hsroofplate.com\/wp-content\/uploads\/2025\/08\/4-3.webp 220w, https:\/\/hsroofplate.com\/wp-content\/uploads\/2025\/08\/4-3-12x12.webp 12w, https:\/\/hsroofplate.com\/wp-content\/uploads\/2025\/08\/4-3-148x146.webp 148w\" sizes=\"(max-width: 220px) 100vw, 220px\" \/>\t\t\t\t\t\t\t\t\t\t\t\t\t\t\t<\/div>\n\t\t\t\t<\/div>\n\t\t<div class=\"elementor-element elementor-element-2b2a2ac e-con-full e-flex e-con e-child\" data-id=\"2b2a2ac\" data-element_type=\"container\">\n\t\t\t\t<div class=\"elementor-element elementor-element-be5dfa7 color-scheme-inherit text-left elementor-widget elementor-widget-text-editor\" data-id=\"be5dfa7\" data-element_type=\"widget\" data-widget_type=\"text-editor.default\">\n\t\t\t\t\t\t\t\t\t<p>Bu \u00fcr\u00fcn, \u00f6zel \u015fekil ve k\u00fc\u00e7\u00fck parti \u015feffaf karolar\u0131n gereksinimleri i\u00e7in yayg\u0131n olarak kullan\u0131labilen \u00e7oklu termal i\u015fleme yoluyla PC kart\u0131ndan yap\u0131lm\u0131\u015ft\u0131r.<\/p>\t\t\t\t\t\t\t\t<\/div>\n\t\t\t\t<\/div>\n\t\t\t\t\t<\/div>\n\t\t\t\t<\/div>\n\t\t<div class=\"wd-negative-gap elementor-element elementor-element-e158517 e-flex e-con-boxed e-con e-parent\" data-id=\"e158517\" data-element_type=\"container\">\n\t\t\t\t\t<div class=\"e-con-inner\">\n\t\t<div class=\"elementor-element elementor-element-dc111f2 e-con-full e-flex e-con e-child\" data-id=\"dc111f2\" data-element_type=\"container\">\n\t\t\t\t<div class=\"elementor-element elementor-element-1a9cbf0 elementor-widget elementor-widget-heading\" data-id=\"1a9cbf0\" data-element_type=\"widget\" data-widget_type=\"heading.default\">\n\t\t\t\t\t<h2 class=\"elementor-heading-title elementor-size-default\">\u00dcr\u00fcn performans\u0131:<\/h2>\t\t\t\t<\/div>\n\t\t\t\t<div class=\"elementor-element elementor-element-e3695c4 color-scheme-inherit text-left elementor-widget elementor-widget-text-editor\" data-id=\"e3695c4\" data-element_type=\"widget\" data-widget_type=\"text-editor.default\">\n\t\t\t\t\t\t\t\t\t<p>1. I\u015f\u0131k Ge\u00e7irgenli\u011fi: I\u015f\u0131k ge\u00e7irgenli\u011fi renk ve kal\u0131nl\u0131\u011fa ba\u011fl\u0131 olarak 12%-82%'ye ula\u015f\u0131r.<br \/>2. UV Korumas\u0131: Tescilli UV y\u00fczeyine ba\u011fl\u0131 olarak, levha uzun s\u00fcre a\u015f\u0131r\u0131 hava ko\u015fullar\u0131na maruz kald\u0131ktan sonra hala m\u00fckemmel mekanik \u00f6zelliklere sahiptir.<br \/>3. Hava \u015eartlar\u0131na Dayan\u0131kl\u0131l\u0131k: \u0130yi bir hava kabiliyetine sahiptir, 40c ila 120C aras\u0131nda geni\u015f bir s\u0131cakl\u0131k aral\u0131\u011f\u0131nda m\u00fckemmel \u00f6zelliklerini koruyabilir.<\/p>\t\t\t\t\t\t\t\t<\/div>\n\t\t\t\t<\/div>\n\t\t<div class=\"elementor-element elementor-element-55a8a4d e-con-full e-flex e-con e-child\" data-id=\"55a8a4d\" data-element_type=\"container\">\n\t\t\t\t<div class=\"elementor-element elementor-element-f8afc3a elementor-widget elementor-widget-image\" data-id=\"f8afc3a\" data-element_type=\"widget\" data-widget_type=\"image.default\">\n\t\t\t\t\t\t\t\t\t\t\t\t\t\t\t<img fetchpriority=\"high\" decoding=\"async\" width=\"353\" height=\"304\" src=\"https:\/\/hsroofplate.com\/wp-content\/uploads\/2025\/08\/3-5.webp\" class=\"attachment-large size-large wp-image-10233\" alt=\"\" srcset=\"https:\/\/hsroofplate.com\/wp-content\/uploads\/2025\/08\/3-5.webp 353w, https:\/\/hsroofplate.com\/wp-content\/uploads\/2025\/08\/3-5-300x258.webp 300w, https:\/\/hsroofplate.com\/wp-content\/uploads\/2025\/08\/3-5-14x12.webp 14w, https:\/\/hsroofplate.com\/wp-content\/uploads\/2025\/08\/3-5-148x127.webp 148w\" sizes=\"(max-width: 353px) 100vw, 353px\" \/>\t\t\t\t\t\t\t\t\t\t\t\t\t\t\t<\/div>\n\t\t\t\t<\/div>\n\t\t\t\t\t<\/div>\n\t\t\t\t<\/div>\n\t\t<div class=\"wd-negative-gap elementor-element elementor-element-4055bc0 e-flex e-con-boxed e-con e-parent\" data-id=\"4055bc0\" data-element_type=\"container\">\n\t\t\t\t\t<div class=\"e-con-inner\">\n\t\t\t\t<div class=\"elementor-element elementor-element-1bc8ebf elementor-widget elementor-widget-heading\" data-id=\"1bc8ebf\" data-element_type=\"widget\" data-widget_type=\"heading.default\">\n\t\t\t\t\t<h2 class=\"elementor-heading-title elementor-size-default\">dava<\/h2>\t\t\t\t<\/div>\n\t\t\t\t\t<\/div>\n\t\t\t\t<\/div>\n\t\t<div class=\"wd-negative-gap elementor-element elementor-element-b48f568 e-flex e-con-boxed e-con e-parent\" data-id=\"b48f568\" data-element_type=\"container\">\n\t\t\t\t\t<div class=\"e-con-inner\">\n\t\t<div class=\"elementor-element elementor-element-992321c e-con-full e-flex e-con e-child\" data-id=\"992321c\" data-element_type=\"container\">\n\t\t\t\t<div class=\"elementor-element elementor-element-4132d9d elementor-widget elementor-widget-image\" data-id=\"4132d9d\" data-element_type=\"widget\" data-widget_type=\"image.default\">\n\t\t\t\t\t\t\t\t\t\t\t\t\t\t\t<img decoding=\"async\" width=\"512\" height=\"512\" src=\"https:\/\/hsroofplate.com\/wp-content\/uploads\/2025\/08\/5-3.webp\" class=\"attachment-large size-large wp-image-10240\" alt=\"\u015feffaf karolar5\" srcset=\"https:\/\/hsroofplate.com\/wp-content\/uploads\/2025\/08\/5-3.webp 512w, https:\/\/hsroofplate.com\/wp-content\/uploads\/2025\/08\/5-3-300x300.webp 300w, https:\/\/hsroofplate.com\/wp-content\/uploads\/2025\/08\/5-3-150x150.webp 150w, https:\/\/hsroofplate.com\/wp-content\/uploads\/2025\/08\/5-3-12x12.webp 12w, https:\/\/hsroofplate.com\/wp-content\/uploads\/2025\/08\/5-3-148x148.webp 148w\" sizes=\"(max-width: 512px) 100vw, 512px\" \/>\t\t\t\t\t\t\t\t\t\t\t\t\t\t\t<\/div>\n\t\t\t\t<\/div>\n\t\t<div class=\"elementor-element elementor-element-efbd215 e-con-full e-flex e-con e-child\" data-id=\"efbd215\" data-element_type=\"container\">\n\t\t\t\t<div class=\"elementor-element elementor-element-ff28eea elementor-widget elementor-widget-image\" data-id=\"ff28eea\" data-element_type=\"widget\" data-widget_type=\"image.default\">\n\t\t\t\t\t\t\t\t\t\t\t\t\t\t\t<img loading=\"lazy\" decoding=\"async\" width=\"512\" height=\"512\" src=\"https:\/\/hsroofplate.com\/wp-content\/uploads\/2025\/08\/6-2.webp\" class=\"attachment-large size-large wp-image-10241\" alt=\"\u015feffaf karolar6\" srcset=\"https:\/\/hsroofplate.com\/wp-content\/uploads\/2025\/08\/6-2.webp 512w, https:\/\/hsroofplate.com\/wp-content\/uploads\/2025\/08\/6-2-300x300.webp 300w, https:\/\/hsroofplate.com\/wp-content\/uploads\/2025\/08\/6-2-150x150.webp 150w, https:\/\/hsroofplate.com\/wp-content\/uploads\/2025\/08\/6-2-12x12.webp 12w, https:\/\/hsroofplate.com\/wp-content\/uploads\/2025\/08\/6-2-148x148.webp 148w\" sizes=\"(max-width: 512px) 100vw, 512px\" \/>\t\t\t\t\t\t\t\t\t\t\t\t\t\t\t<\/div>\n\t\t\t\t<\/div>\n\t\t<div class=\"elementor-element elementor-element-ad87ffb e-con-full e-flex e-con e-child\" data-id=\"ad87ffb\" data-element_type=\"container\">\n\t\t\t\t<div class=\"elementor-element elementor-element-e7378a5 elementor-widget elementor-widget-image\" data-id=\"e7378a5\" data-element_type=\"widget\" data-widget_type=\"image.default\">\n\t\t\t\t\t\t\t\t\t\t\t\t\t\t\t<img loading=\"lazy\" decoding=\"async\" width=\"512\" height=\"512\" src=\"https:\/\/hsroofplate.com\/wp-content\/uploads\/2025\/08\/7-3.webp\" class=\"attachment-large size-large wp-image-10242\" alt=\"\u015feffaf karolar7\" srcset=\"https:\/\/hsroofplate.com\/wp-content\/uploads\/2025\/08\/7-3.webp 512w, https:\/\/hsroofplate.com\/wp-content\/uploads\/2025\/08\/7-3-300x300.webp 300w, https:\/\/hsroofplate.com\/wp-content\/uploads\/2025\/08\/7-3-150x150.webp 150w, https:\/\/hsroofplate.com\/wp-content\/uploads\/2025\/08\/7-3-12x12.webp 12w, https:\/\/hsroofplate.com\/wp-content\/uploads\/2025\/08\/7-3-148x148.webp 148w\" sizes=\"(max-width: 512px) 100vw, 512px\" \/>\t\t\t\t\t\t\t\t\t\t\t\t\t\t\t<\/div>\n\t\t\t\t<\/div>\n\t\t\t\t\t<\/div>\n\t\t\t\t<\/div>\n\t\t\t\t<\/div>","protected":false},"excerpt":{"rendered":"<p>\u015eeffaf Karolar, hem konut hem de ticari ortamlarda a\u00e7\u0131k, havadar alanlar olu\u015fturmak i\u00e7in m\u00fckemmel olan geli\u015fmi\u015f \u0131\u015f\u0131k ge\u00e7irgenli\u011fi ile \u015f\u0131k ve modern bir g\u00f6r\u00fcn\u00fcm sa\u011flar.<\/p>","protected":false},"featured_media":10232,"comment_status":"open","ping_status":"closed","template":"","meta":[],"product_brand":[],"product_cat":[139,146],"product_tag":[],"class_list":{"0":"post-10229","1":"product","2":"type-product","3":"status-publish","4":"has-post-thumbnail","6":"product_cat-t-shape-pvc-sheet","7":"product_cat-corrugated-plastic-roof-panel","9":"first","10":"instock","11":"shipping-taxable","12":"product-type-simple"},"_links":{"self":[{"href":"https:\/\/hsroofplate.com\/tr\/wp-json\/wp\/v2\/product\/10229","targetHints":{"allow":["GET"]}}],"collection":[{"href":"https:\/\/hsroofplate.com\/tr\/wp-json\/wp\/v2\/product"}],"about":[{"href":"https:\/\/hsroofplate.com\/tr\/wp-json\/wp\/v2\/types\/product"}],"replies":[{"embeddable":true,"href":"https:\/\/hsroofplate.com\/tr\/wp-json\/wp\/v2\/comments?post=10229"}],"version-history":[{"count":6,"href":"https:\/\/hsroofplate.com\/tr\/wp-json\/wp\/v2\/product\/10229\/revisions"}],"predecessor-version":[{"id":11337,"href":"https:\/\/hsroofplate.com\/tr\/wp-json\/wp\/v2\/product\/10229\/revisions\/11337"}],"wp:featuredmedia":[{"embeddable":true,"href":"https:\/\/hsroofplate.com\/tr\/wp-json\/wp\/v2\/media\/10232"}],"wp:attachment":[{"href":"https:\/\/hsroofplate.com\/tr\/wp-json\/wp\/v2\/media?parent=10229"}],"wp:term":[{"taxonomy":"product_brand","embeddable":true,"href":"https:\/\/hsroofplate.com\/tr\/wp-json\/wp\/v2\/product_brand?post=10229"},{"taxonomy":"product_cat","embeddable":true,"href":"https:\/\/hsroofplate.com\/tr\/wp-json\/wp\/v2\/product_cat?post=10229"},{"taxonomy":"product_tag","embeddable":true,"href":"https:\/\/hsroofplate.com\/tr\/wp-json\/wp\/v2\/product_tag?post=10229"}],"curies":[{"name":"wp","href":"https:\/\/api.w.org\/{rel}","templated":true}]}}